{"id":2271,"date":"2023-05-19T10:28:11","date_gmt":"2023-05-19T10:28:11","guid":{"rendered":"https:\/\/thermibel.be\/product\/mfa-mfa-o\/"},"modified":"2023-07-27T13:26:35","modified_gmt":"2023-07-27T13:26:35","slug":"mfa-mfa-o","status":"publish","type":"product","link":"https:\/\/thermibel.be\/nl\/product\/mfa-mfa-o\/","title":{"rendered":"MFA-MFA-O"},"content":{"rendered":"<p>Thermokoppel kabel met MFA isolatie<br \/>\nVolle geleiders (meeraderige geleiders leverbaar op speciale bestelling) naast elkaar geplaatst, isolatie MFA,<br \/>\nMFA buitenmantel<br \/>\nVorm : ovaal<br \/>\nTolerantieklasse 1 (klasse 2 enkel verkrijgbaar op speciale bestelling)<br \/>\nTemperatuurbereik : -100 tot +220 \u00b0C<br \/>\nElektrische isolatie >20 MOhm\/km (gemeten op 1000 V DC en 20 \u00b0C)<br \/>\nStandaard kleurcode : volgens IEC 584-3<\/p>\n","protected":false},"excerpt":{"rendered":"<p>MFA-MFA-O c\u00e2ble de couple \u00e0 isolation MFA &#8211; Temp\u00e9rature -200\/220\u00b0C<\/p>\n","protected":false},"featured_media":4351,"template":"","meta":{"_acf_changed":false,"om_disable_all_campaigns":false,"_monsterinsights_skip_tracking":false,"_monsterinsights_sitenote_active":false,"_monsterinsights_sitenote_note":"","_monsterinsights_sitenote_category":0,"_uf_show_specific_survey":0,"_uf_disable_surveys":false},"product_brand":[],"product_cat":[95,110],"product_tag":[],"class_list":{"0":"post-2271","1":"product","2":"type-product","3":"status-publish","4":"has-post-thumbnail","6":"product_cat-cables_nl","7":"product_cat-thermokoppel_kabels","9":"first","10":"instock","11":"shipping-taxable","12":"product-type-simple"},"acf":[],"aioseo_notices":[],"yoast_head":"<!-- This site is optimized with the Yoast SEO plugin v27.4 - https:\/\/yoast.com\/product\/yoast-seo-wordpress\/ -->\n<title>MFA-MFA-O - Thermibel<\/title>\n<meta name=\"robots\" content=\"index, follow, max-snippet:-1, max-image-preview:large, max-video-preview:-1\" \/>\n<link rel=\"canonical\" href=\"https:\/\/thermibel.be\/nl\/product\/mfa-mfa-o\/\" \/>\n<meta property=\"og:locale\" content=\"nl_NL\" \/>\n<meta property=\"og:type\" content=\"article\" \/>\n<meta property=\"og:title\" content=\"MFA-MFA-O - Thermibel\" \/>\n<meta property=\"og:description\" content=\"MFA-MFA-O c\u00e2ble de couple \u00e0 isolation MFA - Temp\u00e9rature -200\/220\u00b0C\" \/>\n<meta property=\"og:url\" content=\"https:\/\/thermibel.be\/nl\/product\/mfa-mfa-o\/\" \/>\n<meta property=\"og:site_name\" content=\"Thermibel\" \/>\n<meta property=\"article:modified_time\" content=\"2023-07-27T13:26:35+00:00\" \/>\n<meta property=\"og:image\" content=\"https:\/\/thermibel.be\/app\/uploads\/2023\/05\/119-v-119-1024-pixels-vertical-op.png\" \/>\n\t<meta property=\"og:image:width\" content=\"117\" \/>\n\t<meta property=\"og:image:height\" content=\"1024\" \/>\n\t<meta property=\"og:image:type\" content=\"image\/png\" \/>\n<meta name=\"twitter:card\" content=\"summary_large_image\" \/>\n<script type=\"application\/ld+json\" class=\"yoast-schema-graph\">{\"@context\":\"https:\\\/\\\/schema.org\",\"@graph\":[{\"@type\":\"WebPage\",\"@id\":\"https:\\\/\\\/thermibel.be\\\/nl\\\/product\\\/mfa-mfa-o\\\/\",\"url\":\"https:\\\/\\\/thermibel.be\\\/nl\\\/product\\\/mfa-mfa-o\\\/\",\"name\":\"MFA-MFA-O - Thermibel\",\"isPartOf\":{\"@id\":\"https:\\\/\\\/thermibel.be\\\/nl\\\/#website\"},\"primaryImageOfPage\":{\"@id\":\"https:\\\/\\\/thermibel.be\\\/nl\\\/product\\\/mfa-mfa-o\\\/#primaryimage\"},\"image\":{\"@id\":\"https:\\\/\\\/thermibel.be\\\/nl\\\/product\\\/mfa-mfa-o\\\/#primaryimage\"},\"thumbnailUrl\":\"https:\\\/\\\/thermibel.be\\\/app\\\/uploads\\\/2023\\\/05\\\/119-v-119-1024-pixels-vertical-op.png\",\"datePublished\":\"2023-05-19T10:28:11+00:00\",\"dateModified\":\"2023-07-27T13:26:35+00:00\",\"breadcrumb\":{\"@id\":\"https:\\\/\\\/thermibel.be\\\/nl\\\/product\\\/mfa-mfa-o\\\/#breadcrumb\"},\"inLanguage\":\"nl-NL\",\"potentialAction\":[{\"@type\":\"ReadAction\",\"target\":[\"https:\\\/\\\/thermibel.be\\\/nl\\\/product\\\/mfa-mfa-o\\\/\"]}]},{\"@type\":\"ImageObject\",\"inLanguage\":\"nl-NL\",\"@id\":\"https:\\\/\\\/thermibel.be\\\/nl\\\/product\\\/mfa-mfa-o\\\/#primaryimage\",\"url\":\"https:\\\/\\\/thermibel.be\\\/app\\\/uploads\\\/2023\\\/05\\\/119-v-119-1024-pixels-vertical-op.png\",\"contentUrl\":\"https:\\\/\\\/thermibel.be\\\/app\\\/uploads\\\/2023\\\/05\\\/119-v-119-1024-pixels-vertical-op.png\",\"width\":117,\"height\":1024},{\"@type\":\"BreadcrumbList\",\"@id\":\"https:\\\/\\\/thermibel.be\\\/nl\\\/product\\\/mfa-mfa-o\\\/#breadcrumb\",\"itemListElement\":[{\"@type\":\"ListItem\",\"position\":1,\"name\":\"Products\",\"item\":\"https:\\\/\\\/thermibel.be\\\/nl\\\/shop\\\/\"},{\"@type\":\"ListItem\",\"position\":2,\"name\":\"MFA-MFA-O\"}]},{\"@type\":\"WebSite\",\"@id\":\"https:\\\/\\\/thermibel.be\\\/nl\\\/#website\",\"url\":\"https:\\\/\\\/thermibel.be\\\/nl\\\/\",\"name\":\"Thermibel\",\"description\":\"Un Haut Degr\u00e9 de Qualit\u00e9\",\"publisher\":{\"@id\":\"https:\\\/\\\/thermibel.be\\\/nl\\\/#organization\"},\"potentialAction\":[{\"@type\":\"SearchAction\",\"target\":{\"@type\":\"EntryPoint\",\"urlTemplate\":\"https:\\\/\\\/thermibel.be\\\/nl\\\/?s={search_term_string}\"},\"query-input\":{\"@type\":\"PropertyValueSpecification\",\"valueRequired\":true,\"valueName\":\"search_term_string\"}}],\"inLanguage\":\"nl-NL\"},{\"@type\":\"Organization\",\"@id\":\"https:\\\/\\\/thermibel.be\\\/nl\\\/#organization\",\"name\":\"Thermibel\",\"url\":\"https:\\\/\\\/thermibel.be\\\/nl\\\/\",\"logo\":{\"@type\":\"ImageObject\",\"inLanguage\":\"nl-NL\",\"@id\":\"https:\\\/\\\/thermibel.be\\\/nl\\\/#\\\/schema\\\/logo\\\/image\\\/\",\"url\":\"https:\\\/\\\/thermibel.be\\\/app\\\/uploads\\\/2023\\\/05\\\/Group-48095676.png\",\"contentUrl\":\"https:\\\/\\\/thermibel.be\\\/app\\\/uploads\\\/2023\\\/05\\\/Group-48095676.png\",\"width\":250,\"height\":59,\"caption\":\"Thermibel\"},\"image\":{\"@id\":\"https:\\\/\\\/thermibel.be\\\/nl\\\/#\\\/schema\\\/logo\\\/image\\\/\"}}]}<\/script>\n<!-- \/ Yoast SEO plugin. -->","yoast_head_json":{"title":"MFA-MFA-O - Thermibel","robots":{"index":"index","follow":"follow","max-snippet":"max-snippet:-1","max-image-preview":"max-image-preview:large","max-video-preview":"max-video-preview:-1"},"canonical":"https:\/\/thermibel.be\/nl\/product\/mfa-mfa-o\/","og_locale":"nl_NL","og_type":"article","og_title":"MFA-MFA-O - Thermibel","og_description":"MFA-MFA-O c\u00e2ble de couple \u00e0 isolation MFA - Temp\u00e9rature -200\/220\u00b0C","og_url":"https:\/\/thermibel.be\/nl\/product\/mfa-mfa-o\/","og_site_name":"Thermibel","article_modified_time":"2023-07-27T13:26:35+00:00","og_image":[{"width":117,"height":1024,"url":"https:\/\/thermibel.be\/app\/uploads\/2023\/05\/119-v-119-1024-pixels-vertical-op.png","type":"image\/png"}],"twitter_card":"summary_large_image","schema":{"@context":"https:\/\/schema.org","@graph":[{"@type":"WebPage","@id":"https:\/\/thermibel.be\/nl\/product\/mfa-mfa-o\/","url":"https:\/\/thermibel.be\/nl\/product\/mfa-mfa-o\/","name":"MFA-MFA-O - Thermibel","isPartOf":{"@id":"https:\/\/thermibel.be\/nl\/#website"},"primaryImageOfPage":{"@id":"https:\/\/thermibel.be\/nl\/product\/mfa-mfa-o\/#primaryimage"},"image":{"@id":"https:\/\/thermibel.be\/nl\/product\/mfa-mfa-o\/#primaryimage"},"thumbnailUrl":"https:\/\/thermibel.be\/app\/uploads\/2023\/05\/119-v-119-1024-pixels-vertical-op.png","datePublished":"2023-05-19T10:28:11+00:00","dateModified":"2023-07-27T13:26:35+00:00","breadcrumb":{"@id":"https:\/\/thermibel.be\/nl\/product\/mfa-mfa-o\/#breadcrumb"},"inLanguage":"nl-NL","potentialAction":[{"@type":"ReadAction","target":["https:\/\/thermibel.be\/nl\/product\/mfa-mfa-o\/"]}]},{"@type":"ImageObject","inLanguage":"nl-NL","@id":"https:\/\/thermibel.be\/nl\/product\/mfa-mfa-o\/#primaryimage","url":"https:\/\/thermibel.be\/app\/uploads\/2023\/05\/119-v-119-1024-pixels-vertical-op.png","contentUrl":"https:\/\/thermibel.be\/app\/uploads\/2023\/05\/119-v-119-1024-pixels-vertical-op.png","width":117,"height":1024},{"@type":"BreadcrumbList","@id":"https:\/\/thermibel.be\/nl\/product\/mfa-mfa-o\/#breadcrumb","itemListElement":[{"@type":"ListItem","position":1,"name":"Products","item":"https:\/\/thermibel.be\/nl\/shop\/"},{"@type":"ListItem","position":2,"name":"MFA-MFA-O"}]},{"@type":"WebSite","@id":"https:\/\/thermibel.be\/nl\/#website","url":"https:\/\/thermibel.be\/nl\/","name":"Thermibel","description":"Un Haut Degr\u00e9 de Qualit\u00e9","publisher":{"@id":"https:\/\/thermibel.be\/nl\/#organization"},"potentialAction":[{"@type":"SearchAction","target":{"@type":"EntryPoint","urlTemplate":"https:\/\/thermibel.be\/nl\/?s={search_term_string}"},"query-input":{"@type":"PropertyValueSpecification","valueRequired":true,"valueName":"search_term_string"}}],"inLanguage":"nl-NL"},{"@type":"Organization","@id":"https:\/\/thermibel.be\/nl\/#organization","name":"Thermibel","url":"https:\/\/thermibel.be\/nl\/","logo":{"@type":"ImageObject","inLanguage":"nl-NL","@id":"https:\/\/thermibel.be\/nl\/#\/schema\/logo\/image\/","url":"https:\/\/thermibel.be\/app\/uploads\/2023\/05\/Group-48095676.png","contentUrl":"https:\/\/thermibel.be\/app\/uploads\/2023\/05\/Group-48095676.png","width":250,"height":59,"caption":"Thermibel"},"image":{"@id":"https:\/\/thermibel.be\/nl\/#\/schema\/logo\/image\/"}}]}},"_links":{"self":[{"href":"https:\/\/thermibel.be\/nl\/wp-json\/wp\/v2\/product\/2271","targetHints":{"allow":["GET"]}}],"collection":[{"href":"https:\/\/thermibel.be\/nl\/wp-json\/wp\/v2\/product"}],"about":[{"href":"https:\/\/thermibel.be\/nl\/wp-json\/wp\/v2\/types\/product"}],"wp:featuredmedia":[{"embeddable":true,"href":"https:\/\/thermibel.be\/nl\/wp-json\/wp\/v2\/media\/4351"}],"wp:attachment":[{"href":"https:\/\/thermibel.be\/nl\/wp-json\/wp\/v2\/media?parent=2271"}],"wp:term":[{"taxonomy":"product_brand","embeddable":true,"href":"https:\/\/thermibel.be\/nl\/wp-json\/wp\/v2\/product_brand?post=2271"},{"taxonomy":"product_cat","embeddable":true,"href":"https:\/\/thermibel.be\/nl\/wp-json\/wp\/v2\/product_cat?post=2271"},{"taxonomy":"product_tag","embeddable":true,"href":"https:\/\/thermibel.be\/nl\/wp-json\/wp\/v2\/product_tag?post=2271"}],"curies":[{"name":"wp","href":"https:\/\/api.w.org\/{rel}","templated":true}]}}