{"id":2259,"date":"2023-05-19T10:30:46","date_gmt":"2023-05-19T10:30:46","guid":{"rendered":"https:\/\/thermibel.be\/product\/pvc-cusn-pvc-r\/"},"modified":"2023-09-29T13:35:06","modified_gmt":"2023-09-29T13:35:06","slug":"pvc-cusn-pvc-r","status":"publish","type":"product","link":"https:\/\/thermibel.be\/nl\/product\/pvc-cusn-pvc-r\/","title":{"rendered":"PVC-CuSn-PVC-R"},"content":{"rendered":"<p>PVC isolatie en koperen omvlechting<br \/>\nSamenstelling : De soepele, meeraderige geleiders met PVC isolatie worden samen getordeerd en afgeschermd met een vertinde koperen omvlechting. De kabel wordt verder afgewerkt met een PVC buitenmantel<br \/>\nVorm : rond<br \/>\nTemperatuurbereik -30 tot +105 \u00b0C<br \/>\nElektrische isolatie : &gt;20 MOhm\/km (gemeten op 1000 V DC en 20 \u00b0C).<br \/>\nKleurcode volgens IEC584-3<\/p>\n","protected":false},"excerpt":{"rendered":"<p>PVC-CuSn-PVC-R c\u00e2ble isol\u00e9 PVC avec tresse en cuivre \u00e9tam\u00e9 &#8211; Temp\u00e9rature -30 \u00e0 +105 \u00b0C<\/p>\n","protected":false},"featured_media":4103,"template":"","meta":{"_acf_changed":false,"om_disable_all_campaigns":false,"_monsterinsights_skip_tracking":false,"_monsterinsights_sitenote_active":false,"_monsterinsights_sitenote_note":"","_monsterinsights_sitenote_category":0,"_uf_show_specific_survey":0,"_uf_disable_surveys":false},"product_brand":[],"product_cat":[104,95],"product_tag":[],"class_list":{"0":"post-2259","1":"product","2":"type-product","3":"status-publish","4":"has-post-thumbnail","6":"product_cat-verleng-en_compensatiekabels","7":"product_cat-cables_nl","9":"first","10":"instock","11":"shipping-taxable","12":"product-type-simple"},"acf":[],"aioseo_notices":[],"yoast_head":"<!-- This site is optimized with the Yoast SEO plugin v27.4 - https:\/\/yoast.com\/product\/yoast-seo-wordpress\/ -->\n<title>PVC-CuSn-PVC-R - Thermibel<\/title>\n<meta name=\"robots\" content=\"index, follow, max-snippet:-1, max-image-preview:large, max-video-preview:-1\" \/>\n<link rel=\"canonical\" href=\"https:\/\/thermibel.be\/nl\/product\/pvc-cusn-pvc-r\/\" \/>\n<meta property=\"og:locale\" content=\"nl_NL\" \/>\n<meta property=\"og:type\" content=\"article\" \/>\n<meta property=\"og:title\" content=\"PVC-CuSn-PVC-R - Thermibel\" \/>\n<meta property=\"og:description\" content=\"PVC-CuSn-PVC-R c\u00e2ble isol\u00e9 PVC avec tresse en cuivre \u00e9tam\u00e9 - Temp\u00e9rature -30 \u00e0 +105 \u00b0C\" \/>\n<meta property=\"og:url\" content=\"https:\/\/thermibel.be\/nl\/product\/pvc-cusn-pvc-r\/\" \/>\n<meta property=\"og:site_name\" content=\"Thermibel\" \/>\n<meta property=\"article:modified_time\" content=\"2023-09-29T13:35:06+00:00\" \/>\n<meta property=\"og:image\" content=\"https:\/\/thermibel.be\/app\/uploads\/2023\/05\/03-PVC-CUSN-PVC-e1695994501676.png\" \/>\n\t<meta property=\"og:image:width\" content=\"144\" \/>\n\t<meta property=\"og:image:height\" content=\"1906\" \/>\n\t<meta property=\"og:image:type\" content=\"image\/png\" \/>\n<meta name=\"twitter:card\" content=\"summary_large_image\" \/>\n<script type=\"application\/ld+json\" class=\"yoast-schema-graph\">{\"@context\":\"https:\\\/\\\/schema.org\",\"@graph\":[{\"@type\":\"WebPage\",\"@id\":\"https:\\\/\\\/thermibel.be\\\/nl\\\/product\\\/pvc-cusn-pvc-r\\\/\",\"url\":\"https:\\\/\\\/thermibel.be\\\/nl\\\/product\\\/pvc-cusn-pvc-r\\\/\",\"name\":\"PVC-CuSn-PVC-R - Thermibel\",\"isPartOf\":{\"@id\":\"https:\\\/\\\/thermibel.be\\\/nl\\\/#website\"},\"primaryImageOfPage\":{\"@id\":\"https:\\\/\\\/thermibel.be\\\/nl\\\/product\\\/pvc-cusn-pvc-r\\\/#primaryimage\"},\"image\":{\"@id\":\"https:\\\/\\\/thermibel.be\\\/nl\\\/product\\\/pvc-cusn-pvc-r\\\/#primaryimage\"},\"thumbnailUrl\":\"https:\\\/\\\/thermibel.be\\\/app\\\/uploads\\\/2023\\\/05\\\/03-PVC-CUSN-PVC-e1695994501676.png\",\"datePublished\":\"2023-05-19T10:30:46+00:00\",\"dateModified\":\"2023-09-29T13:35:06+00:00\",\"breadcrumb\":{\"@id\":\"https:\\\/\\\/thermibel.be\\\/nl\\\/product\\\/pvc-cusn-pvc-r\\\/#breadcrumb\"},\"inLanguage\":\"nl-NL\",\"potentialAction\":[{\"@type\":\"ReadAction\",\"target\":[\"https:\\\/\\\/thermibel.be\\\/nl\\\/product\\\/pvc-cusn-pvc-r\\\/\"]}]},{\"@type\":\"ImageObject\",\"inLanguage\":\"nl-NL\",\"@id\":\"https:\\\/\\\/thermibel.be\\\/nl\\\/product\\\/pvc-cusn-pvc-r\\\/#primaryimage\",\"url\":\"https:\\\/\\\/thermibel.be\\\/app\\\/uploads\\\/2023\\\/05\\\/03-PVC-CUSN-PVC-e1695994501676.png\",\"contentUrl\":\"https:\\\/\\\/thermibel.be\\\/app\\\/uploads\\\/2023\\\/05\\\/03-PVC-CUSN-PVC-e1695994501676.png\",\"width\":144,\"height\":1906},{\"@type\":\"BreadcrumbList\",\"@id\":\"https:\\\/\\\/thermibel.be\\\/nl\\\/product\\\/pvc-cusn-pvc-r\\\/#breadcrumb\",\"itemListElement\":[{\"@type\":\"ListItem\",\"position\":1,\"name\":\"Products\",\"item\":\"https:\\\/\\\/thermibel.be\\\/nl\\\/shop\\\/\"},{\"@type\":\"ListItem\",\"position\":2,\"name\":\"PVC-CuSn-PVC-R\"}]},{\"@type\":\"WebSite\",\"@id\":\"https:\\\/\\\/thermibel.be\\\/nl\\\/#website\",\"url\":\"https:\\\/\\\/thermibel.be\\\/nl\\\/\",\"name\":\"Thermibel\",\"description\":\"Un Haut Degr\u00e9 de Qualit\u00e9\",\"publisher\":{\"@id\":\"https:\\\/\\\/thermibel.be\\\/nl\\\/#organization\"},\"potentialAction\":[{\"@type\":\"SearchAction\",\"target\":{\"@type\":\"EntryPoint\",\"urlTemplate\":\"https:\\\/\\\/thermibel.be\\\/nl\\\/?s={search_term_string}\"},\"query-input\":{\"@type\":\"PropertyValueSpecification\",\"valueRequired\":true,\"valueName\":\"search_term_string\"}}],\"inLanguage\":\"nl-NL\"},{\"@type\":\"Organization\",\"@id\":\"https:\\\/\\\/thermibel.be\\\/nl\\\/#organization\",\"name\":\"Thermibel\",\"url\":\"https:\\\/\\\/thermibel.be\\\/nl\\\/\",\"logo\":{\"@type\":\"ImageObject\",\"inLanguage\":\"nl-NL\",\"@id\":\"https:\\\/\\\/thermibel.be\\\/nl\\\/#\\\/schema\\\/logo\\\/image\\\/\",\"url\":\"https:\\\/\\\/thermibel.be\\\/app\\\/uploads\\\/2023\\\/05\\\/Group-48095676.png\",\"contentUrl\":\"https:\\\/\\\/thermibel.be\\\/app\\\/uploads\\\/2023\\\/05\\\/Group-48095676.png\",\"width\":250,\"height\":59,\"caption\":\"Thermibel\"},\"image\":{\"@id\":\"https:\\\/\\\/thermibel.be\\\/nl\\\/#\\\/schema\\\/logo\\\/image\\\/\"}}]}<\/script>\n<!-- \/ Yoast SEO plugin. -->","yoast_head_json":{"title":"PVC-CuSn-PVC-R - Thermibel","robots":{"index":"index","follow":"follow","max-snippet":"max-snippet:-1","max-image-preview":"max-image-preview:large","max-video-preview":"max-video-preview:-1"},"canonical":"https:\/\/thermibel.be\/nl\/product\/pvc-cusn-pvc-r\/","og_locale":"nl_NL","og_type":"article","og_title":"PVC-CuSn-PVC-R - Thermibel","og_description":"PVC-CuSn-PVC-R c\u00e2ble isol\u00e9 PVC avec tresse en cuivre \u00e9tam\u00e9 - Temp\u00e9rature -30 \u00e0 +105 \u00b0C","og_url":"https:\/\/thermibel.be\/nl\/product\/pvc-cusn-pvc-r\/","og_site_name":"Thermibel","article_modified_time":"2023-09-29T13:35:06+00:00","og_image":[{"width":144,"height":1906,"url":"https:\/\/thermibel.be\/app\/uploads\/2023\/05\/03-PVC-CUSN-PVC-e1695994501676.png","type":"image\/png"}],"twitter_card":"summary_large_image","schema":{"@context":"https:\/\/schema.org","@graph":[{"@type":"WebPage","@id":"https:\/\/thermibel.be\/nl\/product\/pvc-cusn-pvc-r\/","url":"https:\/\/thermibel.be\/nl\/product\/pvc-cusn-pvc-r\/","name":"PVC-CuSn-PVC-R - Thermibel","isPartOf":{"@id":"https:\/\/thermibel.be\/nl\/#website"},"primaryImageOfPage":{"@id":"https:\/\/thermibel.be\/nl\/product\/pvc-cusn-pvc-r\/#primaryimage"},"image":{"@id":"https:\/\/thermibel.be\/nl\/product\/pvc-cusn-pvc-r\/#primaryimage"},"thumbnailUrl":"https:\/\/thermibel.be\/app\/uploads\/2023\/05\/03-PVC-CUSN-PVC-e1695994501676.png","datePublished":"2023-05-19T10:30:46+00:00","dateModified":"2023-09-29T13:35:06+00:00","breadcrumb":{"@id":"https:\/\/thermibel.be\/nl\/product\/pvc-cusn-pvc-r\/#breadcrumb"},"inLanguage":"nl-NL","potentialAction":[{"@type":"ReadAction","target":["https:\/\/thermibel.be\/nl\/product\/pvc-cusn-pvc-r\/"]}]},{"@type":"ImageObject","inLanguage":"nl-NL","@id":"https:\/\/thermibel.be\/nl\/product\/pvc-cusn-pvc-r\/#primaryimage","url":"https:\/\/thermibel.be\/app\/uploads\/2023\/05\/03-PVC-CUSN-PVC-e1695994501676.png","contentUrl":"https:\/\/thermibel.be\/app\/uploads\/2023\/05\/03-PVC-CUSN-PVC-e1695994501676.png","width":144,"height":1906},{"@type":"BreadcrumbList","@id":"https:\/\/thermibel.be\/nl\/product\/pvc-cusn-pvc-r\/#breadcrumb","itemListElement":[{"@type":"ListItem","position":1,"name":"Products","item":"https:\/\/thermibel.be\/nl\/shop\/"},{"@type":"ListItem","position":2,"name":"PVC-CuSn-PVC-R"}]},{"@type":"WebSite","@id":"https:\/\/thermibel.be\/nl\/#website","url":"https:\/\/thermibel.be\/nl\/","name":"Thermibel","description":"Un Haut Degr\u00e9 de Qualit\u00e9","publisher":{"@id":"https:\/\/thermibel.be\/nl\/#organization"},"potentialAction":[{"@type":"SearchAction","target":{"@type":"EntryPoint","urlTemplate":"https:\/\/thermibel.be\/nl\/?s={search_term_string}"},"query-input":{"@type":"PropertyValueSpecification","valueRequired":true,"valueName":"search_term_string"}}],"inLanguage":"nl-NL"},{"@type":"Organization","@id":"https:\/\/thermibel.be\/nl\/#organization","name":"Thermibel","url":"https:\/\/thermibel.be\/nl\/","logo":{"@type":"ImageObject","inLanguage":"nl-NL","@id":"https:\/\/thermibel.be\/nl\/#\/schema\/logo\/image\/","url":"https:\/\/thermibel.be\/app\/uploads\/2023\/05\/Group-48095676.png","contentUrl":"https:\/\/thermibel.be\/app\/uploads\/2023\/05\/Group-48095676.png","width":250,"height":59,"caption":"Thermibel"},"image":{"@id":"https:\/\/thermibel.be\/nl\/#\/schema\/logo\/image\/"}}]}},"_links":{"self":[{"href":"https:\/\/thermibel.be\/nl\/wp-json\/wp\/v2\/product\/2259","targetHints":{"allow":["GET"]}}],"collection":[{"href":"https:\/\/thermibel.be\/nl\/wp-json\/wp\/v2\/product"}],"about":[{"href":"https:\/\/thermibel.be\/nl\/wp-json\/wp\/v2\/types\/product"}],"wp:featuredmedia":[{"embeddable":true,"href":"https:\/\/thermibel.be\/nl\/wp-json\/wp\/v2\/media\/4103"}],"wp:attachment":[{"href":"https:\/\/thermibel.be\/nl\/wp-json\/wp\/v2\/media?parent=2259"}],"wp:term":[{"taxonomy":"product_brand","embeddable":true,"href":"https:\/\/thermibel.be\/nl\/wp-json\/wp\/v2\/product_brand?post=2259"},{"taxonomy":"product_cat","embeddable":true,"href":"https:\/\/thermibel.be\/nl\/wp-json\/wp\/v2\/product_cat?post=2259"},{"taxonomy":"product_tag","embeddable":true,"href":"https:\/\/thermibel.be\/nl\/wp-json\/wp\/v2\/product_tag?post=2259"}],"curies":[{"name":"wp","href":"https:\/\/api.w.org\/{rel}","templated":true}]}}