{"id":2226,"date":"2023-05-19T10:38:08","date_gmt":"2023-05-19T10:38:08","guid":{"rendered":"https:\/\/thermibel.be\/product\/tex-tex-cusn-o-1\/"},"modified":"2023-09-29T13:27:29","modified_gmt":"2023-09-29T13:27:29","slug":"tex-tex-cusn-o-1","status":"publish","type":"product","link":"https:\/\/thermibel.be\/nl\/product\/tex-tex-cusn-o-1\/","title":{"rendered":"TEX-TEX-CUSN-O-1"},"content":{"rendered":"<p>Isolatie met glaszijden en RVS omvlechting &#8211; ovale vorm<br \/>\nSoepele meeraderige geleiders, ge\u00efsoleerd met ge\u00efmpregneerde glaszijden type &#8220;&#8221;E&#8221;&#8221;. De geleiders worden naast elkaar geplaatst, gezamenlijk ge\u00efsoleerd met glasvezels en beschermd door een RVS omvlechting.<br \/>\nTemperatuurbereik -40 tot 400 \u00b0C<br \/>\nElektrische isolatie : &gt;20 MOhm\/km (gemeten op 1000 V DC en 20 \u00b0C)<br \/>\nKleurcode volgens IEC584-3<\/p>\n","protected":false},"excerpt":{"rendered":"<p>TEX-TEX-CUSN-O c\u00e2ble isol\u00e9 soie de verre standard avec tresse cuivre \u00e9tam\u00e9 &#8211; forme ovale &#8211; Gamme de temp\u00e9rature -40 \u00e0 +400 \u00b0C<\/p>\n","protected":false},"featured_media":4066,"template":"","meta":{"_acf_changed":false,"om_disable_all_campaigns":false,"_monsterinsights_skip_tracking":false,"_monsterinsights_sitenote_active":false,"_monsterinsights_sitenote_note":"","_monsterinsights_sitenote_category":0,"_uf_show_specific_survey":0,"_uf_disable_surveys":false},"product_brand":[],"product_cat":[104,95],"product_tag":[],"class_list":{"0":"post-2226","1":"product","2":"type-product","3":"status-publish","4":"has-post-thumbnail","6":"product_cat-verleng-en_compensatiekabels","7":"product_cat-cables_nl","9":"first","10":"instock","11":"shipping-taxable","12":"product-type-simple"},"acf":[],"aioseo_notices":[],"yoast_head":"<!-- This site is optimized with the Yoast SEO plugin v27.4 - https:\/\/yoast.com\/product\/yoast-seo-wordpress\/ -->\n<title>TEX-TEX-CUSN-O-1 - Thermibel<\/title>\n<meta name=\"robots\" content=\"index, follow, max-snippet:-1, max-image-preview:large, max-video-preview:-1\" \/>\n<link rel=\"canonical\" href=\"https:\/\/thermibel.be\/nl\/product\/tex-tex-cusn-o-1\/\" \/>\n<meta property=\"og:locale\" content=\"nl_NL\" \/>\n<meta property=\"og:type\" content=\"article\" \/>\n<meta property=\"og:title\" content=\"TEX-TEX-CUSN-O-1 - Thermibel\" \/>\n<meta property=\"og:description\" content=\"TEX-TEX-CUSN-O c\u00e2ble isol\u00e9 soie de verre standard avec tresse cuivre \u00e9tam\u00e9 - forme ovale - Gamme de temp\u00e9rature -40 \u00e0 +400 \u00b0C\" \/>\n<meta property=\"og:url\" content=\"https:\/\/thermibel.be\/nl\/product\/tex-tex-cusn-o-1\/\" \/>\n<meta property=\"og:site_name\" content=\"Thermibel\" \/>\n<meta property=\"article:modified_time\" content=\"2023-09-29T13:27:29+00:00\" \/>\n<meta property=\"og:image\" content=\"https:\/\/thermibel.be\/app\/uploads\/2023\/05\/15-TEX-TEX-CUSN-O_1-e1695994044712.png\" \/>\n\t<meta property=\"og:image:width\" content=\"215\" \/>\n\t<meta property=\"og:image:height\" content=\"1955\" \/>\n\t<meta property=\"og:image:type\" content=\"image\/png\" \/>\n<meta name=\"twitter:card\" content=\"summary_large_image\" \/>\n<script type=\"application\/ld+json\" class=\"yoast-schema-graph\">{\"@context\":\"https:\\\/\\\/schema.org\",\"@graph\":[{\"@type\":\"WebPage\",\"@id\":\"https:\\\/\\\/thermibel.be\\\/nl\\\/product\\\/tex-tex-cusn-o-1\\\/\",\"url\":\"https:\\\/\\\/thermibel.be\\\/nl\\\/product\\\/tex-tex-cusn-o-1\\\/\",\"name\":\"TEX-TEX-CUSN-O-1 - Thermibel\",\"isPartOf\":{\"@id\":\"https:\\\/\\\/thermibel.be\\\/nl\\\/#website\"},\"primaryImageOfPage\":{\"@id\":\"https:\\\/\\\/thermibel.be\\\/nl\\\/product\\\/tex-tex-cusn-o-1\\\/#primaryimage\"},\"image\":{\"@id\":\"https:\\\/\\\/thermibel.be\\\/nl\\\/product\\\/tex-tex-cusn-o-1\\\/#primaryimage\"},\"thumbnailUrl\":\"https:\\\/\\\/thermibel.be\\\/app\\\/uploads\\\/2023\\\/05\\\/15-TEX-TEX-CUSN-O_1-e1695994044712.png\",\"datePublished\":\"2023-05-19T10:38:08+00:00\",\"dateModified\":\"2023-09-29T13:27:29+00:00\",\"breadcrumb\":{\"@id\":\"https:\\\/\\\/thermibel.be\\\/nl\\\/product\\\/tex-tex-cusn-o-1\\\/#breadcrumb\"},\"inLanguage\":\"nl-NL\",\"potentialAction\":[{\"@type\":\"ReadAction\",\"target\":[\"https:\\\/\\\/thermibel.be\\\/nl\\\/product\\\/tex-tex-cusn-o-1\\\/\"]}]},{\"@type\":\"ImageObject\",\"inLanguage\":\"nl-NL\",\"@id\":\"https:\\\/\\\/thermibel.be\\\/nl\\\/product\\\/tex-tex-cusn-o-1\\\/#primaryimage\",\"url\":\"https:\\\/\\\/thermibel.be\\\/app\\\/uploads\\\/2023\\\/05\\\/15-TEX-TEX-CUSN-O_1-e1695994044712.png\",\"contentUrl\":\"https:\\\/\\\/thermibel.be\\\/app\\\/uploads\\\/2023\\\/05\\\/15-TEX-TEX-CUSN-O_1-e1695994044712.png\",\"width\":215,\"height\":1955},{\"@type\":\"BreadcrumbList\",\"@id\":\"https:\\\/\\\/thermibel.be\\\/nl\\\/product\\\/tex-tex-cusn-o-1\\\/#breadcrumb\",\"itemListElement\":[{\"@type\":\"ListItem\",\"position\":1,\"name\":\"Products\",\"item\":\"https:\\\/\\\/thermibel.be\\\/nl\\\/shop\\\/\"},{\"@type\":\"ListItem\",\"position\":2,\"name\":\"TEX-TEX-CUSN-O-1\"}]},{\"@type\":\"WebSite\",\"@id\":\"https:\\\/\\\/thermibel.be\\\/nl\\\/#website\",\"url\":\"https:\\\/\\\/thermibel.be\\\/nl\\\/\",\"name\":\"Thermibel\",\"description\":\"Un Haut Degr\u00e9 de Qualit\u00e9\",\"publisher\":{\"@id\":\"https:\\\/\\\/thermibel.be\\\/nl\\\/#organization\"},\"potentialAction\":[{\"@type\":\"SearchAction\",\"target\":{\"@type\":\"EntryPoint\",\"urlTemplate\":\"https:\\\/\\\/thermibel.be\\\/nl\\\/?s={search_term_string}\"},\"query-input\":{\"@type\":\"PropertyValueSpecification\",\"valueRequired\":true,\"valueName\":\"search_term_string\"}}],\"inLanguage\":\"nl-NL\"},{\"@type\":\"Organization\",\"@id\":\"https:\\\/\\\/thermibel.be\\\/nl\\\/#organization\",\"name\":\"Thermibel\",\"url\":\"https:\\\/\\\/thermibel.be\\\/nl\\\/\",\"logo\":{\"@type\":\"ImageObject\",\"inLanguage\":\"nl-NL\",\"@id\":\"https:\\\/\\\/thermibel.be\\\/nl\\\/#\\\/schema\\\/logo\\\/image\\\/\",\"url\":\"https:\\\/\\\/thermibel.be\\\/app\\\/uploads\\\/2023\\\/05\\\/Group-48095676.png\",\"contentUrl\":\"https:\\\/\\\/thermibel.be\\\/app\\\/uploads\\\/2023\\\/05\\\/Group-48095676.png\",\"width\":250,\"height\":59,\"caption\":\"Thermibel\"},\"image\":{\"@id\":\"https:\\\/\\\/thermibel.be\\\/nl\\\/#\\\/schema\\\/logo\\\/image\\\/\"}}]}<\/script>\n<!-- \/ Yoast SEO plugin. -->","yoast_head_json":{"title":"TEX-TEX-CUSN-O-1 - Thermibel","robots":{"index":"index","follow":"follow","max-snippet":"max-snippet:-1","max-image-preview":"max-image-preview:large","max-video-preview":"max-video-preview:-1"},"canonical":"https:\/\/thermibel.be\/nl\/product\/tex-tex-cusn-o-1\/","og_locale":"nl_NL","og_type":"article","og_title":"TEX-TEX-CUSN-O-1 - Thermibel","og_description":"TEX-TEX-CUSN-O c\u00e2ble isol\u00e9 soie de verre standard avec tresse cuivre \u00e9tam\u00e9 - forme ovale - Gamme de temp\u00e9rature -40 \u00e0 +400 \u00b0C","og_url":"https:\/\/thermibel.be\/nl\/product\/tex-tex-cusn-o-1\/","og_site_name":"Thermibel","article_modified_time":"2023-09-29T13:27:29+00:00","og_image":[{"width":215,"height":1955,"url":"https:\/\/thermibel.be\/app\/uploads\/2023\/05\/15-TEX-TEX-CUSN-O_1-e1695994044712.png","type":"image\/png"}],"twitter_card":"summary_large_image","schema":{"@context":"https:\/\/schema.org","@graph":[{"@type":"WebPage","@id":"https:\/\/thermibel.be\/nl\/product\/tex-tex-cusn-o-1\/","url":"https:\/\/thermibel.be\/nl\/product\/tex-tex-cusn-o-1\/","name":"TEX-TEX-CUSN-O-1 - Thermibel","isPartOf":{"@id":"https:\/\/thermibel.be\/nl\/#website"},"primaryImageOfPage":{"@id":"https:\/\/thermibel.be\/nl\/product\/tex-tex-cusn-o-1\/#primaryimage"},"image":{"@id":"https:\/\/thermibel.be\/nl\/product\/tex-tex-cusn-o-1\/#primaryimage"},"thumbnailUrl":"https:\/\/thermibel.be\/app\/uploads\/2023\/05\/15-TEX-TEX-CUSN-O_1-e1695994044712.png","datePublished":"2023-05-19T10:38:08+00:00","dateModified":"2023-09-29T13:27:29+00:00","breadcrumb":{"@id":"https:\/\/thermibel.be\/nl\/product\/tex-tex-cusn-o-1\/#breadcrumb"},"inLanguage":"nl-NL","potentialAction":[{"@type":"ReadAction","target":["https:\/\/thermibel.be\/nl\/product\/tex-tex-cusn-o-1\/"]}]},{"@type":"ImageObject","inLanguage":"nl-NL","@id":"https:\/\/thermibel.be\/nl\/product\/tex-tex-cusn-o-1\/#primaryimage","url":"https:\/\/thermibel.be\/app\/uploads\/2023\/05\/15-TEX-TEX-CUSN-O_1-e1695994044712.png","contentUrl":"https:\/\/thermibel.be\/app\/uploads\/2023\/05\/15-TEX-TEX-CUSN-O_1-e1695994044712.png","width":215,"height":1955},{"@type":"BreadcrumbList","@id":"https:\/\/thermibel.be\/nl\/product\/tex-tex-cusn-o-1\/#breadcrumb","itemListElement":[{"@type":"ListItem","position":1,"name":"Products","item":"https:\/\/thermibel.be\/nl\/shop\/"},{"@type":"ListItem","position":2,"name":"TEX-TEX-CUSN-O-1"}]},{"@type":"WebSite","@id":"https:\/\/thermibel.be\/nl\/#website","url":"https:\/\/thermibel.be\/nl\/","name":"Thermibel","description":"Un Haut Degr\u00e9 de Qualit\u00e9","publisher":{"@id":"https:\/\/thermibel.be\/nl\/#organization"},"potentialAction":[{"@type":"SearchAction","target":{"@type":"EntryPoint","urlTemplate":"https:\/\/thermibel.be\/nl\/?s={search_term_string}"},"query-input":{"@type":"PropertyValueSpecification","valueRequired":true,"valueName":"search_term_string"}}],"inLanguage":"nl-NL"},{"@type":"Organization","@id":"https:\/\/thermibel.be\/nl\/#organization","name":"Thermibel","url":"https:\/\/thermibel.be\/nl\/","logo":{"@type":"ImageObject","inLanguage":"nl-NL","@id":"https:\/\/thermibel.be\/nl\/#\/schema\/logo\/image\/","url":"https:\/\/thermibel.be\/app\/uploads\/2023\/05\/Group-48095676.png","contentUrl":"https:\/\/thermibel.be\/app\/uploads\/2023\/05\/Group-48095676.png","width":250,"height":59,"caption":"Thermibel"},"image":{"@id":"https:\/\/thermibel.be\/nl\/#\/schema\/logo\/image\/"}}]}},"_links":{"self":[{"href":"https:\/\/thermibel.be\/nl\/wp-json\/wp\/v2\/product\/2226","targetHints":{"allow":["GET"]}}],"collection":[{"href":"https:\/\/thermibel.be\/nl\/wp-json\/wp\/v2\/product"}],"about":[{"href":"https:\/\/thermibel.be\/nl\/wp-json\/wp\/v2\/types\/product"}],"wp:featuredmedia":[{"embeddable":true,"href":"https:\/\/thermibel.be\/nl\/wp-json\/wp\/v2\/media\/4066"}],"wp:attachment":[{"href":"https:\/\/thermibel.be\/nl\/wp-json\/wp\/v2\/media?parent=2226"}],"wp:term":[{"taxonomy":"product_brand","embeddable":true,"href":"https:\/\/thermibel.be\/nl\/wp-json\/wp\/v2\/product_brand?post=2226"},{"taxonomy":"product_cat","embeddable":true,"href":"https:\/\/thermibel.be\/nl\/wp-json\/wp\/v2\/product_cat?post=2226"},{"taxonomy":"product_tag","embeddable":true,"href":"https:\/\/thermibel.be\/nl\/wp-json\/wp\/v2\/product_tag?post=2226"}],"curies":[{"name":"wp","href":"https:\/\/api.w.org\/{rel}","templated":true}]}}