{"id":2121,"date":"2023-05-19T12:32:14","date_gmt":"2023-05-19T12:32:14","guid":{"rendered":"https:\/\/thermibel.be\/product\/thermocouple-chemise-en-element-interchangeable\/"},"modified":"2023-11-22T10:25:50","modified_gmt":"2023-11-22T10:25:50","slug":"thermocouple-chemise-en-element-interchangeable","status":"publish","type":"product","link":"https:\/\/thermibel.be\/nl\/product\/thermocouple-chemise-en-element-interchangeable\/","title":{"rendered":"Mantelthermokoppel als uitwisselbaar meetelement"},"content":{"rendered":"<h3>Meetelement<\/h3>\n<p>Thermokoppel type K, N, J, T, E.<br \/>\nTolerantieklasse 1 volgens IEC 584 (EN 60584)<br \/>\nEnkel of dubbel<\/p>\n<h3>Temperatuurbereik<\/h3>\n<p>-200 tot +1150 ?C, naargelang het type van thermokoppel, de manteldiameter en de lengte<\/p>\n<h3>Buitenmantel<\/h3>\n<p>Naadloze semi-flexibele mantel uit AISI 316L of Inconel 600 met minerale vulling.<br \/>\nKan in grote lengte vervaardigd worden<br \/>\nBuitenmantel volledig waterdicht over de hele lengte<\/p>\n<h3>Diameter<\/h3>\n<p>Standaard 6 mm. 3, 4,5 en 8 mm zijn eveneens leverbaar.<\/p>\n<h3>Procesaansluiting<\/h3>\n<p>Standaard type ?B? keramische aansluitsokkel ?41 mm met 33mm asafstand &#8211; M4 veerbelaste schroeven<\/p>\n<h3>Elektrische aansluitingen<\/h3>\n<p>2-draads (enkelvoudig thermokoppel) of 4-draads (dubbel thermokoppel<br \/>\nKleurcode IEC standaard &#8211; ANSI kleurcode leverbaar op aanvraag. Markering + en &#8211; op de aansluitsokkel in beide gevallen<\/p>\n","protected":false},"excerpt":{"rendered":"<p>Meetelement Thermokoppel type K, N, J, T, E. Tolerantieklasse 1 volgens IEC 584 (EN 60584) Enkel of dubbel Temperatuurbereik -200 tot +1150 ?C, naargelang het type van thermokoppel, de manteldiameter en de lengte Buitenmantel Naadloze semi-flexibele mantel uit AISI 316L of Inconel 600 met minerale vulling. Kan in grote lengte vervaardigd worden Buitenmantel volledig waterdicht [&hellip;]<\/p>\n","protected":false},"featured_media":4413,"template":"","meta":{"_acf_changed":false,"om_disable_all_campaigns":false,"_monsterinsights_skip_tracking":false,"_monsterinsights_sitenote_active":false,"_monsterinsights_sitenote_note":"","_monsterinsights_sitenote_category":0,"_uf_show_specific_survey":0,"_uf_disable_surveys":false},"product_brand":[],"product_cat":[131,56],"product_tag":[],"class_list":{"0":"post-2121","1":"product","2":"type-product","3":"status-publish","4":"has-post-thumbnail","6":"product_cat-mineraal_geisoleerde_thermokoppels_met_mantel","7":"product_cat-thermocouple_nl","9":"first","10":"instock","11":"shipping-taxable","12":"product-type-simple"},"acf":[],"aioseo_notices":[],"yoast_head":"<!-- This site is optimized with the Yoast SEO plugin v27.4 - https:\/\/yoast.com\/product\/yoast-seo-wordpress\/ -->\n<title>Mantelthermokoppel als uitwisselbaar meetelement - Thermibel<\/title>\n<meta name=\"robots\" content=\"index, follow, max-snippet:-1, max-image-preview:large, max-video-preview:-1\" \/>\n<link rel=\"canonical\" href=\"https:\/\/thermibel.be\/nl\/product\/thermocouple-chemise-en-element-interchangeable\/\" \/>\n<meta property=\"og:locale\" content=\"nl_NL\" \/>\n<meta property=\"og:type\" content=\"article\" \/>\n<meta property=\"og:title\" content=\"Mantelthermokoppel als uitwisselbaar meetelement - Thermibel\" \/>\n<meta property=\"og:description\" content=\"Meetelement Thermokoppel type K, N, J, T, E. Tolerantieklasse 1 volgens IEC 584 (EN 60584) Enkel of dubbel Temperatuurbereik -200 tot +1150 ?C, naargelang het type van thermokoppel, de manteldiameter en de lengte Buitenmantel Naadloze semi-flexibele mantel uit AISI 316L of Inconel 600 met minerale vulling. Kan in grote lengte vervaardigd worden Buitenmantel volledig waterdicht [&hellip;]\" \/>\n<meta property=\"og:url\" content=\"https:\/\/thermibel.be\/nl\/product\/thermocouple-chemise-en-element-interchangeable\/\" \/>\n<meta property=\"og:site_name\" content=\"Thermibel\" \/>\n<meta property=\"article:modified_time\" content=\"2023-11-22T10:25:50+00:00\" \/>\n<meta property=\"og:image\" content=\"https:\/\/thermibel.be\/app\/uploads\/2023\/05\/34-v-TCHEM2-v-1.png\" \/>\n\t<meta property=\"og:image:width\" content=\"339\" \/>\n\t<meta property=\"og:image:height\" content=\"1024\" \/>\n\t<meta property=\"og:image:type\" content=\"image\/png\" \/>\n<meta name=\"twitter:card\" content=\"summary_large_image\" \/>\n<meta name=\"twitter:label1\" content=\"Geschatte leestijd\" \/>\n\t<meta name=\"twitter:data1\" content=\"1 minute\" \/>\n<script type=\"application\/ld+json\" class=\"yoast-schema-graph\">{\"@context\":\"https:\\\/\\\/schema.org\",\"@graph\":[{\"@type\":\"WebPage\",\"@id\":\"https:\\\/\\\/thermibel.be\\\/nl\\\/product\\\/thermocouple-chemise-en-element-interchangeable\\\/\",\"url\":\"https:\\\/\\\/thermibel.be\\\/nl\\\/product\\\/thermocouple-chemise-en-element-interchangeable\\\/\",\"name\":\"Mantelthermokoppel als uitwisselbaar meetelement - Thermibel\",\"isPartOf\":{\"@id\":\"https:\\\/\\\/thermibel.be\\\/nl\\\/#website\"},\"primaryImageOfPage\":{\"@id\":\"https:\\\/\\\/thermibel.be\\\/nl\\\/product\\\/thermocouple-chemise-en-element-interchangeable\\\/#primaryimage\"},\"image\":{\"@id\":\"https:\\\/\\\/thermibel.be\\\/nl\\\/product\\\/thermocouple-chemise-en-element-interchangeable\\\/#primaryimage\"},\"thumbnailUrl\":\"https:\\\/\\\/thermibel.be\\\/app\\\/uploads\\\/2023\\\/05\\\/34-v-TCHEM2-v-1.png\",\"datePublished\":\"2023-05-19T12:32:14+00:00\",\"dateModified\":\"2023-11-22T10:25:50+00:00\",\"breadcrumb\":{\"@id\":\"https:\\\/\\\/thermibel.be\\\/nl\\\/product\\\/thermocouple-chemise-en-element-interchangeable\\\/#breadcrumb\"},\"inLanguage\":\"nl-NL\",\"potentialAction\":[{\"@type\":\"ReadAction\",\"target\":[\"https:\\\/\\\/thermibel.be\\\/nl\\\/product\\\/thermocouple-chemise-en-element-interchangeable\\\/\"]}]},{\"@type\":\"ImageObject\",\"inLanguage\":\"nl-NL\",\"@id\":\"https:\\\/\\\/thermibel.be\\\/nl\\\/product\\\/thermocouple-chemise-en-element-interchangeable\\\/#primaryimage\",\"url\":\"https:\\\/\\\/thermibel.be\\\/app\\\/uploads\\\/2023\\\/05\\\/34-v-TCHEM2-v-1.png\",\"contentUrl\":\"https:\\\/\\\/thermibel.be\\\/app\\\/uploads\\\/2023\\\/05\\\/34-v-TCHEM2-v-1.png\",\"width\":339,\"height\":1024,\"caption\":\"Thermocouple chemis\u00e9 en \u00e9l\u00e9ment interchangeable\"},{\"@type\":\"BreadcrumbList\",\"@id\":\"https:\\\/\\\/thermibel.be\\\/nl\\\/product\\\/thermocouple-chemise-en-element-interchangeable\\\/#breadcrumb\",\"itemListElement\":[{\"@type\":\"ListItem\",\"position\":1,\"name\":\"Products\",\"item\":\"https:\\\/\\\/thermibel.be\\\/nl\\\/shop\\\/\"},{\"@type\":\"ListItem\",\"position\":2,\"name\":\"Mantelthermokoppel als uitwisselbaar meetelement\"}]},{\"@type\":\"WebSite\",\"@id\":\"https:\\\/\\\/thermibel.be\\\/nl\\\/#website\",\"url\":\"https:\\\/\\\/thermibel.be\\\/nl\\\/\",\"name\":\"Thermibel\",\"description\":\"Un Haut Degr\u00e9 de Qualit\u00e9\",\"publisher\":{\"@id\":\"https:\\\/\\\/thermibel.be\\\/nl\\\/#organization\"},\"potentialAction\":[{\"@type\":\"SearchAction\",\"target\":{\"@type\":\"EntryPoint\",\"urlTemplate\":\"https:\\\/\\\/thermibel.be\\\/nl\\\/?s={search_term_string}\"},\"query-input\":{\"@type\":\"PropertyValueSpecification\",\"valueRequired\":true,\"valueName\":\"search_term_string\"}}],\"inLanguage\":\"nl-NL\"},{\"@type\":\"Organization\",\"@id\":\"https:\\\/\\\/thermibel.be\\\/nl\\\/#organization\",\"name\":\"Thermibel\",\"url\":\"https:\\\/\\\/thermibel.be\\\/nl\\\/\",\"logo\":{\"@type\":\"ImageObject\",\"inLanguage\":\"nl-NL\",\"@id\":\"https:\\\/\\\/thermibel.be\\\/nl\\\/#\\\/schema\\\/logo\\\/image\\\/\",\"url\":\"https:\\\/\\\/thermibel.be\\\/app\\\/uploads\\\/2023\\\/05\\\/Group-48095676.png\",\"contentUrl\":\"https:\\\/\\\/thermibel.be\\\/app\\\/uploads\\\/2023\\\/05\\\/Group-48095676.png\",\"width\":250,\"height\":59,\"caption\":\"Thermibel\"},\"image\":{\"@id\":\"https:\\\/\\\/thermibel.be\\\/nl\\\/#\\\/schema\\\/logo\\\/image\\\/\"}}]}<\/script>\n<!-- \/ Yoast SEO plugin. -->","yoast_head_json":{"title":"Mantelthermokoppel als uitwisselbaar meetelement - Thermibel","robots":{"index":"index","follow":"follow","max-snippet":"max-snippet:-1","max-image-preview":"max-image-preview:large","max-video-preview":"max-video-preview:-1"},"canonical":"https:\/\/thermibel.be\/nl\/product\/thermocouple-chemise-en-element-interchangeable\/","og_locale":"nl_NL","og_type":"article","og_title":"Mantelthermokoppel als uitwisselbaar meetelement - Thermibel","og_description":"Meetelement Thermokoppel type K, N, J, T, E. Tolerantieklasse 1 volgens IEC 584 (EN 60584) Enkel of dubbel Temperatuurbereik -200 tot +1150 ?C, naargelang het type van thermokoppel, de manteldiameter en de lengte Buitenmantel Naadloze semi-flexibele mantel uit AISI 316L of Inconel 600 met minerale vulling. Kan in grote lengte vervaardigd worden Buitenmantel volledig waterdicht [&hellip;]","og_url":"https:\/\/thermibel.be\/nl\/product\/thermocouple-chemise-en-element-interchangeable\/","og_site_name":"Thermibel","article_modified_time":"2023-11-22T10:25:50+00:00","og_image":[{"width":339,"height":1024,"url":"https:\/\/thermibel.be\/app\/uploads\/2023\/05\/34-v-TCHEM2-v-1.png","type":"image\/png"}],"twitter_card":"summary_large_image","twitter_misc":{"Geschatte leestijd":"1 minute"},"schema":{"@context":"https:\/\/schema.org","@graph":[{"@type":"WebPage","@id":"https:\/\/thermibel.be\/nl\/product\/thermocouple-chemise-en-element-interchangeable\/","url":"https:\/\/thermibel.be\/nl\/product\/thermocouple-chemise-en-element-interchangeable\/","name":"Mantelthermokoppel als uitwisselbaar meetelement - Thermibel","isPartOf":{"@id":"https:\/\/thermibel.be\/nl\/#website"},"primaryImageOfPage":{"@id":"https:\/\/thermibel.be\/nl\/product\/thermocouple-chemise-en-element-interchangeable\/#primaryimage"},"image":{"@id":"https:\/\/thermibel.be\/nl\/product\/thermocouple-chemise-en-element-interchangeable\/#primaryimage"},"thumbnailUrl":"https:\/\/thermibel.be\/app\/uploads\/2023\/05\/34-v-TCHEM2-v-1.png","datePublished":"2023-05-19T12:32:14+00:00","dateModified":"2023-11-22T10:25:50+00:00","breadcrumb":{"@id":"https:\/\/thermibel.be\/nl\/product\/thermocouple-chemise-en-element-interchangeable\/#breadcrumb"},"inLanguage":"nl-NL","potentialAction":[{"@type":"ReadAction","target":["https:\/\/thermibel.be\/nl\/product\/thermocouple-chemise-en-element-interchangeable\/"]}]},{"@type":"ImageObject","inLanguage":"nl-NL","@id":"https:\/\/thermibel.be\/nl\/product\/thermocouple-chemise-en-element-interchangeable\/#primaryimage","url":"https:\/\/thermibel.be\/app\/uploads\/2023\/05\/34-v-TCHEM2-v-1.png","contentUrl":"https:\/\/thermibel.be\/app\/uploads\/2023\/05\/34-v-TCHEM2-v-1.png","width":339,"height":1024,"caption":"Thermocouple chemis\u00e9 en \u00e9l\u00e9ment interchangeable"},{"@type":"BreadcrumbList","@id":"https:\/\/thermibel.be\/nl\/product\/thermocouple-chemise-en-element-interchangeable\/#breadcrumb","itemListElement":[{"@type":"ListItem","position":1,"name":"Products","item":"https:\/\/thermibel.be\/nl\/shop\/"},{"@type":"ListItem","position":2,"name":"Mantelthermokoppel als uitwisselbaar meetelement"}]},{"@type":"WebSite","@id":"https:\/\/thermibel.be\/nl\/#website","url":"https:\/\/thermibel.be\/nl\/","name":"Thermibel","description":"Un Haut Degr\u00e9 de Qualit\u00e9","publisher":{"@id":"https:\/\/thermibel.be\/nl\/#organization"},"potentialAction":[{"@type":"SearchAction","target":{"@type":"EntryPoint","urlTemplate":"https:\/\/thermibel.be\/nl\/?s={search_term_string}"},"query-input":{"@type":"PropertyValueSpecification","valueRequired":true,"valueName":"search_term_string"}}],"inLanguage":"nl-NL"},{"@type":"Organization","@id":"https:\/\/thermibel.be\/nl\/#organization","name":"Thermibel","url":"https:\/\/thermibel.be\/nl\/","logo":{"@type":"ImageObject","inLanguage":"nl-NL","@id":"https:\/\/thermibel.be\/nl\/#\/schema\/logo\/image\/","url":"https:\/\/thermibel.be\/app\/uploads\/2023\/05\/Group-48095676.png","contentUrl":"https:\/\/thermibel.be\/app\/uploads\/2023\/05\/Group-48095676.png","width":250,"height":59,"caption":"Thermibel"},"image":{"@id":"https:\/\/thermibel.be\/nl\/#\/schema\/logo\/image\/"}}]}},"_links":{"self":[{"href":"https:\/\/thermibel.be\/nl\/wp-json\/wp\/v2\/product\/2121","targetHints":{"allow":["GET"]}}],"collection":[{"href":"https:\/\/thermibel.be\/nl\/wp-json\/wp\/v2\/product"}],"about":[{"href":"https:\/\/thermibel.be\/nl\/wp-json\/wp\/v2\/types\/product"}],"wp:featuredmedia":[{"embeddable":true,"href":"https:\/\/thermibel.be\/nl\/wp-json\/wp\/v2\/media\/4413"}],"wp:attachment":[{"href":"https:\/\/thermibel.be\/nl\/wp-json\/wp\/v2\/media?parent=2121"}],"wp:term":[{"taxonomy":"product_brand","embeddable":true,"href":"https:\/\/thermibel.be\/nl\/wp-json\/wp\/v2\/product_brand?post=2121"},{"taxonomy":"product_cat","embeddable":true,"href":"https:\/\/thermibel.be\/nl\/wp-json\/wp\/v2\/product_cat?post=2121"},{"taxonomy":"product_tag","embeddable":true,"href":"https:\/\/thermibel.be\/nl\/wp-json\/wp\/v2\/product_tag?post=2121"}],"curies":[{"name":"wp","href":"https:\/\/api.w.org\/{rel}","templated":true}]}}