{"id":3228,"date":"2023-06-23T13:46:57","date_gmt":"2023-06-23T13:46:57","guid":{"rendered":"https:\/\/thermibel.be\/product\/beamex-mc6-t-2\/"},"modified":"2023-10-17T05:46:59","modified_gmt":"2023-10-17T05:46:59","slug":"beamex-mc6-t-2","status":"publish","type":"product","link":"https:\/\/thermibel.be\/es\/product\/beamex-mc6-t-2\/","title":{"rendered":"Beamex MC6-T"},"content":{"rendered":"<p>Presentamos el Beamex MC6-T, un calibrador con capacidades de comunicador y calibrador de procesos multifunci\u00f3n. El Beamex MC6-T es un sistema de calibraci\u00f3n de temperatura automatizado extremadamente vers\u00e1til. Combina un horno de calibraci\u00f3n de \u00faltima generaci\u00f3n con la tecnolog\u00eda del calibrador de procesos multifunci\u00f3n Beamex MC6. Su versatilidad no tiene igual en el mercado.<\/p>\n","protected":false},"excerpt":{"rendered":"<p>Presentamos el Beamex MC6-T, un calibrador con capacidades de comunicador y calibrador de procesos multifunci\u00f3n. El Beamex MC6-T es un sistema de calibraci\u00f3n de temperatura automatizado extremadamente vers\u00e1til. Combina un horno de calibraci\u00f3n de \u00faltima generaci\u00f3n con la tecnolog\u00eda del calibrador de procesos multifunci\u00f3n Beamex MC6. Su versatilidad no tiene igual en el mercado.<\/p>\n","protected":false},"featured_media":4500,"template":"","meta":{"_acf_changed":false,"om_disable_all_campaigns":false,"_monsterinsights_skip_tracking":false,"_monsterinsights_sitenote_active":false,"_monsterinsights_sitenote_note":"","_monsterinsights_sitenote_category":0,"_uf_show_specific_survey":0,"_uf_disable_surveys":false},"product_brand":[],"product_cat":[100],"product_tag":[],"class_list":{"0":"post-3228","1":"product","2":"type-product","3":"status-publish","4":"has-post-thumbnail","6":"product_cat-beamex-es","8":"first","9":"instock","10":"shipping-taxable","11":"product-type-simple"},"acf":[],"aioseo_notices":[],"yoast_head":"<!-- This site is optimized with the Yoast SEO plugin v26.9 - https:\/\/yoast.com\/product\/yoast-seo-wordpress\/ -->\n<title>Beamex MC6-T - Thermibel<\/title>\n<meta name=\"robots\" content=\"index, follow, max-snippet:-1, max-image-preview:large, max-video-preview:-1\" \/>\n<link rel=\"canonical\" href=\"https:\/\/thermibel.be\/es\/product\/beamex-mc6-t-2\/\" \/>\n<meta property=\"og:locale\" content=\"es_ES\" \/>\n<meta property=\"og:type\" content=\"article\" \/>\n<meta property=\"og:title\" content=\"Beamex MC6-T - Thermibel\" \/>\n<meta property=\"og:description\" content=\"Presentamos el Beamex MC6-T, un calibrador con capacidades de comunicador y calibrador de procesos multifunci\u00f3n. El Beamex MC6-T es un sistema de calibraci\u00f3n de temperatura automatizado extremadamente vers\u00e1til. Combina un horno de calibraci\u00f3n de \u00faltima generaci\u00f3n con la tecnolog\u00eda del calibrador de procesos multifunci\u00f3n Beamex MC6. Su versatilidad no tiene igual en el mercado.\" \/>\n<meta property=\"og:url\" content=\"https:\/\/thermibel.be\/es\/product\/beamex-mc6-t-2\/\" \/>\n<meta property=\"og:site_name\" content=\"Thermibel\" \/>\n<meta property=\"article:modified_time\" content=\"2023-10-17T05:46:59+00:00\" \/>\n<meta property=\"og:image\" content=\"https:\/\/thermibel.be\/app\/uploads\/2023\/06\/767MC6-T660_-_facing_right_v1-1-1.jpg\" \/>\n\t<meta property=\"og:image:width\" content=\"1000\" \/>\n\t<meta property=\"og:image:height\" content=\"995\" \/>\n\t<meta property=\"og:image:type\" content=\"image\/jpeg\" \/>\n<meta name=\"twitter:card\" content=\"summary_large_image\" \/>\n<meta name=\"twitter:label1\" content=\"Tiempo de lectura\" \/>\n\t<meta name=\"twitter:data1\" content=\"1 minute\" \/>\n<script type=\"application\/ld+json\" class=\"yoast-schema-graph\">{\"@context\":\"https:\/\/schema.org\",\"@graph\":[{\"@type\":\"WebPage\",\"@id\":\"https:\/\/thermibel.be\/es\/product\/beamex-mc6-t-2\/\",\"url\":\"https:\/\/thermibel.be\/es\/product\/beamex-mc6-t-2\/\",\"name\":\"Beamex MC6-T - Thermibel\",\"isPartOf\":{\"@id\":\"https:\/\/thermibel.be\/es\/#website\"},\"primaryImageOfPage\":{\"@id\":\"https:\/\/thermibel.be\/es\/product\/beamex-mc6-t-2\/#primaryimage\"},\"image\":{\"@id\":\"https:\/\/thermibel.be\/es\/product\/beamex-mc6-t-2\/#primaryimage\"},\"thumbnailUrl\":\"https:\/\/thermibel.be\/app\/uploads\/2023\/06\/767MC6-T660_-_facing_right_v1-1-1.jpg\",\"datePublished\":\"2023-06-23T13:46:57+00:00\",\"dateModified\":\"2023-10-17T05:46:59+00:00\",\"breadcrumb\":{\"@id\":\"https:\/\/thermibel.be\/es\/product\/beamex-mc6-t-2\/#breadcrumb\"},\"inLanguage\":\"es-ES\",\"potentialAction\":[{\"@type\":\"ReadAction\",\"target\":[\"https:\/\/thermibel.be\/es\/product\/beamex-mc6-t-2\/\"]}]},{\"@type\":\"ImageObject\",\"inLanguage\":\"es-ES\",\"@id\":\"https:\/\/thermibel.be\/es\/product\/beamex-mc6-t-2\/#primaryimage\",\"url\":\"https:\/\/thermibel.be\/app\/uploads\/2023\/06\/767MC6-T660_-_facing_right_v1-1-1.jpg\",\"contentUrl\":\"https:\/\/thermibel.be\/app\/uploads\/2023\/06\/767MC6-T660_-_facing_right_v1-1-1.jpg\",\"width\":1000,\"height\":995},{\"@type\":\"BreadcrumbList\",\"@id\":\"https:\/\/thermibel.be\/es\/product\/beamex-mc6-t-2\/#breadcrumb\",\"itemListElement\":[{\"@type\":\"ListItem\",\"position\":1,\"name\":\"Products\",\"item\":\"https:\/\/thermibel.be\/es\/shop\/\"},{\"@type\":\"ListItem\",\"position\":2,\"name\":\"Beamex MC6-T\"}]},{\"@type\":\"WebSite\",\"@id\":\"https:\/\/thermibel.be\/es\/#website\",\"url\":\"https:\/\/thermibel.be\/es\/\",\"name\":\"Thermibel\",\"description\":\"Un Haut Degr\u00e9 de Qualit\u00e9\",\"publisher\":{\"@id\":\"https:\/\/thermibel.be\/es\/#organization\"},\"potentialAction\":[{\"@type\":\"SearchAction\",\"target\":{\"@type\":\"EntryPoint\",\"urlTemplate\":\"https:\/\/thermibel.be\/es\/?s={search_term_string}\"},\"query-input\":{\"@type\":\"PropertyValueSpecification\",\"valueRequired\":true,\"valueName\":\"search_term_string\"}}],\"inLanguage\":\"es-ES\"},{\"@type\":\"Organization\",\"@id\":\"https:\/\/thermibel.be\/es\/#organization\",\"name\":\"Thermibel\",\"url\":\"https:\/\/thermibel.be\/es\/\",\"logo\":{\"@type\":\"ImageObject\",\"inLanguage\":\"es-ES\",\"@id\":\"https:\/\/thermibel.be\/es\/#\/schema\/logo\/image\/\",\"url\":\"https:\/\/thermibel.be\/app\/uploads\/2023\/08\/logo_fr-1.png\",\"contentUrl\":\"https:\/\/thermibel.be\/app\/uploads\/2023\/08\/logo_fr-1.png\",\"width\":275,\"height\":59,\"caption\":\"Thermibel\"},\"image\":{\"@id\":\"https:\/\/thermibel.be\/es\/#\/schema\/logo\/image\/\"}}]}<\/script>\n<!-- \/ Yoast SEO plugin. -->","yoast_head_json":{"title":"Beamex MC6-T - Thermibel","robots":{"index":"index","follow":"follow","max-snippet":"max-snippet:-1","max-image-preview":"max-image-preview:large","max-video-preview":"max-video-preview:-1"},"canonical":"https:\/\/thermibel.be\/es\/product\/beamex-mc6-t-2\/","og_locale":"es_ES","og_type":"article","og_title":"Beamex MC6-T - Thermibel","og_description":"Presentamos el Beamex MC6-T, un calibrador con capacidades de comunicador y calibrador de procesos multifunci\u00f3n. El Beamex MC6-T es un sistema de calibraci\u00f3n de temperatura automatizado extremadamente vers\u00e1til. Combina un horno de calibraci\u00f3n de \u00faltima generaci\u00f3n con la tecnolog\u00eda del calibrador de procesos multifunci\u00f3n Beamex MC6. Su versatilidad no tiene igual en el mercado.","og_url":"https:\/\/thermibel.be\/es\/product\/beamex-mc6-t-2\/","og_site_name":"Thermibel","article_modified_time":"2023-10-17T05:46:59+00:00","og_image":[{"width":1000,"height":995,"url":"https:\/\/thermibel.be\/app\/uploads\/2023\/06\/767MC6-T660_-_facing_right_v1-1-1.jpg","type":"image\/jpeg"}],"twitter_card":"summary_large_image","twitter_misc":{"Tiempo de lectura":"1 minute"},"schema":{"@context":"https:\/\/schema.org","@graph":[{"@type":"WebPage","@id":"https:\/\/thermibel.be\/es\/product\/beamex-mc6-t-2\/","url":"https:\/\/thermibel.be\/es\/product\/beamex-mc6-t-2\/","name":"Beamex MC6-T - Thermibel","isPartOf":{"@id":"https:\/\/thermibel.be\/es\/#website"},"primaryImageOfPage":{"@id":"https:\/\/thermibel.be\/es\/product\/beamex-mc6-t-2\/#primaryimage"},"image":{"@id":"https:\/\/thermibel.be\/es\/product\/beamex-mc6-t-2\/#primaryimage"},"thumbnailUrl":"https:\/\/thermibel.be\/app\/uploads\/2023\/06\/767MC6-T660_-_facing_right_v1-1-1.jpg","datePublished":"2023-06-23T13:46:57+00:00","dateModified":"2023-10-17T05:46:59+00:00","breadcrumb":{"@id":"https:\/\/thermibel.be\/es\/product\/beamex-mc6-t-2\/#breadcrumb"},"inLanguage":"es-ES","potentialAction":[{"@type":"ReadAction","target":["https:\/\/thermibel.be\/es\/product\/beamex-mc6-t-2\/"]}]},{"@type":"ImageObject","inLanguage":"es-ES","@id":"https:\/\/thermibel.be\/es\/product\/beamex-mc6-t-2\/#primaryimage","url":"https:\/\/thermibel.be\/app\/uploads\/2023\/06\/767MC6-T660_-_facing_right_v1-1-1.jpg","contentUrl":"https:\/\/thermibel.be\/app\/uploads\/2023\/06\/767MC6-T660_-_facing_right_v1-1-1.jpg","width":1000,"height":995},{"@type":"BreadcrumbList","@id":"https:\/\/thermibel.be\/es\/product\/beamex-mc6-t-2\/#breadcrumb","itemListElement":[{"@type":"ListItem","position":1,"name":"Products","item":"https:\/\/thermibel.be\/es\/shop\/"},{"@type":"ListItem","position":2,"name":"Beamex MC6-T"}]},{"@type":"WebSite","@id":"https:\/\/thermibel.be\/es\/#website","url":"https:\/\/thermibel.be\/es\/","name":"Thermibel","description":"Un Haut Degr\u00e9 de Qualit\u00e9","publisher":{"@id":"https:\/\/thermibel.be\/es\/#organization"},"potentialAction":[{"@type":"SearchAction","target":{"@type":"EntryPoint","urlTemplate":"https:\/\/thermibel.be\/es\/?s={search_term_string}"},"query-input":{"@type":"PropertyValueSpecification","valueRequired":true,"valueName":"search_term_string"}}],"inLanguage":"es-ES"},{"@type":"Organization","@id":"https:\/\/thermibel.be\/es\/#organization","name":"Thermibel","url":"https:\/\/thermibel.be\/es\/","logo":{"@type":"ImageObject","inLanguage":"es-ES","@id":"https:\/\/thermibel.be\/es\/#\/schema\/logo\/image\/","url":"https:\/\/thermibel.be\/app\/uploads\/2023\/08\/logo_fr-1.png","contentUrl":"https:\/\/thermibel.be\/app\/uploads\/2023\/08\/logo_fr-1.png","width":275,"height":59,"caption":"Thermibel"},"image":{"@id":"https:\/\/thermibel.be\/es\/#\/schema\/logo\/image\/"}}]}},"_links":{"self":[{"href":"https:\/\/thermibel.be\/es\/wp-json\/wp\/v2\/product\/3228","targetHints":{"allow":["GET"]}}],"collection":[{"href":"https:\/\/thermibel.be\/es\/wp-json\/wp\/v2\/product"}],"about":[{"href":"https:\/\/thermibel.be\/es\/wp-json\/wp\/v2\/types\/product"}],"wp:featuredmedia":[{"embeddable":true,"href":"https:\/\/thermibel.be\/es\/wp-json\/wp\/v2\/media\/4500"}],"wp:attachment":[{"href":"https:\/\/thermibel.be\/es\/wp-json\/wp\/v2\/media?parent=3228"}],"wp:term":[{"taxonomy":"product_brand","embeddable":true,"href":"https:\/\/thermibel.be\/es\/wp-json\/wp\/v2\/product_brand?post=3228"},{"taxonomy":"product_cat","embeddable":true,"href":"https:\/\/thermibel.be\/es\/wp-json\/wp\/v2\/product_cat?post=3228"},{"taxonomy":"product_tag","embeddable":true,"href":"https:\/\/thermibel.be\/es\/wp-json\/wp\/v2\/product_tag?post=3228"}],"curies":[{"name":"wp","href":"https:\/\/api.w.org\/{rel}","templated":true}]}}