{"id":2344,"date":"2023-05-19T12:32:13","date_gmt":"2023-05-19T12:32:13","guid":{"rendered":"https:\/\/thermibel.be\/product\/thermocouple-de-contact-pour-tuyauterie\/"},"modified":"2023-11-22T10:03:28","modified_gmt":"2023-11-22T10:03:28","slug":"thermocouple-de-contact-pour-tuyauterie","status":"publish","type":"product","link":"https:\/\/thermibel.be\/es\/product\/thermocouple-de-contact-pour-tuyauterie\/","title":{"rendered":"Termopar de contacto para monitoreo de temperatura en tuber\u00edas"},"content":{"rendered":"<h3>Elemento sensor<\/h3>\n<p>Termopar tipo K, J o T<br \/>\nClase de tolerancia 1 seg\u00fan IEC 584 (EN 60584)<\/p>\n<h3>Rango de temperatura<\/h3>\n<p>-100 a + 400 \u00b0C (375 \u00b0C para tipo T)<\/p>\n<h3>Funda externa<\/h3>\n<p>Tubo sin costura AISI 316L, \u00d86 mm<br \/>\nLongitud: est\u00e1ndar 40 mm, otras longitudes bajo pedido<br \/>\nAnillo de ajuste: di\u00e1metro est\u00e1ndar 50 mm &#8211; otros di\u00e1metros de tuber\u00edas entre 15 y 500mm disponibles bajo pedido.<\/p>\n<h3>Cableado<\/h3>\n<p>Cable de fibra de vidrio con recubrimiento trenzado de acero inoxidable &#8211; construcci\u00f3n de 2 hilos<br \/>\nLongitud del cable: 3 metros, otras longitudes disponibles bajo pedido.<\/p>\n<h3>Notas<\/h3>\n<p>&#8220;Esta sonda se encuentra tambi\u00e9n disponible con Pt100 como elemento sensor en lugar de un termopar.<br \/>\nVea mas detalle nuestra ficha t\u00e9cnica &#8220;&#8221;SI-contact_Pt100-pipes&#8221;<\/p>\n","protected":false},"excerpt":{"rendered":"<p>Elemento sensor Termopar tipo K, J o T Clase de tolerancia 1 seg\u00fan IEC 584 (EN 60584) Rango de temperatura -100 a + 400 \u00b0C (375 \u00b0C para tipo T) Funda externa Tubo sin costura AISI 316L, \u00d86 mm Longitud: est\u00e1ndar 40 mm, otras longitudes bajo pedido Anillo de ajuste: di\u00e1metro est\u00e1ndar 50 mm &#8211; [&hellip;]<\/p>\n","protected":false},"featured_media":3577,"template":"","meta":{"_acf_changed":false,"om_disable_all_campaigns":false,"_monsterinsights_skip_tracking":false,"_monsterinsights_sitenote_active":false,"_monsterinsights_sitenote_note":"","_monsterinsights_sitenote_category":0,"_uf_show_specific_survey":0,"_uf_disable_surveys":false},"product_brand":[],"product_cat":[58,133],"product_tag":[],"class_list":{"0":"post-2344","1":"product","2":"type-product","3":"status-publish","4":"has-post-thumbnail","6":"product_cat-thermocouples-es","7":"product_cat-termopares_de_cable","9":"first","10":"instock","11":"shipping-taxable","12":"product-type-simple"},"acf":[],"aioseo_notices":[],"yoast_head":"<!-- This site is optimized with the Yoast SEO plugin v27.4 - https:\/\/yoast.com\/product\/yoast-seo-wordpress\/ -->\n<title>Termopar de contacto para monitoreo de temperatura en tuber\u00edas - Thermibel<\/title>\n<meta name=\"robots\" content=\"index, follow, max-snippet:-1, max-image-preview:large, max-video-preview:-1\" \/>\n<link rel=\"canonical\" href=\"https:\/\/thermibel.be\/es\/product\/thermocouple-de-contact-pour-tuyauterie\/\" \/>\n<meta property=\"og:locale\" content=\"es_ES\" \/>\n<meta property=\"og:type\" content=\"article\" \/>\n<meta property=\"og:title\" content=\"Termopar de contacto para monitoreo de temperatura en tuber\u00edas - Thermibel\" \/>\n<meta property=\"og:description\" content=\"Elemento sensor Termopar tipo K, J o T Clase de tolerancia 1 seg\u00fan IEC 584 (EN 60584) Rango de temperatura -100 a + 400 \u00b0C (375 \u00b0C para tipo T) Funda externa Tubo sin costura AISI 316L, \u00d86 mm Longitud: est\u00e1ndar 40 mm, otras longitudes bajo pedido Anillo de ajuste: di\u00e1metro est\u00e1ndar 50 mm &#8211; [&hellip;]\" \/>\n<meta property=\"og:url\" content=\"https:\/\/thermibel.be\/es\/product\/thermocouple-de-contact-pour-tuyauterie\/\" \/>\n<meta property=\"og:site_name\" content=\"Thermibel\" \/>\n<meta property=\"article:modified_time\" content=\"2023-11-22T10:03:28+00:00\" \/>\n<meta property=\"og:image\" content=\"https:\/\/thermibel.be\/app\/uploads\/2023\/05\/26-v-TI-contact-pipe-datasheet.png\" \/>\n\t<meta property=\"og:image:width\" content=\"334\" \/>\n\t<meta property=\"og:image:height\" content=\"1024\" \/>\n\t<meta property=\"og:image:type\" content=\"image\/png\" \/>\n<meta name=\"twitter:card\" content=\"summary_large_image\" \/>\n<meta name=\"twitter:label1\" content=\"Tiempo de lectura\" \/>\n\t<meta name=\"twitter:data1\" content=\"1 minute\" \/>\n<script type=\"application\/ld+json\" class=\"yoast-schema-graph\">{\"@context\":\"https:\\\/\\\/schema.org\",\"@graph\":[{\"@type\":\"WebPage\",\"@id\":\"https:\\\/\\\/thermibel.be\\\/es\\\/product\\\/thermocouple-de-contact-pour-tuyauterie\\\/\",\"url\":\"https:\\\/\\\/thermibel.be\\\/es\\\/product\\\/thermocouple-de-contact-pour-tuyauterie\\\/\",\"name\":\"Termopar de contacto para monitoreo de temperatura en tuber\u00edas - Thermibel\",\"isPartOf\":{\"@id\":\"https:\\\/\\\/thermibel.be\\\/es\\\/#website\"},\"primaryImageOfPage\":{\"@id\":\"https:\\\/\\\/thermibel.be\\\/es\\\/product\\\/thermocouple-de-contact-pour-tuyauterie\\\/#primaryimage\"},\"image\":{\"@id\":\"https:\\\/\\\/thermibel.be\\\/es\\\/product\\\/thermocouple-de-contact-pour-tuyauterie\\\/#primaryimage\"},\"thumbnailUrl\":\"https:\\\/\\\/thermibel.be\\\/app\\\/uploads\\\/2023\\\/05\\\/26-v-TI-contact-pipe-datasheet.png\",\"datePublished\":\"2023-05-19T12:32:13+00:00\",\"dateModified\":\"2023-11-22T10:03:28+00:00\",\"breadcrumb\":{\"@id\":\"https:\\\/\\\/thermibel.be\\\/es\\\/product\\\/thermocouple-de-contact-pour-tuyauterie\\\/#breadcrumb\"},\"inLanguage\":\"es-ES\",\"potentialAction\":[{\"@type\":\"ReadAction\",\"target\":[\"https:\\\/\\\/thermibel.be\\\/es\\\/product\\\/thermocouple-de-contact-pour-tuyauterie\\\/\"]}]},{\"@type\":\"ImageObject\",\"inLanguage\":\"es-ES\",\"@id\":\"https:\\\/\\\/thermibel.be\\\/es\\\/product\\\/thermocouple-de-contact-pour-tuyauterie\\\/#primaryimage\",\"url\":\"https:\\\/\\\/thermibel.be\\\/app\\\/uploads\\\/2023\\\/05\\\/26-v-TI-contact-pipe-datasheet.png\",\"contentUrl\":\"https:\\\/\\\/thermibel.be\\\/app\\\/uploads\\\/2023\\\/05\\\/26-v-TI-contact-pipe-datasheet.png\",\"width\":334,\"height\":1024,\"caption\":\"Thermocouple de contact pour tuyauterie\"},{\"@type\":\"BreadcrumbList\",\"@id\":\"https:\\\/\\\/thermibel.be\\\/es\\\/product\\\/thermocouple-de-contact-pour-tuyauterie\\\/#breadcrumb\",\"itemListElement\":[{\"@type\":\"ListItem\",\"position\":1,\"name\":\"Products\",\"item\":\"https:\\\/\\\/thermibel.be\\\/es\\\/shop\\\/\"},{\"@type\":\"ListItem\",\"position\":2,\"name\":\"Termopar de contacto para monitoreo de temperatura en tuber\u00edas\"}]},{\"@type\":\"WebSite\",\"@id\":\"https:\\\/\\\/thermibel.be\\\/es\\\/#website\",\"url\":\"https:\\\/\\\/thermibel.be\\\/es\\\/\",\"name\":\"Thermibel\",\"description\":\"Un Haut Degr\u00e9 de Qualit\u00e9\",\"publisher\":{\"@id\":\"https:\\\/\\\/thermibel.be\\\/es\\\/#organization\"},\"potentialAction\":[{\"@type\":\"SearchAction\",\"target\":{\"@type\":\"EntryPoint\",\"urlTemplate\":\"https:\\\/\\\/thermibel.be\\\/es\\\/?s={search_term_string}\"},\"query-input\":{\"@type\":\"PropertyValueSpecification\",\"valueRequired\":true,\"valueName\":\"search_term_string\"}}],\"inLanguage\":\"es-ES\"},{\"@type\":\"Organization\",\"@id\":\"https:\\\/\\\/thermibel.be\\\/es\\\/#organization\",\"name\":\"Thermibel\",\"url\":\"https:\\\/\\\/thermibel.be\\\/es\\\/\",\"logo\":{\"@type\":\"ImageObject\",\"inLanguage\":\"es-ES\",\"@id\":\"https:\\\/\\\/thermibel.be\\\/es\\\/#\\\/schema\\\/logo\\\/image\\\/\",\"url\":\"https:\\\/\\\/thermibel.be\\\/app\\\/uploads\\\/2023\\\/08\\\/logo_fr-1.png\",\"contentUrl\":\"https:\\\/\\\/thermibel.be\\\/app\\\/uploads\\\/2023\\\/08\\\/logo_fr-1.png\",\"width\":275,\"height\":59,\"caption\":\"Thermibel\"},\"image\":{\"@id\":\"https:\\\/\\\/thermibel.be\\\/es\\\/#\\\/schema\\\/logo\\\/image\\\/\"}}]}<\/script>\n<!-- \/ Yoast SEO plugin. -->","yoast_head_json":{"title":"Termopar de contacto para monitoreo de temperatura en tuber\u00edas - Thermibel","robots":{"index":"index","follow":"follow","max-snippet":"max-snippet:-1","max-image-preview":"max-image-preview:large","max-video-preview":"max-video-preview:-1"},"canonical":"https:\/\/thermibel.be\/es\/product\/thermocouple-de-contact-pour-tuyauterie\/","og_locale":"es_ES","og_type":"article","og_title":"Termopar de contacto para monitoreo de temperatura en tuber\u00edas - Thermibel","og_description":"Elemento sensor Termopar tipo K, J o T Clase de tolerancia 1 seg\u00fan IEC 584 (EN 60584) Rango de temperatura -100 a + 400 \u00b0C (375 \u00b0C para tipo T) Funda externa Tubo sin costura AISI 316L, \u00d86 mm Longitud: est\u00e1ndar 40 mm, otras longitudes bajo pedido Anillo de ajuste: di\u00e1metro est\u00e1ndar 50 mm &#8211; [&hellip;]","og_url":"https:\/\/thermibel.be\/es\/product\/thermocouple-de-contact-pour-tuyauterie\/","og_site_name":"Thermibel","article_modified_time":"2023-11-22T10:03:28+00:00","og_image":[{"width":334,"height":1024,"url":"https:\/\/thermibel.be\/app\/uploads\/2023\/05\/26-v-TI-contact-pipe-datasheet.png","type":"image\/png"}],"twitter_card":"summary_large_image","twitter_misc":{"Tiempo de lectura":"1 minute"},"schema":{"@context":"https:\/\/schema.org","@graph":[{"@type":"WebPage","@id":"https:\/\/thermibel.be\/es\/product\/thermocouple-de-contact-pour-tuyauterie\/","url":"https:\/\/thermibel.be\/es\/product\/thermocouple-de-contact-pour-tuyauterie\/","name":"Termopar de contacto para monitoreo de temperatura en tuber\u00edas - Thermibel","isPartOf":{"@id":"https:\/\/thermibel.be\/es\/#website"},"primaryImageOfPage":{"@id":"https:\/\/thermibel.be\/es\/product\/thermocouple-de-contact-pour-tuyauterie\/#primaryimage"},"image":{"@id":"https:\/\/thermibel.be\/es\/product\/thermocouple-de-contact-pour-tuyauterie\/#primaryimage"},"thumbnailUrl":"https:\/\/thermibel.be\/app\/uploads\/2023\/05\/26-v-TI-contact-pipe-datasheet.png","datePublished":"2023-05-19T12:32:13+00:00","dateModified":"2023-11-22T10:03:28+00:00","breadcrumb":{"@id":"https:\/\/thermibel.be\/es\/product\/thermocouple-de-contact-pour-tuyauterie\/#breadcrumb"},"inLanguage":"es-ES","potentialAction":[{"@type":"ReadAction","target":["https:\/\/thermibel.be\/es\/product\/thermocouple-de-contact-pour-tuyauterie\/"]}]},{"@type":"ImageObject","inLanguage":"es-ES","@id":"https:\/\/thermibel.be\/es\/product\/thermocouple-de-contact-pour-tuyauterie\/#primaryimage","url":"https:\/\/thermibel.be\/app\/uploads\/2023\/05\/26-v-TI-contact-pipe-datasheet.png","contentUrl":"https:\/\/thermibel.be\/app\/uploads\/2023\/05\/26-v-TI-contact-pipe-datasheet.png","width":334,"height":1024,"caption":"Thermocouple de contact pour tuyauterie"},{"@type":"BreadcrumbList","@id":"https:\/\/thermibel.be\/es\/product\/thermocouple-de-contact-pour-tuyauterie\/#breadcrumb","itemListElement":[{"@type":"ListItem","position":1,"name":"Products","item":"https:\/\/thermibel.be\/es\/shop\/"},{"@type":"ListItem","position":2,"name":"Termopar de contacto para monitoreo de temperatura en tuber\u00edas"}]},{"@type":"WebSite","@id":"https:\/\/thermibel.be\/es\/#website","url":"https:\/\/thermibel.be\/es\/","name":"Thermibel","description":"Un Haut Degr\u00e9 de Qualit\u00e9","publisher":{"@id":"https:\/\/thermibel.be\/es\/#organization"},"potentialAction":[{"@type":"SearchAction","target":{"@type":"EntryPoint","urlTemplate":"https:\/\/thermibel.be\/es\/?s={search_term_string}"},"query-input":{"@type":"PropertyValueSpecification","valueRequired":true,"valueName":"search_term_string"}}],"inLanguage":"es-ES"},{"@type":"Organization","@id":"https:\/\/thermibel.be\/es\/#organization","name":"Thermibel","url":"https:\/\/thermibel.be\/es\/","logo":{"@type":"ImageObject","inLanguage":"es-ES","@id":"https:\/\/thermibel.be\/es\/#\/schema\/logo\/image\/","url":"https:\/\/thermibel.be\/app\/uploads\/2023\/08\/logo_fr-1.png","contentUrl":"https:\/\/thermibel.be\/app\/uploads\/2023\/08\/logo_fr-1.png","width":275,"height":59,"caption":"Thermibel"},"image":{"@id":"https:\/\/thermibel.be\/es\/#\/schema\/logo\/image\/"}}]}},"_links":{"self":[{"href":"https:\/\/thermibel.be\/es\/wp-json\/wp\/v2\/product\/2344","targetHints":{"allow":["GET"]}}],"collection":[{"href":"https:\/\/thermibel.be\/es\/wp-json\/wp\/v2\/product"}],"about":[{"href":"https:\/\/thermibel.be\/es\/wp-json\/wp\/v2\/types\/product"}],"wp:featuredmedia":[{"embeddable":true,"href":"https:\/\/thermibel.be\/es\/wp-json\/wp\/v2\/media\/3577"}],"wp:attachment":[{"href":"https:\/\/thermibel.be\/es\/wp-json\/wp\/v2\/media?parent=2344"}],"wp:term":[{"taxonomy":"product_brand","embeddable":true,"href":"https:\/\/thermibel.be\/es\/wp-json\/wp\/v2\/product_brand?post=2344"},{"taxonomy":"product_cat","embeddable":true,"href":"https:\/\/thermibel.be\/es\/wp-json\/wp\/v2\/product_cat?post=2344"},{"taxonomy":"product_tag","embeddable":true,"href":"https:\/\/thermibel.be\/es\/wp-json\/wp\/v2\/product_tag?post=2344"}],"curies":[{"name":"wp","href":"https:\/\/api.w.org\/{rel}","templated":true}]}}