{"id":2329,"date":"2023-05-19T12:32:14","date_gmt":"2023-05-19T12:32:14","guid":{"rendered":"https:\/\/thermibel.be\/product\/thermocouple-chemise-avec-connecteur-lemo\/"},"modified":"2023-11-03T14:22:04","modified_gmt":"2023-11-03T14:22:04","slug":"thermocouple-chemise-avec-connecteur-lemo","status":"publish","type":"product","link":"https:\/\/thermibel.be\/es\/product\/thermocouple-chemise-avec-connecteur-lemo\/","title":{"rendered":"Termopar enfundado con conector LEMO\u00ae"},"content":{"rendered":"<h3>Elemento sensor<\/h3>\n<p>Termopar tipo K, N, J, T, E.<br \/>\nClase de tolerancia 1 seg\u00fan IEC 584 (EN 60584)<\/p>\n<h3>Rango de temperatura<\/h3>\n<p>-200 a +1150 \u00b0C seg\u00fan el tipo de termopar, el di\u00e1metro de la funda y su longitud<\/p>\n<h3>Funda externa<\/h3>\n<p>Funda semi-flexible en AISI 316L o Inconel 600 sin costura, con relleno de \u00f3xido de mineral.<br \/>\nPuede ser fabricado con longitudes muy grandes (hasta 100m y m\u00e1s).<br \/>\nPuede ser curveado con un radio igual a 3 veces el di\u00e1metro de la funda.<br \/>\nTotalmente herm\u00e9tico.<\/p>\n<h3>Di\u00e1metro<\/h3>\n<p>3 mm por defecto. 6, 4,5 , 2 , 1,5 et 1 mm tambi\u00e9n disponibles.<\/p>\n<h3>Longitud<\/h3>\n<p>300 mm por defecto, otras longitudes disponibles bajo pedido, hasta varias decenas de metros<\/p>\n<h3>Conexi\u00f3n al proceso<\/h3>\n<p>Ninguna<br \/>\nConector deslizante disponible bajo pedido.<\/p>\n<h3>Conector LEMO\u00ae<\/h3>\n<p>&#8220;El conector LEMO\u00ae de la serie &#8220;&#8221;S&#8221;&#8221; tama\u00f1o 1 macho (FFA) es el conector m\u00e1s com\u00fan para los termopares enfundados de \u00d83 mm y peque\u00f1os.<br \/>\nEs tambi\u00e9n posible adaptar un conector hembra, otros tama\u00f1os y n\u00fameros de contactos.<br \/>\nAdem\u00e1s, podemos suministrar cables de extensi\u00f3n con conectores aparejados.&#8221;<\/p>\n<h3>Cableado<\/h3>\n<p>2 hilos(termopar simple) o 4 hilos (termopar doble)<\/p>\n","protected":false},"excerpt":{"rendered":"<p>Elemento sensor Termopar tipo K, N, J, T, E. Clase de tolerancia 1 seg\u00fan IEC 584 (EN 60584) Rango de temperatura -200 a +1150 \u00b0C seg\u00fan el tipo de termopar, el di\u00e1metro de la funda y su longitud Funda externa Funda semi-flexible en AISI 316L o Inconel 600 sin costura, con relleno de \u00f3xido de [&hellip;]<\/p>\n","protected":false},"featured_media":5158,"template":"","meta":{"_acf_changed":false,"om_disable_all_campaigns":false,"_monsterinsights_skip_tracking":false,"_monsterinsights_sitenote_active":false,"_monsterinsights_sitenote_note":"","_monsterinsights_sitenote_category":0,"_uf_show_specific_survey":0,"_uf_disable_surveys":false},"product_brand":[],"product_cat":[58,134],"product_tag":[],"class_list":{"0":"post-2329","1":"product","2":"type-product","3":"status-publish","4":"has-post-thumbnail","6":"product_cat-thermocouples-es","7":"product_cat-termopares_revestidos_con_aislamiento_mineral","9":"first","10":"instock","11":"shipping-taxable","12":"product-type-simple"},"acf":[],"aioseo_notices":[],"yoast_head":"<!-- This site is optimized with the Yoast SEO plugin v27.4 - https:\/\/yoast.com\/product\/yoast-seo-wordpress\/ -->\n<title>Termopar enfundado con conector LEMO\u00ae - Thermibel<\/title>\n<meta name=\"robots\" content=\"index, follow, max-snippet:-1, max-image-preview:large, max-video-preview:-1\" \/>\n<link rel=\"canonical\" href=\"https:\/\/thermibel.be\/es\/product\/thermocouple-chemise-avec-connecteur-lemo\/\" \/>\n<meta property=\"og:locale\" content=\"es_ES\" \/>\n<meta property=\"og:type\" content=\"article\" \/>\n<meta property=\"og:title\" content=\"Termopar enfundado con conector LEMO\u00ae - Thermibel\" \/>\n<meta property=\"og:description\" content=\"Elemento sensor Termopar tipo K, N, J, T, E. Clase de tolerancia 1 seg\u00fan IEC 584 (EN 60584) Rango de temperatura -200 a +1150 \u00b0C seg\u00fan el tipo de termopar, el di\u00e1metro de la funda y su longitud Funda externa Funda semi-flexible en AISI 316L o Inconel 600 sin costura, con relleno de \u00f3xido de [&hellip;]\" \/>\n<meta property=\"og:url\" content=\"https:\/\/thermibel.be\/es\/product\/thermocouple-chemise-avec-connecteur-lemo\/\" \/>\n<meta property=\"og:site_name\" content=\"Thermibel\" \/>\n<meta property=\"article:modified_time\" content=\"2023-11-03T14:22:04+00:00\" \/>\n<meta property=\"og:image\" content=\"https:\/\/thermibel.be\/app\/uploads\/2023\/05\/31-v-TCHEM5-v-copie-1.png\" \/>\n\t<meta property=\"og:image:width\" content=\"500\" \/>\n\t<meta property=\"og:image:height\" content=\"1308\" \/>\n\t<meta property=\"og:image:type\" content=\"image\/png\" \/>\n<meta name=\"twitter:card\" content=\"summary_large_image\" \/>\n<meta name=\"twitter:label1\" content=\"Tiempo de lectura\" \/>\n\t<meta name=\"twitter:data1\" content=\"1 minute\" \/>\n<script type=\"application\/ld+json\" class=\"yoast-schema-graph\">{\"@context\":\"https:\\\/\\\/schema.org\",\"@graph\":[{\"@type\":\"WebPage\",\"@id\":\"https:\\\/\\\/thermibel.be\\\/es\\\/product\\\/thermocouple-chemise-avec-connecteur-lemo\\\/\",\"url\":\"https:\\\/\\\/thermibel.be\\\/es\\\/product\\\/thermocouple-chemise-avec-connecteur-lemo\\\/\",\"name\":\"Termopar enfundado con conector LEMO\u00ae - Thermibel\",\"isPartOf\":{\"@id\":\"https:\\\/\\\/thermibel.be\\\/es\\\/#website\"},\"primaryImageOfPage\":{\"@id\":\"https:\\\/\\\/thermibel.be\\\/es\\\/product\\\/thermocouple-chemise-avec-connecteur-lemo\\\/#primaryimage\"},\"image\":{\"@id\":\"https:\\\/\\\/thermibel.be\\\/es\\\/product\\\/thermocouple-chemise-avec-connecteur-lemo\\\/#primaryimage\"},\"thumbnailUrl\":\"https:\\\/\\\/thermibel.be\\\/app\\\/uploads\\\/2023\\\/05\\\/31-v-TCHEM5-v-copie-1.png\",\"datePublished\":\"2023-05-19T12:32:14+00:00\",\"dateModified\":\"2023-11-03T14:22:04+00:00\",\"breadcrumb\":{\"@id\":\"https:\\\/\\\/thermibel.be\\\/es\\\/product\\\/thermocouple-chemise-avec-connecteur-lemo\\\/#breadcrumb\"},\"inLanguage\":\"es-ES\",\"potentialAction\":[{\"@type\":\"ReadAction\",\"target\":[\"https:\\\/\\\/thermibel.be\\\/es\\\/product\\\/thermocouple-chemise-avec-connecteur-lemo\\\/\"]}]},{\"@type\":\"ImageObject\",\"inLanguage\":\"es-ES\",\"@id\":\"https:\\\/\\\/thermibel.be\\\/es\\\/product\\\/thermocouple-chemise-avec-connecteur-lemo\\\/#primaryimage\",\"url\":\"https:\\\/\\\/thermibel.be\\\/app\\\/uploads\\\/2023\\\/05\\\/31-v-TCHEM5-v-copie-1.png\",\"contentUrl\":\"https:\\\/\\\/thermibel.be\\\/app\\\/uploads\\\/2023\\\/05\\\/31-v-TCHEM5-v-copie-1.png\",\"width\":500,\"height\":1308},{\"@type\":\"BreadcrumbList\",\"@id\":\"https:\\\/\\\/thermibel.be\\\/es\\\/product\\\/thermocouple-chemise-avec-connecteur-lemo\\\/#breadcrumb\",\"itemListElement\":[{\"@type\":\"ListItem\",\"position\":1,\"name\":\"Products\",\"item\":\"https:\\\/\\\/thermibel.be\\\/es\\\/shop\\\/\"},{\"@type\":\"ListItem\",\"position\":2,\"name\":\"Termopar enfundado con conector LEMO\u00ae\"}]},{\"@type\":\"WebSite\",\"@id\":\"https:\\\/\\\/thermibel.be\\\/es\\\/#website\",\"url\":\"https:\\\/\\\/thermibel.be\\\/es\\\/\",\"name\":\"Thermibel\",\"description\":\"Un Haut Degr\u00e9 de Qualit\u00e9\",\"publisher\":{\"@id\":\"https:\\\/\\\/thermibel.be\\\/es\\\/#organization\"},\"potentialAction\":[{\"@type\":\"SearchAction\",\"target\":{\"@type\":\"EntryPoint\",\"urlTemplate\":\"https:\\\/\\\/thermibel.be\\\/es\\\/?s={search_term_string}\"},\"query-input\":{\"@type\":\"PropertyValueSpecification\",\"valueRequired\":true,\"valueName\":\"search_term_string\"}}],\"inLanguage\":\"es-ES\"},{\"@type\":\"Organization\",\"@id\":\"https:\\\/\\\/thermibel.be\\\/es\\\/#organization\",\"name\":\"Thermibel\",\"url\":\"https:\\\/\\\/thermibel.be\\\/es\\\/\",\"logo\":{\"@type\":\"ImageObject\",\"inLanguage\":\"es-ES\",\"@id\":\"https:\\\/\\\/thermibel.be\\\/es\\\/#\\\/schema\\\/logo\\\/image\\\/\",\"url\":\"https:\\\/\\\/thermibel.be\\\/app\\\/uploads\\\/2023\\\/08\\\/logo_fr-1.png\",\"contentUrl\":\"https:\\\/\\\/thermibel.be\\\/app\\\/uploads\\\/2023\\\/08\\\/logo_fr-1.png\",\"width\":275,\"height\":59,\"caption\":\"Thermibel\"},\"image\":{\"@id\":\"https:\\\/\\\/thermibel.be\\\/es\\\/#\\\/schema\\\/logo\\\/image\\\/\"}}]}<\/script>\n<!-- \/ Yoast SEO plugin. -->","yoast_head_json":{"title":"Termopar enfundado con conector LEMO\u00ae - Thermibel","robots":{"index":"index","follow":"follow","max-snippet":"max-snippet:-1","max-image-preview":"max-image-preview:large","max-video-preview":"max-video-preview:-1"},"canonical":"https:\/\/thermibel.be\/es\/product\/thermocouple-chemise-avec-connecteur-lemo\/","og_locale":"es_ES","og_type":"article","og_title":"Termopar enfundado con conector LEMO\u00ae - Thermibel","og_description":"Elemento sensor Termopar tipo K, N, J, T, E. Clase de tolerancia 1 seg\u00fan IEC 584 (EN 60584) Rango de temperatura -200 a +1150 \u00b0C seg\u00fan el tipo de termopar, el di\u00e1metro de la funda y su longitud Funda externa Funda semi-flexible en AISI 316L o Inconel 600 sin costura, con relleno de \u00f3xido de [&hellip;]","og_url":"https:\/\/thermibel.be\/es\/product\/thermocouple-chemise-avec-connecteur-lemo\/","og_site_name":"Thermibel","article_modified_time":"2023-11-03T14:22:04+00:00","og_image":[{"width":500,"height":1308,"url":"https:\/\/thermibel.be\/app\/uploads\/2023\/05\/31-v-TCHEM5-v-copie-1.png","type":"image\/png"}],"twitter_card":"summary_large_image","twitter_misc":{"Tiempo de lectura":"1 minute"},"schema":{"@context":"https:\/\/schema.org","@graph":[{"@type":"WebPage","@id":"https:\/\/thermibel.be\/es\/product\/thermocouple-chemise-avec-connecteur-lemo\/","url":"https:\/\/thermibel.be\/es\/product\/thermocouple-chemise-avec-connecteur-lemo\/","name":"Termopar enfundado con conector LEMO\u00ae - Thermibel","isPartOf":{"@id":"https:\/\/thermibel.be\/es\/#website"},"primaryImageOfPage":{"@id":"https:\/\/thermibel.be\/es\/product\/thermocouple-chemise-avec-connecteur-lemo\/#primaryimage"},"image":{"@id":"https:\/\/thermibel.be\/es\/product\/thermocouple-chemise-avec-connecteur-lemo\/#primaryimage"},"thumbnailUrl":"https:\/\/thermibel.be\/app\/uploads\/2023\/05\/31-v-TCHEM5-v-copie-1.png","datePublished":"2023-05-19T12:32:14+00:00","dateModified":"2023-11-03T14:22:04+00:00","breadcrumb":{"@id":"https:\/\/thermibel.be\/es\/product\/thermocouple-chemise-avec-connecteur-lemo\/#breadcrumb"},"inLanguage":"es-ES","potentialAction":[{"@type":"ReadAction","target":["https:\/\/thermibel.be\/es\/product\/thermocouple-chemise-avec-connecteur-lemo\/"]}]},{"@type":"ImageObject","inLanguage":"es-ES","@id":"https:\/\/thermibel.be\/es\/product\/thermocouple-chemise-avec-connecteur-lemo\/#primaryimage","url":"https:\/\/thermibel.be\/app\/uploads\/2023\/05\/31-v-TCHEM5-v-copie-1.png","contentUrl":"https:\/\/thermibel.be\/app\/uploads\/2023\/05\/31-v-TCHEM5-v-copie-1.png","width":500,"height":1308},{"@type":"BreadcrumbList","@id":"https:\/\/thermibel.be\/es\/product\/thermocouple-chemise-avec-connecteur-lemo\/#breadcrumb","itemListElement":[{"@type":"ListItem","position":1,"name":"Products","item":"https:\/\/thermibel.be\/es\/shop\/"},{"@type":"ListItem","position":2,"name":"Termopar enfundado con conector LEMO\u00ae"}]},{"@type":"WebSite","@id":"https:\/\/thermibel.be\/es\/#website","url":"https:\/\/thermibel.be\/es\/","name":"Thermibel","description":"Un Haut Degr\u00e9 de Qualit\u00e9","publisher":{"@id":"https:\/\/thermibel.be\/es\/#organization"},"potentialAction":[{"@type":"SearchAction","target":{"@type":"EntryPoint","urlTemplate":"https:\/\/thermibel.be\/es\/?s={search_term_string}"},"query-input":{"@type":"PropertyValueSpecification","valueRequired":true,"valueName":"search_term_string"}}],"inLanguage":"es-ES"},{"@type":"Organization","@id":"https:\/\/thermibel.be\/es\/#organization","name":"Thermibel","url":"https:\/\/thermibel.be\/es\/","logo":{"@type":"ImageObject","inLanguage":"es-ES","@id":"https:\/\/thermibel.be\/es\/#\/schema\/logo\/image\/","url":"https:\/\/thermibel.be\/app\/uploads\/2023\/08\/logo_fr-1.png","contentUrl":"https:\/\/thermibel.be\/app\/uploads\/2023\/08\/logo_fr-1.png","width":275,"height":59,"caption":"Thermibel"},"image":{"@id":"https:\/\/thermibel.be\/es\/#\/schema\/logo\/image\/"}}]}},"_links":{"self":[{"href":"https:\/\/thermibel.be\/es\/wp-json\/wp\/v2\/product\/2329","targetHints":{"allow":["GET"]}}],"collection":[{"href":"https:\/\/thermibel.be\/es\/wp-json\/wp\/v2\/product"}],"about":[{"href":"https:\/\/thermibel.be\/es\/wp-json\/wp\/v2\/types\/product"}],"wp:featuredmedia":[{"embeddable":true,"href":"https:\/\/thermibel.be\/es\/wp-json\/wp\/v2\/media\/5158"}],"wp:attachment":[{"href":"https:\/\/thermibel.be\/es\/wp-json\/wp\/v2\/media?parent=2329"}],"wp:term":[{"taxonomy":"product_brand","embeddable":true,"href":"https:\/\/thermibel.be\/es\/wp-json\/wp\/v2\/product_brand?post=2329"},{"taxonomy":"product_cat","embeddable":true,"href":"https:\/\/thermibel.be\/es\/wp-json\/wp\/v2\/product_cat?post=2329"},{"taxonomy":"product_tag","embeddable":true,"href":"https:\/\/thermibel.be\/es\/wp-json\/wp\/v2\/product_tag?post=2329"}],"curies":[{"name":"wp","href":"https:\/\/api.w.org\/{rel}","templated":true}]}}