{"id":2306,"date":"2023-05-19T10:06:47","date_gmt":"2023-05-19T10:06:47","guid":{"rendered":"https:\/\/thermibel.be\/product\/pvc-sch-pvc-ta-pvc\/"},"modified":"2023-09-29T13:48:54","modified_gmt":"2023-09-29T13:48:54","slug":"pvc-sch-pvc-ta-pvc","status":"publish","type":"product","link":"https:\/\/thermibel.be\/es\/product\/pvc-sch-pvc-ta-pvc\/","title":{"rendered":"PVC-SCH-PVC-TA-PVC"},"content":{"rendered":"<p>Cable de conexi\u00f3n para Pt100 faradizado y blindado con aislamiento PVC<br \/>\nConductores flexibles enroscados con aislamiento PVC no inflamable faradizado por una cinta poli\u00e9ster aluminizado, luego recubierto<br \/>\npor una primera funda PVC, una trenza de acero galvanizado y finalmente por une funda exterior PVC.<br \/>\nForma reronda<br \/>\nEntregable con 2, 3, 4 o 6 conductores<br \/>\nTemperatura -30 hasta +105 \u00b0C<br \/>\nAislamiento &gt;20 MOhm\/km (Voltaje 1000 V DC hasta 20 \u00b0C)<br \/>\nC\u00f3digo color IEC751<\/p>\n","protected":false},"excerpt":{"rendered":"<p>PVC-SCH-PVC-TA-PVC c\u00e2ble de liaison faradis\u00e9 et blind\u00e9 \u00e0 isolation PVC &#8211; Temp\u00e9rature -30\/+105\u00b0C<\/p>\n","protected":false},"featured_media":4130,"template":"","meta":{"_acf_changed":false,"om_disable_all_campaigns":false,"_monsterinsights_skip_tracking":false,"_monsterinsights_sitenote_active":false,"_monsterinsights_sitenote_note":"","_monsterinsights_sitenote_category":0,"_uf_show_specific_survey":0,"_uf_disable_surveys":false},"product_brand":[],"product_cat":[109,97],"product_tag":[],"class_list":{"0":"post-2306","1":"product","2":"type-product","3":"status-publish","4":"has-post-thumbnail","6":"product_cat-cables_de_conexion_de_instrumentacion","7":"product_cat-cables-es","9":"first","10":"instock","11":"shipping-taxable","12":"product-type-simple"},"acf":[],"aioseo_notices":[],"yoast_head":"<!-- This site is optimized with the Yoast SEO plugin v27.4 - https:\/\/yoast.com\/product\/yoast-seo-wordpress\/ -->\n<title>PVC-SCH-PVC-TA-PVC - Thermibel<\/title>\n<meta name=\"robots\" content=\"index, follow, max-snippet:-1, max-image-preview:large, max-video-preview:-1\" \/>\n<link rel=\"canonical\" href=\"https:\/\/thermibel.be\/es\/product\/pvc-sch-pvc-ta-pvc\/\" \/>\n<meta property=\"og:locale\" content=\"es_ES\" \/>\n<meta property=\"og:type\" content=\"article\" \/>\n<meta property=\"og:title\" content=\"PVC-SCH-PVC-TA-PVC - Thermibel\" \/>\n<meta property=\"og:description\" content=\"PVC-SCH-PVC-TA-PVC c\u00e2ble de liaison faradis\u00e9 et blind\u00e9 \u00e0 isolation PVC - Temp\u00e9rature -30\/+105\u00b0C\" \/>\n<meta property=\"og:url\" content=\"https:\/\/thermibel.be\/es\/product\/pvc-sch-pvc-ta-pvc\/\" \/>\n<meta property=\"og:site_name\" content=\"Thermibel\" \/>\n<meta property=\"article:modified_time\" content=\"2023-09-29T13:48:54+00:00\" \/>\n<meta property=\"og:image\" content=\"https:\/\/thermibel.be\/app\/uploads\/2023\/05\/114-PVC-SCH-PVC-TA-PVC-e1695995329331.png\" \/>\n\t<meta property=\"og:image:width\" content=\"173\" \/>\n\t<meta property=\"og:image:height\" content=\"2314\" \/>\n\t<meta property=\"og:image:type\" content=\"image\/png\" \/>\n<meta name=\"twitter:card\" content=\"summary_large_image\" \/>\n<script type=\"application\/ld+json\" class=\"yoast-schema-graph\">{\"@context\":\"https:\\\/\\\/schema.org\",\"@graph\":[{\"@type\":\"WebPage\",\"@id\":\"https:\\\/\\\/thermibel.be\\\/es\\\/product\\\/pvc-sch-pvc-ta-pvc\\\/\",\"url\":\"https:\\\/\\\/thermibel.be\\\/es\\\/product\\\/pvc-sch-pvc-ta-pvc\\\/\",\"name\":\"PVC-SCH-PVC-TA-PVC - Thermibel\",\"isPartOf\":{\"@id\":\"https:\\\/\\\/thermibel.be\\\/es\\\/#website\"},\"primaryImageOfPage\":{\"@id\":\"https:\\\/\\\/thermibel.be\\\/es\\\/product\\\/pvc-sch-pvc-ta-pvc\\\/#primaryimage\"},\"image\":{\"@id\":\"https:\\\/\\\/thermibel.be\\\/es\\\/product\\\/pvc-sch-pvc-ta-pvc\\\/#primaryimage\"},\"thumbnailUrl\":\"https:\\\/\\\/thermibel.be\\\/app\\\/uploads\\\/2023\\\/05\\\/114-PVC-SCH-PVC-TA-PVC-e1695995329331.png\",\"datePublished\":\"2023-05-19T10:06:47+00:00\",\"dateModified\":\"2023-09-29T13:48:54+00:00\",\"breadcrumb\":{\"@id\":\"https:\\\/\\\/thermibel.be\\\/es\\\/product\\\/pvc-sch-pvc-ta-pvc\\\/#breadcrumb\"},\"inLanguage\":\"es-ES\",\"potentialAction\":[{\"@type\":\"ReadAction\",\"target\":[\"https:\\\/\\\/thermibel.be\\\/es\\\/product\\\/pvc-sch-pvc-ta-pvc\\\/\"]}]},{\"@type\":\"ImageObject\",\"inLanguage\":\"es-ES\",\"@id\":\"https:\\\/\\\/thermibel.be\\\/es\\\/product\\\/pvc-sch-pvc-ta-pvc\\\/#primaryimage\",\"url\":\"https:\\\/\\\/thermibel.be\\\/app\\\/uploads\\\/2023\\\/05\\\/114-PVC-SCH-PVC-TA-PVC-e1695995329331.png\",\"contentUrl\":\"https:\\\/\\\/thermibel.be\\\/app\\\/uploads\\\/2023\\\/05\\\/114-PVC-SCH-PVC-TA-PVC-e1695995329331.png\",\"width\":173,\"height\":2314},{\"@type\":\"BreadcrumbList\",\"@id\":\"https:\\\/\\\/thermibel.be\\\/es\\\/product\\\/pvc-sch-pvc-ta-pvc\\\/#breadcrumb\",\"itemListElement\":[{\"@type\":\"ListItem\",\"position\":1,\"name\":\"Products\",\"item\":\"https:\\\/\\\/thermibel.be\\\/es\\\/shop\\\/\"},{\"@type\":\"ListItem\",\"position\":2,\"name\":\"PVC-SCH-PVC-TA-PVC\"}]},{\"@type\":\"WebSite\",\"@id\":\"https:\\\/\\\/thermibel.be\\\/es\\\/#website\",\"url\":\"https:\\\/\\\/thermibel.be\\\/es\\\/\",\"name\":\"Thermibel\",\"description\":\"Un Haut Degr\u00e9 de Qualit\u00e9\",\"publisher\":{\"@id\":\"https:\\\/\\\/thermibel.be\\\/es\\\/#organization\"},\"potentialAction\":[{\"@type\":\"SearchAction\",\"target\":{\"@type\":\"EntryPoint\",\"urlTemplate\":\"https:\\\/\\\/thermibel.be\\\/es\\\/?s={search_term_string}\"},\"query-input\":{\"@type\":\"PropertyValueSpecification\",\"valueRequired\":true,\"valueName\":\"search_term_string\"}}],\"inLanguage\":\"es-ES\"},{\"@type\":\"Organization\",\"@id\":\"https:\\\/\\\/thermibel.be\\\/es\\\/#organization\",\"name\":\"Thermibel\",\"url\":\"https:\\\/\\\/thermibel.be\\\/es\\\/\",\"logo\":{\"@type\":\"ImageObject\",\"inLanguage\":\"es-ES\",\"@id\":\"https:\\\/\\\/thermibel.be\\\/es\\\/#\\\/schema\\\/logo\\\/image\\\/\",\"url\":\"https:\\\/\\\/thermibel.be\\\/app\\\/uploads\\\/2023\\\/08\\\/logo_fr-1.png\",\"contentUrl\":\"https:\\\/\\\/thermibel.be\\\/app\\\/uploads\\\/2023\\\/08\\\/logo_fr-1.png\",\"width\":275,\"height\":59,\"caption\":\"Thermibel\"},\"image\":{\"@id\":\"https:\\\/\\\/thermibel.be\\\/es\\\/#\\\/schema\\\/logo\\\/image\\\/\"}}]}<\/script>\n<!-- \/ Yoast SEO plugin. -->","yoast_head_json":{"title":"PVC-SCH-PVC-TA-PVC - Thermibel","robots":{"index":"index","follow":"follow","max-snippet":"max-snippet:-1","max-image-preview":"max-image-preview:large","max-video-preview":"max-video-preview:-1"},"canonical":"https:\/\/thermibel.be\/es\/product\/pvc-sch-pvc-ta-pvc\/","og_locale":"es_ES","og_type":"article","og_title":"PVC-SCH-PVC-TA-PVC - Thermibel","og_description":"PVC-SCH-PVC-TA-PVC c\u00e2ble de liaison faradis\u00e9 et blind\u00e9 \u00e0 isolation PVC - Temp\u00e9rature -30\/+105\u00b0C","og_url":"https:\/\/thermibel.be\/es\/product\/pvc-sch-pvc-ta-pvc\/","og_site_name":"Thermibel","article_modified_time":"2023-09-29T13:48:54+00:00","og_image":[{"width":173,"height":2314,"url":"https:\/\/thermibel.be\/app\/uploads\/2023\/05\/114-PVC-SCH-PVC-TA-PVC-e1695995329331.png","type":"image\/png"}],"twitter_card":"summary_large_image","schema":{"@context":"https:\/\/schema.org","@graph":[{"@type":"WebPage","@id":"https:\/\/thermibel.be\/es\/product\/pvc-sch-pvc-ta-pvc\/","url":"https:\/\/thermibel.be\/es\/product\/pvc-sch-pvc-ta-pvc\/","name":"PVC-SCH-PVC-TA-PVC - Thermibel","isPartOf":{"@id":"https:\/\/thermibel.be\/es\/#website"},"primaryImageOfPage":{"@id":"https:\/\/thermibel.be\/es\/product\/pvc-sch-pvc-ta-pvc\/#primaryimage"},"image":{"@id":"https:\/\/thermibel.be\/es\/product\/pvc-sch-pvc-ta-pvc\/#primaryimage"},"thumbnailUrl":"https:\/\/thermibel.be\/app\/uploads\/2023\/05\/114-PVC-SCH-PVC-TA-PVC-e1695995329331.png","datePublished":"2023-05-19T10:06:47+00:00","dateModified":"2023-09-29T13:48:54+00:00","breadcrumb":{"@id":"https:\/\/thermibel.be\/es\/product\/pvc-sch-pvc-ta-pvc\/#breadcrumb"},"inLanguage":"es-ES","potentialAction":[{"@type":"ReadAction","target":["https:\/\/thermibel.be\/es\/product\/pvc-sch-pvc-ta-pvc\/"]}]},{"@type":"ImageObject","inLanguage":"es-ES","@id":"https:\/\/thermibel.be\/es\/product\/pvc-sch-pvc-ta-pvc\/#primaryimage","url":"https:\/\/thermibel.be\/app\/uploads\/2023\/05\/114-PVC-SCH-PVC-TA-PVC-e1695995329331.png","contentUrl":"https:\/\/thermibel.be\/app\/uploads\/2023\/05\/114-PVC-SCH-PVC-TA-PVC-e1695995329331.png","width":173,"height":2314},{"@type":"BreadcrumbList","@id":"https:\/\/thermibel.be\/es\/product\/pvc-sch-pvc-ta-pvc\/#breadcrumb","itemListElement":[{"@type":"ListItem","position":1,"name":"Products","item":"https:\/\/thermibel.be\/es\/shop\/"},{"@type":"ListItem","position":2,"name":"PVC-SCH-PVC-TA-PVC"}]},{"@type":"WebSite","@id":"https:\/\/thermibel.be\/es\/#website","url":"https:\/\/thermibel.be\/es\/","name":"Thermibel","description":"Un Haut Degr\u00e9 de Qualit\u00e9","publisher":{"@id":"https:\/\/thermibel.be\/es\/#organization"},"potentialAction":[{"@type":"SearchAction","target":{"@type":"EntryPoint","urlTemplate":"https:\/\/thermibel.be\/es\/?s={search_term_string}"},"query-input":{"@type":"PropertyValueSpecification","valueRequired":true,"valueName":"search_term_string"}}],"inLanguage":"es-ES"},{"@type":"Organization","@id":"https:\/\/thermibel.be\/es\/#organization","name":"Thermibel","url":"https:\/\/thermibel.be\/es\/","logo":{"@type":"ImageObject","inLanguage":"es-ES","@id":"https:\/\/thermibel.be\/es\/#\/schema\/logo\/image\/","url":"https:\/\/thermibel.be\/app\/uploads\/2023\/08\/logo_fr-1.png","contentUrl":"https:\/\/thermibel.be\/app\/uploads\/2023\/08\/logo_fr-1.png","width":275,"height":59,"caption":"Thermibel"},"image":{"@id":"https:\/\/thermibel.be\/es\/#\/schema\/logo\/image\/"}}]}},"_links":{"self":[{"href":"https:\/\/thermibel.be\/es\/wp-json\/wp\/v2\/product\/2306","targetHints":{"allow":["GET"]}}],"collection":[{"href":"https:\/\/thermibel.be\/es\/wp-json\/wp\/v2\/product"}],"about":[{"href":"https:\/\/thermibel.be\/es\/wp-json\/wp\/v2\/types\/product"}],"wp:featuredmedia":[{"embeddable":true,"href":"https:\/\/thermibel.be\/es\/wp-json\/wp\/v2\/media\/4130"}],"wp:attachment":[{"href":"https:\/\/thermibel.be\/es\/wp-json\/wp\/v2\/media?parent=2306"}],"wp:term":[{"taxonomy":"product_brand","embeddable":true,"href":"https:\/\/thermibel.be\/es\/wp-json\/wp\/v2\/product_brand?post=2306"},{"taxonomy":"product_cat","embeddable":true,"href":"https:\/\/thermibel.be\/es\/wp-json\/wp\/v2\/product_cat?post=2306"},{"taxonomy":"product_tag","embeddable":true,"href":"https:\/\/thermibel.be\/es\/wp-json\/wp\/v2\/product_tag?post=2306"}],"curies":[{"name":"wp","href":"https:\/\/api.w.org\/{rel}","templated":true}]}}