{"id":2291,"date":"2023-05-19T10:23:01","date_gmt":"2023-05-19T10:23:01","guid":{"rendered":"https:\/\/thermibel.be\/product\/tex-tex-cusn-r\/"},"modified":"2023-07-28T06:42:02","modified_gmt":"2023-07-28T06:42:02","slug":"tex-tex-cusn-r","status":"publish","type":"product","link":"https:\/\/thermibel.be\/es\/product\/tex-tex-cusn-r\/","title":{"rendered":"TEX-TEX-CUSN-R"},"content":{"rendered":"<p>Cable de conexi\u00f3n flexible con aislamiento por seda de vidrio<br \/>\nConductores flexibles retorcidso por seda de vidrio impregnada con caucho, aislaci\u00f3n globale par soies de verre y trenza ext\u00e9rieure de cobre esta\u00f1ado Disponible con 2, 3, 4 ou 6 conductores<br \/>\nTemperatura -40 hasta +400\u00b0C<br \/>\nAislamiento >20 Ohm\/km (Voltaje 1000 VDC hasta 20\u00b0C<br \/>\nC\u00f3digo color seg\u00fan IEC 751<\/p>\n","protected":false},"excerpt":{"rendered":"<p>C\u00e2ble de liaison souple avec isolation par soie de verre<br \/>\nConducteurs souples torsad\u00e9s isol\u00e9s par soies de verre impr\u00e9gn\u00e9es avec du caoutchouc silicone, isolation globale par soies de verre et tresse ext\u00e9rieure en cuivre \u00e9tam\u00e9<br \/>\nDisponible avec 2, 3, 4 ou 6 conducteurs<br \/>\nTemp\u00e9rature -40 \u00e0 +400 \u00b0C<br \/>\nIsolation &gt;20 MOhm\/km (Voltage 1000 V DC \u00e0 20 \u00b0C.<br \/>\nCode couleur suivant IEC751<\/p>\n","protected":false},"featured_media":4337,"template":"","meta":{"_acf_changed":false,"om_disable_all_campaigns":false,"_monsterinsights_skip_tracking":false,"_monsterinsights_sitenote_active":false,"_monsterinsights_sitenote_note":"","_monsterinsights_sitenote_category":0,"_uf_show_specific_survey":0,"_uf_disable_surveys":false},"product_brand":[],"product_cat":[109,97],"product_tag":[],"class_list":{"0":"post-2291","1":"product","2":"type-product","3":"status-publish","4":"has-post-thumbnail","6":"product_cat-cables_de_conexion_de_instrumentacion","7":"product_cat-cables-es","9":"first","10":"instock","11":"shipping-taxable","12":"product-type-simple"},"acf":[],"aioseo_notices":[],"yoast_head":"<!-- This site is optimized with the Yoast SEO plugin v27.4 - https:\/\/yoast.com\/product\/yoast-seo-wordpress\/ -->\n<title>TEX-TEX-CUSN-R - Thermibel<\/title>\n<meta name=\"robots\" content=\"index, follow, max-snippet:-1, max-image-preview:large, max-video-preview:-1\" \/>\n<link rel=\"canonical\" href=\"https:\/\/thermibel.be\/es\/product\/tex-tex-cusn-r\/\" \/>\n<meta property=\"og:locale\" content=\"es_ES\" \/>\n<meta property=\"og:type\" content=\"article\" \/>\n<meta property=\"og:title\" content=\"TEX-TEX-CUSN-R - Thermibel\" \/>\n<meta property=\"og:description\" content=\"C\u00e2ble de liaison souple avec isolation par soie de verre Conducteurs souples torsad\u00e9s isol\u00e9s par soies de verre impr\u00e9gn\u00e9es avec du caoutchouc silicone, isolation globale par soies de verre et tresse ext\u00e9rieure en cuivre \u00e9tam\u00e9 Disponible avec 2, 3, 4 ou 6 conducteurs Temp\u00e9rature -40 \u00e0 +400 \u00b0C Isolation &gt;20 MOhm\/km (Voltage 1000 V DC \u00e0 20 \u00b0C. Code couleur suivant IEC751\" \/>\n<meta property=\"og:url\" content=\"https:\/\/thermibel.be\/es\/product\/tex-tex-cusn-r\/\" \/>\n<meta property=\"og:site_name\" content=\"Thermibel\" \/>\n<meta property=\"article:modified_time\" content=\"2023-07-28T06:42:02+00:00\" \/>\n<meta property=\"og:image\" content=\"https:\/\/thermibel.be\/app\/uploads\/2023\/05\/117-v-117-116-120-TEX-TEX-TI-R-vertical.png\" \/>\n\t<meta property=\"og:image:width\" content=\"72\" \/>\n\t<meta property=\"og:image:height\" content=\"1135\" \/>\n\t<meta property=\"og:image:type\" content=\"image\/png\" \/>\n<meta name=\"twitter:card\" content=\"summary_large_image\" \/>\n<script type=\"application\/ld+json\" class=\"yoast-schema-graph\">{\"@context\":\"https:\\\/\\\/schema.org\",\"@graph\":[{\"@type\":\"WebPage\",\"@id\":\"https:\\\/\\\/thermibel.be\\\/es\\\/product\\\/tex-tex-cusn-r\\\/\",\"url\":\"https:\\\/\\\/thermibel.be\\\/es\\\/product\\\/tex-tex-cusn-r\\\/\",\"name\":\"TEX-TEX-CUSN-R - Thermibel\",\"isPartOf\":{\"@id\":\"https:\\\/\\\/thermibel.be\\\/es\\\/#website\"},\"primaryImageOfPage\":{\"@id\":\"https:\\\/\\\/thermibel.be\\\/es\\\/product\\\/tex-tex-cusn-r\\\/#primaryimage\"},\"image\":{\"@id\":\"https:\\\/\\\/thermibel.be\\\/es\\\/product\\\/tex-tex-cusn-r\\\/#primaryimage\"},\"thumbnailUrl\":\"https:\\\/\\\/thermibel.be\\\/app\\\/uploads\\\/2023\\\/05\\\/117-v-117-116-120-TEX-TEX-TI-R-vertical.png\",\"datePublished\":\"2023-05-19T10:23:01+00:00\",\"dateModified\":\"2023-07-28T06:42:02+00:00\",\"breadcrumb\":{\"@id\":\"https:\\\/\\\/thermibel.be\\\/es\\\/product\\\/tex-tex-cusn-r\\\/#breadcrumb\"},\"inLanguage\":\"es-ES\",\"potentialAction\":[{\"@type\":\"ReadAction\",\"target\":[\"https:\\\/\\\/thermibel.be\\\/es\\\/product\\\/tex-tex-cusn-r\\\/\"]}]},{\"@type\":\"ImageObject\",\"inLanguage\":\"es-ES\",\"@id\":\"https:\\\/\\\/thermibel.be\\\/es\\\/product\\\/tex-tex-cusn-r\\\/#primaryimage\",\"url\":\"https:\\\/\\\/thermibel.be\\\/app\\\/uploads\\\/2023\\\/05\\\/117-v-117-116-120-TEX-TEX-TI-R-vertical.png\",\"contentUrl\":\"https:\\\/\\\/thermibel.be\\\/app\\\/uploads\\\/2023\\\/05\\\/117-v-117-116-120-TEX-TEX-TI-R-vertical.png\",\"width\":72,\"height\":1135},{\"@type\":\"BreadcrumbList\",\"@id\":\"https:\\\/\\\/thermibel.be\\\/es\\\/product\\\/tex-tex-cusn-r\\\/#breadcrumb\",\"itemListElement\":[{\"@type\":\"ListItem\",\"position\":1,\"name\":\"Products\",\"item\":\"https:\\\/\\\/thermibel.be\\\/es\\\/shop\\\/\"},{\"@type\":\"ListItem\",\"position\":2,\"name\":\"TEX-TEX-CUSN-R\"}]},{\"@type\":\"WebSite\",\"@id\":\"https:\\\/\\\/thermibel.be\\\/es\\\/#website\",\"url\":\"https:\\\/\\\/thermibel.be\\\/es\\\/\",\"name\":\"Thermibel\",\"description\":\"Un Haut Degr\u00e9 de Qualit\u00e9\",\"publisher\":{\"@id\":\"https:\\\/\\\/thermibel.be\\\/es\\\/#organization\"},\"potentialAction\":[{\"@type\":\"SearchAction\",\"target\":{\"@type\":\"EntryPoint\",\"urlTemplate\":\"https:\\\/\\\/thermibel.be\\\/es\\\/?s={search_term_string}\"},\"query-input\":{\"@type\":\"PropertyValueSpecification\",\"valueRequired\":true,\"valueName\":\"search_term_string\"}}],\"inLanguage\":\"es-ES\"},{\"@type\":\"Organization\",\"@id\":\"https:\\\/\\\/thermibel.be\\\/es\\\/#organization\",\"name\":\"Thermibel\",\"url\":\"https:\\\/\\\/thermibel.be\\\/es\\\/\",\"logo\":{\"@type\":\"ImageObject\",\"inLanguage\":\"es-ES\",\"@id\":\"https:\\\/\\\/thermibel.be\\\/es\\\/#\\\/schema\\\/logo\\\/image\\\/\",\"url\":\"https:\\\/\\\/thermibel.be\\\/app\\\/uploads\\\/2023\\\/08\\\/logo_fr-1.png\",\"contentUrl\":\"https:\\\/\\\/thermibel.be\\\/app\\\/uploads\\\/2023\\\/08\\\/logo_fr-1.png\",\"width\":275,\"height\":59,\"caption\":\"Thermibel\"},\"image\":{\"@id\":\"https:\\\/\\\/thermibel.be\\\/es\\\/#\\\/schema\\\/logo\\\/image\\\/\"}}]}<\/script>\n<!-- \/ Yoast SEO plugin. -->","yoast_head_json":{"title":"TEX-TEX-CUSN-R - Thermibel","robots":{"index":"index","follow":"follow","max-snippet":"max-snippet:-1","max-image-preview":"max-image-preview:large","max-video-preview":"max-video-preview:-1"},"canonical":"https:\/\/thermibel.be\/es\/product\/tex-tex-cusn-r\/","og_locale":"es_ES","og_type":"article","og_title":"TEX-TEX-CUSN-R - Thermibel","og_description":"C\u00e2ble de liaison souple avec isolation par soie de verre Conducteurs souples torsad\u00e9s isol\u00e9s par soies de verre impr\u00e9gn\u00e9es avec du caoutchouc silicone, isolation globale par soies de verre et tresse ext\u00e9rieure en cuivre \u00e9tam\u00e9 Disponible avec 2, 3, 4 ou 6 conducteurs Temp\u00e9rature -40 \u00e0 +400 \u00b0C Isolation &gt;20 MOhm\/km (Voltage 1000 V DC \u00e0 20 \u00b0C. Code couleur suivant IEC751","og_url":"https:\/\/thermibel.be\/es\/product\/tex-tex-cusn-r\/","og_site_name":"Thermibel","article_modified_time":"2023-07-28T06:42:02+00:00","og_image":[{"width":72,"height":1135,"url":"https:\/\/thermibel.be\/app\/uploads\/2023\/05\/117-v-117-116-120-TEX-TEX-TI-R-vertical.png","type":"image\/png"}],"twitter_card":"summary_large_image","schema":{"@context":"https:\/\/schema.org","@graph":[{"@type":"WebPage","@id":"https:\/\/thermibel.be\/es\/product\/tex-tex-cusn-r\/","url":"https:\/\/thermibel.be\/es\/product\/tex-tex-cusn-r\/","name":"TEX-TEX-CUSN-R - Thermibel","isPartOf":{"@id":"https:\/\/thermibel.be\/es\/#website"},"primaryImageOfPage":{"@id":"https:\/\/thermibel.be\/es\/product\/tex-tex-cusn-r\/#primaryimage"},"image":{"@id":"https:\/\/thermibel.be\/es\/product\/tex-tex-cusn-r\/#primaryimage"},"thumbnailUrl":"https:\/\/thermibel.be\/app\/uploads\/2023\/05\/117-v-117-116-120-TEX-TEX-TI-R-vertical.png","datePublished":"2023-05-19T10:23:01+00:00","dateModified":"2023-07-28T06:42:02+00:00","breadcrumb":{"@id":"https:\/\/thermibel.be\/es\/product\/tex-tex-cusn-r\/#breadcrumb"},"inLanguage":"es-ES","potentialAction":[{"@type":"ReadAction","target":["https:\/\/thermibel.be\/es\/product\/tex-tex-cusn-r\/"]}]},{"@type":"ImageObject","inLanguage":"es-ES","@id":"https:\/\/thermibel.be\/es\/product\/tex-tex-cusn-r\/#primaryimage","url":"https:\/\/thermibel.be\/app\/uploads\/2023\/05\/117-v-117-116-120-TEX-TEX-TI-R-vertical.png","contentUrl":"https:\/\/thermibel.be\/app\/uploads\/2023\/05\/117-v-117-116-120-TEX-TEX-TI-R-vertical.png","width":72,"height":1135},{"@type":"BreadcrumbList","@id":"https:\/\/thermibel.be\/es\/product\/tex-tex-cusn-r\/#breadcrumb","itemListElement":[{"@type":"ListItem","position":1,"name":"Products","item":"https:\/\/thermibel.be\/es\/shop\/"},{"@type":"ListItem","position":2,"name":"TEX-TEX-CUSN-R"}]},{"@type":"WebSite","@id":"https:\/\/thermibel.be\/es\/#website","url":"https:\/\/thermibel.be\/es\/","name":"Thermibel","description":"Un Haut Degr\u00e9 de Qualit\u00e9","publisher":{"@id":"https:\/\/thermibel.be\/es\/#organization"},"potentialAction":[{"@type":"SearchAction","target":{"@type":"EntryPoint","urlTemplate":"https:\/\/thermibel.be\/es\/?s={search_term_string}"},"query-input":{"@type":"PropertyValueSpecification","valueRequired":true,"valueName":"search_term_string"}}],"inLanguage":"es-ES"},{"@type":"Organization","@id":"https:\/\/thermibel.be\/es\/#organization","name":"Thermibel","url":"https:\/\/thermibel.be\/es\/","logo":{"@type":"ImageObject","inLanguage":"es-ES","@id":"https:\/\/thermibel.be\/es\/#\/schema\/logo\/image\/","url":"https:\/\/thermibel.be\/app\/uploads\/2023\/08\/logo_fr-1.png","contentUrl":"https:\/\/thermibel.be\/app\/uploads\/2023\/08\/logo_fr-1.png","width":275,"height":59,"caption":"Thermibel"},"image":{"@id":"https:\/\/thermibel.be\/es\/#\/schema\/logo\/image\/"}}]}},"_links":{"self":[{"href":"https:\/\/thermibel.be\/es\/wp-json\/wp\/v2\/product\/2291","targetHints":{"allow":["GET"]}}],"collection":[{"href":"https:\/\/thermibel.be\/es\/wp-json\/wp\/v2\/product"}],"about":[{"href":"https:\/\/thermibel.be\/es\/wp-json\/wp\/v2\/types\/product"}],"wp:featuredmedia":[{"embeddable":true,"href":"https:\/\/thermibel.be\/es\/wp-json\/wp\/v2\/media\/4337"}],"wp:attachment":[{"href":"https:\/\/thermibel.be\/es\/wp-json\/wp\/v2\/media?parent=2291"}],"wp:term":[{"taxonomy":"product_brand","embeddable":true,"href":"https:\/\/thermibel.be\/es\/wp-json\/wp\/v2\/product_brand?post=2291"},{"taxonomy":"product_cat","embeddable":true,"href":"https:\/\/thermibel.be\/es\/wp-json\/wp\/v2\/product_cat?post=2291"},{"taxonomy":"product_tag","embeddable":true,"href":"https:\/\/thermibel.be\/es\/wp-json\/wp\/v2\/product_tag?post=2291"}],"curies":[{"name":"wp","href":"https:\/\/api.w.org\/{rel}","templated":true}]}}