{"id":2276,"date":"2023-05-19T10:27:21","date_gmt":"2023-05-19T10:27:21","guid":{"rendered":"https:\/\/thermibel.be\/product\/pfa-pfa-o\/"},"modified":"2023-07-27T13:20:32","modified_gmt":"2023-07-27T13:20:32","slug":"pfa-pfa-o","status":"publish","type":"product","link":"https:\/\/thermibel.be\/es\/product\/pfa-pfa-o\/","title":{"rendered":"PFA-PFA-O"},"content":{"rendered":"<p>Cable de termopar con aislamiento PFA<br \/>\nConductores llenos (conductores multifilar entregable sobre pedido) dispuestos lado a lado con funda exterior PFA<br \/>\nForma ovalada plana<br \/>\nClase de tolerancia : clase 1 (Clase 2 disponible sobre pedido especial)<br \/>\nRango temperatura : -200 hasta +250 \u00b0C<br \/>\nC\u00f3digo color predeterminado IEC584-3<\/p>\n","protected":false},"excerpt":{"rendered":"<p>PFA-PFA-O c\u00e2ble de couple \u00e0 isolation PFA &#8211; Temp\u00e9rature -200\/250\u00b0C<\/p>\n","protected":false},"featured_media":4353,"template":"","meta":{"_acf_changed":false,"om_disable_all_campaigns":false,"_monsterinsights_skip_tracking":false,"_monsterinsights_sitenote_active":false,"_monsterinsights_sitenote_note":"","_monsterinsights_sitenote_category":0,"_uf_show_specific_survey":0,"_uf_disable_surveys":false},"product_brand":[],"product_cat":[112,97],"product_tag":[],"class_list":{"0":"post-2276","1":"product","2":"type-product","3":"status-publish","4":"has-post-thumbnail","6":"product_cat-cables_de_termopar","7":"product_cat-cables-es","9":"first","10":"instock","11":"shipping-taxable","12":"product-type-simple"},"acf":[],"aioseo_notices":[],"yoast_head":"<!-- This site is optimized with the Yoast SEO plugin v27.4 - https:\/\/yoast.com\/product\/yoast-seo-wordpress\/ -->\n<title>PFA-PFA-O - Thermibel<\/title>\n<meta name=\"robots\" content=\"index, follow, max-snippet:-1, max-image-preview:large, max-video-preview:-1\" \/>\n<link rel=\"canonical\" href=\"https:\/\/thermibel.be\/es\/product\/pfa-pfa-o\/\" \/>\n<meta property=\"og:locale\" content=\"es_ES\" \/>\n<meta property=\"og:type\" content=\"article\" \/>\n<meta property=\"og:title\" content=\"PFA-PFA-O - Thermibel\" \/>\n<meta property=\"og:description\" content=\"PFA-PFA-O c\u00e2ble de couple \u00e0 isolation PFA - Temp\u00e9rature -200\/250\u00b0C\" \/>\n<meta property=\"og:url\" content=\"https:\/\/thermibel.be\/es\/product\/pfa-pfa-o\/\" \/>\n<meta property=\"og:site_name\" content=\"Thermibel\" \/>\n<meta property=\"article:modified_time\" content=\"2023-07-27T13:20:32+00:00\" \/>\n<meta property=\"og:image\" content=\"https:\/\/thermibel.be\/app\/uploads\/2023\/05\/119-v-119-1024-pixels-vertical-op.png\" \/>\n\t<meta property=\"og:image:width\" content=\"117\" \/>\n\t<meta property=\"og:image:height\" content=\"1024\" \/>\n\t<meta property=\"og:image:type\" content=\"image\/png\" \/>\n<meta name=\"twitter:card\" content=\"summary_large_image\" \/>\n<script type=\"application\/ld+json\" class=\"yoast-schema-graph\">{\"@context\":\"https:\\\/\\\/schema.org\",\"@graph\":[{\"@type\":\"WebPage\",\"@id\":\"https:\\\/\\\/thermibel.be\\\/es\\\/product\\\/pfa-pfa-o\\\/\",\"url\":\"https:\\\/\\\/thermibel.be\\\/es\\\/product\\\/pfa-pfa-o\\\/\",\"name\":\"PFA-PFA-O - Thermibel\",\"isPartOf\":{\"@id\":\"https:\\\/\\\/thermibel.be\\\/es\\\/#website\"},\"primaryImageOfPage\":{\"@id\":\"https:\\\/\\\/thermibel.be\\\/es\\\/product\\\/pfa-pfa-o\\\/#primaryimage\"},\"image\":{\"@id\":\"https:\\\/\\\/thermibel.be\\\/es\\\/product\\\/pfa-pfa-o\\\/#primaryimage\"},\"thumbnailUrl\":\"https:\\\/\\\/thermibel.be\\\/app\\\/uploads\\\/2023\\\/05\\\/119-v-119-1024-pixels-vertical-op.png\",\"datePublished\":\"2023-05-19T10:27:21+00:00\",\"dateModified\":\"2023-07-27T13:20:32+00:00\",\"breadcrumb\":{\"@id\":\"https:\\\/\\\/thermibel.be\\\/es\\\/product\\\/pfa-pfa-o\\\/#breadcrumb\"},\"inLanguage\":\"es-ES\",\"potentialAction\":[{\"@type\":\"ReadAction\",\"target\":[\"https:\\\/\\\/thermibel.be\\\/es\\\/product\\\/pfa-pfa-o\\\/\"]}]},{\"@type\":\"ImageObject\",\"inLanguage\":\"es-ES\",\"@id\":\"https:\\\/\\\/thermibel.be\\\/es\\\/product\\\/pfa-pfa-o\\\/#primaryimage\",\"url\":\"https:\\\/\\\/thermibel.be\\\/app\\\/uploads\\\/2023\\\/05\\\/119-v-119-1024-pixels-vertical-op.png\",\"contentUrl\":\"https:\\\/\\\/thermibel.be\\\/app\\\/uploads\\\/2023\\\/05\\\/119-v-119-1024-pixels-vertical-op.png\",\"width\":117,\"height\":1024},{\"@type\":\"BreadcrumbList\",\"@id\":\"https:\\\/\\\/thermibel.be\\\/es\\\/product\\\/pfa-pfa-o\\\/#breadcrumb\",\"itemListElement\":[{\"@type\":\"ListItem\",\"position\":1,\"name\":\"Products\",\"item\":\"https:\\\/\\\/thermibel.be\\\/es\\\/shop\\\/\"},{\"@type\":\"ListItem\",\"position\":2,\"name\":\"PFA-PFA-O\"}]},{\"@type\":\"WebSite\",\"@id\":\"https:\\\/\\\/thermibel.be\\\/es\\\/#website\",\"url\":\"https:\\\/\\\/thermibel.be\\\/es\\\/\",\"name\":\"Thermibel\",\"description\":\"Un Haut Degr\u00e9 de Qualit\u00e9\",\"publisher\":{\"@id\":\"https:\\\/\\\/thermibel.be\\\/es\\\/#organization\"},\"potentialAction\":[{\"@type\":\"SearchAction\",\"target\":{\"@type\":\"EntryPoint\",\"urlTemplate\":\"https:\\\/\\\/thermibel.be\\\/es\\\/?s={search_term_string}\"},\"query-input\":{\"@type\":\"PropertyValueSpecification\",\"valueRequired\":true,\"valueName\":\"search_term_string\"}}],\"inLanguage\":\"es-ES\"},{\"@type\":\"Organization\",\"@id\":\"https:\\\/\\\/thermibel.be\\\/es\\\/#organization\",\"name\":\"Thermibel\",\"url\":\"https:\\\/\\\/thermibel.be\\\/es\\\/\",\"logo\":{\"@type\":\"ImageObject\",\"inLanguage\":\"es-ES\",\"@id\":\"https:\\\/\\\/thermibel.be\\\/es\\\/#\\\/schema\\\/logo\\\/image\\\/\",\"url\":\"https:\\\/\\\/thermibel.be\\\/app\\\/uploads\\\/2023\\\/08\\\/logo_fr-1.png\",\"contentUrl\":\"https:\\\/\\\/thermibel.be\\\/app\\\/uploads\\\/2023\\\/08\\\/logo_fr-1.png\",\"width\":275,\"height\":59,\"caption\":\"Thermibel\"},\"image\":{\"@id\":\"https:\\\/\\\/thermibel.be\\\/es\\\/#\\\/schema\\\/logo\\\/image\\\/\"}}]}<\/script>\n<!-- \/ Yoast SEO plugin. -->","yoast_head_json":{"title":"PFA-PFA-O - Thermibel","robots":{"index":"index","follow":"follow","max-snippet":"max-snippet:-1","max-image-preview":"max-image-preview:large","max-video-preview":"max-video-preview:-1"},"canonical":"https:\/\/thermibel.be\/es\/product\/pfa-pfa-o\/","og_locale":"es_ES","og_type":"article","og_title":"PFA-PFA-O - Thermibel","og_description":"PFA-PFA-O c\u00e2ble de couple \u00e0 isolation PFA - Temp\u00e9rature -200\/250\u00b0C","og_url":"https:\/\/thermibel.be\/es\/product\/pfa-pfa-o\/","og_site_name":"Thermibel","article_modified_time":"2023-07-27T13:20:32+00:00","og_image":[{"width":117,"height":1024,"url":"https:\/\/thermibel.be\/app\/uploads\/2023\/05\/119-v-119-1024-pixels-vertical-op.png","type":"image\/png"}],"twitter_card":"summary_large_image","schema":{"@context":"https:\/\/schema.org","@graph":[{"@type":"WebPage","@id":"https:\/\/thermibel.be\/es\/product\/pfa-pfa-o\/","url":"https:\/\/thermibel.be\/es\/product\/pfa-pfa-o\/","name":"PFA-PFA-O - Thermibel","isPartOf":{"@id":"https:\/\/thermibel.be\/es\/#website"},"primaryImageOfPage":{"@id":"https:\/\/thermibel.be\/es\/product\/pfa-pfa-o\/#primaryimage"},"image":{"@id":"https:\/\/thermibel.be\/es\/product\/pfa-pfa-o\/#primaryimage"},"thumbnailUrl":"https:\/\/thermibel.be\/app\/uploads\/2023\/05\/119-v-119-1024-pixels-vertical-op.png","datePublished":"2023-05-19T10:27:21+00:00","dateModified":"2023-07-27T13:20:32+00:00","breadcrumb":{"@id":"https:\/\/thermibel.be\/es\/product\/pfa-pfa-o\/#breadcrumb"},"inLanguage":"es-ES","potentialAction":[{"@type":"ReadAction","target":["https:\/\/thermibel.be\/es\/product\/pfa-pfa-o\/"]}]},{"@type":"ImageObject","inLanguage":"es-ES","@id":"https:\/\/thermibel.be\/es\/product\/pfa-pfa-o\/#primaryimage","url":"https:\/\/thermibel.be\/app\/uploads\/2023\/05\/119-v-119-1024-pixels-vertical-op.png","contentUrl":"https:\/\/thermibel.be\/app\/uploads\/2023\/05\/119-v-119-1024-pixels-vertical-op.png","width":117,"height":1024},{"@type":"BreadcrumbList","@id":"https:\/\/thermibel.be\/es\/product\/pfa-pfa-o\/#breadcrumb","itemListElement":[{"@type":"ListItem","position":1,"name":"Products","item":"https:\/\/thermibel.be\/es\/shop\/"},{"@type":"ListItem","position":2,"name":"PFA-PFA-O"}]},{"@type":"WebSite","@id":"https:\/\/thermibel.be\/es\/#website","url":"https:\/\/thermibel.be\/es\/","name":"Thermibel","description":"Un Haut Degr\u00e9 de Qualit\u00e9","publisher":{"@id":"https:\/\/thermibel.be\/es\/#organization"},"potentialAction":[{"@type":"SearchAction","target":{"@type":"EntryPoint","urlTemplate":"https:\/\/thermibel.be\/es\/?s={search_term_string}"},"query-input":{"@type":"PropertyValueSpecification","valueRequired":true,"valueName":"search_term_string"}}],"inLanguage":"es-ES"},{"@type":"Organization","@id":"https:\/\/thermibel.be\/es\/#organization","name":"Thermibel","url":"https:\/\/thermibel.be\/es\/","logo":{"@type":"ImageObject","inLanguage":"es-ES","@id":"https:\/\/thermibel.be\/es\/#\/schema\/logo\/image\/","url":"https:\/\/thermibel.be\/app\/uploads\/2023\/08\/logo_fr-1.png","contentUrl":"https:\/\/thermibel.be\/app\/uploads\/2023\/08\/logo_fr-1.png","width":275,"height":59,"caption":"Thermibel"},"image":{"@id":"https:\/\/thermibel.be\/es\/#\/schema\/logo\/image\/"}}]}},"_links":{"self":[{"href":"https:\/\/thermibel.be\/es\/wp-json\/wp\/v2\/product\/2276","targetHints":{"allow":["GET"]}}],"collection":[{"href":"https:\/\/thermibel.be\/es\/wp-json\/wp\/v2\/product"}],"about":[{"href":"https:\/\/thermibel.be\/es\/wp-json\/wp\/v2\/types\/product"}],"wp:featuredmedia":[{"embeddable":true,"href":"https:\/\/thermibel.be\/es\/wp-json\/wp\/v2\/media\/4353"}],"wp:attachment":[{"href":"https:\/\/thermibel.be\/es\/wp-json\/wp\/v2\/media?parent=2276"}],"wp:term":[{"taxonomy":"product_brand","embeddable":true,"href":"https:\/\/thermibel.be\/es\/wp-json\/wp\/v2\/product_brand?post=2276"},{"taxonomy":"product_cat","embeddable":true,"href":"https:\/\/thermibel.be\/es\/wp-json\/wp\/v2\/product_cat?post=2276"},{"taxonomy":"product_tag","embeddable":true,"href":"https:\/\/thermibel.be\/es\/wp-json\/wp\/v2\/product_tag?post=2276"}],"curies":[{"name":"wp","href":"https:\/\/api.w.org\/{rel}","templated":true}]}}