{"id":2240,"date":"2023-05-19T10:35:10","date_gmt":"2023-05-19T10:35:10","guid":{"rendered":"https:\/\/thermibel.be\/product\/sil-tex-cusn-o-1\/"},"modified":"2023-09-29T13:44:06","modified_gmt":"2023-09-29T13:44:06","slug":"sil-tex-cusn-o-1","status":"publish","type":"product","link":"https:\/\/thermibel.be\/es\/product\/sil-tex-cusn-o-1\/","title":{"rendered":"SIL-TEX-CUSN-O-1"},"content":{"rendered":"<p>Los conductores son aislados por una funda de caucho silicona, luego dispuestos lado a lado y recubiertos por una trenza de seda de virio impregnada de un banis silicona y por fin recubiertos por una trenza de cobre esta\u00f1ado.<br \/>\nLa forma es ovalada chata<br \/>\nTemperatura -40 hasta +200 \u00b0C<br \/>\nAislamiento &gt;20 MOhm\/km (Voltaje 1000 V DC \u00e0 20 \u00b0C<br \/>\nC\u00f3digo color seg\u00fan IEC584-3<\/p>\n","protected":false},"excerpt":{"rendered":"<p>SIL-TEX-CUSN-O isolation caoutchouc silicone &#8211; soie de verre et tresse en cuivre \u00e9tam\u00e9 &#8211; Temp\u00e9rature -40 \u00e0 +200 \u00b0C<\/p>\n","protected":false},"featured_media":4081,"template":"","meta":{"_acf_changed":false,"om_disable_all_campaigns":false,"_monsterinsights_skip_tracking":false,"_monsterinsights_sitenote_active":false,"_monsterinsights_sitenote_note":"","_monsterinsights_sitenote_category":0,"_uf_show_specific_survey":0,"_uf_disable_surveys":false},"product_brand":[],"product_cat":[106,97],"product_tag":[],"class_list":{"0":"post-2240","1":"product","2":"type-product","3":"status-publish","4":"has-post-thumbnail","6":"product_cat-cables_de_extension_y_compensacion","7":"product_cat-cables-es","9":"first","10":"instock","11":"shipping-taxable","12":"product-type-simple"},"acf":[],"aioseo_notices":[],"yoast_head":"<!-- This site is optimized with the Yoast SEO plugin v27.4 - https:\/\/yoast.com\/product\/yoast-seo-wordpress\/ -->\n<title>SIL-TEX-CUSN-O-1 - Thermibel<\/title>\n<meta name=\"robots\" content=\"index, follow, max-snippet:-1, max-image-preview:large, max-video-preview:-1\" \/>\n<link rel=\"canonical\" href=\"https:\/\/thermibel.be\/es\/product\/sil-tex-cusn-o-1\/\" \/>\n<meta property=\"og:locale\" content=\"es_ES\" \/>\n<meta property=\"og:type\" content=\"article\" \/>\n<meta property=\"og:title\" content=\"SIL-TEX-CUSN-O-1 - Thermibel\" \/>\n<meta property=\"og:description\" content=\"SIL-TEX-CUSN-O isolation caoutchouc silicone - soie de verre et tresse en cuivre \u00e9tam\u00e9 - Temp\u00e9rature -40 \u00e0 +200 \u00b0C\" \/>\n<meta property=\"og:url\" content=\"https:\/\/thermibel.be\/es\/product\/sil-tex-cusn-o-1\/\" \/>\n<meta property=\"og:site_name\" content=\"Thermibel\" \/>\n<meta property=\"article:modified_time\" content=\"2023-09-29T13:44:06+00:00\" \/>\n<meta property=\"og:image\" content=\"https:\/\/thermibel.be\/app\/uploads\/2023\/05\/11-SIL-TEX-CUSN-e1695995040514.png\" \/>\n\t<meta property=\"og:image:width\" content=\"214\" \/>\n\t<meta property=\"og:image:height\" content=\"1950\" \/>\n\t<meta property=\"og:image:type\" content=\"image\/png\" \/>\n<meta name=\"twitter:card\" content=\"summary_large_image\" \/>\n<script type=\"application\/ld+json\" class=\"yoast-schema-graph\">{\"@context\":\"https:\\\/\\\/schema.org\",\"@graph\":[{\"@type\":\"WebPage\",\"@id\":\"https:\\\/\\\/thermibel.be\\\/es\\\/product\\\/sil-tex-cusn-o-1\\\/\",\"url\":\"https:\\\/\\\/thermibel.be\\\/es\\\/product\\\/sil-tex-cusn-o-1\\\/\",\"name\":\"SIL-TEX-CUSN-O-1 - Thermibel\",\"isPartOf\":{\"@id\":\"https:\\\/\\\/thermibel.be\\\/es\\\/#website\"},\"primaryImageOfPage\":{\"@id\":\"https:\\\/\\\/thermibel.be\\\/es\\\/product\\\/sil-tex-cusn-o-1\\\/#primaryimage\"},\"image\":{\"@id\":\"https:\\\/\\\/thermibel.be\\\/es\\\/product\\\/sil-tex-cusn-o-1\\\/#primaryimage\"},\"thumbnailUrl\":\"https:\\\/\\\/thermibel.be\\\/app\\\/uploads\\\/2023\\\/05\\\/11-SIL-TEX-CUSN-e1695995040514.png\",\"datePublished\":\"2023-05-19T10:35:10+00:00\",\"dateModified\":\"2023-09-29T13:44:06+00:00\",\"breadcrumb\":{\"@id\":\"https:\\\/\\\/thermibel.be\\\/es\\\/product\\\/sil-tex-cusn-o-1\\\/#breadcrumb\"},\"inLanguage\":\"es-ES\",\"potentialAction\":[{\"@type\":\"ReadAction\",\"target\":[\"https:\\\/\\\/thermibel.be\\\/es\\\/product\\\/sil-tex-cusn-o-1\\\/\"]}]},{\"@type\":\"ImageObject\",\"inLanguage\":\"es-ES\",\"@id\":\"https:\\\/\\\/thermibel.be\\\/es\\\/product\\\/sil-tex-cusn-o-1\\\/#primaryimage\",\"url\":\"https:\\\/\\\/thermibel.be\\\/app\\\/uploads\\\/2023\\\/05\\\/11-SIL-TEX-CUSN-e1695995040514.png\",\"contentUrl\":\"https:\\\/\\\/thermibel.be\\\/app\\\/uploads\\\/2023\\\/05\\\/11-SIL-TEX-CUSN-e1695995040514.png\",\"width\":214,\"height\":1950},{\"@type\":\"BreadcrumbList\",\"@id\":\"https:\\\/\\\/thermibel.be\\\/es\\\/product\\\/sil-tex-cusn-o-1\\\/#breadcrumb\",\"itemListElement\":[{\"@type\":\"ListItem\",\"position\":1,\"name\":\"Products\",\"item\":\"https:\\\/\\\/thermibel.be\\\/es\\\/shop\\\/\"},{\"@type\":\"ListItem\",\"position\":2,\"name\":\"SIL-TEX-CUSN-O-1\"}]},{\"@type\":\"WebSite\",\"@id\":\"https:\\\/\\\/thermibel.be\\\/es\\\/#website\",\"url\":\"https:\\\/\\\/thermibel.be\\\/es\\\/\",\"name\":\"Thermibel\",\"description\":\"Un Haut Degr\u00e9 de Qualit\u00e9\",\"publisher\":{\"@id\":\"https:\\\/\\\/thermibel.be\\\/es\\\/#organization\"},\"potentialAction\":[{\"@type\":\"SearchAction\",\"target\":{\"@type\":\"EntryPoint\",\"urlTemplate\":\"https:\\\/\\\/thermibel.be\\\/es\\\/?s={search_term_string}\"},\"query-input\":{\"@type\":\"PropertyValueSpecification\",\"valueRequired\":true,\"valueName\":\"search_term_string\"}}],\"inLanguage\":\"es-ES\"},{\"@type\":\"Organization\",\"@id\":\"https:\\\/\\\/thermibel.be\\\/es\\\/#organization\",\"name\":\"Thermibel\",\"url\":\"https:\\\/\\\/thermibel.be\\\/es\\\/\",\"logo\":{\"@type\":\"ImageObject\",\"inLanguage\":\"es-ES\",\"@id\":\"https:\\\/\\\/thermibel.be\\\/es\\\/#\\\/schema\\\/logo\\\/image\\\/\",\"url\":\"https:\\\/\\\/thermibel.be\\\/app\\\/uploads\\\/2023\\\/08\\\/logo_fr-1.png\",\"contentUrl\":\"https:\\\/\\\/thermibel.be\\\/app\\\/uploads\\\/2023\\\/08\\\/logo_fr-1.png\",\"width\":275,\"height\":59,\"caption\":\"Thermibel\"},\"image\":{\"@id\":\"https:\\\/\\\/thermibel.be\\\/es\\\/#\\\/schema\\\/logo\\\/image\\\/\"}}]}<\/script>\n<!-- \/ Yoast SEO plugin. -->","yoast_head_json":{"title":"SIL-TEX-CUSN-O-1 - Thermibel","robots":{"index":"index","follow":"follow","max-snippet":"max-snippet:-1","max-image-preview":"max-image-preview:large","max-video-preview":"max-video-preview:-1"},"canonical":"https:\/\/thermibel.be\/es\/product\/sil-tex-cusn-o-1\/","og_locale":"es_ES","og_type":"article","og_title":"SIL-TEX-CUSN-O-1 - Thermibel","og_description":"SIL-TEX-CUSN-O isolation caoutchouc silicone - soie de verre et tresse en cuivre \u00e9tam\u00e9 - Temp\u00e9rature -40 \u00e0 +200 \u00b0C","og_url":"https:\/\/thermibel.be\/es\/product\/sil-tex-cusn-o-1\/","og_site_name":"Thermibel","article_modified_time":"2023-09-29T13:44:06+00:00","og_image":[{"width":214,"height":1950,"url":"https:\/\/thermibel.be\/app\/uploads\/2023\/05\/11-SIL-TEX-CUSN-e1695995040514.png","type":"image\/png"}],"twitter_card":"summary_large_image","schema":{"@context":"https:\/\/schema.org","@graph":[{"@type":"WebPage","@id":"https:\/\/thermibel.be\/es\/product\/sil-tex-cusn-o-1\/","url":"https:\/\/thermibel.be\/es\/product\/sil-tex-cusn-o-1\/","name":"SIL-TEX-CUSN-O-1 - Thermibel","isPartOf":{"@id":"https:\/\/thermibel.be\/es\/#website"},"primaryImageOfPage":{"@id":"https:\/\/thermibel.be\/es\/product\/sil-tex-cusn-o-1\/#primaryimage"},"image":{"@id":"https:\/\/thermibel.be\/es\/product\/sil-tex-cusn-o-1\/#primaryimage"},"thumbnailUrl":"https:\/\/thermibel.be\/app\/uploads\/2023\/05\/11-SIL-TEX-CUSN-e1695995040514.png","datePublished":"2023-05-19T10:35:10+00:00","dateModified":"2023-09-29T13:44:06+00:00","breadcrumb":{"@id":"https:\/\/thermibel.be\/es\/product\/sil-tex-cusn-o-1\/#breadcrumb"},"inLanguage":"es-ES","potentialAction":[{"@type":"ReadAction","target":["https:\/\/thermibel.be\/es\/product\/sil-tex-cusn-o-1\/"]}]},{"@type":"ImageObject","inLanguage":"es-ES","@id":"https:\/\/thermibel.be\/es\/product\/sil-tex-cusn-o-1\/#primaryimage","url":"https:\/\/thermibel.be\/app\/uploads\/2023\/05\/11-SIL-TEX-CUSN-e1695995040514.png","contentUrl":"https:\/\/thermibel.be\/app\/uploads\/2023\/05\/11-SIL-TEX-CUSN-e1695995040514.png","width":214,"height":1950},{"@type":"BreadcrumbList","@id":"https:\/\/thermibel.be\/es\/product\/sil-tex-cusn-o-1\/#breadcrumb","itemListElement":[{"@type":"ListItem","position":1,"name":"Products","item":"https:\/\/thermibel.be\/es\/shop\/"},{"@type":"ListItem","position":2,"name":"SIL-TEX-CUSN-O-1"}]},{"@type":"WebSite","@id":"https:\/\/thermibel.be\/es\/#website","url":"https:\/\/thermibel.be\/es\/","name":"Thermibel","description":"Un Haut Degr\u00e9 de Qualit\u00e9","publisher":{"@id":"https:\/\/thermibel.be\/es\/#organization"},"potentialAction":[{"@type":"SearchAction","target":{"@type":"EntryPoint","urlTemplate":"https:\/\/thermibel.be\/es\/?s={search_term_string}"},"query-input":{"@type":"PropertyValueSpecification","valueRequired":true,"valueName":"search_term_string"}}],"inLanguage":"es-ES"},{"@type":"Organization","@id":"https:\/\/thermibel.be\/es\/#organization","name":"Thermibel","url":"https:\/\/thermibel.be\/es\/","logo":{"@type":"ImageObject","inLanguage":"es-ES","@id":"https:\/\/thermibel.be\/es\/#\/schema\/logo\/image\/","url":"https:\/\/thermibel.be\/app\/uploads\/2023\/08\/logo_fr-1.png","contentUrl":"https:\/\/thermibel.be\/app\/uploads\/2023\/08\/logo_fr-1.png","width":275,"height":59,"caption":"Thermibel"},"image":{"@id":"https:\/\/thermibel.be\/es\/#\/schema\/logo\/image\/"}}]}},"_links":{"self":[{"href":"https:\/\/thermibel.be\/es\/wp-json\/wp\/v2\/product\/2240","targetHints":{"allow":["GET"]}}],"collection":[{"href":"https:\/\/thermibel.be\/es\/wp-json\/wp\/v2\/product"}],"about":[{"href":"https:\/\/thermibel.be\/es\/wp-json\/wp\/v2\/types\/product"}],"wp:featuredmedia":[{"embeddable":true,"href":"https:\/\/thermibel.be\/es\/wp-json\/wp\/v2\/media\/4081"}],"wp:attachment":[{"href":"https:\/\/thermibel.be\/es\/wp-json\/wp\/v2\/media?parent=2240"}],"wp:term":[{"taxonomy":"product_brand","embeddable":true,"href":"https:\/\/thermibel.be\/es\/wp-json\/wp\/v2\/product_brand?post=2240"},{"taxonomy":"product_cat","embeddable":true,"href":"https:\/\/thermibel.be\/es\/wp-json\/wp\/v2\/product_cat?post=2240"},{"taxonomy":"product_tag","embeddable":true,"href":"https:\/\/thermibel.be\/es\/wp-json\/wp\/v2\/product_tag?post=2240"}],"curies":[{"name":"wp","href":"https:\/\/api.w.org\/{rel}","templated":true}]}}