{"id":2206,"date":"2023-05-19T07:25:40","date_gmt":"2023-05-19T07:25:40","guid":{"rendered":"https:\/\/thermibel.be\/product\/doigt-de-gant-hors-masse-a-souder-suivant-din-43772-forme-4-2\/"},"modified":"2023-10-30T12:05:48","modified_gmt":"2023-10-30T12:05:48","slug":"doigt-de-gant-hors-masse-a-souder-suivant-din-43772-forme-4-2","status":"publish","type":"product","link":"https:\/\/thermibel.be\/es\/product\/doigt-de-gant-hors-masse-a-souder-suivant-din-43772-forme-4-2\/","title":{"rendered":"Termopozo de barra &#8211; por soldar -seg\u00fan DIN 43772 forma 4"},"content":{"rendered":"<p>Termopozo para soldar &#8220;socket weld&#8221;<br \/>\nDimensiones: seg\u00fan norma DIN 43772 &#8211; ver plano de la ficha t\u00e9cnica<br \/>\nMaterial: acero inoxidable AISI 316, AISI 316TI, acero carb\u00f3n A105, 16Mo3, 13CrMo4-5, otros<br \/>\nCertificados de calidad (por precisar)<\/p>\n","protected":false},"excerpt":{"rendered":"<p>Termopozo para soldar &#8220;socket weld&#8221; Dimensiones: seg\u00fan norma DIN 43772 &#8211; ver plano de la ficha t\u00e9cnica Material: acero inoxidable AISI 316, AISI 316TI, acero carb\u00f3n A105, 16Mo3, 13CrMo4-5, otros Certificados de calidad (por precisar)<\/p>\n","protected":false},"featured_media":3633,"template":"","meta":{"_acf_changed":false,"om_disable_all_campaigns":false,"_monsterinsights_skip_tracking":false,"_monsterinsights_sitenote_active":false,"_monsterinsights_sitenote_note":"","_monsterinsights_sitenote_category":0,"_uf_show_specific_survey":0,"_uf_disable_surveys":false},"product_brand":[],"product_cat":[189,64],"product_tag":[],"class_list":{"0":"post-2206","1":"product","2":"type-product","3":"status-publish","4":"has-post-thumbnail","6":"product_cat-termopozo_sin_brida","7":"product_cat-doigts-de-gant","9":"first","10":"instock","11":"shipping-taxable","12":"product-type-simple"},"acf":[],"aioseo_notices":[],"yoast_head":"<!-- This site is optimized with the Yoast SEO plugin v27.4 - https:\/\/yoast.com\/product\/yoast-seo-wordpress\/ -->\n<title>Termopozo de barra - por soldar -seg\u00fan DIN 43772 forma 4 - Thermibel<\/title>\n<meta name=\"robots\" content=\"index, follow, max-snippet:-1, max-image-preview:large, max-video-preview:-1\" \/>\n<link rel=\"canonical\" href=\"https:\/\/thermibel.be\/es\/product\/doigt-de-gant-hors-masse-a-souder-suivant-din-43772-forme-4-2\/\" \/>\n<meta property=\"og:locale\" content=\"es_ES\" \/>\n<meta property=\"og:type\" content=\"article\" \/>\n<meta property=\"og:title\" content=\"Termopozo de barra - por soldar -seg\u00fan DIN 43772 forma 4 - Thermibel\" \/>\n<meta property=\"og:description\" content=\"Termopozo para soldar &#8220;socket weld&#8221; Dimensiones: seg\u00fan norma DIN 43772 &#8211; ver plano de la ficha t\u00e9cnica Material: acero inoxidable AISI 316, AISI 316TI, acero carb\u00f3n A105, 16Mo3, 13CrMo4-5, otros Certificados de calidad (por precisar)\" \/>\n<meta property=\"og:url\" content=\"https:\/\/thermibel.be\/es\/product\/doigt-de-gant-hors-masse-a-souder-suivant-din-43772-forme-4-2\/\" \/>\n<meta property=\"og:site_name\" content=\"Thermibel\" \/>\n<meta property=\"article:modified_time\" content=\"2023-10-30T12:05:48+00:00\" \/>\n<meta property=\"og:image\" content=\"https:\/\/thermibel.be\/app\/uploads\/2023\/05\/110-TW007-01.jpg\" \/>\n\t<meta property=\"og:image:width\" content=\"256\" \/>\n\t<meta property=\"og:image:height\" content=\"885\" \/>\n\t<meta property=\"og:image:type\" content=\"image\/jpeg\" \/>\n<meta name=\"twitter:card\" content=\"summary_large_image\" \/>\n<meta name=\"twitter:label1\" content=\"Tiempo de lectura\" \/>\n\t<meta name=\"twitter:data1\" content=\"1 minute\" \/>\n<script type=\"application\/ld+json\" class=\"yoast-schema-graph\">{\"@context\":\"https:\\\/\\\/schema.org\",\"@graph\":[{\"@type\":\"WebPage\",\"@id\":\"https:\\\/\\\/thermibel.be\\\/es\\\/product\\\/doigt-de-gant-hors-masse-a-souder-suivant-din-43772-forme-4-2\\\/\",\"url\":\"https:\\\/\\\/thermibel.be\\\/es\\\/product\\\/doigt-de-gant-hors-masse-a-souder-suivant-din-43772-forme-4-2\\\/\",\"name\":\"Termopozo de barra - por soldar -seg\u00fan DIN 43772 forma 4 - Thermibel\",\"isPartOf\":{\"@id\":\"https:\\\/\\\/thermibel.be\\\/es\\\/#website\"},\"primaryImageOfPage\":{\"@id\":\"https:\\\/\\\/thermibel.be\\\/es\\\/product\\\/doigt-de-gant-hors-masse-a-souder-suivant-din-43772-forme-4-2\\\/#primaryimage\"},\"image\":{\"@id\":\"https:\\\/\\\/thermibel.be\\\/es\\\/product\\\/doigt-de-gant-hors-masse-a-souder-suivant-din-43772-forme-4-2\\\/#primaryimage\"},\"thumbnailUrl\":\"https:\\\/\\\/thermibel.be\\\/app\\\/uploads\\\/2023\\\/05\\\/110-TW007-01.jpg\",\"datePublished\":\"2023-05-19T07:25:40+00:00\",\"dateModified\":\"2023-10-30T12:05:48+00:00\",\"breadcrumb\":{\"@id\":\"https:\\\/\\\/thermibel.be\\\/es\\\/product\\\/doigt-de-gant-hors-masse-a-souder-suivant-din-43772-forme-4-2\\\/#breadcrumb\"},\"inLanguage\":\"es-ES\",\"potentialAction\":[{\"@type\":\"ReadAction\",\"target\":[\"https:\\\/\\\/thermibel.be\\\/es\\\/product\\\/doigt-de-gant-hors-masse-a-souder-suivant-din-43772-forme-4-2\\\/\"]}]},{\"@type\":\"ImageObject\",\"inLanguage\":\"es-ES\",\"@id\":\"https:\\\/\\\/thermibel.be\\\/es\\\/product\\\/doigt-de-gant-hors-masse-a-souder-suivant-din-43772-forme-4-2\\\/#primaryimage\",\"url\":\"https:\\\/\\\/thermibel.be\\\/app\\\/uploads\\\/2023\\\/05\\\/110-TW007-01.jpg\",\"contentUrl\":\"https:\\\/\\\/thermibel.be\\\/app\\\/uploads\\\/2023\\\/05\\\/110-TW007-01.jpg\",\"width\":256,\"height\":885,\"caption\":\"Doigt de gant hors masse - \u00e0 souder -suivant DIN 43772 Forme 4\"},{\"@type\":\"BreadcrumbList\",\"@id\":\"https:\\\/\\\/thermibel.be\\\/es\\\/product\\\/doigt-de-gant-hors-masse-a-souder-suivant-din-43772-forme-4-2\\\/#breadcrumb\",\"itemListElement\":[{\"@type\":\"ListItem\",\"position\":1,\"name\":\"Products\",\"item\":\"https:\\\/\\\/thermibel.be\\\/es\\\/shop\\\/\"},{\"@type\":\"ListItem\",\"position\":2,\"name\":\"Termopozo de barra &#8211; por soldar -seg\u00fan DIN 43772 forma 4\"}]},{\"@type\":\"WebSite\",\"@id\":\"https:\\\/\\\/thermibel.be\\\/es\\\/#website\",\"url\":\"https:\\\/\\\/thermibel.be\\\/es\\\/\",\"name\":\"Thermibel\",\"description\":\"Un Haut Degr\u00e9 de Qualit\u00e9\",\"publisher\":{\"@id\":\"https:\\\/\\\/thermibel.be\\\/es\\\/#organization\"},\"potentialAction\":[{\"@type\":\"SearchAction\",\"target\":{\"@type\":\"EntryPoint\",\"urlTemplate\":\"https:\\\/\\\/thermibel.be\\\/es\\\/?s={search_term_string}\"},\"query-input\":{\"@type\":\"PropertyValueSpecification\",\"valueRequired\":true,\"valueName\":\"search_term_string\"}}],\"inLanguage\":\"es-ES\"},{\"@type\":\"Organization\",\"@id\":\"https:\\\/\\\/thermibel.be\\\/es\\\/#organization\",\"name\":\"Thermibel\",\"url\":\"https:\\\/\\\/thermibel.be\\\/es\\\/\",\"logo\":{\"@type\":\"ImageObject\",\"inLanguage\":\"es-ES\",\"@id\":\"https:\\\/\\\/thermibel.be\\\/es\\\/#\\\/schema\\\/logo\\\/image\\\/\",\"url\":\"https:\\\/\\\/thermibel.be\\\/app\\\/uploads\\\/2023\\\/08\\\/logo_fr-1.png\",\"contentUrl\":\"https:\\\/\\\/thermibel.be\\\/app\\\/uploads\\\/2023\\\/08\\\/logo_fr-1.png\",\"width\":275,\"height\":59,\"caption\":\"Thermibel\"},\"image\":{\"@id\":\"https:\\\/\\\/thermibel.be\\\/es\\\/#\\\/schema\\\/logo\\\/image\\\/\"}}]}<\/script>\n<!-- \/ Yoast SEO plugin. -->","yoast_head_json":{"title":"Termopozo de barra - por soldar -seg\u00fan DIN 43772 forma 4 - Thermibel","robots":{"index":"index","follow":"follow","max-snippet":"max-snippet:-1","max-image-preview":"max-image-preview:large","max-video-preview":"max-video-preview:-1"},"canonical":"https:\/\/thermibel.be\/es\/product\/doigt-de-gant-hors-masse-a-souder-suivant-din-43772-forme-4-2\/","og_locale":"es_ES","og_type":"article","og_title":"Termopozo de barra - por soldar -seg\u00fan DIN 43772 forma 4 - Thermibel","og_description":"Termopozo para soldar &#8220;socket weld&#8221; Dimensiones: seg\u00fan norma DIN 43772 &#8211; ver plano de la ficha t\u00e9cnica Material: acero inoxidable AISI 316, AISI 316TI, acero carb\u00f3n A105, 16Mo3, 13CrMo4-5, otros Certificados de calidad (por precisar)","og_url":"https:\/\/thermibel.be\/es\/product\/doigt-de-gant-hors-masse-a-souder-suivant-din-43772-forme-4-2\/","og_site_name":"Thermibel","article_modified_time":"2023-10-30T12:05:48+00:00","og_image":[{"width":256,"height":885,"url":"https:\/\/thermibel.be\/app\/uploads\/2023\/05\/110-TW007-01.jpg","type":"image\/jpeg"}],"twitter_card":"summary_large_image","twitter_misc":{"Tiempo de lectura":"1 minute"},"schema":{"@context":"https:\/\/schema.org","@graph":[{"@type":"WebPage","@id":"https:\/\/thermibel.be\/es\/product\/doigt-de-gant-hors-masse-a-souder-suivant-din-43772-forme-4-2\/","url":"https:\/\/thermibel.be\/es\/product\/doigt-de-gant-hors-masse-a-souder-suivant-din-43772-forme-4-2\/","name":"Termopozo de barra - por soldar -seg\u00fan DIN 43772 forma 4 - Thermibel","isPartOf":{"@id":"https:\/\/thermibel.be\/es\/#website"},"primaryImageOfPage":{"@id":"https:\/\/thermibel.be\/es\/product\/doigt-de-gant-hors-masse-a-souder-suivant-din-43772-forme-4-2\/#primaryimage"},"image":{"@id":"https:\/\/thermibel.be\/es\/product\/doigt-de-gant-hors-masse-a-souder-suivant-din-43772-forme-4-2\/#primaryimage"},"thumbnailUrl":"https:\/\/thermibel.be\/app\/uploads\/2023\/05\/110-TW007-01.jpg","datePublished":"2023-05-19T07:25:40+00:00","dateModified":"2023-10-30T12:05:48+00:00","breadcrumb":{"@id":"https:\/\/thermibel.be\/es\/product\/doigt-de-gant-hors-masse-a-souder-suivant-din-43772-forme-4-2\/#breadcrumb"},"inLanguage":"es-ES","potentialAction":[{"@type":"ReadAction","target":["https:\/\/thermibel.be\/es\/product\/doigt-de-gant-hors-masse-a-souder-suivant-din-43772-forme-4-2\/"]}]},{"@type":"ImageObject","inLanguage":"es-ES","@id":"https:\/\/thermibel.be\/es\/product\/doigt-de-gant-hors-masse-a-souder-suivant-din-43772-forme-4-2\/#primaryimage","url":"https:\/\/thermibel.be\/app\/uploads\/2023\/05\/110-TW007-01.jpg","contentUrl":"https:\/\/thermibel.be\/app\/uploads\/2023\/05\/110-TW007-01.jpg","width":256,"height":885,"caption":"Doigt de gant hors masse - \u00e0 souder -suivant DIN 43772 Forme 4"},{"@type":"BreadcrumbList","@id":"https:\/\/thermibel.be\/es\/product\/doigt-de-gant-hors-masse-a-souder-suivant-din-43772-forme-4-2\/#breadcrumb","itemListElement":[{"@type":"ListItem","position":1,"name":"Products","item":"https:\/\/thermibel.be\/es\/shop\/"},{"@type":"ListItem","position":2,"name":"Termopozo de barra &#8211; por soldar -seg\u00fan DIN 43772 forma 4"}]},{"@type":"WebSite","@id":"https:\/\/thermibel.be\/es\/#website","url":"https:\/\/thermibel.be\/es\/","name":"Thermibel","description":"Un Haut Degr\u00e9 de Qualit\u00e9","publisher":{"@id":"https:\/\/thermibel.be\/es\/#organization"},"potentialAction":[{"@type":"SearchAction","target":{"@type":"EntryPoint","urlTemplate":"https:\/\/thermibel.be\/es\/?s={search_term_string}"},"query-input":{"@type":"PropertyValueSpecification","valueRequired":true,"valueName":"search_term_string"}}],"inLanguage":"es-ES"},{"@type":"Organization","@id":"https:\/\/thermibel.be\/es\/#organization","name":"Thermibel","url":"https:\/\/thermibel.be\/es\/","logo":{"@type":"ImageObject","inLanguage":"es-ES","@id":"https:\/\/thermibel.be\/es\/#\/schema\/logo\/image\/","url":"https:\/\/thermibel.be\/app\/uploads\/2023\/08\/logo_fr-1.png","contentUrl":"https:\/\/thermibel.be\/app\/uploads\/2023\/08\/logo_fr-1.png","width":275,"height":59,"caption":"Thermibel"},"image":{"@id":"https:\/\/thermibel.be\/es\/#\/schema\/logo\/image\/"}}]}},"_links":{"self":[{"href":"https:\/\/thermibel.be\/es\/wp-json\/wp\/v2\/product\/2206","targetHints":{"allow":["GET"]}}],"collection":[{"href":"https:\/\/thermibel.be\/es\/wp-json\/wp\/v2\/product"}],"about":[{"href":"https:\/\/thermibel.be\/es\/wp-json\/wp\/v2\/types\/product"}],"wp:featuredmedia":[{"embeddable":true,"href":"https:\/\/thermibel.be\/es\/wp-json\/wp\/v2\/media\/3633"}],"wp:attachment":[{"href":"https:\/\/thermibel.be\/es\/wp-json\/wp\/v2\/media?parent=2206"}],"wp:term":[{"taxonomy":"product_brand","embeddable":true,"href":"https:\/\/thermibel.be\/es\/wp-json\/wp\/v2\/product_brand?post=2206"},{"taxonomy":"product_cat","embeddable":true,"href":"https:\/\/thermibel.be\/es\/wp-json\/wp\/v2\/product_cat?post=2206"},{"taxonomy":"product_tag","embeddable":true,"href":"https:\/\/thermibel.be\/es\/wp-json\/wp\/v2\/product_tag?post=2206"}],"curies":[{"name":"wp","href":"https:\/\/api.w.org\/{rel}","templated":true}]}}