{"id":2193,"date":"2023-05-19T07:25:41","date_gmt":"2023-05-19T07:25:41","guid":{"rendered":"https:\/\/thermibel.be\/product\/doigt-de-gant-hors-masse-avec-bride-soudee-forme-droite-avec-extremite-reduite\/"},"modified":"2023-10-30T11:13:42","modified_gmt":"2023-10-30T11:13:42","slug":"doigt-de-gant-hors-masse-avec-bride-soudee-forme-droite-avec-extremite-reduite","status":"publish","type":"product","link":"https:\/\/thermibel.be\/es\/product\/doigt-de-gant-hors-masse-avec-bride-soudee-forme-droite-avec-extremite-reduite\/","title":{"rendered":"Termopozo de barra &#8211; con brida soldada &#8211; forma recta con extremo reducido"},"content":{"rendered":"<p>Longitud total: hasta 1100 mm<br \/>\nDi\u00e1metro de perforaci\u00f3n : 6,5 mm o otro<br \/>\nExtremo reducido para mejorar el tiempo de respuesta<br \/>\nBrida seg\u00fan normas internacionales como EN 1092-1, DIN 2527, ASME\/ANSI, otros<br \/>\nRacor instrumentaci\u00f3n G\u00bd&#8221;&#8221;, \u00bd&#8221;&#8221;NPT, otro (por definir)<\/p>\n","protected":false},"excerpt":{"rendered":"<p>Longitud total: hasta 1100 mm Di\u00e1metro de perforaci\u00f3n : 6,5 mm o otro Extremo reducido para mejorar el tiempo de respuesta Brida seg\u00fan normas internacionales como EN 1092-1, DIN 2527, ASME\/ANSI, otros Racor instrumentaci\u00f3n G\u00bd&#8221;&#8221;, \u00bd&#8221;&#8221;NPT, otro (por definir)<\/p>\n","protected":false},"featured_media":3649,"template":"","meta":{"_acf_changed":false,"om_disable_all_campaigns":false,"_monsterinsights_skip_tracking":false,"_monsterinsights_sitenote_active":false,"_monsterinsights_sitenote_note":"","_monsterinsights_sitenote_category":0,"_uf_show_specific_survey":0,"_uf_disable_surveys":false},"product_brand":[],"product_cat":[187,64],"product_tag":[],"class_list":{"0":"post-2193","1":"product","2":"type-product","3":"status-publish","4":"has-post-thumbnail","6":"product_cat-termopozo_con_brida","7":"product_cat-doigts-de-gant","9":"first","10":"instock","11":"shipping-taxable","12":"product-type-simple"},"acf":[],"aioseo_notices":[],"yoast_head":"<!-- This site is optimized with the Yoast SEO plugin v27.4 - https:\/\/yoast.com\/product\/yoast-seo-wordpress\/ -->\n<title>Termopozo de barra - con brida soldada - forma recta con extremo reducido - Thermibel<\/title>\n<meta name=\"robots\" content=\"index, follow, max-snippet:-1, max-image-preview:large, max-video-preview:-1\" \/>\n<link rel=\"canonical\" href=\"https:\/\/thermibel.be\/es\/product\/doigt-de-gant-hors-masse-avec-bride-soudee-forme-droite-avec-extremite-reduite\/\" \/>\n<meta property=\"og:locale\" content=\"es_ES\" \/>\n<meta property=\"og:type\" content=\"article\" \/>\n<meta property=\"og:title\" content=\"Termopozo de barra - con brida soldada - forma recta con extremo reducido - Thermibel\" \/>\n<meta property=\"og:description\" content=\"Longitud total: hasta 1100 mm Di\u00e1metro de perforaci\u00f3n : 6,5 mm o otro Extremo reducido para mejorar el tiempo de respuesta Brida seg\u00fan normas internacionales como EN 1092-1, DIN 2527, ASME\/ANSI, otros Racor instrumentaci\u00f3n G\u00bd&#8221;&#8221;, \u00bd&#8221;&#8221;NPT, otro (por definir)\" \/>\n<meta property=\"og:url\" content=\"https:\/\/thermibel.be\/es\/product\/doigt-de-gant-hors-masse-avec-bride-soudee-forme-droite-avec-extremite-reduite\/\" \/>\n<meta property=\"og:site_name\" content=\"Thermibel\" \/>\n<meta property=\"article:modified_time\" content=\"2023-10-30T11:13:42+00:00\" \/>\n<meta property=\"og:image\" content=\"https:\/\/thermibel.be\/app\/uploads\/2023\/05\/108-v-TW011-01.jpg\" \/>\n\t<meta property=\"og:image:width\" content=\"695\" \/>\n\t<meta property=\"og:image:height\" content=\"885\" \/>\n\t<meta property=\"og:image:type\" content=\"image\/jpeg\" \/>\n<meta name=\"twitter:card\" content=\"summary_large_image\" \/>\n<meta name=\"twitter:label1\" content=\"Tiempo de lectura\" \/>\n\t<meta name=\"twitter:data1\" content=\"1 minute\" \/>\n<script type=\"application\/ld+json\" class=\"yoast-schema-graph\">{\"@context\":\"https:\\\/\\\/schema.org\",\"@graph\":[{\"@type\":\"WebPage\",\"@id\":\"https:\\\/\\\/thermibel.be\\\/es\\\/product\\\/doigt-de-gant-hors-masse-avec-bride-soudee-forme-droite-avec-extremite-reduite\\\/\",\"url\":\"https:\\\/\\\/thermibel.be\\\/es\\\/product\\\/doigt-de-gant-hors-masse-avec-bride-soudee-forme-droite-avec-extremite-reduite\\\/\",\"name\":\"Termopozo de barra - con brida soldada - forma recta con extremo reducido - Thermibel\",\"isPartOf\":{\"@id\":\"https:\\\/\\\/thermibel.be\\\/es\\\/#website\"},\"primaryImageOfPage\":{\"@id\":\"https:\\\/\\\/thermibel.be\\\/es\\\/product\\\/doigt-de-gant-hors-masse-avec-bride-soudee-forme-droite-avec-extremite-reduite\\\/#primaryimage\"},\"image\":{\"@id\":\"https:\\\/\\\/thermibel.be\\\/es\\\/product\\\/doigt-de-gant-hors-masse-avec-bride-soudee-forme-droite-avec-extremite-reduite\\\/#primaryimage\"},\"thumbnailUrl\":\"https:\\\/\\\/thermibel.be\\\/app\\\/uploads\\\/2023\\\/05\\\/108-v-TW011-01.jpg\",\"datePublished\":\"2023-05-19T07:25:41+00:00\",\"dateModified\":\"2023-10-30T11:13:42+00:00\",\"breadcrumb\":{\"@id\":\"https:\\\/\\\/thermibel.be\\\/es\\\/product\\\/doigt-de-gant-hors-masse-avec-bride-soudee-forme-droite-avec-extremite-reduite\\\/#breadcrumb\"},\"inLanguage\":\"es-ES\",\"potentialAction\":[{\"@type\":\"ReadAction\",\"target\":[\"https:\\\/\\\/thermibel.be\\\/es\\\/product\\\/doigt-de-gant-hors-masse-avec-bride-soudee-forme-droite-avec-extremite-reduite\\\/\"]}]},{\"@type\":\"ImageObject\",\"inLanguage\":\"es-ES\",\"@id\":\"https:\\\/\\\/thermibel.be\\\/es\\\/product\\\/doigt-de-gant-hors-masse-avec-bride-soudee-forme-droite-avec-extremite-reduite\\\/#primaryimage\",\"url\":\"https:\\\/\\\/thermibel.be\\\/app\\\/uploads\\\/2023\\\/05\\\/108-v-TW011-01.jpg\",\"contentUrl\":\"https:\\\/\\\/thermibel.be\\\/app\\\/uploads\\\/2023\\\/05\\\/108-v-TW011-01.jpg\",\"width\":695,\"height\":885,\"caption\":\"Doigt de gant hors masse - avec bride soud\u00e9e - forme droite avec extr\u00e9mit\u00e9 r\u00e9duite\"},{\"@type\":\"BreadcrumbList\",\"@id\":\"https:\\\/\\\/thermibel.be\\\/es\\\/product\\\/doigt-de-gant-hors-masse-avec-bride-soudee-forme-droite-avec-extremite-reduite\\\/#breadcrumb\",\"itemListElement\":[{\"@type\":\"ListItem\",\"position\":1,\"name\":\"Products\",\"item\":\"https:\\\/\\\/thermibel.be\\\/es\\\/shop\\\/\"},{\"@type\":\"ListItem\",\"position\":2,\"name\":\"Termopozo de barra &#8211; con brida soldada &#8211; forma recta con extremo reducido\"}]},{\"@type\":\"WebSite\",\"@id\":\"https:\\\/\\\/thermibel.be\\\/es\\\/#website\",\"url\":\"https:\\\/\\\/thermibel.be\\\/es\\\/\",\"name\":\"Thermibel\",\"description\":\"Un Haut Degr\u00e9 de Qualit\u00e9\",\"publisher\":{\"@id\":\"https:\\\/\\\/thermibel.be\\\/es\\\/#organization\"},\"potentialAction\":[{\"@type\":\"SearchAction\",\"target\":{\"@type\":\"EntryPoint\",\"urlTemplate\":\"https:\\\/\\\/thermibel.be\\\/es\\\/?s={search_term_string}\"},\"query-input\":{\"@type\":\"PropertyValueSpecification\",\"valueRequired\":true,\"valueName\":\"search_term_string\"}}],\"inLanguage\":\"es-ES\"},{\"@type\":\"Organization\",\"@id\":\"https:\\\/\\\/thermibel.be\\\/es\\\/#organization\",\"name\":\"Thermibel\",\"url\":\"https:\\\/\\\/thermibel.be\\\/es\\\/\",\"logo\":{\"@type\":\"ImageObject\",\"inLanguage\":\"es-ES\",\"@id\":\"https:\\\/\\\/thermibel.be\\\/es\\\/#\\\/schema\\\/logo\\\/image\\\/\",\"url\":\"https:\\\/\\\/thermibel.be\\\/app\\\/uploads\\\/2023\\\/08\\\/logo_fr-1.png\",\"contentUrl\":\"https:\\\/\\\/thermibel.be\\\/app\\\/uploads\\\/2023\\\/08\\\/logo_fr-1.png\",\"width\":275,\"height\":59,\"caption\":\"Thermibel\"},\"image\":{\"@id\":\"https:\\\/\\\/thermibel.be\\\/es\\\/#\\\/schema\\\/logo\\\/image\\\/\"}}]}<\/script>\n<!-- \/ Yoast SEO plugin. -->","yoast_head_json":{"title":"Termopozo de barra - con brida soldada - forma recta con extremo reducido - Thermibel","robots":{"index":"index","follow":"follow","max-snippet":"max-snippet:-1","max-image-preview":"max-image-preview:large","max-video-preview":"max-video-preview:-1"},"canonical":"https:\/\/thermibel.be\/es\/product\/doigt-de-gant-hors-masse-avec-bride-soudee-forme-droite-avec-extremite-reduite\/","og_locale":"es_ES","og_type":"article","og_title":"Termopozo de barra - con brida soldada - forma recta con extremo reducido - Thermibel","og_description":"Longitud total: hasta 1100 mm Di\u00e1metro de perforaci\u00f3n : 6,5 mm o otro Extremo reducido para mejorar el tiempo de respuesta Brida seg\u00fan normas internacionales como EN 1092-1, DIN 2527, ASME\/ANSI, otros Racor instrumentaci\u00f3n G\u00bd&#8221;&#8221;, \u00bd&#8221;&#8221;NPT, otro (por definir)","og_url":"https:\/\/thermibel.be\/es\/product\/doigt-de-gant-hors-masse-avec-bride-soudee-forme-droite-avec-extremite-reduite\/","og_site_name":"Thermibel","article_modified_time":"2023-10-30T11:13:42+00:00","og_image":[{"width":695,"height":885,"url":"https:\/\/thermibel.be\/app\/uploads\/2023\/05\/108-v-TW011-01.jpg","type":"image\/jpeg"}],"twitter_card":"summary_large_image","twitter_misc":{"Tiempo de lectura":"1 minute"},"schema":{"@context":"https:\/\/schema.org","@graph":[{"@type":"WebPage","@id":"https:\/\/thermibel.be\/es\/product\/doigt-de-gant-hors-masse-avec-bride-soudee-forme-droite-avec-extremite-reduite\/","url":"https:\/\/thermibel.be\/es\/product\/doigt-de-gant-hors-masse-avec-bride-soudee-forme-droite-avec-extremite-reduite\/","name":"Termopozo de barra - con brida soldada - forma recta con extremo reducido - Thermibel","isPartOf":{"@id":"https:\/\/thermibel.be\/es\/#website"},"primaryImageOfPage":{"@id":"https:\/\/thermibel.be\/es\/product\/doigt-de-gant-hors-masse-avec-bride-soudee-forme-droite-avec-extremite-reduite\/#primaryimage"},"image":{"@id":"https:\/\/thermibel.be\/es\/product\/doigt-de-gant-hors-masse-avec-bride-soudee-forme-droite-avec-extremite-reduite\/#primaryimage"},"thumbnailUrl":"https:\/\/thermibel.be\/app\/uploads\/2023\/05\/108-v-TW011-01.jpg","datePublished":"2023-05-19T07:25:41+00:00","dateModified":"2023-10-30T11:13:42+00:00","breadcrumb":{"@id":"https:\/\/thermibel.be\/es\/product\/doigt-de-gant-hors-masse-avec-bride-soudee-forme-droite-avec-extremite-reduite\/#breadcrumb"},"inLanguage":"es-ES","potentialAction":[{"@type":"ReadAction","target":["https:\/\/thermibel.be\/es\/product\/doigt-de-gant-hors-masse-avec-bride-soudee-forme-droite-avec-extremite-reduite\/"]}]},{"@type":"ImageObject","inLanguage":"es-ES","@id":"https:\/\/thermibel.be\/es\/product\/doigt-de-gant-hors-masse-avec-bride-soudee-forme-droite-avec-extremite-reduite\/#primaryimage","url":"https:\/\/thermibel.be\/app\/uploads\/2023\/05\/108-v-TW011-01.jpg","contentUrl":"https:\/\/thermibel.be\/app\/uploads\/2023\/05\/108-v-TW011-01.jpg","width":695,"height":885,"caption":"Doigt de gant hors masse - avec bride soud\u00e9e - forme droite avec extr\u00e9mit\u00e9 r\u00e9duite"},{"@type":"BreadcrumbList","@id":"https:\/\/thermibel.be\/es\/product\/doigt-de-gant-hors-masse-avec-bride-soudee-forme-droite-avec-extremite-reduite\/#breadcrumb","itemListElement":[{"@type":"ListItem","position":1,"name":"Products","item":"https:\/\/thermibel.be\/es\/shop\/"},{"@type":"ListItem","position":2,"name":"Termopozo de barra &#8211; con brida soldada &#8211; forma recta con extremo reducido"}]},{"@type":"WebSite","@id":"https:\/\/thermibel.be\/es\/#website","url":"https:\/\/thermibel.be\/es\/","name":"Thermibel","description":"Un Haut Degr\u00e9 de Qualit\u00e9","publisher":{"@id":"https:\/\/thermibel.be\/es\/#organization"},"potentialAction":[{"@type":"SearchAction","target":{"@type":"EntryPoint","urlTemplate":"https:\/\/thermibel.be\/es\/?s={search_term_string}"},"query-input":{"@type":"PropertyValueSpecification","valueRequired":true,"valueName":"search_term_string"}}],"inLanguage":"es-ES"},{"@type":"Organization","@id":"https:\/\/thermibel.be\/es\/#organization","name":"Thermibel","url":"https:\/\/thermibel.be\/es\/","logo":{"@type":"ImageObject","inLanguage":"es-ES","@id":"https:\/\/thermibel.be\/es\/#\/schema\/logo\/image\/","url":"https:\/\/thermibel.be\/app\/uploads\/2023\/08\/logo_fr-1.png","contentUrl":"https:\/\/thermibel.be\/app\/uploads\/2023\/08\/logo_fr-1.png","width":275,"height":59,"caption":"Thermibel"},"image":{"@id":"https:\/\/thermibel.be\/es\/#\/schema\/logo\/image\/"}}]}},"_links":{"self":[{"href":"https:\/\/thermibel.be\/es\/wp-json\/wp\/v2\/product\/2193","targetHints":{"allow":["GET"]}}],"collection":[{"href":"https:\/\/thermibel.be\/es\/wp-json\/wp\/v2\/product"}],"about":[{"href":"https:\/\/thermibel.be\/es\/wp-json\/wp\/v2\/types\/product"}],"wp:featuredmedia":[{"embeddable":true,"href":"https:\/\/thermibel.be\/es\/wp-json\/wp\/v2\/media\/3649"}],"wp:attachment":[{"href":"https:\/\/thermibel.be\/es\/wp-json\/wp\/v2\/media?parent=2193"}],"wp:term":[{"taxonomy":"product_brand","embeddable":true,"href":"https:\/\/thermibel.be\/es\/wp-json\/wp\/v2\/product_brand?post=2193"},{"taxonomy":"product_cat","embeddable":true,"href":"https:\/\/thermibel.be\/es\/wp-json\/wp\/v2\/product_cat?post=2193"},{"taxonomy":"product_tag","embeddable":true,"href":"https:\/\/thermibel.be\/es\/wp-json\/wp\/v2\/product_tag?post=2193"}],"curies":[{"name":"wp","href":"https:\/\/api.w.org\/{rel}","templated":true}]}}