{"id":2184,"date":"2023-05-17T14:17:18","date_gmt":"2023-05-17T14:17:18","guid":{"rendered":"https:\/\/thermibel.be\/product\/element-de-mesure-si9\/"},"modified":"2023-11-03T12:11:04","modified_gmt":"2023-11-03T12:11:04","slug":"element-de-mesure-si9","status":"publish","type":"product","link":"https:\/\/thermibel.be\/es\/product\/element-de-mesure-si9\/","title":{"rendered":"Inserto de medici\u00f3n Pt100 de la serie SI9"},"content":{"rendered":"<h3>Elemento sensor<\/h3>\n<p>Elemento Pt100 simple o doble. Elemento Pt1000 disponible bajo pedido.<br \/>\nClase de tolerancia B, A o AA seg\u00fan IEC 751 (EN 60751)<br \/>\nCapa protectora: acero inoxidable<br \/>\nDi\u00e1metro : est\u00e1ndar de 6 mm (4,5 y 8 mm disponibles bajo pedido)<br \/>\nLongitud<\/p>\n<h3>Rango de temperatura<\/h3>\n<p>Est\u00e1ndar -200 a 600\u00b0C.<\/p>\n<h3>Cabeza de conexi\u00f3n<\/h3>\n<p>Acorde aDIN43762 \u2013 Tornillos M4 espaciados a 33mm<br \/>\nMecanismo de muelle cargado para asegurar mejor contacto con el fondo del termopozo o para absorci\u00f3n de vibraciones.<\/p>\n<h3>Cableado<\/h3>\n<p>Bloque terminal cer\u00e1mico est\u00e1ndar, conexi\u00f3n 1&#215;3-hilos<br \/>\n(Las conexiones 1&#215;2, 1&#215;4, 2&#215;2, 2&#215;3-hilos disponibles bajo pedido).<\/p>\n","protected":false},"excerpt":{"rendered":"<p>Insert de mesure pour sondes Thermibel s\u00e9ries 6 et 8. Se monte \u00e9galement sur des mod\u00e8les d&#8217;autres marques gr\u00e2ce \u00e0 des dimensions standard &#8211; Action sur ressorts<\/p>\n","protected":false},"featured_media":4757,"template":"","meta":{"_acf_changed":false,"om_disable_all_campaigns":false,"_monsterinsights_skip_tracking":false,"_monsterinsights_sitenote_active":false,"_monsterinsights_sitenote_note":"","_monsterinsights_sitenote_category":0,"_uf_show_specific_survey":0,"_uf_disable_surveys":false},"product_brand":[],"product_cat":[61,179],"product_tag":[],"class_list":{"0":"post-2184","1":"product","2":"type-product","3":"status-publish","4":"has-post-thumbnail","6":"product_cat-sondes_es","7":"product_cat-sondas_con_cabezal","9":"first","10":"instock","11":"shipping-taxable","12":"product-type-simple"},"acf":[],"aioseo_notices":[],"yoast_head":"<!-- This site is optimized with the Yoast SEO plugin v27.4 - https:\/\/yoast.com\/product\/yoast-seo-wordpress\/ -->\n<title>Inserto de medici\u00f3n Pt100 de la serie SI9 - Thermibel<\/title>\n<meta name=\"robots\" content=\"index, follow, max-snippet:-1, max-image-preview:large, max-video-preview:-1\" \/>\n<link rel=\"canonical\" href=\"https:\/\/thermibel.be\/es\/product\/element-de-mesure-si9\/\" \/>\n<meta property=\"og:locale\" content=\"es_ES\" \/>\n<meta property=\"og:type\" content=\"article\" \/>\n<meta property=\"og:title\" content=\"Inserto de medici\u00f3n Pt100 de la serie SI9 - Thermibel\" \/>\n<meta property=\"og:description\" content=\"Insert de mesure pour sondes Thermibel s\u00e9ries 6 et 8. Se monte \u00e9galement sur des mod\u00e8les d&#039;autres marques gr\u00e2ce \u00e0 des dimensions standard - Action sur ressorts\" \/>\n<meta property=\"og:url\" content=\"https:\/\/thermibel.be\/es\/product\/element-de-mesure-si9\/\" \/>\n<meta property=\"og:site_name\" content=\"Thermibel\" \/>\n<meta property=\"article:modified_time\" content=\"2023-11-03T12:11:04+00:00\" \/>\n<meta property=\"og:image\" content=\"https:\/\/thermibel.be\/app\/uploads\/2023\/05\/SI9-vertical-new.png\" \/>\n\t<meta property=\"og:image:width\" content=\"817\" \/>\n\t<meta property=\"og:image:height\" content=\"1654\" \/>\n\t<meta property=\"og:image:type\" content=\"image\/png\" \/>\n<meta name=\"twitter:card\" content=\"summary_large_image\" \/>\n<meta name=\"twitter:label1\" content=\"Tiempo de lectura\" \/>\n\t<meta name=\"twitter:data1\" content=\"1 minute\" \/>\n<script type=\"application\/ld+json\" class=\"yoast-schema-graph\">{\"@context\":\"https:\\\/\\\/schema.org\",\"@graph\":[{\"@type\":\"WebPage\",\"@id\":\"https:\\\/\\\/thermibel.be\\\/es\\\/product\\\/element-de-mesure-si9\\\/\",\"url\":\"https:\\\/\\\/thermibel.be\\\/es\\\/product\\\/element-de-mesure-si9\\\/\",\"name\":\"Inserto de medici\u00f3n Pt100 de la serie SI9 - Thermibel\",\"isPartOf\":{\"@id\":\"https:\\\/\\\/thermibel.be\\\/es\\\/#website\"},\"primaryImageOfPage\":{\"@id\":\"https:\\\/\\\/thermibel.be\\\/es\\\/product\\\/element-de-mesure-si9\\\/#primaryimage\"},\"image\":{\"@id\":\"https:\\\/\\\/thermibel.be\\\/es\\\/product\\\/element-de-mesure-si9\\\/#primaryimage\"},\"thumbnailUrl\":\"https:\\\/\\\/thermibel.be\\\/app\\\/uploads\\\/2023\\\/05\\\/SI9-vertical-new.png\",\"datePublished\":\"2023-05-17T14:17:18+00:00\",\"dateModified\":\"2023-11-03T12:11:04+00:00\",\"breadcrumb\":{\"@id\":\"https:\\\/\\\/thermibel.be\\\/es\\\/product\\\/element-de-mesure-si9\\\/#breadcrumb\"},\"inLanguage\":\"es-ES\",\"potentialAction\":[{\"@type\":\"ReadAction\",\"target\":[\"https:\\\/\\\/thermibel.be\\\/es\\\/product\\\/element-de-mesure-si9\\\/\"]}]},{\"@type\":\"ImageObject\",\"inLanguage\":\"es-ES\",\"@id\":\"https:\\\/\\\/thermibel.be\\\/es\\\/product\\\/element-de-mesure-si9\\\/#primaryimage\",\"url\":\"https:\\\/\\\/thermibel.be\\\/app\\\/uploads\\\/2023\\\/05\\\/SI9-vertical-new.png\",\"contentUrl\":\"https:\\\/\\\/thermibel.be\\\/app\\\/uploads\\\/2023\\\/05\\\/SI9-vertical-new.png\",\"width\":817,\"height\":1654},{\"@type\":\"BreadcrumbList\",\"@id\":\"https:\\\/\\\/thermibel.be\\\/es\\\/product\\\/element-de-mesure-si9\\\/#breadcrumb\",\"itemListElement\":[{\"@type\":\"ListItem\",\"position\":1,\"name\":\"Products\",\"item\":\"https:\\\/\\\/thermibel.be\\\/es\\\/shop\\\/\"},{\"@type\":\"ListItem\",\"position\":2,\"name\":\"Inserto de medici\u00f3n Pt100 de la serie SI9\"}]},{\"@type\":\"WebSite\",\"@id\":\"https:\\\/\\\/thermibel.be\\\/es\\\/#website\",\"url\":\"https:\\\/\\\/thermibel.be\\\/es\\\/\",\"name\":\"Thermibel\",\"description\":\"Un Haut Degr\u00e9 de Qualit\u00e9\",\"publisher\":{\"@id\":\"https:\\\/\\\/thermibel.be\\\/es\\\/#organization\"},\"potentialAction\":[{\"@type\":\"SearchAction\",\"target\":{\"@type\":\"EntryPoint\",\"urlTemplate\":\"https:\\\/\\\/thermibel.be\\\/es\\\/?s={search_term_string}\"},\"query-input\":{\"@type\":\"PropertyValueSpecification\",\"valueRequired\":true,\"valueName\":\"search_term_string\"}}],\"inLanguage\":\"es-ES\"},{\"@type\":\"Organization\",\"@id\":\"https:\\\/\\\/thermibel.be\\\/es\\\/#organization\",\"name\":\"Thermibel\",\"url\":\"https:\\\/\\\/thermibel.be\\\/es\\\/\",\"logo\":{\"@type\":\"ImageObject\",\"inLanguage\":\"es-ES\",\"@id\":\"https:\\\/\\\/thermibel.be\\\/es\\\/#\\\/schema\\\/logo\\\/image\\\/\",\"url\":\"https:\\\/\\\/thermibel.be\\\/app\\\/uploads\\\/2023\\\/08\\\/logo_fr-1.png\",\"contentUrl\":\"https:\\\/\\\/thermibel.be\\\/app\\\/uploads\\\/2023\\\/08\\\/logo_fr-1.png\",\"width\":275,\"height\":59,\"caption\":\"Thermibel\"},\"image\":{\"@id\":\"https:\\\/\\\/thermibel.be\\\/es\\\/#\\\/schema\\\/logo\\\/image\\\/\"}}]}<\/script>\n<!-- \/ Yoast SEO plugin. -->","yoast_head_json":{"title":"Inserto de medici\u00f3n Pt100 de la serie SI9 - Thermibel","robots":{"index":"index","follow":"follow","max-snippet":"max-snippet:-1","max-image-preview":"max-image-preview:large","max-video-preview":"max-video-preview:-1"},"canonical":"https:\/\/thermibel.be\/es\/product\/element-de-mesure-si9\/","og_locale":"es_ES","og_type":"article","og_title":"Inserto de medici\u00f3n Pt100 de la serie SI9 - Thermibel","og_description":"Insert de mesure pour sondes Thermibel s\u00e9ries 6 et 8. Se monte \u00e9galement sur des mod\u00e8les d'autres marques gr\u00e2ce \u00e0 des dimensions standard - Action sur ressorts","og_url":"https:\/\/thermibel.be\/es\/product\/element-de-mesure-si9\/","og_site_name":"Thermibel","article_modified_time":"2023-11-03T12:11:04+00:00","og_image":[{"width":817,"height":1654,"url":"https:\/\/thermibel.be\/app\/uploads\/2023\/05\/SI9-vertical-new.png","type":"image\/png"}],"twitter_card":"summary_large_image","twitter_misc":{"Tiempo de lectura":"1 minute"},"schema":{"@context":"https:\/\/schema.org","@graph":[{"@type":"WebPage","@id":"https:\/\/thermibel.be\/es\/product\/element-de-mesure-si9\/","url":"https:\/\/thermibel.be\/es\/product\/element-de-mesure-si9\/","name":"Inserto de medici\u00f3n Pt100 de la serie SI9 - Thermibel","isPartOf":{"@id":"https:\/\/thermibel.be\/es\/#website"},"primaryImageOfPage":{"@id":"https:\/\/thermibel.be\/es\/product\/element-de-mesure-si9\/#primaryimage"},"image":{"@id":"https:\/\/thermibel.be\/es\/product\/element-de-mesure-si9\/#primaryimage"},"thumbnailUrl":"https:\/\/thermibel.be\/app\/uploads\/2023\/05\/SI9-vertical-new.png","datePublished":"2023-05-17T14:17:18+00:00","dateModified":"2023-11-03T12:11:04+00:00","breadcrumb":{"@id":"https:\/\/thermibel.be\/es\/product\/element-de-mesure-si9\/#breadcrumb"},"inLanguage":"es-ES","potentialAction":[{"@type":"ReadAction","target":["https:\/\/thermibel.be\/es\/product\/element-de-mesure-si9\/"]}]},{"@type":"ImageObject","inLanguage":"es-ES","@id":"https:\/\/thermibel.be\/es\/product\/element-de-mesure-si9\/#primaryimage","url":"https:\/\/thermibel.be\/app\/uploads\/2023\/05\/SI9-vertical-new.png","contentUrl":"https:\/\/thermibel.be\/app\/uploads\/2023\/05\/SI9-vertical-new.png","width":817,"height":1654},{"@type":"BreadcrumbList","@id":"https:\/\/thermibel.be\/es\/product\/element-de-mesure-si9\/#breadcrumb","itemListElement":[{"@type":"ListItem","position":1,"name":"Products","item":"https:\/\/thermibel.be\/es\/shop\/"},{"@type":"ListItem","position":2,"name":"Inserto de medici\u00f3n Pt100 de la serie SI9"}]},{"@type":"WebSite","@id":"https:\/\/thermibel.be\/es\/#website","url":"https:\/\/thermibel.be\/es\/","name":"Thermibel","description":"Un Haut Degr\u00e9 de Qualit\u00e9","publisher":{"@id":"https:\/\/thermibel.be\/es\/#organization"},"potentialAction":[{"@type":"SearchAction","target":{"@type":"EntryPoint","urlTemplate":"https:\/\/thermibel.be\/es\/?s={search_term_string}"},"query-input":{"@type":"PropertyValueSpecification","valueRequired":true,"valueName":"search_term_string"}}],"inLanguage":"es-ES"},{"@type":"Organization","@id":"https:\/\/thermibel.be\/es\/#organization","name":"Thermibel","url":"https:\/\/thermibel.be\/es\/","logo":{"@type":"ImageObject","inLanguage":"es-ES","@id":"https:\/\/thermibel.be\/es\/#\/schema\/logo\/image\/","url":"https:\/\/thermibel.be\/app\/uploads\/2023\/08\/logo_fr-1.png","contentUrl":"https:\/\/thermibel.be\/app\/uploads\/2023\/08\/logo_fr-1.png","width":275,"height":59,"caption":"Thermibel"},"image":{"@id":"https:\/\/thermibel.be\/es\/#\/schema\/logo\/image\/"}}]}},"_links":{"self":[{"href":"https:\/\/thermibel.be\/es\/wp-json\/wp\/v2\/product\/2184","targetHints":{"allow":["GET"]}}],"collection":[{"href":"https:\/\/thermibel.be\/es\/wp-json\/wp\/v2\/product"}],"about":[{"href":"https:\/\/thermibel.be\/es\/wp-json\/wp\/v2\/types\/product"}],"wp:featuredmedia":[{"embeddable":true,"href":"https:\/\/thermibel.be\/es\/wp-json\/wp\/v2\/media\/4757"}],"wp:attachment":[{"href":"https:\/\/thermibel.be\/es\/wp-json\/wp\/v2\/media?parent=2184"}],"wp:term":[{"taxonomy":"product_brand","embeddable":true,"href":"https:\/\/thermibel.be\/es\/wp-json\/wp\/v2\/product_brand?post=2184"},{"taxonomy":"product_cat","embeddable":true,"href":"https:\/\/thermibel.be\/es\/wp-json\/wp\/v2\/product_cat?post=2184"},{"taxonomy":"product_tag","embeddable":true,"href":"https:\/\/thermibel.be\/es\/wp-json\/wp\/v2\/product_tag?post=2184"}],"curies":[{"name":"wp","href":"https:\/\/api.w.org\/{rel}","templated":true}]}}