{"id":2172,"date":"2023-05-17T14:17:19","date_gmt":"2023-05-17T14:17:19","guid":{"rendered":"https:\/\/thermibel.be\/product\/serie-si1105-sondes-de-temperature-avec-cable\/"},"modified":"2023-11-03T12:09:58","modified_gmt":"2023-11-03T12:09:58","slug":"serie-si1105-sondes-de-temperature-avec-cable","status":"publish","type":"product","link":"https:\/\/thermibel.be\/es\/product\/serie-si1105-sondes-de-temperature-avec-cable\/","title":{"rendered":"Sonda de la serie SI1105 con cable"},"content":{"rendered":"<h3>Elemento sensor<\/h3>\n<p>Elemento Pt100 simple o doble<br \/>\nClase de tolerancia B, A o AA seg\u00fan IEC 751 (EN 60751)<\/p>\n<h3>Rango de temperatura<\/h3>\n<p>est\u00e1ndar -200 a +260\u00b0C<\/p>\n<h3>Funda externa<\/h3>\n<p>Tubo AISI 316L sin costura -espesor de pared 1 mm<br \/>\nDi\u00e1metro: 6 mm, otros di\u00e1metros disponibles bajo pedido.<br \/>\nLongitud est\u00e1ndar 50 o 100 mm, otras longitudes disponibles bajo pedido.<\/p>\n<h3>Racor proceso<\/h3>\n<p>Ninguno<br \/>\nRacor deslizante en opci\u00f3n<\/p>\n<h3>Cable<\/h3>\n<p>Por defecto en PFA. Otros materiales aislantes disponibles bajo pedido (ver cat\u00e1logo de cables de instrumentaci\u00f3n).<br \/>\nLongitud de cable : 1 metro, otras longitudes disponibles en opci\u00f3n<\/p>\n<h3>Cableado<\/h3>\n<p>Conexi\u00f3n 1 x 3-hilos. (Las conexiones 1&#215;2, 1&#215;4, 2&#215;2, 2&#215;3-hilos disponibles bajo pedido).<\/p>\n","protected":false},"excerpt":{"rendered":"<p>Elemento sensor Elemento Pt100 simple o doble Clase de tolerancia B, A o AA seg\u00fan IEC 751 (EN 60751) Rango de temperatura est\u00e1ndar -200 a +260\u00b0C Funda externa Tubo AISI 316L sin costura -espesor de pared 1 mm Di\u00e1metro: 6 mm, otros di\u00e1metros disponibles bajo pedido. Longitud est\u00e1ndar 50 o 100 mm, otras longitudes disponibles [&hellip;]<\/p>\n","protected":false},"featured_media":4194,"template":"","meta":{"_acf_changed":false,"om_disable_all_campaigns":false,"_monsterinsights_skip_tracking":false,"_monsterinsights_sitenote_active":false,"_monsterinsights_sitenote_note":"","_monsterinsights_sitenote_category":0,"_uf_show_specific_survey":0,"_uf_disable_surveys":false},"product_brand":[],"product_cat":[61,171],"product_tag":[],"class_list":{"0":"post-2172","1":"product","2":"type-product","3":"status-publish","4":"has-post-thumbnail","6":"product_cat-sondes_es","7":"product_cat-sondas_a_cable","9":"first","10":"instock","11":"shipping-taxable","12":"product-type-simple"},"acf":[],"aioseo_notices":[],"yoast_head":"<!-- This site is optimized with the Yoast SEO plugin v27.4 - https:\/\/yoast.com\/product\/yoast-seo-wordpress\/ -->\n<title>Sonda de la serie SI1105 con cable - Thermibel<\/title>\n<meta name=\"robots\" content=\"index, follow, max-snippet:-1, max-image-preview:large, max-video-preview:-1\" \/>\n<link rel=\"canonical\" href=\"https:\/\/thermibel.be\/es\/product\/serie-si1105-sondes-de-temperature-avec-cable\/\" \/>\n<meta property=\"og:locale\" content=\"es_ES\" \/>\n<meta property=\"og:type\" content=\"article\" \/>\n<meta property=\"og:title\" content=\"Sonda de la serie SI1105 con cable - Thermibel\" \/>\n<meta property=\"og:description\" content=\"Elemento sensor Elemento Pt100 simple o doble Clase de tolerancia B, A o AA seg\u00fan IEC 751 (EN 60751) Rango de temperatura est\u00e1ndar -200 a +260\u00b0C Funda externa Tubo AISI 316L sin costura -espesor de pared 1 mm Di\u00e1metro: 6 mm, otros di\u00e1metros disponibles bajo pedido. Longitud est\u00e1ndar 50 o 100 mm, otras longitudes disponibles [&hellip;]\" \/>\n<meta property=\"og:url\" content=\"https:\/\/thermibel.be\/es\/product\/serie-si1105-sondes-de-temperature-avec-cable\/\" \/>\n<meta property=\"og:site_name\" content=\"Thermibel\" \/>\n<meta property=\"article:modified_time\" content=\"2023-11-03T12:09:58+00:00\" \/>\n<meta property=\"og:image\" content=\"https:\/\/thermibel.be\/app\/uploads\/2023\/05\/SI1105-vertical.png\" \/>\n\t<meta property=\"og:image:width\" content=\"600\" \/>\n\t<meta property=\"og:image:height\" content=\"2804\" \/>\n\t<meta property=\"og:image:type\" content=\"image\/png\" \/>\n<meta name=\"twitter:card\" content=\"summary_large_image\" \/>\n<meta name=\"twitter:label1\" content=\"Tiempo de lectura\" \/>\n\t<meta name=\"twitter:data1\" content=\"1 minute\" \/>\n<script type=\"application\/ld+json\" class=\"yoast-schema-graph\">{\"@context\":\"https:\\\/\\\/schema.org\",\"@graph\":[{\"@type\":\"WebPage\",\"@id\":\"https:\\\/\\\/thermibel.be\\\/es\\\/product\\\/serie-si1105-sondes-de-temperature-avec-cable\\\/\",\"url\":\"https:\\\/\\\/thermibel.be\\\/es\\\/product\\\/serie-si1105-sondes-de-temperature-avec-cable\\\/\",\"name\":\"Sonda de la serie SI1105 con cable - Thermibel\",\"isPartOf\":{\"@id\":\"https:\\\/\\\/thermibel.be\\\/es\\\/#website\"},\"primaryImageOfPage\":{\"@id\":\"https:\\\/\\\/thermibel.be\\\/es\\\/product\\\/serie-si1105-sondes-de-temperature-avec-cable\\\/#primaryimage\"},\"image\":{\"@id\":\"https:\\\/\\\/thermibel.be\\\/es\\\/product\\\/serie-si1105-sondes-de-temperature-avec-cable\\\/#primaryimage\"},\"thumbnailUrl\":\"https:\\\/\\\/thermibel.be\\\/app\\\/uploads\\\/2023\\\/05\\\/SI1105-vertical.png\",\"datePublished\":\"2023-05-17T14:17:19+00:00\",\"dateModified\":\"2023-11-03T12:09:58+00:00\",\"breadcrumb\":{\"@id\":\"https:\\\/\\\/thermibel.be\\\/es\\\/product\\\/serie-si1105-sondes-de-temperature-avec-cable\\\/#breadcrumb\"},\"inLanguage\":\"es-ES\",\"potentialAction\":[{\"@type\":\"ReadAction\",\"target\":[\"https:\\\/\\\/thermibel.be\\\/es\\\/product\\\/serie-si1105-sondes-de-temperature-avec-cable\\\/\"]}]},{\"@type\":\"ImageObject\",\"inLanguage\":\"es-ES\",\"@id\":\"https:\\\/\\\/thermibel.be\\\/es\\\/product\\\/serie-si1105-sondes-de-temperature-avec-cable\\\/#primaryimage\",\"url\":\"https:\\\/\\\/thermibel.be\\\/app\\\/uploads\\\/2023\\\/05\\\/SI1105-vertical.png\",\"contentUrl\":\"https:\\\/\\\/thermibel.be\\\/app\\\/uploads\\\/2023\\\/05\\\/SI1105-vertical.png\",\"width\":600,\"height\":2804},{\"@type\":\"BreadcrumbList\",\"@id\":\"https:\\\/\\\/thermibel.be\\\/es\\\/product\\\/serie-si1105-sondes-de-temperature-avec-cable\\\/#breadcrumb\",\"itemListElement\":[{\"@type\":\"ListItem\",\"position\":1,\"name\":\"Products\",\"item\":\"https:\\\/\\\/thermibel.be\\\/es\\\/shop\\\/\"},{\"@type\":\"ListItem\",\"position\":2,\"name\":\"Sonda de la serie SI1105 con cable\"}]},{\"@type\":\"WebSite\",\"@id\":\"https:\\\/\\\/thermibel.be\\\/es\\\/#website\",\"url\":\"https:\\\/\\\/thermibel.be\\\/es\\\/\",\"name\":\"Thermibel\",\"description\":\"Un Haut Degr\u00e9 de Qualit\u00e9\",\"publisher\":{\"@id\":\"https:\\\/\\\/thermibel.be\\\/es\\\/#organization\"},\"potentialAction\":[{\"@type\":\"SearchAction\",\"target\":{\"@type\":\"EntryPoint\",\"urlTemplate\":\"https:\\\/\\\/thermibel.be\\\/es\\\/?s={search_term_string}\"},\"query-input\":{\"@type\":\"PropertyValueSpecification\",\"valueRequired\":true,\"valueName\":\"search_term_string\"}}],\"inLanguage\":\"es-ES\"},{\"@type\":\"Organization\",\"@id\":\"https:\\\/\\\/thermibel.be\\\/es\\\/#organization\",\"name\":\"Thermibel\",\"url\":\"https:\\\/\\\/thermibel.be\\\/es\\\/\",\"logo\":{\"@type\":\"ImageObject\",\"inLanguage\":\"es-ES\",\"@id\":\"https:\\\/\\\/thermibel.be\\\/es\\\/#\\\/schema\\\/logo\\\/image\\\/\",\"url\":\"https:\\\/\\\/thermibel.be\\\/app\\\/uploads\\\/2023\\\/08\\\/logo_fr-1.png\",\"contentUrl\":\"https:\\\/\\\/thermibel.be\\\/app\\\/uploads\\\/2023\\\/08\\\/logo_fr-1.png\",\"width\":275,\"height\":59,\"caption\":\"Thermibel\"},\"image\":{\"@id\":\"https:\\\/\\\/thermibel.be\\\/es\\\/#\\\/schema\\\/logo\\\/image\\\/\"}}]}<\/script>\n<!-- \/ Yoast SEO plugin. -->","yoast_head_json":{"title":"Sonda de la serie SI1105 con cable - Thermibel","robots":{"index":"index","follow":"follow","max-snippet":"max-snippet:-1","max-image-preview":"max-image-preview:large","max-video-preview":"max-video-preview:-1"},"canonical":"https:\/\/thermibel.be\/es\/product\/serie-si1105-sondes-de-temperature-avec-cable\/","og_locale":"es_ES","og_type":"article","og_title":"Sonda de la serie SI1105 con cable - Thermibel","og_description":"Elemento sensor Elemento Pt100 simple o doble Clase de tolerancia B, A o AA seg\u00fan IEC 751 (EN 60751) Rango de temperatura est\u00e1ndar -200 a +260\u00b0C Funda externa Tubo AISI 316L sin costura -espesor de pared 1 mm Di\u00e1metro: 6 mm, otros di\u00e1metros disponibles bajo pedido. Longitud est\u00e1ndar 50 o 100 mm, otras longitudes disponibles [&hellip;]","og_url":"https:\/\/thermibel.be\/es\/product\/serie-si1105-sondes-de-temperature-avec-cable\/","og_site_name":"Thermibel","article_modified_time":"2023-11-03T12:09:58+00:00","og_image":[{"width":600,"height":2804,"url":"https:\/\/thermibel.be\/app\/uploads\/2023\/05\/SI1105-vertical.png","type":"image\/png"}],"twitter_card":"summary_large_image","twitter_misc":{"Tiempo de lectura":"1 minute"},"schema":{"@context":"https:\/\/schema.org","@graph":[{"@type":"WebPage","@id":"https:\/\/thermibel.be\/es\/product\/serie-si1105-sondes-de-temperature-avec-cable\/","url":"https:\/\/thermibel.be\/es\/product\/serie-si1105-sondes-de-temperature-avec-cable\/","name":"Sonda de la serie SI1105 con cable - Thermibel","isPartOf":{"@id":"https:\/\/thermibel.be\/es\/#website"},"primaryImageOfPage":{"@id":"https:\/\/thermibel.be\/es\/product\/serie-si1105-sondes-de-temperature-avec-cable\/#primaryimage"},"image":{"@id":"https:\/\/thermibel.be\/es\/product\/serie-si1105-sondes-de-temperature-avec-cable\/#primaryimage"},"thumbnailUrl":"https:\/\/thermibel.be\/app\/uploads\/2023\/05\/SI1105-vertical.png","datePublished":"2023-05-17T14:17:19+00:00","dateModified":"2023-11-03T12:09:58+00:00","breadcrumb":{"@id":"https:\/\/thermibel.be\/es\/product\/serie-si1105-sondes-de-temperature-avec-cable\/#breadcrumb"},"inLanguage":"es-ES","potentialAction":[{"@type":"ReadAction","target":["https:\/\/thermibel.be\/es\/product\/serie-si1105-sondes-de-temperature-avec-cable\/"]}]},{"@type":"ImageObject","inLanguage":"es-ES","@id":"https:\/\/thermibel.be\/es\/product\/serie-si1105-sondes-de-temperature-avec-cable\/#primaryimage","url":"https:\/\/thermibel.be\/app\/uploads\/2023\/05\/SI1105-vertical.png","contentUrl":"https:\/\/thermibel.be\/app\/uploads\/2023\/05\/SI1105-vertical.png","width":600,"height":2804},{"@type":"BreadcrumbList","@id":"https:\/\/thermibel.be\/es\/product\/serie-si1105-sondes-de-temperature-avec-cable\/#breadcrumb","itemListElement":[{"@type":"ListItem","position":1,"name":"Products","item":"https:\/\/thermibel.be\/es\/shop\/"},{"@type":"ListItem","position":2,"name":"Sonda de la serie SI1105 con cable"}]},{"@type":"WebSite","@id":"https:\/\/thermibel.be\/es\/#website","url":"https:\/\/thermibel.be\/es\/","name":"Thermibel","description":"Un Haut Degr\u00e9 de Qualit\u00e9","publisher":{"@id":"https:\/\/thermibel.be\/es\/#organization"},"potentialAction":[{"@type":"SearchAction","target":{"@type":"EntryPoint","urlTemplate":"https:\/\/thermibel.be\/es\/?s={search_term_string}"},"query-input":{"@type":"PropertyValueSpecification","valueRequired":true,"valueName":"search_term_string"}}],"inLanguage":"es-ES"},{"@type":"Organization","@id":"https:\/\/thermibel.be\/es\/#organization","name":"Thermibel","url":"https:\/\/thermibel.be\/es\/","logo":{"@type":"ImageObject","inLanguage":"es-ES","@id":"https:\/\/thermibel.be\/es\/#\/schema\/logo\/image\/","url":"https:\/\/thermibel.be\/app\/uploads\/2023\/08\/logo_fr-1.png","contentUrl":"https:\/\/thermibel.be\/app\/uploads\/2023\/08\/logo_fr-1.png","width":275,"height":59,"caption":"Thermibel"},"image":{"@id":"https:\/\/thermibel.be\/es\/#\/schema\/logo\/image\/"}}]}},"_links":{"self":[{"href":"https:\/\/thermibel.be\/es\/wp-json\/wp\/v2\/product\/2172","targetHints":{"allow":["GET"]}}],"collection":[{"href":"https:\/\/thermibel.be\/es\/wp-json\/wp\/v2\/product"}],"about":[{"href":"https:\/\/thermibel.be\/es\/wp-json\/wp\/v2\/types\/product"}],"wp:featuredmedia":[{"embeddable":true,"href":"https:\/\/thermibel.be\/es\/wp-json\/wp\/v2\/media\/4194"}],"wp:attachment":[{"href":"https:\/\/thermibel.be\/es\/wp-json\/wp\/v2\/media?parent=2172"}],"wp:term":[{"taxonomy":"product_brand","embeddable":true,"href":"https:\/\/thermibel.be\/es\/wp-json\/wp\/v2\/product_brand?post=2172"},{"taxonomy":"product_cat","embeddable":true,"href":"https:\/\/thermibel.be\/es\/wp-json\/wp\/v2\/product_cat?post=2172"},{"taxonomy":"product_tag","embeddable":true,"href":"https:\/\/thermibel.be\/es\/wp-json\/wp\/v2\/product_tag?post=2172"}],"curies":[{"name":"wp","href":"https:\/\/api.w.org\/{rel}","templated":true}]}}