{"id":2163,"date":"2023-05-17T14:17:19","date_gmt":"2023-05-17T14:17:19","guid":{"rendered":"https:\/\/thermibel.be\/product\/sonde-dambiance-externe-wsr\/"},"modified":"2023-11-06T13:54:09","modified_gmt":"2023-11-06T13:54:09","slug":"sonde-dambiance-externe-wsr","status":"publish","type":"product","link":"https:\/\/thermibel.be\/es\/product\/sonde-dambiance-externe-wsr\/","title":{"rendered":"Sonda de la serie WSR para temperatura ambiente en exteriores con elemento sensor no reemplazable"},"content":{"rendered":"<h3>Elemento sensor<\/h3>\n<p>Elemento Pt100 simple<br \/>\nClase de tolerancia B o A seg\u00fan IEC 751 (EN 60751)<\/p>\n<h3>Rango de temperatura<\/h3>\n<p>-30 a +70\u00b0C<\/p>\n<h3>Funda externa<\/h3>\n<p>Tubo AISI 316L sin costura<br \/>\nDi\u00e1metro: 5 mm<br \/>\nLongitud est\u00e1ndar 90 mm, otras longitudes disponibles bajo pedido.<\/p>\n<h3>Caja de conexiones<\/h3>\n<p>Caja de conexiones ABS 52x50x35 mm adecuado para montaje en paredes<br \/>\nGrado de protecci\u00f3n IP 65<br \/>\nNota: La caja de conexiones es mayor para sondas con transmisor incorporado o certificado Exia.<\/p>\n<h3>Cableado<\/h3>\n<p>Bloque terminal est\u00e1ndar &#8211; conexi\u00f3n 1 x 3hilos, si posee un transmisor incorporado la conexi\u00f3n es de 2 hilos.<\/p>\n","protected":false},"excerpt":{"rendered":"<p>Elemento sensor Elemento Pt100 simple Clase de tolerancia B o A seg\u00fan IEC 751 (EN 60751) Rango de temperatura -30 a +70\u00b0C Funda externa Tubo AISI 316L sin costura Di\u00e1metro: 5 mm Longitud est\u00e1ndar 90 mm, otras longitudes disponibles bajo pedido. Caja de conexiones Caja de conexiones ABS 52x50x35 mm adecuado para montaje en paredes [&hellip;]<\/p>\n","protected":false},"featured_media":5595,"template":"","meta":{"_acf_changed":false,"om_disable_all_campaigns":false,"_monsterinsights_skip_tracking":false,"_monsterinsights_sitenote_active":false,"_monsterinsights_sitenote_note":"","_monsterinsights_sitenote_category":0,"_uf_show_specific_survey":0,"_uf_disable_surveys":false},"product_brand":[],"product_cat":[61,182],"product_tag":[],"class_list":{"0":"post-2163","1":"product","2":"type-product","3":"status-publish","4":"has-post-thumbnail","6":"product_cat-sondes_es","7":"product_cat-sondes_de_ambiente","9":"first","10":"instock","11":"shipping-taxable","12":"product-type-simple"},"acf":[],"aioseo_notices":[],"yoast_head":"<!-- This site is optimized with the Yoast SEO plugin v27.5 - https:\/\/yoast.com\/product\/yoast-seo-wordpress\/ -->\n<title>Sonda de la serie WSR para temperatura ambiente en exteriores con elemento sensor no reemplazable - Thermibel<\/title>\n<meta name=\"robots\" content=\"index, follow, max-snippet:-1, max-image-preview:large, max-video-preview:-1\" \/>\n<link rel=\"canonical\" href=\"https:\/\/thermibel.be\/es\/product\/sonde-dambiance-externe-wsr\/\" \/>\n<meta property=\"og:locale\" content=\"es_ES\" \/>\n<meta property=\"og:type\" content=\"article\" \/>\n<meta property=\"og:title\" content=\"Sonda de la serie WSR para temperatura ambiente en exteriores con elemento sensor no reemplazable - Thermibel\" \/>\n<meta property=\"og:description\" content=\"Elemento sensor Elemento Pt100 simple Clase de tolerancia B o A seg\u00fan IEC 751 (EN 60751) Rango de temperatura -30 a +70\u00b0C Funda externa Tubo AISI 316L sin costura Di\u00e1metro: 5 mm Longitud est\u00e1ndar 90 mm, otras longitudes disponibles bajo pedido. Caja de conexiones Caja de conexiones ABS 52x50x35 mm adecuado para montaje en paredes [&hellip;]\" \/>\n<meta property=\"og:url\" content=\"https:\/\/thermibel.be\/es\/product\/sonde-dambiance-externe-wsr\/\" \/>\n<meta property=\"og:site_name\" content=\"Thermibel\" \/>\n<meta property=\"article:modified_time\" content=\"2023-11-06T13:54:09+00:00\" \/>\n<meta property=\"og:image\" content=\"https:\/\/thermibel.be\/app\/uploads\/2023\/05\/WSR1_full.png\" \/>\n\t<meta property=\"og:image:width\" content=\"400\" \/>\n\t<meta property=\"og:image:height\" content=\"854\" \/>\n\t<meta property=\"og:image:type\" content=\"image\/png\" \/>\n<meta name=\"twitter:card\" content=\"summary_large_image\" \/>\n<meta name=\"twitter:label1\" content=\"Tiempo de lectura\" \/>\n\t<meta name=\"twitter:data1\" content=\"1 minute\" \/>\n<script type=\"application\/ld+json\" class=\"yoast-schema-graph\">{\"@context\":\"https:\\\/\\\/schema.org\",\"@graph\":[{\"@type\":\"WebPage\",\"@id\":\"https:\\\/\\\/thermibel.be\\\/es\\\/product\\\/sonde-dambiance-externe-wsr\\\/\",\"url\":\"https:\\\/\\\/thermibel.be\\\/es\\\/product\\\/sonde-dambiance-externe-wsr\\\/\",\"name\":\"Sonda de la serie WSR para temperatura ambiente en exteriores con elemento sensor no reemplazable - Thermibel\",\"isPartOf\":{\"@id\":\"https:\\\/\\\/thermibel.be\\\/es\\\/#website\"},\"primaryImageOfPage\":{\"@id\":\"https:\\\/\\\/thermibel.be\\\/es\\\/product\\\/sonde-dambiance-externe-wsr\\\/#primaryimage\"},\"image\":{\"@id\":\"https:\\\/\\\/thermibel.be\\\/es\\\/product\\\/sonde-dambiance-externe-wsr\\\/#primaryimage\"},\"thumbnailUrl\":\"https:\\\/\\\/thermibel.be\\\/app\\\/uploads\\\/2023\\\/05\\\/WSR1_optimized.png\",\"datePublished\":\"2023-05-17T14:17:19+00:00\",\"dateModified\":\"2023-11-06T13:54:09+00:00\",\"breadcrumb\":{\"@id\":\"https:\\\/\\\/thermibel.be\\\/es\\\/product\\\/sonde-dambiance-externe-wsr\\\/#breadcrumb\"},\"inLanguage\":\"es-ES\",\"potentialAction\":[{\"@type\":\"ReadAction\",\"target\":[\"https:\\\/\\\/thermibel.be\\\/es\\\/product\\\/sonde-dambiance-externe-wsr\\\/\"]}]},{\"@type\":\"ImageObject\",\"inLanguage\":\"es-ES\",\"@id\":\"https:\\\/\\\/thermibel.be\\\/es\\\/product\\\/sonde-dambiance-externe-wsr\\\/#primaryimage\",\"url\":\"https:\\\/\\\/thermibel.be\\\/app\\\/uploads\\\/2023\\\/05\\\/WSR1_optimized.png\",\"contentUrl\":\"https:\\\/\\\/thermibel.be\\\/app\\\/uploads\\\/2023\\\/05\\\/WSR1_optimized.png\",\"width\":375,\"height\":800},{\"@type\":\"BreadcrumbList\",\"@id\":\"https:\\\/\\\/thermibel.be\\\/es\\\/product\\\/sonde-dambiance-externe-wsr\\\/#breadcrumb\",\"itemListElement\":[{\"@type\":\"ListItem\",\"position\":1,\"name\":\"Products\",\"item\":\"https:\\\/\\\/thermibel.be\\\/es\\\/shop\\\/\"},{\"@type\":\"ListItem\",\"position\":2,\"name\":\"Sonda de la serie WSR para temperatura ambiente en exteriores con elemento sensor no reemplazable\"}]},{\"@type\":\"WebSite\",\"@id\":\"https:\\\/\\\/thermibel.be\\\/es\\\/#website\",\"url\":\"https:\\\/\\\/thermibel.be\\\/es\\\/\",\"name\":\"Thermibel\",\"description\":\"Un Haut Degr\u00e9 de Qualit\u00e9\",\"publisher\":{\"@id\":\"https:\\\/\\\/thermibel.be\\\/es\\\/#organization\"},\"potentialAction\":[{\"@type\":\"SearchAction\",\"target\":{\"@type\":\"EntryPoint\",\"urlTemplate\":\"https:\\\/\\\/thermibel.be\\\/es\\\/?s={search_term_string}\"},\"query-input\":{\"@type\":\"PropertyValueSpecification\",\"valueRequired\":true,\"valueName\":\"search_term_string\"}}],\"inLanguage\":\"es-ES\"},{\"@type\":\"Organization\",\"@id\":\"https:\\\/\\\/thermibel.be\\\/es\\\/#organization\",\"name\":\"Thermibel\",\"url\":\"https:\\\/\\\/thermibel.be\\\/es\\\/\",\"logo\":{\"@type\":\"ImageObject\",\"inLanguage\":\"es-ES\",\"@id\":\"https:\\\/\\\/thermibel.be\\\/es\\\/#\\\/schema\\\/logo\\\/image\\\/\",\"url\":\"https:\\\/\\\/thermibel.be\\\/app\\\/uploads\\\/2023\\\/08\\\/logo_fr-1.png\",\"contentUrl\":\"https:\\\/\\\/thermibel.be\\\/app\\\/uploads\\\/2023\\\/08\\\/logo_fr-1.png\",\"width\":275,\"height\":59,\"caption\":\"Thermibel\"},\"image\":{\"@id\":\"https:\\\/\\\/thermibel.be\\\/es\\\/#\\\/schema\\\/logo\\\/image\\\/\"}}]}<\/script>\n<!-- \/ Yoast SEO plugin. -->","yoast_head_json":{"title":"Sonda de la serie WSR para temperatura ambiente en exteriores con elemento sensor no reemplazable - Thermibel","robots":{"index":"index","follow":"follow","max-snippet":"max-snippet:-1","max-image-preview":"max-image-preview:large","max-video-preview":"max-video-preview:-1"},"canonical":"https:\/\/thermibel.be\/es\/product\/sonde-dambiance-externe-wsr\/","og_locale":"es_ES","og_type":"article","og_title":"Sonda de la serie WSR para temperatura ambiente en exteriores con elemento sensor no reemplazable - Thermibel","og_description":"Elemento sensor Elemento Pt100 simple Clase de tolerancia B o A seg\u00fan IEC 751 (EN 60751) Rango de temperatura -30 a +70\u00b0C Funda externa Tubo AISI 316L sin costura Di\u00e1metro: 5 mm Longitud est\u00e1ndar 90 mm, otras longitudes disponibles bajo pedido. Caja de conexiones Caja de conexiones ABS 52x50x35 mm adecuado para montaje en paredes [&hellip;]","og_url":"https:\/\/thermibel.be\/es\/product\/sonde-dambiance-externe-wsr\/","og_site_name":"Thermibel","article_modified_time":"2023-11-06T13:54:09+00:00","og_image":[{"width":400,"height":854,"url":"https:\/\/thermibel.be\/app\/uploads\/2023\/05\/WSR1_full.png","type":"image\/png"}],"twitter_card":"summary_large_image","twitter_misc":{"Tiempo de lectura":"1 minute"},"schema":{"@context":"https:\/\/schema.org","@graph":[{"@type":"WebPage","@id":"https:\/\/thermibel.be\/es\/product\/sonde-dambiance-externe-wsr\/","url":"https:\/\/thermibel.be\/es\/product\/sonde-dambiance-externe-wsr\/","name":"Sonda de la serie WSR para temperatura ambiente en exteriores con elemento sensor no reemplazable - Thermibel","isPartOf":{"@id":"https:\/\/thermibel.be\/es\/#website"},"primaryImageOfPage":{"@id":"https:\/\/thermibel.be\/es\/product\/sonde-dambiance-externe-wsr\/#primaryimage"},"image":{"@id":"https:\/\/thermibel.be\/es\/product\/sonde-dambiance-externe-wsr\/#primaryimage"},"thumbnailUrl":"https:\/\/thermibel.be\/app\/uploads\/2023\/05\/WSR1_optimized.png","datePublished":"2023-05-17T14:17:19+00:00","dateModified":"2023-11-06T13:54:09+00:00","breadcrumb":{"@id":"https:\/\/thermibel.be\/es\/product\/sonde-dambiance-externe-wsr\/#breadcrumb"},"inLanguage":"es-ES","potentialAction":[{"@type":"ReadAction","target":["https:\/\/thermibel.be\/es\/product\/sonde-dambiance-externe-wsr\/"]}]},{"@type":"ImageObject","inLanguage":"es-ES","@id":"https:\/\/thermibel.be\/es\/product\/sonde-dambiance-externe-wsr\/#primaryimage","url":"https:\/\/thermibel.be\/app\/uploads\/2023\/05\/WSR1_optimized.png","contentUrl":"https:\/\/thermibel.be\/app\/uploads\/2023\/05\/WSR1_optimized.png","width":375,"height":800},{"@type":"BreadcrumbList","@id":"https:\/\/thermibel.be\/es\/product\/sonde-dambiance-externe-wsr\/#breadcrumb","itemListElement":[{"@type":"ListItem","position":1,"name":"Products","item":"https:\/\/thermibel.be\/es\/shop\/"},{"@type":"ListItem","position":2,"name":"Sonda de la serie WSR para temperatura ambiente en exteriores con elemento sensor no reemplazable"}]},{"@type":"WebSite","@id":"https:\/\/thermibel.be\/es\/#website","url":"https:\/\/thermibel.be\/es\/","name":"Thermibel","description":"Un Haut Degr\u00e9 de Qualit\u00e9","publisher":{"@id":"https:\/\/thermibel.be\/es\/#organization"},"potentialAction":[{"@type":"SearchAction","target":{"@type":"EntryPoint","urlTemplate":"https:\/\/thermibel.be\/es\/?s={search_term_string}"},"query-input":{"@type":"PropertyValueSpecification","valueRequired":true,"valueName":"search_term_string"}}],"inLanguage":"es-ES"},{"@type":"Organization","@id":"https:\/\/thermibel.be\/es\/#organization","name":"Thermibel","url":"https:\/\/thermibel.be\/es\/","logo":{"@type":"ImageObject","inLanguage":"es-ES","@id":"https:\/\/thermibel.be\/es\/#\/schema\/logo\/image\/","url":"https:\/\/thermibel.be\/app\/uploads\/2023\/08\/logo_fr-1.png","contentUrl":"https:\/\/thermibel.be\/app\/uploads\/2023\/08\/logo_fr-1.png","width":275,"height":59,"caption":"Thermibel"},"image":{"@id":"https:\/\/thermibel.be\/es\/#\/schema\/logo\/image\/"}}]}},"_links":{"self":[{"href":"https:\/\/thermibel.be\/es\/wp-json\/wp\/v2\/product\/2163","targetHints":{"allow":["GET"]}}],"collection":[{"href":"https:\/\/thermibel.be\/es\/wp-json\/wp\/v2\/product"}],"about":[{"href":"https:\/\/thermibel.be\/es\/wp-json\/wp\/v2\/types\/product"}],"wp:featuredmedia":[{"embeddable":true,"href":"https:\/\/thermibel.be\/es\/wp-json\/wp\/v2\/media\/5595"}],"wp:attachment":[{"href":"https:\/\/thermibel.be\/es\/wp-json\/wp\/v2\/media?parent=2163"}],"wp:term":[{"taxonomy":"product_brand","embeddable":true,"href":"https:\/\/thermibel.be\/es\/wp-json\/wp\/v2\/product_brand?post=2163"},{"taxonomy":"product_cat","embeddable":true,"href":"https:\/\/thermibel.be\/es\/wp-json\/wp\/v2\/product_cat?post=2163"},{"taxonomy":"product_tag","embeddable":true,"href":"https:\/\/thermibel.be\/es\/wp-json\/wp\/v2\/product_tag?post=2163"}],"curies":[{"name":"wp","href":"https:\/\/api.w.org\/{rel}","templated":true}]}}