{"id":2157,"date":"2023-05-17T14:17:20","date_gmt":"2023-05-17T14:17:20","guid":{"rendered":"https:\/\/thermibel.be\/product\/sonde-de-contact-pour-mesure-de-temperature-de-surface-de-tuyauterie\/"},"modified":"2023-11-03T15:00:30","modified_gmt":"2023-11-03T15:00:30","slug":"sonde-de-contact-pour-mesure-de-temperature-de-surface-de-tuyauterie","status":"publish","type":"product","link":"https:\/\/thermibel.be\/es\/product\/sonde-de-contact-pour-mesure-de-temperature-de-surface-de-tuyauterie\/","title":{"rendered":"Sensor de contacto para monitoreo de temperatura de superficie en tuber\u00edas"},"content":{"rendered":"<h3>Cableado<\/h3>\n<p>Est\u00e1ndar Tefl\u00f3n\/silicona. Otros materiales aislantes disponibles bajo pedido (vea nuestro cat\u00e1logo de cables de instrumentaci\u00f3n).<br \/>\nConstrucci\u00f3n de 2 o 3 hilos<br \/>\nLongitud del cable: 3 metros, otras longitudes disponibles bajo pedido.<\/p>\n<h3>Elemento sensor<\/h3>\n<p>Pt100 simple<br \/>\nClase de tolerancia B o A seg\u00fan IEC 751 (EN 60751)<\/p>\n<h3>Funda externa<\/h3>\n<p>Tubo sin costura en AISI 316L \u00d8 6 mm<br \/>\nLongitud: est\u00e1ndar 40 mm, otras longitudes bajo pedido.<br \/>\nAnillo de ajuste : di\u00e1metro est\u00e1ndar de 50 mm &#8211; otros di\u00e1metros de tuber\u00edas entre 15 y 500mm disponibles bajo pedido.<\/p>\n<h3>Notas<\/h3>\n<p>Esta sonda se encuentra disponible tambi\u00e9n con termopar como elemento sensor en lugar de una Pt100.<br \/>\nVea m\u00e1s detalle en nuestra ficha t\u00e9cnica \u00abTI contact pipes\u00bb<\/p>\n<h3>Rango de temperatura<\/h3>\n<p>-100 a + 250 \u00b0C<\/p>\n","protected":false},"excerpt":{"rendered":"<p>Cableado Est\u00e1ndar Tefl\u00f3n\/silicona. Otros materiales aislantes disponibles bajo pedido (vea nuestro cat\u00e1logo de cables de instrumentaci\u00f3n). Construcci\u00f3n de 2 o 3 hilos Longitud del cable: 3 metros, otras longitudes disponibles bajo pedido. Elemento sensor Pt100 simple Clase de tolerancia B o A seg\u00fan IEC 751 (EN 60751) Funda externa Tubo sin costura en AISI 316L [&hellip;]<\/p>\n","protected":false},"featured_media":5273,"template":"","meta":{"_acf_changed":false,"om_disable_all_campaigns":false,"_monsterinsights_skip_tracking":false,"_monsterinsights_sitenote_active":false,"_monsterinsights_sitenote_note":"","_monsterinsights_sitenote_category":0,"_uf_show_specific_survey":0,"_uf_disable_surveys":false},"product_brand":[],"product_cat":[61,184],"product_tag":[],"class_list":{"0":"post-2157","1":"product","2":"type-product","3":"status-publish","4":"has-post-thumbnail","6":"product_cat-sondes_es","7":"product_cat-sondas_de_contacto","9":"first","10":"instock","11":"shipping-taxable","12":"product-type-simple"},"acf":[],"aioseo_notices":[],"yoast_head":"<!-- This site is optimized with the Yoast SEO plugin v27.5 - https:\/\/yoast.com\/product\/yoast-seo-wordpress\/ -->\n<title>Sensor de contacto para monitoreo de temperatura de superficie en tuber\u00edas - Thermibel<\/title>\n<meta name=\"robots\" content=\"index, follow, max-snippet:-1, max-image-preview:large, max-video-preview:-1\" \/>\n<link rel=\"canonical\" href=\"https:\/\/thermibel.be\/es\/product\/sonde-de-contact-pour-mesure-de-temperature-de-surface-de-tuyauterie\/\" \/>\n<meta property=\"og:locale\" content=\"es_ES\" \/>\n<meta property=\"og:type\" content=\"article\" \/>\n<meta property=\"og:title\" content=\"Sensor de contacto para monitoreo de temperatura de superficie en tuber\u00edas - Thermibel\" \/>\n<meta property=\"og:description\" content=\"Cableado Est\u00e1ndar Tefl\u00f3n\/silicona. Otros materiales aislantes disponibles bajo pedido (vea nuestro cat\u00e1logo de cables de instrumentaci\u00f3n). Construcci\u00f3n de 2 o 3 hilos Longitud del cable: 3 metros, otras longitudes disponibles bajo pedido. Elemento sensor Pt100 simple Clase de tolerancia B o A seg\u00fan IEC 751 (EN 60751) Funda externa Tubo sin costura en AISI 316L [&hellip;]\" \/>\n<meta property=\"og:url\" content=\"https:\/\/thermibel.be\/es\/product\/sonde-de-contact-pour-mesure-de-temperature-de-surface-de-tuyauterie\/\" \/>\n<meta property=\"og:site_name\" content=\"Thermibel\" \/>\n<meta property=\"article:modified_time\" content=\"2023-11-03T15:00:30+00:00\" \/>\n<meta property=\"og:image\" content=\"https:\/\/thermibel.be\/app\/uploads\/2023\/05\/25-v-TI-contact-pipe-datasheet-site-2.png\" \/>\n\t<meta property=\"og:image:width\" content=\"500\" \/>\n\t<meta property=\"og:image:height\" content=\"802\" \/>\n\t<meta property=\"og:image:type\" content=\"image\/png\" \/>\n<meta name=\"twitter:card\" content=\"summary_large_image\" \/>\n<meta name=\"twitter:label1\" content=\"Tiempo de lectura\" \/>\n\t<meta name=\"twitter:data1\" content=\"1 minute\" \/>\n<script type=\"application\/ld+json\" class=\"yoast-schema-graph\">{\"@context\":\"https:\\\/\\\/schema.org\",\"@graph\":[{\"@type\":\"WebPage\",\"@id\":\"https:\\\/\\\/thermibel.be\\\/es\\\/product\\\/sonde-de-contact-pour-mesure-de-temperature-de-surface-de-tuyauterie\\\/\",\"url\":\"https:\\\/\\\/thermibel.be\\\/es\\\/product\\\/sonde-de-contact-pour-mesure-de-temperature-de-surface-de-tuyauterie\\\/\",\"name\":\"Sensor de contacto para monitoreo de temperatura de superficie en tuber\u00edas - Thermibel\",\"isPartOf\":{\"@id\":\"https:\\\/\\\/thermibel.be\\\/es\\\/#website\"},\"primaryImageOfPage\":{\"@id\":\"https:\\\/\\\/thermibel.be\\\/es\\\/product\\\/sonde-de-contact-pour-mesure-de-temperature-de-surface-de-tuyauterie\\\/#primaryimage\"},\"image\":{\"@id\":\"https:\\\/\\\/thermibel.be\\\/es\\\/product\\\/sonde-de-contact-pour-mesure-de-temperature-de-surface-de-tuyauterie\\\/#primaryimage\"},\"thumbnailUrl\":\"https:\\\/\\\/thermibel.be\\\/app\\\/uploads\\\/2023\\\/05\\\/25-v-TI-contact-pipe-datasheet-site-2.png\",\"datePublished\":\"2023-05-17T14:17:20+00:00\",\"dateModified\":\"2023-11-03T15:00:30+00:00\",\"breadcrumb\":{\"@id\":\"https:\\\/\\\/thermibel.be\\\/es\\\/product\\\/sonde-de-contact-pour-mesure-de-temperature-de-surface-de-tuyauterie\\\/#breadcrumb\"},\"inLanguage\":\"es-ES\",\"potentialAction\":[{\"@type\":\"ReadAction\",\"target\":[\"https:\\\/\\\/thermibel.be\\\/es\\\/product\\\/sonde-de-contact-pour-mesure-de-temperature-de-surface-de-tuyauterie\\\/\"]}]},{\"@type\":\"ImageObject\",\"inLanguage\":\"es-ES\",\"@id\":\"https:\\\/\\\/thermibel.be\\\/es\\\/product\\\/sonde-de-contact-pour-mesure-de-temperature-de-surface-de-tuyauterie\\\/#primaryimage\",\"url\":\"https:\\\/\\\/thermibel.be\\\/app\\\/uploads\\\/2023\\\/05\\\/25-v-TI-contact-pipe-datasheet-site-2.png\",\"contentUrl\":\"https:\\\/\\\/thermibel.be\\\/app\\\/uploads\\\/2023\\\/05\\\/25-v-TI-contact-pipe-datasheet-site-2.png\",\"width\":500,\"height\":802},{\"@type\":\"BreadcrumbList\",\"@id\":\"https:\\\/\\\/thermibel.be\\\/es\\\/product\\\/sonde-de-contact-pour-mesure-de-temperature-de-surface-de-tuyauterie\\\/#breadcrumb\",\"itemListElement\":[{\"@type\":\"ListItem\",\"position\":1,\"name\":\"Products\",\"item\":\"https:\\\/\\\/thermibel.be\\\/es\\\/shop\\\/\"},{\"@type\":\"ListItem\",\"position\":2,\"name\":\"Sensor de contacto para monitoreo de temperatura de superficie en tuber\u00edas\"}]},{\"@type\":\"WebSite\",\"@id\":\"https:\\\/\\\/thermibel.be\\\/es\\\/#website\",\"url\":\"https:\\\/\\\/thermibel.be\\\/es\\\/\",\"name\":\"Thermibel\",\"description\":\"Un Haut Degr\u00e9 de Qualit\u00e9\",\"publisher\":{\"@id\":\"https:\\\/\\\/thermibel.be\\\/es\\\/#organization\"},\"potentialAction\":[{\"@type\":\"SearchAction\",\"target\":{\"@type\":\"EntryPoint\",\"urlTemplate\":\"https:\\\/\\\/thermibel.be\\\/es\\\/?s={search_term_string}\"},\"query-input\":{\"@type\":\"PropertyValueSpecification\",\"valueRequired\":true,\"valueName\":\"search_term_string\"}}],\"inLanguage\":\"es-ES\"},{\"@type\":\"Organization\",\"@id\":\"https:\\\/\\\/thermibel.be\\\/es\\\/#organization\",\"name\":\"Thermibel\",\"url\":\"https:\\\/\\\/thermibel.be\\\/es\\\/\",\"logo\":{\"@type\":\"ImageObject\",\"inLanguage\":\"es-ES\",\"@id\":\"https:\\\/\\\/thermibel.be\\\/es\\\/#\\\/schema\\\/logo\\\/image\\\/\",\"url\":\"https:\\\/\\\/thermibel.be\\\/app\\\/uploads\\\/2023\\\/08\\\/logo_fr-1.png\",\"contentUrl\":\"https:\\\/\\\/thermibel.be\\\/app\\\/uploads\\\/2023\\\/08\\\/logo_fr-1.png\",\"width\":275,\"height\":59,\"caption\":\"Thermibel\"},\"image\":{\"@id\":\"https:\\\/\\\/thermibel.be\\\/es\\\/#\\\/schema\\\/logo\\\/image\\\/\"}}]}<\/script>\n<!-- \/ Yoast SEO plugin. -->","yoast_head_json":{"title":"Sensor de contacto para monitoreo de temperatura de superficie en tuber\u00edas - Thermibel","robots":{"index":"index","follow":"follow","max-snippet":"max-snippet:-1","max-image-preview":"max-image-preview:large","max-video-preview":"max-video-preview:-1"},"canonical":"https:\/\/thermibel.be\/es\/product\/sonde-de-contact-pour-mesure-de-temperature-de-surface-de-tuyauterie\/","og_locale":"es_ES","og_type":"article","og_title":"Sensor de contacto para monitoreo de temperatura de superficie en tuber\u00edas - Thermibel","og_description":"Cableado Est\u00e1ndar Tefl\u00f3n\/silicona. Otros materiales aislantes disponibles bajo pedido (vea nuestro cat\u00e1logo de cables de instrumentaci\u00f3n). Construcci\u00f3n de 2 o 3 hilos Longitud del cable: 3 metros, otras longitudes disponibles bajo pedido. Elemento sensor Pt100 simple Clase de tolerancia B o A seg\u00fan IEC 751 (EN 60751) Funda externa Tubo sin costura en AISI 316L [&hellip;]","og_url":"https:\/\/thermibel.be\/es\/product\/sonde-de-contact-pour-mesure-de-temperature-de-surface-de-tuyauterie\/","og_site_name":"Thermibel","article_modified_time":"2023-11-03T15:00:30+00:00","og_image":[{"width":500,"height":802,"url":"https:\/\/thermibel.be\/app\/uploads\/2023\/05\/25-v-TI-contact-pipe-datasheet-site-2.png","type":"image\/png"}],"twitter_card":"summary_large_image","twitter_misc":{"Tiempo de lectura":"1 minute"},"schema":{"@context":"https:\/\/schema.org","@graph":[{"@type":"WebPage","@id":"https:\/\/thermibel.be\/es\/product\/sonde-de-contact-pour-mesure-de-temperature-de-surface-de-tuyauterie\/","url":"https:\/\/thermibel.be\/es\/product\/sonde-de-contact-pour-mesure-de-temperature-de-surface-de-tuyauterie\/","name":"Sensor de contacto para monitoreo de temperatura de superficie en tuber\u00edas - Thermibel","isPartOf":{"@id":"https:\/\/thermibel.be\/es\/#website"},"primaryImageOfPage":{"@id":"https:\/\/thermibel.be\/es\/product\/sonde-de-contact-pour-mesure-de-temperature-de-surface-de-tuyauterie\/#primaryimage"},"image":{"@id":"https:\/\/thermibel.be\/es\/product\/sonde-de-contact-pour-mesure-de-temperature-de-surface-de-tuyauterie\/#primaryimage"},"thumbnailUrl":"https:\/\/thermibel.be\/app\/uploads\/2023\/05\/25-v-TI-contact-pipe-datasheet-site-2.png","datePublished":"2023-05-17T14:17:20+00:00","dateModified":"2023-11-03T15:00:30+00:00","breadcrumb":{"@id":"https:\/\/thermibel.be\/es\/product\/sonde-de-contact-pour-mesure-de-temperature-de-surface-de-tuyauterie\/#breadcrumb"},"inLanguage":"es-ES","potentialAction":[{"@type":"ReadAction","target":["https:\/\/thermibel.be\/es\/product\/sonde-de-contact-pour-mesure-de-temperature-de-surface-de-tuyauterie\/"]}]},{"@type":"ImageObject","inLanguage":"es-ES","@id":"https:\/\/thermibel.be\/es\/product\/sonde-de-contact-pour-mesure-de-temperature-de-surface-de-tuyauterie\/#primaryimage","url":"https:\/\/thermibel.be\/app\/uploads\/2023\/05\/25-v-TI-contact-pipe-datasheet-site-2.png","contentUrl":"https:\/\/thermibel.be\/app\/uploads\/2023\/05\/25-v-TI-contact-pipe-datasheet-site-2.png","width":500,"height":802},{"@type":"BreadcrumbList","@id":"https:\/\/thermibel.be\/es\/product\/sonde-de-contact-pour-mesure-de-temperature-de-surface-de-tuyauterie\/#breadcrumb","itemListElement":[{"@type":"ListItem","position":1,"name":"Products","item":"https:\/\/thermibel.be\/es\/shop\/"},{"@type":"ListItem","position":2,"name":"Sensor de contacto para monitoreo de temperatura de superficie en tuber\u00edas"}]},{"@type":"WebSite","@id":"https:\/\/thermibel.be\/es\/#website","url":"https:\/\/thermibel.be\/es\/","name":"Thermibel","description":"Un Haut Degr\u00e9 de Qualit\u00e9","publisher":{"@id":"https:\/\/thermibel.be\/es\/#organization"},"potentialAction":[{"@type":"SearchAction","target":{"@type":"EntryPoint","urlTemplate":"https:\/\/thermibel.be\/es\/?s={search_term_string}"},"query-input":{"@type":"PropertyValueSpecification","valueRequired":true,"valueName":"search_term_string"}}],"inLanguage":"es-ES"},{"@type":"Organization","@id":"https:\/\/thermibel.be\/es\/#organization","name":"Thermibel","url":"https:\/\/thermibel.be\/es\/","logo":{"@type":"ImageObject","inLanguage":"es-ES","@id":"https:\/\/thermibel.be\/es\/#\/schema\/logo\/image\/","url":"https:\/\/thermibel.be\/app\/uploads\/2023\/08\/logo_fr-1.png","contentUrl":"https:\/\/thermibel.be\/app\/uploads\/2023\/08\/logo_fr-1.png","width":275,"height":59,"caption":"Thermibel"},"image":{"@id":"https:\/\/thermibel.be\/es\/#\/schema\/logo\/image\/"}}]}},"_links":{"self":[{"href":"https:\/\/thermibel.be\/es\/wp-json\/wp\/v2\/product\/2157","targetHints":{"allow":["GET"]}}],"collection":[{"href":"https:\/\/thermibel.be\/es\/wp-json\/wp\/v2\/product"}],"about":[{"href":"https:\/\/thermibel.be\/es\/wp-json\/wp\/v2\/types\/product"}],"wp:featuredmedia":[{"embeddable":true,"href":"https:\/\/thermibel.be\/es\/wp-json\/wp\/v2\/media\/5273"}],"wp:attachment":[{"href":"https:\/\/thermibel.be\/es\/wp-json\/wp\/v2\/media?parent=2157"}],"wp:term":[{"taxonomy":"product_brand","embeddable":true,"href":"https:\/\/thermibel.be\/es\/wp-json\/wp\/v2\/product_brand?post=2157"},{"taxonomy":"product_cat","embeddable":true,"href":"https:\/\/thermibel.be\/es\/wp-json\/wp\/v2\/product_cat?post=2157"},{"taxonomy":"product_tag","embeddable":true,"href":"https:\/\/thermibel.be\/es\/wp-json\/wp\/v2\/product_tag?post=2157"}],"curies":[{"name":"wp","href":"https:\/\/api.w.org\/{rel}","templated":true}]}}