{"id":2148,"date":"2023-05-17T14:17:20","date_gmt":"2023-05-17T14:17:20","guid":{"rendered":"https:\/\/thermibel.be\/product\/sonde-pt100-droite-avec-element-de-mesure-interchangeable-avec-bride-et-tube-intermediaire-si8-br\/"},"modified":"2023-11-14T15:47:14","modified_gmt":"2023-11-14T15:47:14","slug":"sonde-pt100-droite-avec-element-de-mesure-interchangeable-avec-bride-et-tube-intermediaire-si8-br","status":"publish","type":"product","link":"https:\/\/thermibel.be\/es\/product\/sonde-pt100-droite-avec-element-de-mesure-interchangeable-avec-bride-et-tube-intermediaire-si8-br\/","title":{"rendered":"Sonda Pt100 con brida de la serie 8 (SI8-BR) recta con elemento sensor reemplazable, con brida y tubo de extensi\u00f3n"},"content":{"rendered":"<h3>Elemento sensor<\/h3>\n<p>Pt100 simple o doble con clase de tolerancia B, A o AA seg\u00fan IEC 751 (EN 60751)<\/p>\n<h3>Rango de temperatura<\/h3>\n<p>-100 a + 600 \u00b0C<\/p>\n<h3>Funda externa<\/h3>\n<p>Tubo sin costura AISI 316L \u2013 espesor de pared 2 mm, Di\u00e1metro 11 mm est\u00e1ndar. Otros di\u00e1metros disponibles bajo pedido.<br \/>\nLongitud de inserci\u00f3n: est\u00e1ndar 125, 250, 350 y 500 mm<br \/>\nOtras longitudes disponibles bajo pedido.<\/p>\n<h3>Inserto de medici\u00f3n<\/h3>\n<p>Acero inoxidable est\u00e1ndar \u00d8 6 mm (los \u00d84,5 o 8mm est\u00e1n disponibles para adaptar a otros di\u00e1metros de fundas)<br \/>\nMuelle cargado para asegurar mejor contacto con la funda.<\/p>\n<h3>Conexi\u00f3n al proceso<\/h3>\n<p>Brida conforme a DIN 2527, EN 1092, ANSI B 16,5 &#8211; Precisar el di\u00e1metro nominal (DN) y la presi\u00f3n nominal (PN) de la brida<\/p>\n<h3>Cabezal de conexi\u00f3n<\/h3>\n<p>Cabezal DIN B est\u00e1ndar &#8211; otros modelos de cabezal con prensaestopas M20 disponibles bajo pedido<\/p>\n<h3>Cableado<\/h3>\n<p>Bloque terminal cer\u00e1mico est\u00e1ndar, conexi\u00f3n 1 x 3-hilos.<br \/>\n(Las conexiones 1 x 2, 1 x 4, 2 x 2, 2 x 3-hilos disponibles bajo pedido).<\/p>\n","protected":false},"excerpt":{"rendered":"<p>Elemento sensor Pt100 simple o doble con clase de tolerancia B, A o AA seg\u00fan IEC 751 (EN 60751) Rango de temperatura -100 a + 600 \u00b0C Funda externa Tubo sin costura AISI 316L \u2013 espesor de pared 2 mm, Di\u00e1metro 11 mm est\u00e1ndar. Otros di\u00e1metros disponibles bajo pedido. Longitud de inserci\u00f3n: est\u00e1ndar 125, 250, [&hellip;]<\/p>\n","protected":false},"featured_media":4166,"template":"","meta":{"_acf_changed":false,"om_disable_all_campaigns":false,"_monsterinsights_skip_tracking":false,"_monsterinsights_sitenote_active":false,"_monsterinsights_sitenote_note":"","_monsterinsights_sitenote_category":0,"_uf_show_specific_survey":0,"_uf_disable_surveys":false},"product_brand":[],"product_cat":[61,179],"product_tag":[],"class_list":{"0":"post-2148","1":"product","2":"type-product","3":"status-publish","4":"has-post-thumbnail","6":"product_cat-sondes_es","7":"product_cat-sondas_con_cabezal","9":"first","10":"instock","11":"shipping-taxable","12":"product-type-simple"},"acf":[],"aioseo_notices":[],"yoast_head":"<!-- This site is optimized with the Yoast SEO plugin v27.5 - https:\/\/yoast.com\/product\/yoast-seo-wordpress\/ -->\n<title>Sonda Pt100 con brida de la serie 8 (SI8-BR) recta con elemento sensor reemplazable, con brida y tubo de extensi\u00f3n - Thermibel<\/title>\n<meta name=\"robots\" content=\"index, follow, max-snippet:-1, max-image-preview:large, max-video-preview:-1\" \/>\n<link rel=\"canonical\" href=\"https:\/\/thermibel.be\/es\/product\/sonde-pt100-droite-avec-element-de-mesure-interchangeable-avec-bride-et-tube-intermediaire-si8-br\/\" \/>\n<meta property=\"og:locale\" content=\"es_ES\" \/>\n<meta property=\"og:type\" content=\"article\" \/>\n<meta property=\"og:title\" content=\"Sonda Pt100 con brida de la serie 8 (SI8-BR) recta con elemento sensor reemplazable, con brida y tubo de extensi\u00f3n - Thermibel\" \/>\n<meta property=\"og:description\" content=\"Elemento sensor Pt100 simple o doble con clase de tolerancia B, A o AA seg\u00fan IEC 751 (EN 60751) Rango de temperatura -100 a + 600 \u00b0C Funda externa Tubo sin costura AISI 316L \u2013 espesor de pared 2 mm, Di\u00e1metro 11 mm est\u00e1ndar. Otros di\u00e1metros disponibles bajo pedido. Longitud de inserci\u00f3n: est\u00e1ndar 125, 250, [&hellip;]\" \/>\n<meta property=\"og:url\" content=\"https:\/\/thermibel.be\/es\/product\/sonde-pt100-droite-avec-element-de-mesure-interchangeable-avec-bride-et-tube-intermediaire-si8-br\/\" \/>\n<meta property=\"og:site_name\" content=\"Thermibel\" \/>\n<meta property=\"article:modified_time\" content=\"2023-11-14T15:47:14+00:00\" \/>\n<meta property=\"og:image\" content=\"https:\/\/thermibel.be\/app\/uploads\/2023\/05\/SI8-BR-vertical.png\" \/>\n\t<meta property=\"og:image:width\" content=\"821\" \/>\n\t<meta property=\"og:image:height\" content=\"1938\" \/>\n\t<meta property=\"og:image:type\" content=\"image\/png\" \/>\n<meta name=\"twitter:card\" content=\"summary_large_image\" \/>\n<meta name=\"twitter:label1\" content=\"Tiempo de lectura\" \/>\n\t<meta name=\"twitter:data1\" content=\"1 minute\" \/>\n<script type=\"application\/ld+json\" class=\"yoast-schema-graph\">{\"@context\":\"https:\\\/\\\/schema.org\",\"@graph\":[{\"@type\":\"WebPage\",\"@id\":\"https:\\\/\\\/thermibel.be\\\/es\\\/product\\\/sonde-pt100-droite-avec-element-de-mesure-interchangeable-avec-bride-et-tube-intermediaire-si8-br\\\/\",\"url\":\"https:\\\/\\\/thermibel.be\\\/es\\\/product\\\/sonde-pt100-droite-avec-element-de-mesure-interchangeable-avec-bride-et-tube-intermediaire-si8-br\\\/\",\"name\":\"Sonda Pt100 con brida de la serie 8 (SI8-BR) recta con elemento sensor reemplazable, con brida y tubo de extensi\u00f3n - Thermibel\",\"isPartOf\":{\"@id\":\"https:\\\/\\\/thermibel.be\\\/es\\\/#website\"},\"primaryImageOfPage\":{\"@id\":\"https:\\\/\\\/thermibel.be\\\/es\\\/product\\\/sonde-pt100-droite-avec-element-de-mesure-interchangeable-avec-bride-et-tube-intermediaire-si8-br\\\/#primaryimage\"},\"image\":{\"@id\":\"https:\\\/\\\/thermibel.be\\\/es\\\/product\\\/sonde-pt100-droite-avec-element-de-mesure-interchangeable-avec-bride-et-tube-intermediaire-si8-br\\\/#primaryimage\"},\"thumbnailUrl\":\"https:\\\/\\\/thermibel.be\\\/app\\\/uploads\\\/2023\\\/05\\\/SI8-BR-vertical.png\",\"datePublished\":\"2023-05-17T14:17:20+00:00\",\"dateModified\":\"2023-11-14T15:47:14+00:00\",\"breadcrumb\":{\"@id\":\"https:\\\/\\\/thermibel.be\\\/es\\\/product\\\/sonde-pt100-droite-avec-element-de-mesure-interchangeable-avec-bride-et-tube-intermediaire-si8-br\\\/#breadcrumb\"},\"inLanguage\":\"es-ES\",\"potentialAction\":[{\"@type\":\"ReadAction\",\"target\":[\"https:\\\/\\\/thermibel.be\\\/es\\\/product\\\/sonde-pt100-droite-avec-element-de-mesure-interchangeable-avec-bride-et-tube-intermediaire-si8-br\\\/\"]}]},{\"@type\":\"ImageObject\",\"inLanguage\":\"es-ES\",\"@id\":\"https:\\\/\\\/thermibel.be\\\/es\\\/product\\\/sonde-pt100-droite-avec-element-de-mesure-interchangeable-avec-bride-et-tube-intermediaire-si8-br\\\/#primaryimage\",\"url\":\"https:\\\/\\\/thermibel.be\\\/app\\\/uploads\\\/2023\\\/05\\\/SI8-BR-vertical.png\",\"contentUrl\":\"https:\\\/\\\/thermibel.be\\\/app\\\/uploads\\\/2023\\\/05\\\/SI8-BR-vertical.png\",\"width\":821,\"height\":1938},{\"@type\":\"BreadcrumbList\",\"@id\":\"https:\\\/\\\/thermibel.be\\\/es\\\/product\\\/sonde-pt100-droite-avec-element-de-mesure-interchangeable-avec-bride-et-tube-intermediaire-si8-br\\\/#breadcrumb\",\"itemListElement\":[{\"@type\":\"ListItem\",\"position\":1,\"name\":\"Products\",\"item\":\"https:\\\/\\\/thermibel.be\\\/es\\\/shop\\\/\"},{\"@type\":\"ListItem\",\"position\":2,\"name\":\"Sonda Pt100 con brida de la serie 8 (SI8-BR) recta con elemento sensor reemplazable, con brida y tubo de extensi\u00f3n\"}]},{\"@type\":\"WebSite\",\"@id\":\"https:\\\/\\\/thermibel.be\\\/es\\\/#website\",\"url\":\"https:\\\/\\\/thermibel.be\\\/es\\\/\",\"name\":\"Thermibel\",\"description\":\"Un Haut Degr\u00e9 de Qualit\u00e9\",\"publisher\":{\"@id\":\"https:\\\/\\\/thermibel.be\\\/es\\\/#organization\"},\"potentialAction\":[{\"@type\":\"SearchAction\",\"target\":{\"@type\":\"EntryPoint\",\"urlTemplate\":\"https:\\\/\\\/thermibel.be\\\/es\\\/?s={search_term_string}\"},\"query-input\":{\"@type\":\"PropertyValueSpecification\",\"valueRequired\":true,\"valueName\":\"search_term_string\"}}],\"inLanguage\":\"es-ES\"},{\"@type\":\"Organization\",\"@id\":\"https:\\\/\\\/thermibel.be\\\/es\\\/#organization\",\"name\":\"Thermibel\",\"url\":\"https:\\\/\\\/thermibel.be\\\/es\\\/\",\"logo\":{\"@type\":\"ImageObject\",\"inLanguage\":\"es-ES\",\"@id\":\"https:\\\/\\\/thermibel.be\\\/es\\\/#\\\/schema\\\/logo\\\/image\\\/\",\"url\":\"https:\\\/\\\/thermibel.be\\\/app\\\/uploads\\\/2023\\\/08\\\/logo_fr-1.png\",\"contentUrl\":\"https:\\\/\\\/thermibel.be\\\/app\\\/uploads\\\/2023\\\/08\\\/logo_fr-1.png\",\"width\":275,\"height\":59,\"caption\":\"Thermibel\"},\"image\":{\"@id\":\"https:\\\/\\\/thermibel.be\\\/es\\\/#\\\/schema\\\/logo\\\/image\\\/\"}}]}<\/script>\n<!-- \/ Yoast SEO plugin. -->","yoast_head_json":{"title":"Sonda Pt100 con brida de la serie 8 (SI8-BR) recta con elemento sensor reemplazable, con brida y tubo de extensi\u00f3n - Thermibel","robots":{"index":"index","follow":"follow","max-snippet":"max-snippet:-1","max-image-preview":"max-image-preview:large","max-video-preview":"max-video-preview:-1"},"canonical":"https:\/\/thermibel.be\/es\/product\/sonde-pt100-droite-avec-element-de-mesure-interchangeable-avec-bride-et-tube-intermediaire-si8-br\/","og_locale":"es_ES","og_type":"article","og_title":"Sonda Pt100 con brida de la serie 8 (SI8-BR) recta con elemento sensor reemplazable, con brida y tubo de extensi\u00f3n - Thermibel","og_description":"Elemento sensor Pt100 simple o doble con clase de tolerancia B, A o AA seg\u00fan IEC 751 (EN 60751) Rango de temperatura -100 a + 600 \u00b0C Funda externa Tubo sin costura AISI 316L \u2013 espesor de pared 2 mm, Di\u00e1metro 11 mm est\u00e1ndar. Otros di\u00e1metros disponibles bajo pedido. Longitud de inserci\u00f3n: est\u00e1ndar 125, 250, [&hellip;]","og_url":"https:\/\/thermibel.be\/es\/product\/sonde-pt100-droite-avec-element-de-mesure-interchangeable-avec-bride-et-tube-intermediaire-si8-br\/","og_site_name":"Thermibel","article_modified_time":"2023-11-14T15:47:14+00:00","og_image":[{"width":821,"height":1938,"url":"https:\/\/thermibel.be\/app\/uploads\/2023\/05\/SI8-BR-vertical.png","type":"image\/png"}],"twitter_card":"summary_large_image","twitter_misc":{"Tiempo de lectura":"1 minute"},"schema":{"@context":"https:\/\/schema.org","@graph":[{"@type":"WebPage","@id":"https:\/\/thermibel.be\/es\/product\/sonde-pt100-droite-avec-element-de-mesure-interchangeable-avec-bride-et-tube-intermediaire-si8-br\/","url":"https:\/\/thermibel.be\/es\/product\/sonde-pt100-droite-avec-element-de-mesure-interchangeable-avec-bride-et-tube-intermediaire-si8-br\/","name":"Sonda Pt100 con brida de la serie 8 (SI8-BR) recta con elemento sensor reemplazable, con brida y tubo de extensi\u00f3n - Thermibel","isPartOf":{"@id":"https:\/\/thermibel.be\/es\/#website"},"primaryImageOfPage":{"@id":"https:\/\/thermibel.be\/es\/product\/sonde-pt100-droite-avec-element-de-mesure-interchangeable-avec-bride-et-tube-intermediaire-si8-br\/#primaryimage"},"image":{"@id":"https:\/\/thermibel.be\/es\/product\/sonde-pt100-droite-avec-element-de-mesure-interchangeable-avec-bride-et-tube-intermediaire-si8-br\/#primaryimage"},"thumbnailUrl":"https:\/\/thermibel.be\/app\/uploads\/2023\/05\/SI8-BR-vertical.png","datePublished":"2023-05-17T14:17:20+00:00","dateModified":"2023-11-14T15:47:14+00:00","breadcrumb":{"@id":"https:\/\/thermibel.be\/es\/product\/sonde-pt100-droite-avec-element-de-mesure-interchangeable-avec-bride-et-tube-intermediaire-si8-br\/#breadcrumb"},"inLanguage":"es-ES","potentialAction":[{"@type":"ReadAction","target":["https:\/\/thermibel.be\/es\/product\/sonde-pt100-droite-avec-element-de-mesure-interchangeable-avec-bride-et-tube-intermediaire-si8-br\/"]}]},{"@type":"ImageObject","inLanguage":"es-ES","@id":"https:\/\/thermibel.be\/es\/product\/sonde-pt100-droite-avec-element-de-mesure-interchangeable-avec-bride-et-tube-intermediaire-si8-br\/#primaryimage","url":"https:\/\/thermibel.be\/app\/uploads\/2023\/05\/SI8-BR-vertical.png","contentUrl":"https:\/\/thermibel.be\/app\/uploads\/2023\/05\/SI8-BR-vertical.png","width":821,"height":1938},{"@type":"BreadcrumbList","@id":"https:\/\/thermibel.be\/es\/product\/sonde-pt100-droite-avec-element-de-mesure-interchangeable-avec-bride-et-tube-intermediaire-si8-br\/#breadcrumb","itemListElement":[{"@type":"ListItem","position":1,"name":"Products","item":"https:\/\/thermibel.be\/es\/shop\/"},{"@type":"ListItem","position":2,"name":"Sonda Pt100 con brida de la serie 8 (SI8-BR) recta con elemento sensor reemplazable, con brida y tubo de extensi\u00f3n"}]},{"@type":"WebSite","@id":"https:\/\/thermibel.be\/es\/#website","url":"https:\/\/thermibel.be\/es\/","name":"Thermibel","description":"Un Haut Degr\u00e9 de Qualit\u00e9","publisher":{"@id":"https:\/\/thermibel.be\/es\/#organization"},"potentialAction":[{"@type":"SearchAction","target":{"@type":"EntryPoint","urlTemplate":"https:\/\/thermibel.be\/es\/?s={search_term_string}"},"query-input":{"@type":"PropertyValueSpecification","valueRequired":true,"valueName":"search_term_string"}}],"inLanguage":"es-ES"},{"@type":"Organization","@id":"https:\/\/thermibel.be\/es\/#organization","name":"Thermibel","url":"https:\/\/thermibel.be\/es\/","logo":{"@type":"ImageObject","inLanguage":"es-ES","@id":"https:\/\/thermibel.be\/es\/#\/schema\/logo\/image\/","url":"https:\/\/thermibel.be\/app\/uploads\/2023\/08\/logo_fr-1.png","contentUrl":"https:\/\/thermibel.be\/app\/uploads\/2023\/08\/logo_fr-1.png","width":275,"height":59,"caption":"Thermibel"},"image":{"@id":"https:\/\/thermibel.be\/es\/#\/schema\/logo\/image\/"}}]}},"_links":{"self":[{"href":"https:\/\/thermibel.be\/es\/wp-json\/wp\/v2\/product\/2148","targetHints":{"allow":["GET"]}}],"collection":[{"href":"https:\/\/thermibel.be\/es\/wp-json\/wp\/v2\/product"}],"about":[{"href":"https:\/\/thermibel.be\/es\/wp-json\/wp\/v2\/types\/product"}],"wp:featuredmedia":[{"embeddable":true,"href":"https:\/\/thermibel.be\/es\/wp-json\/wp\/v2\/media\/4166"}],"wp:attachment":[{"href":"https:\/\/thermibel.be\/es\/wp-json\/wp\/v2\/media?parent=2148"}],"wp:term":[{"taxonomy":"product_brand","embeddable":true,"href":"https:\/\/thermibel.be\/es\/wp-json\/wp\/v2\/product_brand?post=2148"},{"taxonomy":"product_cat","embeddable":true,"href":"https:\/\/thermibel.be\/es\/wp-json\/wp\/v2\/product_cat?post=2148"},{"taxonomy":"product_tag","embeddable":true,"href":"https:\/\/thermibel.be\/es\/wp-json\/wp\/v2\/product_tag?post=2148"}],"curies":[{"name":"wp","href":"https:\/\/api.w.org\/{rel}","templated":true}]}}