{"id":2139,"date":"2023-05-17T14:17:21","date_gmt":"2023-05-17T14:17:21","guid":{"rendered":"https:\/\/thermibel.be\/product\/sonde-pt100-droite-sans-element-de-mesure-interchangeable-avec-triclamp-avec-tube-intermediaire-si7-clmp\/"},"modified":"2023-12-22T11:12:35","modified_gmt":"2023-12-22T11:12:35","slug":"sonde-pt100-droite-sans-element-de-mesure-interchangeable-avec-triclamp-avec-tube-intermediaire-si7-clmp","status":"publish","type":"product","link":"https:\/\/thermibel.be\/es\/product\/sonde-pt100-droite-sans-element-de-mesure-interchangeable-avec-triclamp-avec-tube-intermediaire-si7-clmp\/","title":{"rendered":"Sondas Pt100 de la serie 7 (SI7-CLMP) recta con elemento sensor no reemplazable, con accesorio triclamp\u00ae, con tubo de extensi\u00f3n"},"content":{"rendered":"<h3>Elemento sensor<\/h3>\n<p>Elemento Pt100 simple o doble<br \/>\nClase de tolerancia B, A o AA seg\u00fan IEC 751 (EN 60751)<\/p>\n<h3>Rango de temperatura<\/h3>\n<p>-50 a +250 \u00b0C<\/p>\n<h3>Funda externa<\/h3>\n<p>Tubo inox AISI 316L sin costura \u2013 espesor de pared 1 mm<br \/>\nDi\u00e1metro : 6 mm por defecto, otros di\u00e1metros disponibles bajo pedido<br \/>\nLongitud de inserci\u00f3n : est\u00e1ndar 100 mm &#8211; otras longitudes disponibles bajo pedido.<\/p>\n<h3>Conexi\u00f3n al proceso<\/h3>\n<p>Accesorio est\u00e1ndar Tri-clamp\u00ae 1&#8243;-1\u00bd&#8221;<br \/>\nOtros tama\u00f1os disponibles bajo pedido.<\/p>\n<h3>Cabezal de conexi\u00f3n<\/h3>\n<p>Cabeza est\u00e1ndar PE blanco del tipo IP65 con prensaestopas M20<br \/>\n(otros modelos de cabezal disponibles bajo pedido).<\/p>\n<h3>Cableado<\/h3>\n<p>Bloque terminal cer\u00e1mico est\u00e1ndar, conexi\u00f3n 1 x 3-hilos<br \/>\n(Las conexiones 1 x 2, 1 x 4, 2 x 2, 2 x 3-hilos disponibles bajo pedido).<\/p>\n","protected":false},"excerpt":{"rendered":"<p>Elemento sensor Elemento Pt100 simple o doble Clase de tolerancia B, A o AA seg\u00fan IEC 751 (EN 60751) Rango de temperatura -50 a +250 \u00b0C Funda externa Tubo inox AISI 316L sin costura \u2013 espesor de pared 1 mm Di\u00e1metro : 6 mm por defecto, otros di\u00e1metros disponibles bajo pedido Longitud de inserci\u00f3n : [&hellip;]<\/p>\n","protected":false},"featured_media":5138,"template":"","meta":{"_acf_changed":false,"om_disable_all_campaigns":false,"_monsterinsights_skip_tracking":false,"_monsterinsights_sitenote_active":false,"_monsterinsights_sitenote_note":"","_monsterinsights_sitenote_category":0,"_uf_show_specific_survey":0,"_uf_disable_surveys":false},"product_brand":[],"product_cat":[61,179],"product_tag":[],"class_list":{"0":"post-2139","1":"product","2":"type-product","3":"status-publish","4":"has-post-thumbnail","6":"product_cat-sondes_es","7":"product_cat-sondas_con_cabezal","9":"first","10":"instock","11":"shipping-taxable","12":"product-type-simple"},"acf":[],"aioseo_notices":[],"yoast_head":"<!-- This site is optimized with the Yoast SEO plugin v27.4 - https:\/\/yoast.com\/product\/yoast-seo-wordpress\/ -->\n<title>Sondas Pt100 de la serie 7 (SI7-CLMP) recta con elemento sensor no reemplazable, con accesorio triclamp\u00ae, con tubo de extensi\u00f3n - Thermibel<\/title>\n<meta name=\"robots\" content=\"index, follow, max-snippet:-1, max-image-preview:large, max-video-preview:-1\" \/>\n<link rel=\"canonical\" href=\"https:\/\/thermibel.be\/es\/product\/sonde-pt100-droite-sans-element-de-mesure-interchangeable-avec-triclamp-avec-tube-intermediaire-si7-clmp\/\" \/>\n<meta property=\"og:locale\" content=\"es_ES\" \/>\n<meta property=\"og:type\" content=\"article\" \/>\n<meta property=\"og:title\" content=\"Sondas Pt100 de la serie 7 (SI7-CLMP) recta con elemento sensor no reemplazable, con accesorio triclamp\u00ae, con tubo de extensi\u00f3n - Thermibel\" \/>\n<meta property=\"og:description\" content=\"Elemento sensor Elemento Pt100 simple o doble Clase de tolerancia B, A o AA seg\u00fan IEC 751 (EN 60751) Rango de temperatura -50 a +250 \u00b0C Funda externa Tubo inox AISI 316L sin costura \u2013 espesor de pared 1 mm Di\u00e1metro : 6 mm por defecto, otros di\u00e1metros disponibles bajo pedido Longitud de inserci\u00f3n : [&hellip;]\" \/>\n<meta property=\"og:url\" content=\"https:\/\/thermibel.be\/es\/product\/sonde-pt100-droite-sans-element-de-mesure-interchangeable-avec-triclamp-avec-tube-intermediaire-si7-clmp\/\" \/>\n<meta property=\"og:site_name\" content=\"Thermibel\" \/>\n<meta property=\"article:modified_time\" content=\"2023-12-22T11:12:35+00:00\" \/>\n<meta property=\"og:image\" content=\"https:\/\/thermibel.be\/app\/uploads\/2023\/05\/SI7-CLMP-vertical-1.png\" \/>\n\t<meta property=\"og:image:width\" content=\"522\" \/>\n\t<meta property=\"og:image:height\" content=\"1200\" \/>\n\t<meta property=\"og:image:type\" content=\"image\/png\" \/>\n<meta name=\"twitter:card\" content=\"summary_large_image\" \/>\n<meta name=\"twitter:label1\" content=\"Tiempo de lectura\" \/>\n\t<meta name=\"twitter:data1\" content=\"1 minute\" \/>\n<script type=\"application\/ld+json\" class=\"yoast-schema-graph\">{\"@context\":\"https:\\\/\\\/schema.org\",\"@graph\":[{\"@type\":\"WebPage\",\"@id\":\"https:\\\/\\\/thermibel.be\\\/es\\\/product\\\/sonde-pt100-droite-sans-element-de-mesure-interchangeable-avec-triclamp-avec-tube-intermediaire-si7-clmp\\\/\",\"url\":\"https:\\\/\\\/thermibel.be\\\/es\\\/product\\\/sonde-pt100-droite-sans-element-de-mesure-interchangeable-avec-triclamp-avec-tube-intermediaire-si7-clmp\\\/\",\"name\":\"Sondas Pt100 de la serie 7 (SI7-CLMP) recta con elemento sensor no reemplazable, con accesorio triclamp\u00ae, con tubo de extensi\u00f3n - Thermibel\",\"isPartOf\":{\"@id\":\"https:\\\/\\\/thermibel.be\\\/es\\\/#website\"},\"primaryImageOfPage\":{\"@id\":\"https:\\\/\\\/thermibel.be\\\/es\\\/product\\\/sonde-pt100-droite-sans-element-de-mesure-interchangeable-avec-triclamp-avec-tube-intermediaire-si7-clmp\\\/#primaryimage\"},\"image\":{\"@id\":\"https:\\\/\\\/thermibel.be\\\/es\\\/product\\\/sonde-pt100-droite-sans-element-de-mesure-interchangeable-avec-triclamp-avec-tube-intermediaire-si7-clmp\\\/#primaryimage\"},\"thumbnailUrl\":\"https:\\\/\\\/thermibel.be\\\/app\\\/uploads\\\/2023\\\/05\\\/SI7-CLMP-vertical-1.png\",\"datePublished\":\"2023-05-17T14:17:21+00:00\",\"dateModified\":\"2023-12-22T11:12:35+00:00\",\"breadcrumb\":{\"@id\":\"https:\\\/\\\/thermibel.be\\\/es\\\/product\\\/sonde-pt100-droite-sans-element-de-mesure-interchangeable-avec-triclamp-avec-tube-intermediaire-si7-clmp\\\/#breadcrumb\"},\"inLanguage\":\"es-ES\",\"potentialAction\":[{\"@type\":\"ReadAction\",\"target\":[\"https:\\\/\\\/thermibel.be\\\/es\\\/product\\\/sonde-pt100-droite-sans-element-de-mesure-interchangeable-avec-triclamp-avec-tube-intermediaire-si7-clmp\\\/\"]}]},{\"@type\":\"ImageObject\",\"inLanguage\":\"es-ES\",\"@id\":\"https:\\\/\\\/thermibel.be\\\/es\\\/product\\\/sonde-pt100-droite-sans-element-de-mesure-interchangeable-avec-triclamp-avec-tube-intermediaire-si7-clmp\\\/#primaryimage\",\"url\":\"https:\\\/\\\/thermibel.be\\\/app\\\/uploads\\\/2023\\\/05\\\/SI7-CLMP-vertical-1.png\",\"contentUrl\":\"https:\\\/\\\/thermibel.be\\\/app\\\/uploads\\\/2023\\\/05\\\/SI7-CLMP-vertical-1.png\",\"width\":522,\"height\":1200},{\"@type\":\"BreadcrumbList\",\"@id\":\"https:\\\/\\\/thermibel.be\\\/es\\\/product\\\/sonde-pt100-droite-sans-element-de-mesure-interchangeable-avec-triclamp-avec-tube-intermediaire-si7-clmp\\\/#breadcrumb\",\"itemListElement\":[{\"@type\":\"ListItem\",\"position\":1,\"name\":\"Products\",\"item\":\"https:\\\/\\\/thermibel.be\\\/es\\\/shop\\\/\"},{\"@type\":\"ListItem\",\"position\":2,\"name\":\"Sondas Pt100 de la serie 7 (SI7-CLMP) recta con elemento sensor no reemplazable, con accesorio triclamp\u00ae, con tubo de extensi\u00f3n\"}]},{\"@type\":\"WebSite\",\"@id\":\"https:\\\/\\\/thermibel.be\\\/es\\\/#website\",\"url\":\"https:\\\/\\\/thermibel.be\\\/es\\\/\",\"name\":\"Thermibel\",\"description\":\"Un Haut Degr\u00e9 de Qualit\u00e9\",\"publisher\":{\"@id\":\"https:\\\/\\\/thermibel.be\\\/es\\\/#organization\"},\"potentialAction\":[{\"@type\":\"SearchAction\",\"target\":{\"@type\":\"EntryPoint\",\"urlTemplate\":\"https:\\\/\\\/thermibel.be\\\/es\\\/?s={search_term_string}\"},\"query-input\":{\"@type\":\"PropertyValueSpecification\",\"valueRequired\":true,\"valueName\":\"search_term_string\"}}],\"inLanguage\":\"es-ES\"},{\"@type\":\"Organization\",\"@id\":\"https:\\\/\\\/thermibel.be\\\/es\\\/#organization\",\"name\":\"Thermibel\",\"url\":\"https:\\\/\\\/thermibel.be\\\/es\\\/\",\"logo\":{\"@type\":\"ImageObject\",\"inLanguage\":\"es-ES\",\"@id\":\"https:\\\/\\\/thermibel.be\\\/es\\\/#\\\/schema\\\/logo\\\/image\\\/\",\"url\":\"https:\\\/\\\/thermibel.be\\\/app\\\/uploads\\\/2023\\\/08\\\/logo_fr-1.png\",\"contentUrl\":\"https:\\\/\\\/thermibel.be\\\/app\\\/uploads\\\/2023\\\/08\\\/logo_fr-1.png\",\"width\":275,\"height\":59,\"caption\":\"Thermibel\"},\"image\":{\"@id\":\"https:\\\/\\\/thermibel.be\\\/es\\\/#\\\/schema\\\/logo\\\/image\\\/\"}}]}<\/script>\n<!-- \/ Yoast SEO plugin. -->","yoast_head_json":{"title":"Sondas Pt100 de la serie 7 (SI7-CLMP) recta con elemento sensor no reemplazable, con accesorio triclamp\u00ae, con tubo de extensi\u00f3n - Thermibel","robots":{"index":"index","follow":"follow","max-snippet":"max-snippet:-1","max-image-preview":"max-image-preview:large","max-video-preview":"max-video-preview:-1"},"canonical":"https:\/\/thermibel.be\/es\/product\/sonde-pt100-droite-sans-element-de-mesure-interchangeable-avec-triclamp-avec-tube-intermediaire-si7-clmp\/","og_locale":"es_ES","og_type":"article","og_title":"Sondas Pt100 de la serie 7 (SI7-CLMP) recta con elemento sensor no reemplazable, con accesorio triclamp\u00ae, con tubo de extensi\u00f3n - Thermibel","og_description":"Elemento sensor Elemento Pt100 simple o doble Clase de tolerancia B, A o AA seg\u00fan IEC 751 (EN 60751) Rango de temperatura -50 a +250 \u00b0C Funda externa Tubo inox AISI 316L sin costura \u2013 espesor de pared 1 mm Di\u00e1metro : 6 mm por defecto, otros di\u00e1metros disponibles bajo pedido Longitud de inserci\u00f3n : [&hellip;]","og_url":"https:\/\/thermibel.be\/es\/product\/sonde-pt100-droite-sans-element-de-mesure-interchangeable-avec-triclamp-avec-tube-intermediaire-si7-clmp\/","og_site_name":"Thermibel","article_modified_time":"2023-12-22T11:12:35+00:00","og_image":[{"width":522,"height":1200,"url":"https:\/\/thermibel.be\/app\/uploads\/2023\/05\/SI7-CLMP-vertical-1.png","type":"image\/png"}],"twitter_card":"summary_large_image","twitter_misc":{"Tiempo de lectura":"1 minute"},"schema":{"@context":"https:\/\/schema.org","@graph":[{"@type":"WebPage","@id":"https:\/\/thermibel.be\/es\/product\/sonde-pt100-droite-sans-element-de-mesure-interchangeable-avec-triclamp-avec-tube-intermediaire-si7-clmp\/","url":"https:\/\/thermibel.be\/es\/product\/sonde-pt100-droite-sans-element-de-mesure-interchangeable-avec-triclamp-avec-tube-intermediaire-si7-clmp\/","name":"Sondas Pt100 de la serie 7 (SI7-CLMP) recta con elemento sensor no reemplazable, con accesorio triclamp\u00ae, con tubo de extensi\u00f3n - Thermibel","isPartOf":{"@id":"https:\/\/thermibel.be\/es\/#website"},"primaryImageOfPage":{"@id":"https:\/\/thermibel.be\/es\/product\/sonde-pt100-droite-sans-element-de-mesure-interchangeable-avec-triclamp-avec-tube-intermediaire-si7-clmp\/#primaryimage"},"image":{"@id":"https:\/\/thermibel.be\/es\/product\/sonde-pt100-droite-sans-element-de-mesure-interchangeable-avec-triclamp-avec-tube-intermediaire-si7-clmp\/#primaryimage"},"thumbnailUrl":"https:\/\/thermibel.be\/app\/uploads\/2023\/05\/SI7-CLMP-vertical-1.png","datePublished":"2023-05-17T14:17:21+00:00","dateModified":"2023-12-22T11:12:35+00:00","breadcrumb":{"@id":"https:\/\/thermibel.be\/es\/product\/sonde-pt100-droite-sans-element-de-mesure-interchangeable-avec-triclamp-avec-tube-intermediaire-si7-clmp\/#breadcrumb"},"inLanguage":"es-ES","potentialAction":[{"@type":"ReadAction","target":["https:\/\/thermibel.be\/es\/product\/sonde-pt100-droite-sans-element-de-mesure-interchangeable-avec-triclamp-avec-tube-intermediaire-si7-clmp\/"]}]},{"@type":"ImageObject","inLanguage":"es-ES","@id":"https:\/\/thermibel.be\/es\/product\/sonde-pt100-droite-sans-element-de-mesure-interchangeable-avec-triclamp-avec-tube-intermediaire-si7-clmp\/#primaryimage","url":"https:\/\/thermibel.be\/app\/uploads\/2023\/05\/SI7-CLMP-vertical-1.png","contentUrl":"https:\/\/thermibel.be\/app\/uploads\/2023\/05\/SI7-CLMP-vertical-1.png","width":522,"height":1200},{"@type":"BreadcrumbList","@id":"https:\/\/thermibel.be\/es\/product\/sonde-pt100-droite-sans-element-de-mesure-interchangeable-avec-triclamp-avec-tube-intermediaire-si7-clmp\/#breadcrumb","itemListElement":[{"@type":"ListItem","position":1,"name":"Products","item":"https:\/\/thermibel.be\/es\/shop\/"},{"@type":"ListItem","position":2,"name":"Sondas Pt100 de la serie 7 (SI7-CLMP) recta con elemento sensor no reemplazable, con accesorio triclamp\u00ae, con tubo de extensi\u00f3n"}]},{"@type":"WebSite","@id":"https:\/\/thermibel.be\/es\/#website","url":"https:\/\/thermibel.be\/es\/","name":"Thermibel","description":"Un Haut Degr\u00e9 de Qualit\u00e9","publisher":{"@id":"https:\/\/thermibel.be\/es\/#organization"},"potentialAction":[{"@type":"SearchAction","target":{"@type":"EntryPoint","urlTemplate":"https:\/\/thermibel.be\/es\/?s={search_term_string}"},"query-input":{"@type":"PropertyValueSpecification","valueRequired":true,"valueName":"search_term_string"}}],"inLanguage":"es-ES"},{"@type":"Organization","@id":"https:\/\/thermibel.be\/es\/#organization","name":"Thermibel","url":"https:\/\/thermibel.be\/es\/","logo":{"@type":"ImageObject","inLanguage":"es-ES","@id":"https:\/\/thermibel.be\/es\/#\/schema\/logo\/image\/","url":"https:\/\/thermibel.be\/app\/uploads\/2023\/08\/logo_fr-1.png","contentUrl":"https:\/\/thermibel.be\/app\/uploads\/2023\/08\/logo_fr-1.png","width":275,"height":59,"caption":"Thermibel"},"image":{"@id":"https:\/\/thermibel.be\/es\/#\/schema\/logo\/image\/"}}]}},"_links":{"self":[{"href":"https:\/\/thermibel.be\/es\/wp-json\/wp\/v2\/product\/2139","targetHints":{"allow":["GET"]}}],"collection":[{"href":"https:\/\/thermibel.be\/es\/wp-json\/wp\/v2\/product"}],"about":[{"href":"https:\/\/thermibel.be\/es\/wp-json\/wp\/v2\/types\/product"}],"wp:featuredmedia":[{"embeddable":true,"href":"https:\/\/thermibel.be\/es\/wp-json\/wp\/v2\/media\/5138"}],"wp:attachment":[{"href":"https:\/\/thermibel.be\/es\/wp-json\/wp\/v2\/media?parent=2139"}],"wp:term":[{"taxonomy":"product_brand","embeddable":true,"href":"https:\/\/thermibel.be\/es\/wp-json\/wp\/v2\/product_brand?post=2139"},{"taxonomy":"product_cat","embeddable":true,"href":"https:\/\/thermibel.be\/es\/wp-json\/wp\/v2\/product_cat?post=2139"},{"taxonomy":"product_tag","embeddable":true,"href":"https:\/\/thermibel.be\/es\/wp-json\/wp\/v2\/product_tag?post=2139"}],"curies":[{"name":"wp","href":"https:\/\/api.w.org\/{rel}","templated":true}]}}