{"id":2114,"date":"2023-05-19T12:32:15","date_gmt":"2023-05-19T12:32:15","guid":{"rendered":"https:\/\/thermibel.be\/product\/serie-ta-tp-a-simple-gaine-ceramique-petite-taille\/"},"modified":"2023-10-31T07:44:09","modified_gmt":"2023-10-31T07:44:09","slug":"serie-ta-tp-a-simple-gaine-ceramique-petite-taille","status":"publish","type":"product","link":"https:\/\/thermibel.be\/es\/product\/serie-ta-tp-a-simple-gaine-ceramique-petite-taille\/","title":{"rendered":"Termopar recto de tama\u00f1o peque\u00f1o de la serie TA&#038;TP con funda simple de cer\u00e1mica"},"content":{"rendered":"<h3>Elemento sensor<\/h3>\n<p>Termopar tipo K (Ni-Cr\/Ni), N (Ni-Cr-Si\/Ni-Si), R, (Pt-13%Rh\/Pt), S (Pt-10% Rh\/Pt) o B (Pt-30%Rh\/Pt-6%Rh)  <br \/>simple o doble con clase de tolerancia seg\u00fan IEC 60584 (EN 60584)<\/p>\n<h3>Rango de temperatura<\/h3>\n<p>Termopar K o N : 0 a 1100 \u00b0C  <br \/>Termopar R o S : 0 a 1550 \u00b0C <br \/> Termopar B : 0 a 1700 \u00b0C<\/p>\n<h3>Funda externa (EN60672)<\/h3>\n<p>KER610 (Pythagoras) hasta 1400 \u00b0C <br \/>C799 (Alsint) hasta 1700 \u00b0C <br \/>Di\u00e1metro 10 mm <br \/>Cimentada en el tubo de soporte de acero inoxidable.<\/p>\n<h3>Tubo soporte<\/h3>\n<p>De acero inoxidable, di\u00e1metro 15 mm y longitud 80 mm  <br \/>Longitud de inserci\u00f3n: est\u00e1ndares de 180, 250, 355 y 500 mm, otras longitudes bajo pedido.<\/p>\n<h3>Conexi\u00f3n al proceso<\/h3>\n<p>Brida deslizante o conector deslizante de acero o conexi\u00f3n al proceso por soldadura (rosca o brida).<\/p>\n<h3>Cabezal de conexi\u00f3n<\/h3>\n<p>Cabezal DIN B est\u00e1ndar con prensaestopas M20 <br \/> Otros tipos disponibles bajo pedido.<\/p>\n","protected":false},"excerpt":{"rendered":"<p>Elemento sensor Termopar tipo K (Ni-Cr\/Ni), N (Ni-Cr-Si\/Ni-Si), R, (Pt-13%Rh\/Pt), S (Pt-10% Rh\/Pt) o B (Pt-30%Rh\/Pt-6%Rh) simple o doble con clase de tolerancia seg\u00fan IEC 60584 (EN 60584) Rango de temperatura Termopar K o N : 0 a 1100 \u00b0C Termopar R o S : 0 a 1550 \u00b0C Termopar B : 0 a 1700 [&hellip;]<\/p>\n","protected":false},"featured_media":5822,"template":"","meta":{"_acf_changed":false,"om_disable_all_campaigns":false,"_monsterinsights_skip_tracking":false,"_monsterinsights_sitenote_active":false,"_monsterinsights_sitenote_note":"","_monsterinsights_sitenote_category":0,"_uf_show_specific_survey":0,"_uf_disable_surveys":false},"product_brand":[],"product_cat":[58,135],"product_tag":[],"class_list":{"0":"post-2114","1":"product","2":"type-product","3":"status-publish","4":"has-post-thumbnail","6":"product_cat-thermocouples-es","7":"product_cat-termopares_rectos","9":"first","10":"instock","11":"shipping-taxable","12":"product-type-simple"},"acf":[],"aioseo_notices":[],"yoast_head":"<!-- This site is optimized with the Yoast SEO plugin v27.4 - https:\/\/yoast.com\/product\/yoast-seo-wordpress\/ -->\n<title>Termopar recto de tama\u00f1o peque\u00f1o de la serie TA&amp;TP con funda simple de cer\u00e1mica - Thermibel<\/title>\n<meta name=\"robots\" content=\"index, follow, max-snippet:-1, max-image-preview:large, max-video-preview:-1\" \/>\n<link rel=\"canonical\" href=\"https:\/\/thermibel.be\/es\/product\/serie-ta-tp-a-simple-gaine-ceramique-petite-taille\/\" \/>\n<meta property=\"og:locale\" content=\"es_ES\" \/>\n<meta property=\"og:type\" content=\"article\" \/>\n<meta property=\"og:title\" content=\"Termopar recto de tama\u00f1o peque\u00f1o de la serie TA&amp;TP con funda simple de cer\u00e1mica - Thermibel\" \/>\n<meta property=\"og:description\" content=\"Elemento sensor Termopar tipo K (Ni-Cr\/Ni), N (Ni-Cr-Si\/Ni-Si), R, (Pt-13%Rh\/Pt), S (Pt-10% Rh\/Pt) o B (Pt-30%Rh\/Pt-6%Rh) simple o doble con clase de tolerancia seg\u00fan IEC 60584 (EN 60584) Rango de temperatura Termopar K o N : 0 a 1100 \u00b0C Termopar R o S : 0 a 1550 \u00b0C Termopar B : 0 a 1700 [&hellip;]\" \/>\n<meta property=\"og:url\" content=\"https:\/\/thermibel.be\/es\/product\/serie-ta-tp-a-simple-gaine-ceramique-petite-taille\/\" \/>\n<meta property=\"og:site_name\" content=\"Thermibel\" \/>\n<meta property=\"article:modified_time\" content=\"2023-10-31T07:44:09+00:00\" \/>\n<meta property=\"og:image\" content=\"https:\/\/thermibel.be\/app\/uploads\/2023\/05\/TATP-small-datasheet-copie-1.png\" \/>\n\t<meta property=\"og:image:width\" content=\"300\" \/>\n\t<meta property=\"og:image:height\" content=\"1002\" \/>\n\t<meta property=\"og:image:type\" content=\"image\/png\" \/>\n<meta name=\"twitter:card\" content=\"summary_large_image\" \/>\n<meta name=\"twitter:label1\" content=\"Tiempo de lectura\" \/>\n\t<meta name=\"twitter:data1\" content=\"1 minute\" \/>\n<script type=\"application\/ld+json\" class=\"yoast-schema-graph\">{\"@context\":\"https:\\\/\\\/schema.org\",\"@graph\":[{\"@type\":\"WebPage\",\"@id\":\"https:\\\/\\\/thermibel.be\\\/es\\\/product\\\/serie-ta-tp-a-simple-gaine-ceramique-petite-taille\\\/\",\"url\":\"https:\\\/\\\/thermibel.be\\\/es\\\/product\\\/serie-ta-tp-a-simple-gaine-ceramique-petite-taille\\\/\",\"name\":\"Termopar recto de tama\u00f1o peque\u00f1o de la serie TA&TP con funda simple de cer\u00e1mica - Thermibel\",\"isPartOf\":{\"@id\":\"https:\\\/\\\/thermibel.be\\\/es\\\/#website\"},\"primaryImageOfPage\":{\"@id\":\"https:\\\/\\\/thermibel.be\\\/es\\\/product\\\/serie-ta-tp-a-simple-gaine-ceramique-petite-taille\\\/#primaryimage\"},\"image\":{\"@id\":\"https:\\\/\\\/thermibel.be\\\/es\\\/product\\\/serie-ta-tp-a-simple-gaine-ceramique-petite-taille\\\/#primaryimage\"},\"thumbnailUrl\":\"https:\\\/\\\/thermibel.be\\\/app\\\/uploads\\\/2023\\\/05\\\/TATP-small-datasheet-copie-2.png\",\"datePublished\":\"2023-05-19T12:32:15+00:00\",\"dateModified\":\"2023-10-31T07:44:09+00:00\",\"breadcrumb\":{\"@id\":\"https:\\\/\\\/thermibel.be\\\/es\\\/product\\\/serie-ta-tp-a-simple-gaine-ceramique-petite-taille\\\/#breadcrumb\"},\"inLanguage\":\"es-ES\",\"potentialAction\":[{\"@type\":\"ReadAction\",\"target\":[\"https:\\\/\\\/thermibel.be\\\/es\\\/product\\\/serie-ta-tp-a-simple-gaine-ceramique-petite-taille\\\/\"]}]},{\"@type\":\"ImageObject\",\"inLanguage\":\"es-ES\",\"@id\":\"https:\\\/\\\/thermibel.be\\\/es\\\/product\\\/serie-ta-tp-a-simple-gaine-ceramique-petite-taille\\\/#primaryimage\",\"url\":\"https:\\\/\\\/thermibel.be\\\/app\\\/uploads\\\/2023\\\/05\\\/TATP-small-datasheet-copie-2.png\",\"contentUrl\":\"https:\\\/\\\/thermibel.be\\\/app\\\/uploads\\\/2023\\\/05\\\/TATP-small-datasheet-copie-2.png\",\"width\":269,\"height\":900},{\"@type\":\"BreadcrumbList\",\"@id\":\"https:\\\/\\\/thermibel.be\\\/es\\\/product\\\/serie-ta-tp-a-simple-gaine-ceramique-petite-taille\\\/#breadcrumb\",\"itemListElement\":[{\"@type\":\"ListItem\",\"position\":1,\"name\":\"Products\",\"item\":\"https:\\\/\\\/thermibel.be\\\/es\\\/shop\\\/\"},{\"@type\":\"ListItem\",\"position\":2,\"name\":\"Termopar recto de tama\u00f1o peque\u00f1o de la serie TA&#038;TP con funda simple de cer\u00e1mica\"}]},{\"@type\":\"WebSite\",\"@id\":\"https:\\\/\\\/thermibel.be\\\/es\\\/#website\",\"url\":\"https:\\\/\\\/thermibel.be\\\/es\\\/\",\"name\":\"Thermibel\",\"description\":\"Un Haut Degr\u00e9 de Qualit\u00e9\",\"publisher\":{\"@id\":\"https:\\\/\\\/thermibel.be\\\/es\\\/#organization\"},\"potentialAction\":[{\"@type\":\"SearchAction\",\"target\":{\"@type\":\"EntryPoint\",\"urlTemplate\":\"https:\\\/\\\/thermibel.be\\\/es\\\/?s={search_term_string}\"},\"query-input\":{\"@type\":\"PropertyValueSpecification\",\"valueRequired\":true,\"valueName\":\"search_term_string\"}}],\"inLanguage\":\"es-ES\"},{\"@type\":\"Organization\",\"@id\":\"https:\\\/\\\/thermibel.be\\\/es\\\/#organization\",\"name\":\"Thermibel\",\"url\":\"https:\\\/\\\/thermibel.be\\\/es\\\/\",\"logo\":{\"@type\":\"ImageObject\",\"inLanguage\":\"es-ES\",\"@id\":\"https:\\\/\\\/thermibel.be\\\/es\\\/#\\\/schema\\\/logo\\\/image\\\/\",\"url\":\"https:\\\/\\\/thermibel.be\\\/app\\\/uploads\\\/2023\\\/08\\\/logo_fr-1.png\",\"contentUrl\":\"https:\\\/\\\/thermibel.be\\\/app\\\/uploads\\\/2023\\\/08\\\/logo_fr-1.png\",\"width\":275,\"height\":59,\"caption\":\"Thermibel\"},\"image\":{\"@id\":\"https:\\\/\\\/thermibel.be\\\/es\\\/#\\\/schema\\\/logo\\\/image\\\/\"}}]}<\/script>\n<!-- \/ Yoast SEO plugin. -->","yoast_head_json":{"title":"Termopar recto de tama\u00f1o peque\u00f1o de la serie TA&TP con funda simple de cer\u00e1mica - Thermibel","robots":{"index":"index","follow":"follow","max-snippet":"max-snippet:-1","max-image-preview":"max-image-preview:large","max-video-preview":"max-video-preview:-1"},"canonical":"https:\/\/thermibel.be\/es\/product\/serie-ta-tp-a-simple-gaine-ceramique-petite-taille\/","og_locale":"es_ES","og_type":"article","og_title":"Termopar recto de tama\u00f1o peque\u00f1o de la serie TA&TP con funda simple de cer\u00e1mica - Thermibel","og_description":"Elemento sensor Termopar tipo K (Ni-Cr\/Ni), N (Ni-Cr-Si\/Ni-Si), R, (Pt-13%Rh\/Pt), S (Pt-10% Rh\/Pt) o B (Pt-30%Rh\/Pt-6%Rh) simple o doble con clase de tolerancia seg\u00fan IEC 60584 (EN 60584) Rango de temperatura Termopar K o N : 0 a 1100 \u00b0C Termopar R o S : 0 a 1550 \u00b0C Termopar B : 0 a 1700 [&hellip;]","og_url":"https:\/\/thermibel.be\/es\/product\/serie-ta-tp-a-simple-gaine-ceramique-petite-taille\/","og_site_name":"Thermibel","article_modified_time":"2023-10-31T07:44:09+00:00","og_image":[{"width":300,"height":1002,"url":"https:\/\/thermibel.be\/app\/uploads\/2023\/05\/TATP-small-datasheet-copie-1.png","type":"image\/png"}],"twitter_card":"summary_large_image","twitter_misc":{"Tiempo de lectura":"1 minute"},"schema":{"@context":"https:\/\/schema.org","@graph":[{"@type":"WebPage","@id":"https:\/\/thermibel.be\/es\/product\/serie-ta-tp-a-simple-gaine-ceramique-petite-taille\/","url":"https:\/\/thermibel.be\/es\/product\/serie-ta-tp-a-simple-gaine-ceramique-petite-taille\/","name":"Termopar recto de tama\u00f1o peque\u00f1o de la serie TA&TP con funda simple de cer\u00e1mica - Thermibel","isPartOf":{"@id":"https:\/\/thermibel.be\/es\/#website"},"primaryImageOfPage":{"@id":"https:\/\/thermibel.be\/es\/product\/serie-ta-tp-a-simple-gaine-ceramique-petite-taille\/#primaryimage"},"image":{"@id":"https:\/\/thermibel.be\/es\/product\/serie-ta-tp-a-simple-gaine-ceramique-petite-taille\/#primaryimage"},"thumbnailUrl":"https:\/\/thermibel.be\/app\/uploads\/2023\/05\/TATP-small-datasheet-copie-2.png","datePublished":"2023-05-19T12:32:15+00:00","dateModified":"2023-10-31T07:44:09+00:00","breadcrumb":{"@id":"https:\/\/thermibel.be\/es\/product\/serie-ta-tp-a-simple-gaine-ceramique-petite-taille\/#breadcrumb"},"inLanguage":"es-ES","potentialAction":[{"@type":"ReadAction","target":["https:\/\/thermibel.be\/es\/product\/serie-ta-tp-a-simple-gaine-ceramique-petite-taille\/"]}]},{"@type":"ImageObject","inLanguage":"es-ES","@id":"https:\/\/thermibel.be\/es\/product\/serie-ta-tp-a-simple-gaine-ceramique-petite-taille\/#primaryimage","url":"https:\/\/thermibel.be\/app\/uploads\/2023\/05\/TATP-small-datasheet-copie-2.png","contentUrl":"https:\/\/thermibel.be\/app\/uploads\/2023\/05\/TATP-small-datasheet-copie-2.png","width":269,"height":900},{"@type":"BreadcrumbList","@id":"https:\/\/thermibel.be\/es\/product\/serie-ta-tp-a-simple-gaine-ceramique-petite-taille\/#breadcrumb","itemListElement":[{"@type":"ListItem","position":1,"name":"Products","item":"https:\/\/thermibel.be\/es\/shop\/"},{"@type":"ListItem","position":2,"name":"Termopar recto de tama\u00f1o peque\u00f1o de la serie TA&#038;TP con funda simple de cer\u00e1mica"}]},{"@type":"WebSite","@id":"https:\/\/thermibel.be\/es\/#website","url":"https:\/\/thermibel.be\/es\/","name":"Thermibel","description":"Un Haut Degr\u00e9 de Qualit\u00e9","publisher":{"@id":"https:\/\/thermibel.be\/es\/#organization"},"potentialAction":[{"@type":"SearchAction","target":{"@type":"EntryPoint","urlTemplate":"https:\/\/thermibel.be\/es\/?s={search_term_string}"},"query-input":{"@type":"PropertyValueSpecification","valueRequired":true,"valueName":"search_term_string"}}],"inLanguage":"es-ES"},{"@type":"Organization","@id":"https:\/\/thermibel.be\/es\/#organization","name":"Thermibel","url":"https:\/\/thermibel.be\/es\/","logo":{"@type":"ImageObject","inLanguage":"es-ES","@id":"https:\/\/thermibel.be\/es\/#\/schema\/logo\/image\/","url":"https:\/\/thermibel.be\/app\/uploads\/2023\/08\/logo_fr-1.png","contentUrl":"https:\/\/thermibel.be\/app\/uploads\/2023\/08\/logo_fr-1.png","width":275,"height":59,"caption":"Thermibel"},"image":{"@id":"https:\/\/thermibel.be\/es\/#\/schema\/logo\/image\/"}}]}},"_links":{"self":[{"href":"https:\/\/thermibel.be\/es\/wp-json\/wp\/v2\/product\/2114","targetHints":{"allow":["GET"]}}],"collection":[{"href":"https:\/\/thermibel.be\/es\/wp-json\/wp\/v2\/product"}],"about":[{"href":"https:\/\/thermibel.be\/es\/wp-json\/wp\/v2\/types\/product"}],"wp:featuredmedia":[{"embeddable":true,"href":"https:\/\/thermibel.be\/es\/wp-json\/wp\/v2\/media\/5822"}],"wp:attachment":[{"href":"https:\/\/thermibel.be\/es\/wp-json\/wp\/v2\/media?parent=2114"}],"wp:term":[{"taxonomy":"product_brand","embeddable":true,"href":"https:\/\/thermibel.be\/es\/wp-json\/wp\/v2\/product_brand?post=2114"},{"taxonomy":"product_cat","embeddable":true,"href":"https:\/\/thermibel.be\/es\/wp-json\/wp\/v2\/product_cat?post=2114"},{"taxonomy":"product_tag","embeddable":true,"href":"https:\/\/thermibel.be\/es\/wp-json\/wp\/v2\/product_tag?post=2114"}],"curies":[{"name":"wp","href":"https:\/\/api.w.org\/{rel}","templated":true}]}}