{"id":2111,"date":"2023-05-19T12:32:15","date_gmt":"2023-05-19T12:32:15","guid":{"rendered":"https:\/\/thermibel.be\/product\/serie-taa-tsp-tpp-thermocouple-droit-a-double-gaine-ceramique\/"},"modified":"2023-10-27T09:36:14","modified_gmt":"2023-10-27T09:36:14","slug":"serie-taa-tsp-tpp-thermocoupledroit-a-double-gaine-ceramique","status":"publish","type":"product","link":"https:\/\/thermibel.be\/es\/product\/serie-taa-tsp-tpp-thermocoupledroit-a-double-gaine-ceramique\/","title":{"rendered":"Termopar recto de la serie TAA&#038;TSP con funda doble de cer\u00e1mica"},"content":{"rendered":"<h3>Elemento sensor<\/h3>\n<p>Termopar tipo K (Ni-Cr\/Ni), N (Ni-Cr-Si\/Ni-Si), R, (Pt-13%Rh\/Pt), S (Pt-10% Rh\/Pt) o B (Pt-30%Rh\/Pt-6%Rh)<br \/>\nsimple o doble con clase de tolerancia seg\u00fan la norma IEC 60584 (EN 60584)<\/p>\n<h3>Funda de protecci\u00f3n (EN 60672)<\/h3>\n<p>Estas fundas de protecci\u00f3n de pared doble est\u00e1n disponibles en varias combinaciones en dependencia de la protecci\u00f3n y el rango de temperatura requerido.<\/p>\n<p>C530 Silimantin (externa) y KER 610 Pythagoras (interna) son adecuadas para ser usadas hasta 1400\u00b0C<\/p>\n<p>C530 Silimantin (externa) y C799 Alsint (interna) son adecuadas para ser usadas hasta 1600\u00b0C<\/p>\n<p>C799 (Alsint) para funda externa e interna, en el rango de 1600\u00b0C a 1700\u00b0C.\u00a0 Si se presenta el caso de corrosi\u00f3n severa, esta combinaci\u00f3n puede seleccionarse tambi\u00e9n para temperaturas menores.<\/p>\n<p>Cementada en el tubo de soporte de acero inoxidable.<\/p>\n<h3>Tubo soporte<\/h3>\n<p>Acero inox o acero refractario &#8211; Di\u00e1metro 32 mm, longitud 200mm<\/p>\n<h3>Longitud de inserci\u00f3n<\/h3>\n<p>Est\u00e1ndares de 500, 710, 1000 y 1400 mm, otras longitudes disponibles bajo pedido.<\/p>\n<h3>Conexi\u00f3n al proceso<\/h3>\n<p>Brida deslizante o conector deslizante de acero, o conexi\u00f3n al proceso por soldadura (rosca o brida).<\/p>\n<h3>Cabezal de conexi\u00f3n<\/h3>\n<p>Cabezal DIN A est\u00e1ndar &#8211; otros modelos de cabezal con prensaestopas M20 disponibles bajo pedido.<\/p>\n","protected":false},"excerpt":{"rendered":"<p>Elemento sensor Termopar tipo K (Ni-Cr\/Ni), N (Ni-Cr-Si\/Ni-Si), R, (Pt-13%Rh\/Pt), S (Pt-10% Rh\/Pt) o B (Pt-30%Rh\/Pt-6%Rh) simple o doble con clase de tolerancia seg\u00fan la norma IEC 60584 (EN 60584) Funda de protecci\u00f3n (EN 60672) Estas fundas de protecci\u00f3n de pared doble est\u00e1n disponibles en varias combinaciones en dependencia de la protecci\u00f3n y el rango [&hellip;]<\/p>\n","protected":false},"featured_media":5814,"template":"","meta":{"_acf_changed":false,"om_disable_all_campaigns":false,"_monsterinsights_skip_tracking":false,"_monsterinsights_sitenote_active":false,"_monsterinsights_sitenote_note":"","_monsterinsights_sitenote_category":0,"_uf_show_specific_survey":0,"_uf_disable_surveys":false},"product_brand":[],"product_cat":[58,135],"product_tag":[],"class_list":{"0":"post-2111","1":"product","2":"type-product","3":"status-publish","4":"has-post-thumbnail","6":"product_cat-thermocouples-es","7":"product_cat-termopares_rectos","9":"first","10":"instock","11":"shipping-taxable","12":"product-type-simple"},"acf":[],"aioseo_notices":[],"yoast_head":"<!-- This site is optimized with the Yoast SEO plugin v27.4 - https:\/\/yoast.com\/product\/yoast-seo-wordpress\/ -->\n<title>Termopar recto de la serie TAA&amp;TSP con funda doble de cer\u00e1mica - Thermibel<\/title>\n<meta name=\"robots\" content=\"index, follow, max-snippet:-1, max-image-preview:large, max-video-preview:-1\" \/>\n<link rel=\"canonical\" href=\"https:\/\/thermibel.be\/es\/product\/serie-taa-tsp-tpp-thermocoupledroit-a-double-gaine-ceramique\/\" \/>\n<meta property=\"og:locale\" content=\"es_ES\" \/>\n<meta property=\"og:type\" content=\"article\" \/>\n<meta property=\"og:title\" content=\"Termopar recto de la serie TAA&amp;TSP con funda doble de cer\u00e1mica - Thermibel\" \/>\n<meta property=\"og:description\" content=\"Elemento sensor Termopar tipo K (Ni-Cr\/Ni), N (Ni-Cr-Si\/Ni-Si), R, (Pt-13%Rh\/Pt), S (Pt-10% Rh\/Pt) o B (Pt-30%Rh\/Pt-6%Rh) simple o doble con clase de tolerancia seg\u00fan la norma IEC 60584 (EN 60584) Funda de protecci\u00f3n (EN 60672) Estas fundas de protecci\u00f3n de pared doble est\u00e1n disponibles en varias combinaciones en dependencia de la protecci\u00f3n y el rango [&hellip;]\" \/>\n<meta property=\"og:url\" content=\"https:\/\/thermibel.be\/es\/product\/serie-taa-tsp-tpp-thermocoupledroit-a-double-gaine-ceramique\/\" \/>\n<meta property=\"og:site_name\" content=\"Thermibel\" \/>\n<meta property=\"article:modified_time\" content=\"2023-10-27T09:36:14+00:00\" \/>\n<meta property=\"og:image\" content=\"https:\/\/thermibel.be\/app\/uploads\/2023\/05\/TAATSP-datasheet-copie.png\" \/>\n\t<meta property=\"og:image:width\" content=\"738\" \/>\n\t<meta property=\"og:image:height\" content=\"2213\" \/>\n\t<meta property=\"og:image:type\" content=\"image\/png\" \/>\n<meta name=\"twitter:card\" content=\"summary_large_image\" \/>\n<meta name=\"twitter:label1\" content=\"Tiempo de lectura\" \/>\n\t<meta name=\"twitter:data1\" content=\"1 minute\" \/>\n<script type=\"application\/ld+json\" class=\"yoast-schema-graph\">{\"@context\":\"https:\\\/\\\/schema.org\",\"@graph\":[{\"@type\":\"WebPage\",\"@id\":\"https:\\\/\\\/thermibel.be\\\/es\\\/product\\\/serie-taa-tsp-tpp-thermocoupledroit-a-double-gaine-ceramique\\\/\",\"url\":\"https:\\\/\\\/thermibel.be\\\/es\\\/product\\\/serie-taa-tsp-tpp-thermocoupledroit-a-double-gaine-ceramique\\\/\",\"name\":\"Termopar recto de la serie TAA&TSP con funda doble de cer\u00e1mica - Thermibel\",\"isPartOf\":{\"@id\":\"https:\\\/\\\/thermibel.be\\\/es\\\/#website\"},\"primaryImageOfPage\":{\"@id\":\"https:\\\/\\\/thermibel.be\\\/es\\\/product\\\/serie-taa-tsp-tpp-thermocoupledroit-a-double-gaine-ceramique\\\/#primaryimage\"},\"image\":{\"@id\":\"https:\\\/\\\/thermibel.be\\\/es\\\/product\\\/serie-taa-tsp-tpp-thermocoupledroit-a-double-gaine-ceramique\\\/#primaryimage\"},\"thumbnailUrl\":\"https:\\\/\\\/thermibel.be\\\/app\\\/uploads\\\/2023\\\/05\\\/TAATSP-datasheet-scaled-1.png\",\"datePublished\":\"2023-05-19T12:32:15+00:00\",\"dateModified\":\"2023-10-27T09:36:14+00:00\",\"breadcrumb\":{\"@id\":\"https:\\\/\\\/thermibel.be\\\/es\\\/product\\\/serie-taa-tsp-tpp-thermocoupledroit-a-double-gaine-ceramique\\\/#breadcrumb\"},\"inLanguage\":\"es-ES\",\"potentialAction\":[{\"@type\":\"ReadAction\",\"target\":[\"https:\\\/\\\/thermibel.be\\\/es\\\/product\\\/serie-taa-tsp-tpp-thermocoupledroit-a-double-gaine-ceramique\\\/\"]}]},{\"@type\":\"ImageObject\",\"inLanguage\":\"es-ES\",\"@id\":\"https:\\\/\\\/thermibel.be\\\/es\\\/product\\\/serie-taa-tsp-tpp-thermocoupledroit-a-double-gaine-ceramique\\\/#primaryimage\",\"url\":\"https:\\\/\\\/thermibel.be\\\/app\\\/uploads\\\/2023\\\/05\\\/TAATSP-datasheet-scaled-1.png\",\"contentUrl\":\"https:\\\/\\\/thermibel.be\\\/app\\\/uploads\\\/2023\\\/05\\\/TAATSP-datasheet-scaled-1.png\",\"width\":300,\"height\":900},{\"@type\":\"BreadcrumbList\",\"@id\":\"https:\\\/\\\/thermibel.be\\\/es\\\/product\\\/serie-taa-tsp-tpp-thermocoupledroit-a-double-gaine-ceramique\\\/#breadcrumb\",\"itemListElement\":[{\"@type\":\"ListItem\",\"position\":1,\"name\":\"Products\",\"item\":\"https:\\\/\\\/thermibel.be\\\/es\\\/shop\\\/\"},{\"@type\":\"ListItem\",\"position\":2,\"name\":\"Termopar recto de la serie TAA&#038;TSP con funda doble de cer\u00e1mica\"}]},{\"@type\":\"WebSite\",\"@id\":\"https:\\\/\\\/thermibel.be\\\/es\\\/#website\",\"url\":\"https:\\\/\\\/thermibel.be\\\/es\\\/\",\"name\":\"Thermibel\",\"description\":\"Un Haut Degr\u00e9 de Qualit\u00e9\",\"publisher\":{\"@id\":\"https:\\\/\\\/thermibel.be\\\/es\\\/#organization\"},\"potentialAction\":[{\"@type\":\"SearchAction\",\"target\":{\"@type\":\"EntryPoint\",\"urlTemplate\":\"https:\\\/\\\/thermibel.be\\\/es\\\/?s={search_term_string}\"},\"query-input\":{\"@type\":\"PropertyValueSpecification\",\"valueRequired\":true,\"valueName\":\"search_term_string\"}}],\"inLanguage\":\"es-ES\"},{\"@type\":\"Organization\",\"@id\":\"https:\\\/\\\/thermibel.be\\\/es\\\/#organization\",\"name\":\"Thermibel\",\"url\":\"https:\\\/\\\/thermibel.be\\\/es\\\/\",\"logo\":{\"@type\":\"ImageObject\",\"inLanguage\":\"es-ES\",\"@id\":\"https:\\\/\\\/thermibel.be\\\/es\\\/#\\\/schema\\\/logo\\\/image\\\/\",\"url\":\"https:\\\/\\\/thermibel.be\\\/app\\\/uploads\\\/2023\\\/08\\\/logo_fr-1.png\",\"contentUrl\":\"https:\\\/\\\/thermibel.be\\\/app\\\/uploads\\\/2023\\\/08\\\/logo_fr-1.png\",\"width\":275,\"height\":59,\"caption\":\"Thermibel\"},\"image\":{\"@id\":\"https:\\\/\\\/thermibel.be\\\/es\\\/#\\\/schema\\\/logo\\\/image\\\/\"}}]}<\/script>\n<!-- \/ Yoast SEO plugin. -->","yoast_head_json":{"title":"Termopar recto de la serie TAA&TSP con funda doble de cer\u00e1mica - Thermibel","robots":{"index":"index","follow":"follow","max-snippet":"max-snippet:-1","max-image-preview":"max-image-preview:large","max-video-preview":"max-video-preview:-1"},"canonical":"https:\/\/thermibel.be\/es\/product\/serie-taa-tsp-tpp-thermocoupledroit-a-double-gaine-ceramique\/","og_locale":"es_ES","og_type":"article","og_title":"Termopar recto de la serie TAA&TSP con funda doble de cer\u00e1mica - Thermibel","og_description":"Elemento sensor Termopar tipo K (Ni-Cr\/Ni), N (Ni-Cr-Si\/Ni-Si), R, (Pt-13%Rh\/Pt), S (Pt-10% Rh\/Pt) o B (Pt-30%Rh\/Pt-6%Rh) simple o doble con clase de tolerancia seg\u00fan la norma IEC 60584 (EN 60584) Funda de protecci\u00f3n (EN 60672) Estas fundas de protecci\u00f3n de pared doble est\u00e1n disponibles en varias combinaciones en dependencia de la protecci\u00f3n y el rango [&hellip;]","og_url":"https:\/\/thermibel.be\/es\/product\/serie-taa-tsp-tpp-thermocoupledroit-a-double-gaine-ceramique\/","og_site_name":"Thermibel","article_modified_time":"2023-10-27T09:36:14+00:00","og_image":[{"width":738,"height":2213,"url":"https:\/\/thermibel.be\/app\/uploads\/2023\/05\/TAATSP-datasheet-copie.png","type":"image\/png"}],"twitter_card":"summary_large_image","twitter_misc":{"Tiempo de lectura":"1 minute"},"schema":{"@context":"https:\/\/schema.org","@graph":[{"@type":"WebPage","@id":"https:\/\/thermibel.be\/es\/product\/serie-taa-tsp-tpp-thermocoupledroit-a-double-gaine-ceramique\/","url":"https:\/\/thermibel.be\/es\/product\/serie-taa-tsp-tpp-thermocoupledroit-a-double-gaine-ceramique\/","name":"Termopar recto de la serie TAA&TSP con funda doble de cer\u00e1mica - Thermibel","isPartOf":{"@id":"https:\/\/thermibel.be\/es\/#website"},"primaryImageOfPage":{"@id":"https:\/\/thermibel.be\/es\/product\/serie-taa-tsp-tpp-thermocoupledroit-a-double-gaine-ceramique\/#primaryimage"},"image":{"@id":"https:\/\/thermibel.be\/es\/product\/serie-taa-tsp-tpp-thermocoupledroit-a-double-gaine-ceramique\/#primaryimage"},"thumbnailUrl":"https:\/\/thermibel.be\/app\/uploads\/2023\/05\/TAATSP-datasheet-scaled-1.png","datePublished":"2023-05-19T12:32:15+00:00","dateModified":"2023-10-27T09:36:14+00:00","breadcrumb":{"@id":"https:\/\/thermibel.be\/es\/product\/serie-taa-tsp-tpp-thermocoupledroit-a-double-gaine-ceramique\/#breadcrumb"},"inLanguage":"es-ES","potentialAction":[{"@type":"ReadAction","target":["https:\/\/thermibel.be\/es\/product\/serie-taa-tsp-tpp-thermocoupledroit-a-double-gaine-ceramique\/"]}]},{"@type":"ImageObject","inLanguage":"es-ES","@id":"https:\/\/thermibel.be\/es\/product\/serie-taa-tsp-tpp-thermocoupledroit-a-double-gaine-ceramique\/#primaryimage","url":"https:\/\/thermibel.be\/app\/uploads\/2023\/05\/TAATSP-datasheet-scaled-1.png","contentUrl":"https:\/\/thermibel.be\/app\/uploads\/2023\/05\/TAATSP-datasheet-scaled-1.png","width":300,"height":900},{"@type":"BreadcrumbList","@id":"https:\/\/thermibel.be\/es\/product\/serie-taa-tsp-tpp-thermocoupledroit-a-double-gaine-ceramique\/#breadcrumb","itemListElement":[{"@type":"ListItem","position":1,"name":"Products","item":"https:\/\/thermibel.be\/es\/shop\/"},{"@type":"ListItem","position":2,"name":"Termopar recto de la serie TAA&#038;TSP con funda doble de cer\u00e1mica"}]},{"@type":"WebSite","@id":"https:\/\/thermibel.be\/es\/#website","url":"https:\/\/thermibel.be\/es\/","name":"Thermibel","description":"Un Haut Degr\u00e9 de Qualit\u00e9","publisher":{"@id":"https:\/\/thermibel.be\/es\/#organization"},"potentialAction":[{"@type":"SearchAction","target":{"@type":"EntryPoint","urlTemplate":"https:\/\/thermibel.be\/es\/?s={search_term_string}"},"query-input":{"@type":"PropertyValueSpecification","valueRequired":true,"valueName":"search_term_string"}}],"inLanguage":"es-ES"},{"@type":"Organization","@id":"https:\/\/thermibel.be\/es\/#organization","name":"Thermibel","url":"https:\/\/thermibel.be\/es\/","logo":{"@type":"ImageObject","inLanguage":"es-ES","@id":"https:\/\/thermibel.be\/es\/#\/schema\/logo\/image\/","url":"https:\/\/thermibel.be\/app\/uploads\/2023\/08\/logo_fr-1.png","contentUrl":"https:\/\/thermibel.be\/app\/uploads\/2023\/08\/logo_fr-1.png","width":275,"height":59,"caption":"Thermibel"},"image":{"@id":"https:\/\/thermibel.be\/es\/#\/schema\/logo\/image\/"}}]}},"_links":{"self":[{"href":"https:\/\/thermibel.be\/es\/wp-json\/wp\/v2\/product\/2111","targetHints":{"allow":["GET"]}}],"collection":[{"href":"https:\/\/thermibel.be\/es\/wp-json\/wp\/v2\/product"}],"about":[{"href":"https:\/\/thermibel.be\/es\/wp-json\/wp\/v2\/types\/product"}],"wp:featuredmedia":[{"embeddable":true,"href":"https:\/\/thermibel.be\/es\/wp-json\/wp\/v2\/media\/5814"}],"wp:attachment":[{"href":"https:\/\/thermibel.be\/es\/wp-json\/wp\/v2\/media?parent=2111"}],"wp:term":[{"taxonomy":"product_brand","embeddable":true,"href":"https:\/\/thermibel.be\/es\/wp-json\/wp\/v2\/product_brand?post=2111"},{"taxonomy":"product_cat","embeddable":true,"href":"https:\/\/thermibel.be\/es\/wp-json\/wp\/v2\/product_cat?post=2111"},{"taxonomy":"product_tag","embeddable":true,"href":"https:\/\/thermibel.be\/es\/wp-json\/wp\/v2\/product_tag?post=2111"}],"curies":[{"name":"wp","href":"https:\/\/api.w.org\/{rel}","templated":true}]}}