{"id":3798,"date":"2023-05-10T11:52:43","date_gmt":"2023-05-10T11:52:43","guid":{"rendered":"https:\/\/thermibel.be\/?page_id=3798"},"modified":"2023-10-20T12:16:46","modified_gmt":"2023-10-20T12:16:46","slug":"mentions-legales","status":"publish","type":"page","link":"https:\/\/thermibel.be\/es\/mentions-legales\/","title":{"rendered":"Informaci\u00f3n jur\u00eddica"},"content":{"rendered":"\n<h2 class=\"wp-block-heading\" id=\"mcetoc_1co88tjsu0\">IDENTIDAD Y DATOS DE CONTACTO DEL EDITOR RESPONSABLE DEL SITIO:<\/h2>\n\n\n\n<p>Thermibel S.A. &#8211; Zoning Industriel &#8211; Pav\u00e9 du Roeulx 445 &#8211; 7110 Str\u00e9py-Bracquegnies &#8211; Tel. +3264 671515 &#8211; <a href=\"mailto:info@thermibel.be\">info@thermibel.be<\/a> &#8211; N\u00famero BCE (Crossroads Bank for Enterprises) N\u00famero de IVA BE 0423693624<\/p>\n\n\n\n<h2 class=\"wp-block-heading\" id=\"mcetoc_1co88tjsv4\">POL\u00cdTICA DE PRIVACIDAD.<\/h2>\n\n\n\n<p>El nuevo Reglamento General de Protecci\u00f3n de Datos (RGPD) entr\u00f3 en vigor el 25 de mayo de 2018.<\/p>\n\n\n\n<p>En Thermibel, siempre hemos tratado los datos de nuestros clientes con el m\u00e1ximo cuidado. Nunca hemos vendido datos a terceros, ni lo haremos en el futuro: sus datos se utilizan exclusivamente dentro de Thermibel.<br>Tratamos todos los datos de los clientes de forma estrictamente confidencial y respetamos escrupulosamente su privacidad.<br>Thermibel concede gran importancia a esta confidencialidad. Por ello, deseamos informarle de que el uso de su informaci\u00f3n registrada en nuestra base de datos s\u00f3lo se llevar\u00e1 a cabo en el estricto marco de nuestra relaci\u00f3n comercial.<\/p>\n\n\n\n<h3 class=\"wp-block-heading\" id=\"mcetoc_1co88tjsv4\">\u00bfQu\u00e9 datos personales recogemos sobre usted?<\/h3>\n\n\n\n<p>Los datos personales que recopilamos cuando trabaja con nosotros son los siguientes: empresa, n\u00famero de empresa, cargo, nombre, apellidos, sexo, direcci\u00f3n de correo electr\u00f3nico, direcci\u00f3n postal, idioma.<\/p>\n\n\n\n<h3 class=\"wp-block-heading\" id=\"mcetoc_1co88tjsv5\">\u00bfC\u00f3mo obtenemos sus datos personales?<\/h3>\n\n\n\n<p>Usted nos facilita todos sus datos personales cuando se suscribe a nuestro bolet\u00edn de noticias o cuando nos env\u00eda una solicitud de informaci\u00f3n, un presupuesto o un pedido.<\/p>\n\n\n\n<h4 class=\"wp-block-heading\" id=\"mcetoc_1co88tjsv4\">Uso de cookies<\/h4>\n\n\n\n<p>Utilizamos cookies en nuestros sitios web thermibel.be y thermimesure.fr para recopilar informaci\u00f3n sobre su navegaci\u00f3n.<\/p>\n\n\n\n<p>Una cookie es un archivo de texto que el navegador almacena en una ubicaci\u00f3n espec\u00edfica de su disco duro o dispositivo m\u00f3vil cuando visita un sitio web.<\/p>\n\n\n\n<p>Una cookie permite a su emisor identificar su terminal (ordenador, dispositivo m\u00f3vil&#8230;.) y recoger determinada informaci\u00f3n relativa a su navegaci\u00f3n.<\/p>\n\n\n\n<p>Thermibel utiliza cookies para diversos fines, entre ellos :<\/p>\n\n\n\n<ul class=\"wp-block-list\">\n<li>Averig\u00fce si ha dado su consentimiento para el uso de cookies;<\/li>\n\n\n\n<li>Informaci\u00f3n sobre el equipo que utiliza (direcci\u00f3n IP de su ordenador, Android ID, Apple ID, etc.);<\/li>\n\n\n\n<li>Informaci\u00f3n sobre el sistema operativo utilizado por su terminal (Microsoft Windows, Apple Os, Linux, Unix, etc.);<\/li>\n\n\n\n<li>Informaci\u00f3n sobre el navegador utilizado (Microsoft Internet Explorer, Apple Safari, Mozilla Firefox, Google Chrome, etc.);<\/li>\n\n\n\n<li>Informaci\u00f3n sobre su conexi\u00f3n a nuestro sitio web; fechas y horas, sitios de referencia;<\/li>\n\n\n\n<li>Informaci\u00f3n sobre el contenido consultado.<\/li>\n<\/ul>\n\n\n\n<p>Para avisarle de la existencia de cookies, Thermibel muestra un banner informativo en la parte inferior de la p\u00e1gina visitada.<br>Las cookies s\u00f3lo se colocan si usted da su consentimiento.<\/p>\n\n\n\n<p>Al hacer clic en &#8220;Acepto&#8221; o al continuar utilizando el sitio web, usted acepta el uso de cookies.<\/p>\n\n\n\n<p>El contrato tiene una validez de 12 meses, al t\u00e9rmino de los cuales se le notificar\u00e1 una solicitud de renovaci\u00f3n.<\/p>\n\n\n\n<p>Puede controlar el uso que hacen los sitios web de las cookies configurando los par\u00e1metros de privacidad de su navegador.<\/p>\n\n\n\n<p>Para saber m\u00e1s sobre c\u00f3mo controlar las cookies, consulte la funci\u00f3n de Ayuda de su navegador).<\/p>\n\n\n\n<h3 class=\"wp-block-heading\"> \u00bfC\u00f3mo utilizamos sus datos personales?<\/h3>\n\n\n\n<p>Sus datos personales se procesan para permitirle recibir informaci\u00f3n a trav\u00e9s de nuestro bolet\u00edn (THERMINEWS).<\/p>\n\n\n\n<h3 class=\"wp-block-heading\" id=\"mcetoc_1co88tjsv7\">La nueva normativa tambi\u00e9n le otorga derechos con respecto a esos mismos datos, como :<\/h3>\n\n\n\n<p>&#8211; Ejercer su derecho de acceso a sus datos personales;<br>&#8211; Solicite que se actualicen sus datos si son inexactos;<br>&#8211; Solicitar la eliminaci\u00f3n de su cuenta, borrar sus datos personales.<br><br>El derecho de supresi\u00f3n s\u00f3lo podr\u00e1 ejercerse si no entra en conflicto con otras normas, como la obligaci\u00f3n de archivo.<\/p>\n\n\n\n<p>Si desea ejercer alguno de sus derechos, puede ponerse en contacto con nosotros mediante este formulario.<\/p>\n\n\n\n<p>Para m\u00e1s informaci\u00f3n sobre las obligaciones relativas al RGPD, consulte el reglamento europeo: <a href=\"http:\/\/eur-lex.europa.eu\/legal-content\/FR\/TXT\/PDF\/?uri=CELEX:32016R0679&amp;from=FR\" target=\"_blank\" rel=\"noreferrer noopener\">http: \/\/eur-lex.europa.eu\/legal-content\/FR\/TXT\/PDF\/?uri=CELEX:32016R0679&amp;from=FR<\/a><\/p>\n","protected":false},"excerpt":{"rendered":"<p>IDENTIDAD Y DATOS DE CONTACTO DEL EDITOR RESPONSABLE DEL SITIO: Thermibel S.A. &#8211; Zoning Industriel &#8211; Pav\u00e9 du Roeulx 445 &#8211; 7110 Str\u00e9py-Bracquegnies &#8211; Tel. +3264 671515 &#8211; info@thermibel.be &#8211; N\u00famero BCE (Crossroads Bank for Enterprises) N\u00famero de IVA BE 0423693624 POL\u00cdTICA DE PRIVACIDAD. El nuevo Reglamento General de Protecci\u00f3n de Datos (RGPD) entr\u00f3 en [&hellip;]<\/p>\n","protected":false},"author":1,"featured_media":0,"parent":0,"menu_order":0,"comment_status":"closed","ping_status":"closed","template":"","meta":{"_acf_changed":false,"om_disable_all_campaigns":false,"_monsterinsights_skip_tracking":false,"_monsterinsights_sitenote_active":false,"_monsterinsights_sitenote_note":"","_monsterinsights_sitenote_category":0,"_uf_show_specific_survey":0,"_uf_disable_surveys":false,"footnotes":""},"class_list":["post-3798","page","type-page","status-publish","hentry"],"acf":[],"aioseo_notices":[],"yoast_head":"<!-- This site is optimized with the Yoast SEO plugin v27.4 - https:\/\/yoast.com\/product\/yoast-seo-wordpress\/ -->\n<title>Informaci\u00f3n jur\u00eddica - Thermibel<\/title>\n<meta name=\"robots\" content=\"index, follow, max-snippet:-1, max-image-preview:large, max-video-preview:-1\" \/>\n<link rel=\"canonical\" href=\"https:\/\/thermibel.be\/es\/mentions-legales\/\" \/>\n<meta property=\"og:locale\" content=\"es_ES\" \/>\n<meta property=\"og:type\" content=\"article\" \/>\n<meta property=\"og:title\" content=\"Informaci\u00f3n jur\u00eddica - Thermibel\" \/>\n<meta property=\"og:description\" content=\"IDENTIDAD Y DATOS DE CONTACTO DEL EDITOR RESPONSABLE DEL SITIO: Thermibel S.A. &#8211; Zoning Industriel &#8211; Pav\u00e9 du Roeulx 445 &#8211; 7110 Str\u00e9py-Bracquegnies &#8211; Tel. +3264 671515 &#8211; info@thermibel.be &#8211; N\u00famero BCE (Crossroads Bank for Enterprises) N\u00famero de IVA BE 0423693624 POL\u00cdTICA DE PRIVACIDAD. El nuevo Reglamento General de Protecci\u00f3n de Datos (RGPD) entr\u00f3 en [&hellip;]\" \/>\n<meta property=\"og:url\" content=\"https:\/\/thermibel.be\/es\/mentions-legales\/\" \/>\n<meta property=\"og:site_name\" content=\"Thermibel\" \/>\n<meta property=\"article:modified_time\" content=\"2023-10-20T12:16:46+00:00\" \/>\n<meta name=\"twitter:card\" content=\"summary_large_image\" \/>\n<meta name=\"twitter:label1\" content=\"Tiempo de lectura\" \/>\n\t<meta name=\"twitter:data1\" content=\"3 minutes\" \/>\n<script type=\"application\/ld+json\" class=\"yoast-schema-graph\">{\"@context\":\"https:\\\/\\\/schema.org\",\"@graph\":[{\"@type\":\"WebPage\",\"@id\":\"https:\\\/\\\/thermibel.be\\\/es\\\/mentions-legales\\\/\",\"url\":\"https:\\\/\\\/thermibel.be\\\/es\\\/mentions-legales\\\/\",\"name\":\"Informaci\u00f3n jur\u00eddica - Thermibel\",\"isPartOf\":{\"@id\":\"https:\\\/\\\/thermibel.be\\\/es\\\/#website\"},\"datePublished\":\"2023-05-10T11:52:43+00:00\",\"dateModified\":\"2023-10-20T12:16:46+00:00\",\"inLanguage\":\"es-ES\",\"potentialAction\":[{\"@type\":\"ReadAction\",\"target\":[\"https:\\\/\\\/thermibel.be\\\/es\\\/mentions-legales\\\/\"]}]},{\"@type\":\"WebSite\",\"@id\":\"https:\\\/\\\/thermibel.be\\\/es\\\/#website\",\"url\":\"https:\\\/\\\/thermibel.be\\\/es\\\/\",\"name\":\"Thermibel\",\"description\":\"Un Haut Degr\u00e9 de Qualit\u00e9\",\"publisher\":{\"@id\":\"https:\\\/\\\/thermibel.be\\\/es\\\/#organization\"},\"potentialAction\":[{\"@type\":\"SearchAction\",\"target\":{\"@type\":\"EntryPoint\",\"urlTemplate\":\"https:\\\/\\\/thermibel.be\\\/es\\\/?s={search_term_string}\"},\"query-input\":{\"@type\":\"PropertyValueSpecification\",\"valueRequired\":true,\"valueName\":\"search_term_string\"}}],\"inLanguage\":\"es-ES\"},{\"@type\":\"Organization\",\"@id\":\"https:\\\/\\\/thermibel.be\\\/es\\\/#organization\",\"name\":\"Thermibel\",\"url\":\"https:\\\/\\\/thermibel.be\\\/es\\\/\",\"logo\":{\"@type\":\"ImageObject\",\"inLanguage\":\"es-ES\",\"@id\":\"https:\\\/\\\/thermibel.be\\\/es\\\/#\\\/schema\\\/logo\\\/image\\\/\",\"url\":\"https:\\\/\\\/thermibel.be\\\/app\\\/uploads\\\/2023\\\/08\\\/logo_fr-1.png\",\"contentUrl\":\"https:\\\/\\\/thermibel.be\\\/app\\\/uploads\\\/2023\\\/08\\\/logo_fr-1.png\",\"width\":275,\"height\":59,\"caption\":\"Thermibel\"},\"image\":{\"@id\":\"https:\\\/\\\/thermibel.be\\\/es\\\/#\\\/schema\\\/logo\\\/image\\\/\"}}]}<\/script>\n<!-- \/ Yoast SEO plugin. -->","yoast_head_json":{"title":"Informaci\u00f3n jur\u00eddica - Thermibel","robots":{"index":"index","follow":"follow","max-snippet":"max-snippet:-1","max-image-preview":"max-image-preview:large","max-video-preview":"max-video-preview:-1"},"canonical":"https:\/\/thermibel.be\/es\/mentions-legales\/","og_locale":"es_ES","og_type":"article","og_title":"Informaci\u00f3n jur\u00eddica - Thermibel","og_description":"IDENTIDAD Y DATOS DE CONTACTO DEL EDITOR RESPONSABLE DEL SITIO: Thermibel S.A. &#8211; Zoning Industriel &#8211; Pav\u00e9 du Roeulx 445 &#8211; 7110 Str\u00e9py-Bracquegnies &#8211; Tel. +3264 671515 &#8211; info@thermibel.be &#8211; N\u00famero BCE (Crossroads Bank for Enterprises) N\u00famero de IVA BE 0423693624 POL\u00cdTICA DE PRIVACIDAD. El nuevo Reglamento General de Protecci\u00f3n de Datos (RGPD) entr\u00f3 en [&hellip;]","og_url":"https:\/\/thermibel.be\/es\/mentions-legales\/","og_site_name":"Thermibel","article_modified_time":"2023-10-20T12:16:46+00:00","twitter_card":"summary_large_image","twitter_misc":{"Tiempo de lectura":"3 minutes"},"schema":{"@context":"https:\/\/schema.org","@graph":[{"@type":"WebPage","@id":"https:\/\/thermibel.be\/es\/mentions-legales\/","url":"https:\/\/thermibel.be\/es\/mentions-legales\/","name":"Informaci\u00f3n jur\u00eddica - Thermibel","isPartOf":{"@id":"https:\/\/thermibel.be\/es\/#website"},"datePublished":"2023-05-10T11:52:43+00:00","dateModified":"2023-10-20T12:16:46+00:00","inLanguage":"es-ES","potentialAction":[{"@type":"ReadAction","target":["https:\/\/thermibel.be\/es\/mentions-legales\/"]}]},{"@type":"WebSite","@id":"https:\/\/thermibel.be\/es\/#website","url":"https:\/\/thermibel.be\/es\/","name":"Thermibel","description":"Un Haut Degr\u00e9 de Qualit\u00e9","publisher":{"@id":"https:\/\/thermibel.be\/es\/#organization"},"potentialAction":[{"@type":"SearchAction","target":{"@type":"EntryPoint","urlTemplate":"https:\/\/thermibel.be\/es\/?s={search_term_string}"},"query-input":{"@type":"PropertyValueSpecification","valueRequired":true,"valueName":"search_term_string"}}],"inLanguage":"es-ES"},{"@type":"Organization","@id":"https:\/\/thermibel.be\/es\/#organization","name":"Thermibel","url":"https:\/\/thermibel.be\/es\/","logo":{"@type":"ImageObject","inLanguage":"es-ES","@id":"https:\/\/thermibel.be\/es\/#\/schema\/logo\/image\/","url":"https:\/\/thermibel.be\/app\/uploads\/2023\/08\/logo_fr-1.png","contentUrl":"https:\/\/thermibel.be\/app\/uploads\/2023\/08\/logo_fr-1.png","width":275,"height":59,"caption":"Thermibel"},"image":{"@id":"https:\/\/thermibel.be\/es\/#\/schema\/logo\/image\/"}}]}},"_links":{"self":[{"href":"https:\/\/thermibel.be\/es\/wp-json\/wp\/v2\/pages\/3798","targetHints":{"allow":["GET"]}}],"collection":[{"href":"https:\/\/thermibel.be\/es\/wp-json\/wp\/v2\/pages"}],"about":[{"href":"https:\/\/thermibel.be\/es\/wp-json\/wp\/v2\/types\/page"}],"author":[{"embeddable":true,"href":"https:\/\/thermibel.be\/es\/wp-json\/wp\/v2\/users\/1"}],"replies":[{"embeddable":true,"href":"https:\/\/thermibel.be\/es\/wp-json\/wp\/v2\/comments?post=3798"}],"version-history":[{"count":28,"href":"https:\/\/thermibel.be\/es\/wp-json\/wp\/v2\/pages\/3798\/revisions"}],"predecessor-version":[{"id":4848,"href":"https:\/\/thermibel.be\/es\/wp-json\/wp\/v2\/pages\/3798\/revisions\/4848"}],"wp:attachment":[{"href":"https:\/\/thermibel.be\/es\/wp-json\/wp\/v2\/media?parent=3798"}],"curies":[{"name":"wp","href":"https:\/\/api.w.org\/{rel}","templated":true}]}}