{"id":2281,"date":"2023-05-19T10:25:48","date_gmt":"2023-05-19T10:25:48","guid":{"rendered":"https:\/\/thermibel.be\/product\/trx-trx-o\/"},"modified":"2023-07-27T13:15:15","modified_gmt":"2023-07-27T13:15:15","slug":"trx-trx-o","status":"publish","type":"product","link":"https:\/\/thermibel.be\/en\/product\/trx-trx-o\/","title":{"rendered":"TRX-TRX-O"},"content":{"rendered":"<p>High temperature glass fibre insulated thermocouple wires<br \/>\nInsulation High temperature braided glass fibres with liquid silicone rubber impregnation<br \/>\nConductors Solid (stranded conductors available on special order)<br \/>\nCore lay-up flat twin &#8211; End form flat\/oval<br \/>\nGood resistance at high temperature &#8211; not combustible<br \/>\nDespite the impregnation glass fibre insulated cables are not suitable for applications which involve steam or oil use.<br \/>\nTolerance class 1 (class 2 available on special request)<br \/>\nMax. temperature Type R fibres : 650 \u00b0C<br \/>\nInsulation: >20 MOhm\/km (measured at 1000 V DC and 20 \u00b0C)<br \/>\nColour code used by default is IEC 584-3<\/p>\n","protected":false},"excerpt":{"rendered":"<p>TRX-TRX-O &#8211; c\u00e2ble de couple haute temp\u00e9rature &#8211; isolation soie de verre &#8211; Temp\u00e9rature max. 650\u00b0C<\/p>\n","protected":false},"featured_media":4120,"template":"","meta":{"_acf_changed":false,"om_disable_all_campaigns":false,"_monsterinsights_skip_tracking":false,"_monsterinsights_sitenote_active":false,"_monsterinsights_sitenote_note":"","_monsterinsights_sitenote_category":0,"_uf_show_specific_survey":0,"_uf_disable_surveys":false},"product_brand":[],"product_cat":[96,111],"product_tag":[],"class_list":{"0":"post-2281","1":"product","2":"type-product","3":"status-publish","4":"has-post-thumbnail","6":"product_cat-cables-en","7":"product_cat-thermocouple_cables","9":"first","10":"instock","11":"shipping-taxable","12":"product-type-simple"},"acf":[],"aioseo_notices":[],"yoast_head":"<!-- This site is optimized with the Yoast SEO plugin v27.4 - https:\/\/yoast.com\/product\/yoast-seo-wordpress\/ -->\n<title>TRX-TRX-O - Thermibel<\/title>\n<meta name=\"robots\" content=\"index, follow, max-snippet:-1, max-image-preview:large, max-video-preview:-1\" \/>\n<link rel=\"canonical\" href=\"https:\/\/thermibel.be\/en\/product\/trx-trx-o\/\" \/>\n<meta property=\"og:locale\" content=\"en_US\" \/>\n<meta property=\"og:type\" content=\"article\" \/>\n<meta property=\"og:title\" content=\"TRX-TRX-O - Thermibel\" \/>\n<meta property=\"og:description\" content=\"TRX-TRX-O - c\u00e2ble de couple haute temp\u00e9rature - isolation soie de verre - Temp\u00e9rature max. 650\u00b0C\" \/>\n<meta property=\"og:url\" content=\"https:\/\/thermibel.be\/en\/product\/trx-trx-o\/\" \/>\n<meta property=\"og:site_name\" content=\"Thermibel\" \/>\n<meta property=\"article:modified_time\" content=\"2023-07-27T13:15:15+00:00\" \/>\n<meta name=\"twitter:card\" content=\"summary_large_image\" \/>\n<script type=\"application\/ld+json\" class=\"yoast-schema-graph\">{\"@context\":\"https:\\\/\\\/schema.org\",\"@graph\":[{\"@type\":\"WebPage\",\"@id\":\"https:\\\/\\\/thermibel.be\\\/en\\\/product\\\/trx-trx-o\\\/\",\"url\":\"https:\\\/\\\/thermibel.be\\\/en\\\/product\\\/trx-trx-o\\\/\",\"name\":\"TRX-TRX-O - Thermibel\",\"isPartOf\":{\"@id\":\"https:\\\/\\\/thermibel.be\\\/en\\\/#website\"},\"primaryImageOfPage\":{\"@id\":\"https:\\\/\\\/thermibel.be\\\/en\\\/product\\\/trx-trx-o\\\/#primaryimage\"},\"image\":{\"@id\":\"https:\\\/\\\/thermibel.be\\\/en\\\/product\\\/trx-trx-o\\\/#primaryimage\"},\"thumbnailUrl\":\"https:\\\/\\\/thermibel.be\\\/app\\\/uploads\\\/2023\\\/05\\\/14-TRX-TRX-CUSN-R-2-e1695992707778.png\",\"datePublished\":\"2023-05-19T10:25:48+00:00\",\"dateModified\":\"2023-07-27T13:15:15+00:00\",\"breadcrumb\":{\"@id\":\"https:\\\/\\\/thermibel.be\\\/en\\\/product\\\/trx-trx-o\\\/#breadcrumb\"},\"inLanguage\":\"en-US\",\"potentialAction\":[{\"@type\":\"ReadAction\",\"target\":[\"https:\\\/\\\/thermibel.be\\\/en\\\/product\\\/trx-trx-o\\\/\"]}]},{\"@type\":\"ImageObject\",\"inLanguage\":\"en-US\",\"@id\":\"https:\\\/\\\/thermibel.be\\\/en\\\/product\\\/trx-trx-o\\\/#primaryimage\",\"url\":\"https:\\\/\\\/thermibel.be\\\/app\\\/uploads\\\/2023\\\/05\\\/14-TRX-TRX-CUSN-R-2-e1695992707778.png\",\"contentUrl\":\"https:\\\/\\\/thermibel.be\\\/app\\\/uploads\\\/2023\\\/05\\\/14-TRX-TRX-CUSN-R-2-e1695992707778.png\",\"width\":154,\"height\":2001},{\"@type\":\"BreadcrumbList\",\"@id\":\"https:\\\/\\\/thermibel.be\\\/en\\\/product\\\/trx-trx-o\\\/#breadcrumb\",\"itemListElement\":[{\"@type\":\"ListItem\",\"position\":1,\"name\":\"Products\",\"item\":\"https:\\\/\\\/thermibel.be\\\/en\\\/shop\\\/\"},{\"@type\":\"ListItem\",\"position\":2,\"name\":\"TRX-TRX-O\"}]},{\"@type\":\"WebSite\",\"@id\":\"https:\\\/\\\/thermibel.be\\\/en\\\/#website\",\"url\":\"https:\\\/\\\/thermibel.be\\\/en\\\/\",\"name\":\"Thermibel\",\"description\":\"Un Haut Degr\u00e9 de Qualit\u00e9\",\"publisher\":{\"@id\":\"https:\\\/\\\/thermibel.be\\\/en\\\/#organization\"},\"potentialAction\":[{\"@type\":\"SearchAction\",\"target\":{\"@type\":\"EntryPoint\",\"urlTemplate\":\"https:\\\/\\\/thermibel.be\\\/en\\\/?s={search_term_string}\"},\"query-input\":{\"@type\":\"PropertyValueSpecification\",\"valueRequired\":true,\"valueName\":\"search_term_string\"}}],\"inLanguage\":\"en-US\"},{\"@type\":\"Organization\",\"@id\":\"https:\\\/\\\/thermibel.be\\\/en\\\/#organization\",\"name\":\"Thermibel\",\"url\":\"https:\\\/\\\/thermibel.be\\\/en\\\/\",\"logo\":{\"@type\":\"ImageObject\",\"inLanguage\":\"en-US\",\"@id\":\"https:\\\/\\\/thermibel.be\\\/en\\\/#\\\/schema\\\/logo\\\/image\\\/\",\"url\":\"https:\\\/\\\/thermibel.be\\\/app\\\/uploads\\\/2023\\\/08\\\/logo_fr-1.png\",\"contentUrl\":\"https:\\\/\\\/thermibel.be\\\/app\\\/uploads\\\/2023\\\/08\\\/logo_fr-1.png\",\"width\":275,\"height\":59,\"caption\":\"Thermibel\"},\"image\":{\"@id\":\"https:\\\/\\\/thermibel.be\\\/en\\\/#\\\/schema\\\/logo\\\/image\\\/\"}}]}<\/script>\n<!-- \/ Yoast SEO plugin. -->","yoast_head_json":{"title":"TRX-TRX-O - Thermibel","robots":{"index":"index","follow":"follow","max-snippet":"max-snippet:-1","max-image-preview":"max-image-preview:large","max-video-preview":"max-video-preview:-1"},"canonical":"https:\/\/thermibel.be\/en\/product\/trx-trx-o\/","og_locale":"en_US","og_type":"article","og_title":"TRX-TRX-O - Thermibel","og_description":"TRX-TRX-O - c\u00e2ble de couple haute temp\u00e9rature - isolation soie de verre - Temp\u00e9rature max. 650\u00b0C","og_url":"https:\/\/thermibel.be\/en\/product\/trx-trx-o\/","og_site_name":"Thermibel","article_modified_time":"2023-07-27T13:15:15+00:00","twitter_card":"summary_large_image","schema":{"@context":"https:\/\/schema.org","@graph":[{"@type":"WebPage","@id":"https:\/\/thermibel.be\/en\/product\/trx-trx-o\/","url":"https:\/\/thermibel.be\/en\/product\/trx-trx-o\/","name":"TRX-TRX-O - Thermibel","isPartOf":{"@id":"https:\/\/thermibel.be\/en\/#website"},"primaryImageOfPage":{"@id":"https:\/\/thermibel.be\/en\/product\/trx-trx-o\/#primaryimage"},"image":{"@id":"https:\/\/thermibel.be\/en\/product\/trx-trx-o\/#primaryimage"},"thumbnailUrl":"https:\/\/thermibel.be\/app\/uploads\/2023\/05\/14-TRX-TRX-CUSN-R-2-e1695992707778.png","datePublished":"2023-05-19T10:25:48+00:00","dateModified":"2023-07-27T13:15:15+00:00","breadcrumb":{"@id":"https:\/\/thermibel.be\/en\/product\/trx-trx-o\/#breadcrumb"},"inLanguage":"en-US","potentialAction":[{"@type":"ReadAction","target":["https:\/\/thermibel.be\/en\/product\/trx-trx-o\/"]}]},{"@type":"ImageObject","inLanguage":"en-US","@id":"https:\/\/thermibel.be\/en\/product\/trx-trx-o\/#primaryimage","url":"https:\/\/thermibel.be\/app\/uploads\/2023\/05\/14-TRX-TRX-CUSN-R-2-e1695992707778.png","contentUrl":"https:\/\/thermibel.be\/app\/uploads\/2023\/05\/14-TRX-TRX-CUSN-R-2-e1695992707778.png","width":154,"height":2001},{"@type":"BreadcrumbList","@id":"https:\/\/thermibel.be\/en\/product\/trx-trx-o\/#breadcrumb","itemListElement":[{"@type":"ListItem","position":1,"name":"Products","item":"https:\/\/thermibel.be\/en\/shop\/"},{"@type":"ListItem","position":2,"name":"TRX-TRX-O"}]},{"@type":"WebSite","@id":"https:\/\/thermibel.be\/en\/#website","url":"https:\/\/thermibel.be\/en\/","name":"Thermibel","description":"Un Haut Degr\u00e9 de Qualit\u00e9","publisher":{"@id":"https:\/\/thermibel.be\/en\/#organization"},"potentialAction":[{"@type":"SearchAction","target":{"@type":"EntryPoint","urlTemplate":"https:\/\/thermibel.be\/en\/?s={search_term_string}"},"query-input":{"@type":"PropertyValueSpecification","valueRequired":true,"valueName":"search_term_string"}}],"inLanguage":"en-US"},{"@type":"Organization","@id":"https:\/\/thermibel.be\/en\/#organization","name":"Thermibel","url":"https:\/\/thermibel.be\/en\/","logo":{"@type":"ImageObject","inLanguage":"en-US","@id":"https:\/\/thermibel.be\/en\/#\/schema\/logo\/image\/","url":"https:\/\/thermibel.be\/app\/uploads\/2023\/08\/logo_fr-1.png","contentUrl":"https:\/\/thermibel.be\/app\/uploads\/2023\/08\/logo_fr-1.png","width":275,"height":59,"caption":"Thermibel"},"image":{"@id":"https:\/\/thermibel.be\/en\/#\/schema\/logo\/image\/"}}]}},"_links":{"self":[{"href":"https:\/\/thermibel.be\/en\/wp-json\/wp\/v2\/product\/2281","targetHints":{"allow":["GET"]}}],"collection":[{"href":"https:\/\/thermibel.be\/en\/wp-json\/wp\/v2\/product"}],"about":[{"href":"https:\/\/thermibel.be\/en\/wp-json\/wp\/v2\/types\/product"}],"wp:featuredmedia":[{"embeddable":true,"href":"https:\/\/thermibel.be\/en\/wp-json\/wp\/v2\/media\/4120"}],"wp:attachment":[{"href":"https:\/\/thermibel.be\/en\/wp-json\/wp\/v2\/media?parent=2281"}],"wp:term":[{"taxonomy":"product_brand","embeddable":true,"href":"https:\/\/thermibel.be\/en\/wp-json\/wp\/v2\/product_brand?post=2281"},{"taxonomy":"product_cat","embeddable":true,"href":"https:\/\/thermibel.be\/en\/wp-json\/wp\/v2\/product_cat?post=2281"},{"taxonomy":"product_tag","embeddable":true,"href":"https:\/\/thermibel.be\/en\/wp-json\/wp\/v2\/product_tag?post=2281"}],"curies":[{"name":"wp","href":"https:\/\/api.w.org\/{rel}","templated":true}]}}