{"id":2275,"date":"2023-05-19T10:27:21","date_gmt":"2023-05-19T10:27:21","guid":{"rendered":"https:\/\/thermibel.be\/product\/pfa-pfa-o\/"},"modified":"2023-07-27T13:19:57","modified_gmt":"2023-07-27T13:19:57","slug":"pfa-pfa-o","status":"publish","type":"product","link":"https:\/\/thermibel.be\/en\/product\/pfa-pfa-o\/","title":{"rendered":"PFA-PFA-O"},"content":{"rendered":"<p>PFA insulated thermocouple wires<br \/>\nInsulation : PFA insulated conductors with PFA external sheath<br \/>\nConductors : Solid (stranded conductors available on special order)<br \/>\nCore lay-up : flat twin &#8211; End form flat\/oval<br \/>\nTolerance class 1 (Class 2 available on special request)<br \/>\nTemperature range : -200 to 250 \u00b0C<br \/>\nColour code used by default is IEC 584-3<\/p>\n","protected":false},"excerpt":{"rendered":"<p>PFA-PFA-O c\u00e2ble de couple \u00e0 isolation PFA &#8211; Temp\u00e9rature -200\/250\u00b0C<\/p>\n","protected":false},"featured_media":4352,"template":"","meta":{"_acf_changed":false,"om_disable_all_campaigns":false,"_monsterinsights_skip_tracking":false,"_monsterinsights_sitenote_active":false,"_monsterinsights_sitenote_note":"","_monsterinsights_sitenote_category":0,"_uf_show_specific_survey":0,"_uf_disable_surveys":false},"product_brand":[],"product_cat":[96,111],"product_tag":[],"class_list":{"0":"post-2275","1":"product","2":"type-product","3":"status-publish","4":"has-post-thumbnail","6":"product_cat-cables-en","7":"product_cat-thermocouple_cables","9":"first","10":"instock","11":"shipping-taxable","12":"product-type-simple"},"acf":[],"aioseo_notices":[],"yoast_head":"<!-- This site is optimized with the Yoast SEO plugin v27.4 - https:\/\/yoast.com\/product\/yoast-seo-wordpress\/ -->\n<title>PFA-PFA-O - Thermibel<\/title>\n<meta name=\"robots\" content=\"index, follow, max-snippet:-1, max-image-preview:large, max-video-preview:-1\" \/>\n<link rel=\"canonical\" href=\"https:\/\/thermibel.be\/en\/product\/pfa-pfa-o\/\" \/>\n<meta property=\"og:locale\" content=\"en_US\" \/>\n<meta property=\"og:type\" content=\"article\" \/>\n<meta property=\"og:title\" content=\"PFA-PFA-O - Thermibel\" \/>\n<meta property=\"og:description\" content=\"PFA-PFA-O c\u00e2ble de couple \u00e0 isolation PFA - Temp\u00e9rature -200\/250\u00b0C\" \/>\n<meta property=\"og:url\" content=\"https:\/\/thermibel.be\/en\/product\/pfa-pfa-o\/\" \/>\n<meta property=\"og:site_name\" content=\"Thermibel\" \/>\n<meta property=\"article:modified_time\" content=\"2023-07-27T13:19:57+00:00\" \/>\n<meta property=\"og:image\" content=\"https:\/\/thermibel.be\/app\/uploads\/2023\/05\/119-v-119-1024-pixels-vertical-op.png\" \/>\n\t<meta property=\"og:image:width\" content=\"117\" \/>\n\t<meta property=\"og:image:height\" content=\"1024\" \/>\n\t<meta property=\"og:image:type\" content=\"image\/png\" \/>\n<meta name=\"twitter:card\" content=\"summary_large_image\" \/>\n<script type=\"application\/ld+json\" class=\"yoast-schema-graph\">{\"@context\":\"https:\\\/\\\/schema.org\",\"@graph\":[{\"@type\":\"WebPage\",\"@id\":\"https:\\\/\\\/thermibel.be\\\/en\\\/product\\\/pfa-pfa-o\\\/\",\"url\":\"https:\\\/\\\/thermibel.be\\\/en\\\/product\\\/pfa-pfa-o\\\/\",\"name\":\"PFA-PFA-O - Thermibel\",\"isPartOf\":{\"@id\":\"https:\\\/\\\/thermibel.be\\\/en\\\/#website\"},\"primaryImageOfPage\":{\"@id\":\"https:\\\/\\\/thermibel.be\\\/en\\\/product\\\/pfa-pfa-o\\\/#primaryimage\"},\"image\":{\"@id\":\"https:\\\/\\\/thermibel.be\\\/en\\\/product\\\/pfa-pfa-o\\\/#primaryimage\"},\"thumbnailUrl\":\"https:\\\/\\\/thermibel.be\\\/app\\\/uploads\\\/2023\\\/05\\\/119-v-119-1024-pixels-vertical-op.png\",\"datePublished\":\"2023-05-19T10:27:21+00:00\",\"dateModified\":\"2023-07-27T13:19:57+00:00\",\"breadcrumb\":{\"@id\":\"https:\\\/\\\/thermibel.be\\\/en\\\/product\\\/pfa-pfa-o\\\/#breadcrumb\"},\"inLanguage\":\"en-US\",\"potentialAction\":[{\"@type\":\"ReadAction\",\"target\":[\"https:\\\/\\\/thermibel.be\\\/en\\\/product\\\/pfa-pfa-o\\\/\"]}]},{\"@type\":\"ImageObject\",\"inLanguage\":\"en-US\",\"@id\":\"https:\\\/\\\/thermibel.be\\\/en\\\/product\\\/pfa-pfa-o\\\/#primaryimage\",\"url\":\"https:\\\/\\\/thermibel.be\\\/app\\\/uploads\\\/2023\\\/05\\\/119-v-119-1024-pixels-vertical-op.png\",\"contentUrl\":\"https:\\\/\\\/thermibel.be\\\/app\\\/uploads\\\/2023\\\/05\\\/119-v-119-1024-pixels-vertical-op.png\",\"width\":117,\"height\":1024},{\"@type\":\"BreadcrumbList\",\"@id\":\"https:\\\/\\\/thermibel.be\\\/en\\\/product\\\/pfa-pfa-o\\\/#breadcrumb\",\"itemListElement\":[{\"@type\":\"ListItem\",\"position\":1,\"name\":\"Products\",\"item\":\"https:\\\/\\\/thermibel.be\\\/en\\\/shop\\\/\"},{\"@type\":\"ListItem\",\"position\":2,\"name\":\"PFA-PFA-O\"}]},{\"@type\":\"WebSite\",\"@id\":\"https:\\\/\\\/thermibel.be\\\/en\\\/#website\",\"url\":\"https:\\\/\\\/thermibel.be\\\/en\\\/\",\"name\":\"Thermibel\",\"description\":\"Un Haut Degr\u00e9 de Qualit\u00e9\",\"publisher\":{\"@id\":\"https:\\\/\\\/thermibel.be\\\/en\\\/#organization\"},\"potentialAction\":[{\"@type\":\"SearchAction\",\"target\":{\"@type\":\"EntryPoint\",\"urlTemplate\":\"https:\\\/\\\/thermibel.be\\\/en\\\/?s={search_term_string}\"},\"query-input\":{\"@type\":\"PropertyValueSpecification\",\"valueRequired\":true,\"valueName\":\"search_term_string\"}}],\"inLanguage\":\"en-US\"},{\"@type\":\"Organization\",\"@id\":\"https:\\\/\\\/thermibel.be\\\/en\\\/#organization\",\"name\":\"Thermibel\",\"url\":\"https:\\\/\\\/thermibel.be\\\/en\\\/\",\"logo\":{\"@type\":\"ImageObject\",\"inLanguage\":\"en-US\",\"@id\":\"https:\\\/\\\/thermibel.be\\\/en\\\/#\\\/schema\\\/logo\\\/image\\\/\",\"url\":\"https:\\\/\\\/thermibel.be\\\/app\\\/uploads\\\/2023\\\/08\\\/logo_fr-1.png\",\"contentUrl\":\"https:\\\/\\\/thermibel.be\\\/app\\\/uploads\\\/2023\\\/08\\\/logo_fr-1.png\",\"width\":275,\"height\":59,\"caption\":\"Thermibel\"},\"image\":{\"@id\":\"https:\\\/\\\/thermibel.be\\\/en\\\/#\\\/schema\\\/logo\\\/image\\\/\"}}]}<\/script>\n<!-- \/ Yoast SEO plugin. -->","yoast_head_json":{"title":"PFA-PFA-O - Thermibel","robots":{"index":"index","follow":"follow","max-snippet":"max-snippet:-1","max-image-preview":"max-image-preview:large","max-video-preview":"max-video-preview:-1"},"canonical":"https:\/\/thermibel.be\/en\/product\/pfa-pfa-o\/","og_locale":"en_US","og_type":"article","og_title":"PFA-PFA-O - Thermibel","og_description":"PFA-PFA-O c\u00e2ble de couple \u00e0 isolation PFA - Temp\u00e9rature -200\/250\u00b0C","og_url":"https:\/\/thermibel.be\/en\/product\/pfa-pfa-o\/","og_site_name":"Thermibel","article_modified_time":"2023-07-27T13:19:57+00:00","og_image":[{"width":117,"height":1024,"url":"https:\/\/thermibel.be\/app\/uploads\/2023\/05\/119-v-119-1024-pixels-vertical-op.png","type":"image\/png"}],"twitter_card":"summary_large_image","schema":{"@context":"https:\/\/schema.org","@graph":[{"@type":"WebPage","@id":"https:\/\/thermibel.be\/en\/product\/pfa-pfa-o\/","url":"https:\/\/thermibel.be\/en\/product\/pfa-pfa-o\/","name":"PFA-PFA-O - Thermibel","isPartOf":{"@id":"https:\/\/thermibel.be\/en\/#website"},"primaryImageOfPage":{"@id":"https:\/\/thermibel.be\/en\/product\/pfa-pfa-o\/#primaryimage"},"image":{"@id":"https:\/\/thermibel.be\/en\/product\/pfa-pfa-o\/#primaryimage"},"thumbnailUrl":"https:\/\/thermibel.be\/app\/uploads\/2023\/05\/119-v-119-1024-pixels-vertical-op.png","datePublished":"2023-05-19T10:27:21+00:00","dateModified":"2023-07-27T13:19:57+00:00","breadcrumb":{"@id":"https:\/\/thermibel.be\/en\/product\/pfa-pfa-o\/#breadcrumb"},"inLanguage":"en-US","potentialAction":[{"@type":"ReadAction","target":["https:\/\/thermibel.be\/en\/product\/pfa-pfa-o\/"]}]},{"@type":"ImageObject","inLanguage":"en-US","@id":"https:\/\/thermibel.be\/en\/product\/pfa-pfa-o\/#primaryimage","url":"https:\/\/thermibel.be\/app\/uploads\/2023\/05\/119-v-119-1024-pixels-vertical-op.png","contentUrl":"https:\/\/thermibel.be\/app\/uploads\/2023\/05\/119-v-119-1024-pixels-vertical-op.png","width":117,"height":1024},{"@type":"BreadcrumbList","@id":"https:\/\/thermibel.be\/en\/product\/pfa-pfa-o\/#breadcrumb","itemListElement":[{"@type":"ListItem","position":1,"name":"Products","item":"https:\/\/thermibel.be\/en\/shop\/"},{"@type":"ListItem","position":2,"name":"PFA-PFA-O"}]},{"@type":"WebSite","@id":"https:\/\/thermibel.be\/en\/#website","url":"https:\/\/thermibel.be\/en\/","name":"Thermibel","description":"Un Haut Degr\u00e9 de Qualit\u00e9","publisher":{"@id":"https:\/\/thermibel.be\/en\/#organization"},"potentialAction":[{"@type":"SearchAction","target":{"@type":"EntryPoint","urlTemplate":"https:\/\/thermibel.be\/en\/?s={search_term_string}"},"query-input":{"@type":"PropertyValueSpecification","valueRequired":true,"valueName":"search_term_string"}}],"inLanguage":"en-US"},{"@type":"Organization","@id":"https:\/\/thermibel.be\/en\/#organization","name":"Thermibel","url":"https:\/\/thermibel.be\/en\/","logo":{"@type":"ImageObject","inLanguage":"en-US","@id":"https:\/\/thermibel.be\/en\/#\/schema\/logo\/image\/","url":"https:\/\/thermibel.be\/app\/uploads\/2023\/08\/logo_fr-1.png","contentUrl":"https:\/\/thermibel.be\/app\/uploads\/2023\/08\/logo_fr-1.png","width":275,"height":59,"caption":"Thermibel"},"image":{"@id":"https:\/\/thermibel.be\/en\/#\/schema\/logo\/image\/"}}]}},"_links":{"self":[{"href":"https:\/\/thermibel.be\/en\/wp-json\/wp\/v2\/product\/2275","targetHints":{"allow":["GET"]}}],"collection":[{"href":"https:\/\/thermibel.be\/en\/wp-json\/wp\/v2\/product"}],"about":[{"href":"https:\/\/thermibel.be\/en\/wp-json\/wp\/v2\/types\/product"}],"wp:featuredmedia":[{"embeddable":true,"href":"https:\/\/thermibel.be\/en\/wp-json\/wp\/v2\/media\/4352"}],"wp:attachment":[{"href":"https:\/\/thermibel.be\/en\/wp-json\/wp\/v2\/media?parent=2275"}],"wp:term":[{"taxonomy":"product_brand","embeddable":true,"href":"https:\/\/thermibel.be\/en\/wp-json\/wp\/v2\/product_brand?post=2275"},{"taxonomy":"product_cat","embeddable":true,"href":"https:\/\/thermibel.be\/en\/wp-json\/wp\/v2\/product_cat?post=2275"},{"taxonomy":"product_tag","embeddable":true,"href":"https:\/\/thermibel.be\/en\/wp-json\/wp\/v2\/product_tag?post=2275"}],"curies":[{"name":"wp","href":"https:\/\/api.w.org\/{rel}","templated":true}]}}