{"id":2236,"date":"2023-05-19T10:35:42","date_gmt":"2023-05-19T10:35:42","guid":{"rendered":"https:\/\/thermibel.be\/product\/sil-tex-ta-o-1\/"},"modified":"2023-07-28T07:17:03","modified_gmt":"2023-07-28T07:17:03","slug":"sil-tex-ta-o-1","status":"publish","type":"product","link":"https:\/\/thermibel.be\/en\/product\/sil-tex-ta-o-1\/","title":{"rendered":"SIL-TEX-TA-O-1"},"content":{"rendered":"<p>Silicone\/glass fibres insulated, flat cables with galvanised steel overbraid.<br \/>\nThe flexible conductors are silicone insulated and are further laid side by side in a glass braid, impregnated with a silicone varnish and overbraided with galvanised steel. Form is flat<br \/>\nTemperature -40 to +200 \u00b0C<br \/>\nInsulation : >20 MOhm\/km (measured at 1000 V DC and 20 \u00b0C)<br \/>\nColour code used by default is IEC 584-3<\/p>\n","protected":false},"excerpt":{"rendered":"<p>SIL-TEX-TA-O isolation caoutchouc silicone &#8211; soie de verre et tresse acier galvanis\u00e9 &#8211; Temp\u00e9rature -40 \u00e0 +200 \u00b0C<\/p>\n","protected":false},"featured_media":4076,"template":"","meta":{"_acf_changed":false,"om_disable_all_campaigns":false,"_monsterinsights_skip_tracking":false,"_monsterinsights_sitenote_active":false,"_monsterinsights_sitenote_note":"","_monsterinsights_sitenote_category":0,"_uf_show_specific_survey":0,"_uf_disable_surveys":false},"product_brand":[],"product_cat":[96,105],"product_tag":[],"class_list":{"0":"post-2236","1":"product","2":"type-product","3":"status-publish","4":"has-post-thumbnail","6":"product_cat-cables-en","7":"product_cat-extension_and_compensating_cables","9":"first","10":"instock","11":"shipping-taxable","12":"product-type-simple"},"acf":[],"aioseo_notices":[],"yoast_head":"<!-- This site is optimized with the Yoast SEO plugin v27.4 - https:\/\/yoast.com\/product\/yoast-seo-wordpress\/ -->\n<title>SIL-TEX-TA-O-1 - Thermibel<\/title>\n<meta name=\"robots\" content=\"index, follow, max-snippet:-1, max-image-preview:large, max-video-preview:-1\" \/>\n<link rel=\"canonical\" href=\"https:\/\/thermibel.be\/en\/product\/sil-tex-ta-o-1\/\" \/>\n<meta property=\"og:locale\" content=\"en_US\" \/>\n<meta property=\"og:type\" content=\"article\" \/>\n<meta property=\"og:title\" content=\"SIL-TEX-TA-O-1 - Thermibel\" \/>\n<meta property=\"og:description\" content=\"SIL-TEX-TA-O isolation caoutchouc silicone - soie de verre et tresse acier galvanis\u00e9 - Temp\u00e9rature -40 \u00e0 +200 \u00b0C\" \/>\n<meta property=\"og:url\" content=\"https:\/\/thermibel.be\/en\/product\/sil-tex-ta-o-1\/\" \/>\n<meta property=\"og:site_name\" content=\"Thermibel\" \/>\n<meta property=\"article:modified_time\" content=\"2023-07-28T07:17:03+00:00\" \/>\n<meta property=\"og:image\" content=\"https:\/\/thermibel.be\/app\/uploads\/2023\/05\/12-SIL-TEX-TA.png\" \/>\n\t<meta property=\"og:image:width\" content=\"1857\" \/>\n\t<meta property=\"og:image:height\" content=\"204\" \/>\n\t<meta property=\"og:image:type\" content=\"image\/png\" \/>\n<meta name=\"twitter:card\" content=\"summary_large_image\" \/>\n<script type=\"application\/ld+json\" class=\"yoast-schema-graph\">{\"@context\":\"https:\\\/\\\/schema.org\",\"@graph\":[{\"@type\":\"WebPage\",\"@id\":\"https:\\\/\\\/thermibel.be\\\/en\\\/product\\\/sil-tex-ta-o-1\\\/\",\"url\":\"https:\\\/\\\/thermibel.be\\\/en\\\/product\\\/sil-tex-ta-o-1\\\/\",\"name\":\"SIL-TEX-TA-O-1 - Thermibel\",\"isPartOf\":{\"@id\":\"https:\\\/\\\/thermibel.be\\\/en\\\/#website\"},\"primaryImageOfPage\":{\"@id\":\"https:\\\/\\\/thermibel.be\\\/en\\\/product\\\/sil-tex-ta-o-1\\\/#primaryimage\"},\"image\":{\"@id\":\"https:\\\/\\\/thermibel.be\\\/en\\\/product\\\/sil-tex-ta-o-1\\\/#primaryimage\"},\"thumbnailUrl\":\"https:\\\/\\\/thermibel.be\\\/app\\\/uploads\\\/2023\\\/05\\\/12-SIL-TEX-TA-e1695992785347.png\",\"datePublished\":\"2023-05-19T10:35:42+00:00\",\"dateModified\":\"2023-07-28T07:17:03+00:00\",\"breadcrumb\":{\"@id\":\"https:\\\/\\\/thermibel.be\\\/en\\\/product\\\/sil-tex-ta-o-1\\\/#breadcrumb\"},\"inLanguage\":\"en-US\",\"potentialAction\":[{\"@type\":\"ReadAction\",\"target\":[\"https:\\\/\\\/thermibel.be\\\/en\\\/product\\\/sil-tex-ta-o-1\\\/\"]}]},{\"@type\":\"ImageObject\",\"inLanguage\":\"en-US\",\"@id\":\"https:\\\/\\\/thermibel.be\\\/en\\\/product\\\/sil-tex-ta-o-1\\\/#primaryimage\",\"url\":\"https:\\\/\\\/thermibel.be\\\/app\\\/uploads\\\/2023\\\/05\\\/12-SIL-TEX-TA-e1695992785347.png\",\"contentUrl\":\"https:\\\/\\\/thermibel.be\\\/app\\\/uploads\\\/2023\\\/05\\\/12-SIL-TEX-TA-e1695992785347.png\",\"width\":204,\"height\":1857},{\"@type\":\"BreadcrumbList\",\"@id\":\"https:\\\/\\\/thermibel.be\\\/en\\\/product\\\/sil-tex-ta-o-1\\\/#breadcrumb\",\"itemListElement\":[{\"@type\":\"ListItem\",\"position\":1,\"name\":\"Products\",\"item\":\"https:\\\/\\\/thermibel.be\\\/en\\\/shop\\\/\"},{\"@type\":\"ListItem\",\"position\":2,\"name\":\"SIL-TEX-TA-O-1\"}]},{\"@type\":\"WebSite\",\"@id\":\"https:\\\/\\\/thermibel.be\\\/en\\\/#website\",\"url\":\"https:\\\/\\\/thermibel.be\\\/en\\\/\",\"name\":\"Thermibel\",\"description\":\"Un Haut Degr\u00e9 de Qualit\u00e9\",\"publisher\":{\"@id\":\"https:\\\/\\\/thermibel.be\\\/en\\\/#organization\"},\"potentialAction\":[{\"@type\":\"SearchAction\",\"target\":{\"@type\":\"EntryPoint\",\"urlTemplate\":\"https:\\\/\\\/thermibel.be\\\/en\\\/?s={search_term_string}\"},\"query-input\":{\"@type\":\"PropertyValueSpecification\",\"valueRequired\":true,\"valueName\":\"search_term_string\"}}],\"inLanguage\":\"en-US\"},{\"@type\":\"Organization\",\"@id\":\"https:\\\/\\\/thermibel.be\\\/en\\\/#organization\",\"name\":\"Thermibel\",\"url\":\"https:\\\/\\\/thermibel.be\\\/en\\\/\",\"logo\":{\"@type\":\"ImageObject\",\"inLanguage\":\"en-US\",\"@id\":\"https:\\\/\\\/thermibel.be\\\/en\\\/#\\\/schema\\\/logo\\\/image\\\/\",\"url\":\"https:\\\/\\\/thermibel.be\\\/app\\\/uploads\\\/2023\\\/08\\\/logo_fr-1.png\",\"contentUrl\":\"https:\\\/\\\/thermibel.be\\\/app\\\/uploads\\\/2023\\\/08\\\/logo_fr-1.png\",\"width\":275,\"height\":59,\"caption\":\"Thermibel\"},\"image\":{\"@id\":\"https:\\\/\\\/thermibel.be\\\/en\\\/#\\\/schema\\\/logo\\\/image\\\/\"}}]}<\/script>\n<!-- \/ Yoast SEO plugin. -->","yoast_head_json":{"title":"SIL-TEX-TA-O-1 - Thermibel","robots":{"index":"index","follow":"follow","max-snippet":"max-snippet:-1","max-image-preview":"max-image-preview:large","max-video-preview":"max-video-preview:-1"},"canonical":"https:\/\/thermibel.be\/en\/product\/sil-tex-ta-o-1\/","og_locale":"en_US","og_type":"article","og_title":"SIL-TEX-TA-O-1 - Thermibel","og_description":"SIL-TEX-TA-O isolation caoutchouc silicone - soie de verre et tresse acier galvanis\u00e9 - Temp\u00e9rature -40 \u00e0 +200 \u00b0C","og_url":"https:\/\/thermibel.be\/en\/product\/sil-tex-ta-o-1\/","og_site_name":"Thermibel","article_modified_time":"2023-07-28T07:17:03+00:00","og_image":[{"width":1857,"height":204,"url":"https:\/\/thermibel.be\/app\/uploads\/2023\/05\/12-SIL-TEX-TA.png","type":"image\/png"}],"twitter_card":"summary_large_image","schema":{"@context":"https:\/\/schema.org","@graph":[{"@type":"WebPage","@id":"https:\/\/thermibel.be\/en\/product\/sil-tex-ta-o-1\/","url":"https:\/\/thermibel.be\/en\/product\/sil-tex-ta-o-1\/","name":"SIL-TEX-TA-O-1 - Thermibel","isPartOf":{"@id":"https:\/\/thermibel.be\/en\/#website"},"primaryImageOfPage":{"@id":"https:\/\/thermibel.be\/en\/product\/sil-tex-ta-o-1\/#primaryimage"},"image":{"@id":"https:\/\/thermibel.be\/en\/product\/sil-tex-ta-o-1\/#primaryimage"},"thumbnailUrl":"https:\/\/thermibel.be\/app\/uploads\/2023\/05\/12-SIL-TEX-TA-e1695992785347.png","datePublished":"2023-05-19T10:35:42+00:00","dateModified":"2023-07-28T07:17:03+00:00","breadcrumb":{"@id":"https:\/\/thermibel.be\/en\/product\/sil-tex-ta-o-1\/#breadcrumb"},"inLanguage":"en-US","potentialAction":[{"@type":"ReadAction","target":["https:\/\/thermibel.be\/en\/product\/sil-tex-ta-o-1\/"]}]},{"@type":"ImageObject","inLanguage":"en-US","@id":"https:\/\/thermibel.be\/en\/product\/sil-tex-ta-o-1\/#primaryimage","url":"https:\/\/thermibel.be\/app\/uploads\/2023\/05\/12-SIL-TEX-TA-e1695992785347.png","contentUrl":"https:\/\/thermibel.be\/app\/uploads\/2023\/05\/12-SIL-TEX-TA-e1695992785347.png","width":204,"height":1857},{"@type":"BreadcrumbList","@id":"https:\/\/thermibel.be\/en\/product\/sil-tex-ta-o-1\/#breadcrumb","itemListElement":[{"@type":"ListItem","position":1,"name":"Products","item":"https:\/\/thermibel.be\/en\/shop\/"},{"@type":"ListItem","position":2,"name":"SIL-TEX-TA-O-1"}]},{"@type":"WebSite","@id":"https:\/\/thermibel.be\/en\/#website","url":"https:\/\/thermibel.be\/en\/","name":"Thermibel","description":"Un Haut Degr\u00e9 de Qualit\u00e9","publisher":{"@id":"https:\/\/thermibel.be\/en\/#organization"},"potentialAction":[{"@type":"SearchAction","target":{"@type":"EntryPoint","urlTemplate":"https:\/\/thermibel.be\/en\/?s={search_term_string}"},"query-input":{"@type":"PropertyValueSpecification","valueRequired":true,"valueName":"search_term_string"}}],"inLanguage":"en-US"},{"@type":"Organization","@id":"https:\/\/thermibel.be\/en\/#organization","name":"Thermibel","url":"https:\/\/thermibel.be\/en\/","logo":{"@type":"ImageObject","inLanguage":"en-US","@id":"https:\/\/thermibel.be\/en\/#\/schema\/logo\/image\/","url":"https:\/\/thermibel.be\/app\/uploads\/2023\/08\/logo_fr-1.png","contentUrl":"https:\/\/thermibel.be\/app\/uploads\/2023\/08\/logo_fr-1.png","width":275,"height":59,"caption":"Thermibel"},"image":{"@id":"https:\/\/thermibel.be\/en\/#\/schema\/logo\/image\/"}}]}},"_links":{"self":[{"href":"https:\/\/thermibel.be\/en\/wp-json\/wp\/v2\/product\/2236","targetHints":{"allow":["GET"]}}],"collection":[{"href":"https:\/\/thermibel.be\/en\/wp-json\/wp\/v2\/product"}],"about":[{"href":"https:\/\/thermibel.be\/en\/wp-json\/wp\/v2\/types\/product"}],"wp:featuredmedia":[{"embeddable":true,"href":"https:\/\/thermibel.be\/en\/wp-json\/wp\/v2\/media\/4076"}],"wp:attachment":[{"href":"https:\/\/thermibel.be\/en\/wp-json\/wp\/v2\/media?parent=2236"}],"wp:term":[{"taxonomy":"product_brand","embeddable":true,"href":"https:\/\/thermibel.be\/en\/wp-json\/wp\/v2\/product_brand?post=2236"},{"taxonomy":"product_cat","embeddable":true,"href":"https:\/\/thermibel.be\/en\/wp-json\/wp\/v2\/product_cat?post=2236"},{"taxonomy":"product_tag","embeddable":true,"href":"https:\/\/thermibel.be\/en\/wp-json\/wp\/v2\/product_tag?post=2236"}],"curies":[{"name":"wp","href":"https:\/\/api.w.org\/{rel}","templated":true}]}}