{"id":2192,"date":"2023-05-19T07:25:41","date_gmt":"2023-05-19T07:25:41","guid":{"rendered":"https:\/\/thermibel.be\/product\/doigt-de-gant-hors-masse-avec-bride-soudee-forme-droite-avec-extremite-reduite\/"},"modified":"2023-10-30T11:09:28","modified_gmt":"2023-10-30T11:09:28","slug":"doigt-de-gant-hors-masse-avec-bride-soudee-forme-droite-avec-extremite-reduite","status":"publish","type":"product","link":"https:\/\/thermibel.be\/en\/product\/doigt-de-gant-hors-masse-avec-bride-soudee-forme-droite-avec-extremite-reduite\/","title":{"rendered":"Flanged barstock thermowell &#8211; straight form and step-down shank"},"content":{"rendered":"<p>Total length : up to 1100 mm<br \/>\nBore diameter : 6,5 mm standard, other diameters available on request<br \/>\nStep-down shank to reduce the response time of the sensor<br \/>\nFlange according to international standard as EN 1092-1, DIN 2527, ASME\/ANSI, other br&gt;Instrumentation thread : G \u00bd&#8221;&#8221;, \u00bd&#8221;&#8221; NPT, other (to be specified)<br \/>\nMaterial : Stainless steel, carbon steel, Inconel, Hastelloy, Monel. Other material on request<br \/>\nCertificates : qualitative certificates (to be defined by the customer)<\/p>\n","protected":false},"excerpt":{"rendered":"<p>Total length : up to 1100 mm Bore diameter : 6,5 mm standard, other diameters available on request Step-down shank to reduce the response time of the sensor Flange according to international standard as EN 1092-1, DIN 2527, ASME\/ANSI, other br&gt;Instrumentation thread : G \u00bd&#8221;&#8221;, \u00bd&#8221;&#8221; NPT, other (to be specified) Material : Stainless steel, [&hellip;]<\/p>\n","protected":false},"featured_media":3648,"template":"","meta":{"_acf_changed":false,"om_disable_all_campaigns":false,"_monsterinsights_skip_tracking":false,"_monsterinsights_sitenote_active":false,"_monsterinsights_sitenote_note":"","_monsterinsights_sitenote_category":0,"_uf_show_specific_survey":0,"_uf_disable_surveys":false},"product_brand":[],"product_cat":[188,59],"product_tag":[],"class_list":{"0":"post-2192","1":"product","2":"type-product","3":"status-publish","4":"has-post-thumbnail","6":"product_cat-thermowell_with_flange","7":"product_cat-doigts_de_gant_en","9":"first","10":"instock","11":"shipping-taxable","12":"product-type-simple"},"acf":[],"aioseo_notices":[],"yoast_head":"<!-- This site is optimized with the Yoast SEO plugin v27.4 - https:\/\/yoast.com\/product\/yoast-seo-wordpress\/ -->\n<title>Flanged barstock thermowell - straight form and step-down shank - Thermibel<\/title>\n<meta name=\"robots\" content=\"index, follow, max-snippet:-1, max-image-preview:large, max-video-preview:-1\" \/>\n<link rel=\"canonical\" href=\"https:\/\/thermibel.be\/en\/product\/doigt-de-gant-hors-masse-avec-bride-soudee-forme-droite-avec-extremite-reduite\/\" \/>\n<meta property=\"og:locale\" content=\"en_US\" \/>\n<meta property=\"og:type\" content=\"article\" \/>\n<meta property=\"og:title\" content=\"Flanged barstock thermowell - straight form and step-down shank - Thermibel\" \/>\n<meta property=\"og:description\" content=\"Total length : up to 1100 mm Bore diameter : 6,5 mm standard, other diameters available on request Step-down shank to reduce the response time of the sensor Flange according to international standard as EN 1092-1, DIN 2527, ASME\/ANSI, other br&gt;Instrumentation thread : G \u00bd&#8221;&#8221;, \u00bd&#8221;&#8221; NPT, other (to be specified) Material : Stainless steel, [&hellip;]\" \/>\n<meta property=\"og:url\" content=\"https:\/\/thermibel.be\/en\/product\/doigt-de-gant-hors-masse-avec-bride-soudee-forme-droite-avec-extremite-reduite\/\" \/>\n<meta property=\"og:site_name\" content=\"Thermibel\" \/>\n<meta property=\"article:modified_time\" content=\"2023-10-30T11:09:28+00:00\" \/>\n<meta property=\"og:image\" content=\"https:\/\/thermibel.be\/app\/uploads\/2023\/05\/108-v-TW011-01.jpg\" \/>\n\t<meta property=\"og:image:width\" content=\"695\" \/>\n\t<meta property=\"og:image:height\" content=\"885\" \/>\n\t<meta property=\"og:image:type\" content=\"image\/jpeg\" \/>\n<meta name=\"twitter:card\" content=\"summary_large_image\" \/>\n<meta name=\"twitter:label1\" content=\"Est. reading time\" \/>\n\t<meta name=\"twitter:data1\" content=\"1 minute\" \/>\n<script type=\"application\/ld+json\" class=\"yoast-schema-graph\">{\"@context\":\"https:\\\/\\\/schema.org\",\"@graph\":[{\"@type\":\"WebPage\",\"@id\":\"https:\\\/\\\/thermibel.be\\\/en\\\/product\\\/doigt-de-gant-hors-masse-avec-bride-soudee-forme-droite-avec-extremite-reduite\\\/\",\"url\":\"https:\\\/\\\/thermibel.be\\\/en\\\/product\\\/doigt-de-gant-hors-masse-avec-bride-soudee-forme-droite-avec-extremite-reduite\\\/\",\"name\":\"Flanged barstock thermowell - straight form and step-down shank - Thermibel\",\"isPartOf\":{\"@id\":\"https:\\\/\\\/thermibel.be\\\/en\\\/#website\"},\"primaryImageOfPage\":{\"@id\":\"https:\\\/\\\/thermibel.be\\\/en\\\/product\\\/doigt-de-gant-hors-masse-avec-bride-soudee-forme-droite-avec-extremite-reduite\\\/#primaryimage\"},\"image\":{\"@id\":\"https:\\\/\\\/thermibel.be\\\/en\\\/product\\\/doigt-de-gant-hors-masse-avec-bride-soudee-forme-droite-avec-extremite-reduite\\\/#primaryimage\"},\"thumbnailUrl\":\"https:\\\/\\\/thermibel.be\\\/app\\\/uploads\\\/2023\\\/05\\\/108-v-TW011-01.jpg\",\"datePublished\":\"2023-05-19T07:25:41+00:00\",\"dateModified\":\"2023-10-30T11:09:28+00:00\",\"breadcrumb\":{\"@id\":\"https:\\\/\\\/thermibel.be\\\/en\\\/product\\\/doigt-de-gant-hors-masse-avec-bride-soudee-forme-droite-avec-extremite-reduite\\\/#breadcrumb\"},\"inLanguage\":\"en-US\",\"potentialAction\":[{\"@type\":\"ReadAction\",\"target\":[\"https:\\\/\\\/thermibel.be\\\/en\\\/product\\\/doigt-de-gant-hors-masse-avec-bride-soudee-forme-droite-avec-extremite-reduite\\\/\"]}]},{\"@type\":\"ImageObject\",\"inLanguage\":\"en-US\",\"@id\":\"https:\\\/\\\/thermibel.be\\\/en\\\/product\\\/doigt-de-gant-hors-masse-avec-bride-soudee-forme-droite-avec-extremite-reduite\\\/#primaryimage\",\"url\":\"https:\\\/\\\/thermibel.be\\\/app\\\/uploads\\\/2023\\\/05\\\/108-v-TW011-01.jpg\",\"contentUrl\":\"https:\\\/\\\/thermibel.be\\\/app\\\/uploads\\\/2023\\\/05\\\/108-v-TW011-01.jpg\",\"width\":695,\"height\":885,\"caption\":\"Doigt de gant hors masse - avec bride soud\u00e9e - forme droite avec extr\u00e9mit\u00e9 r\u00e9duite\"},{\"@type\":\"BreadcrumbList\",\"@id\":\"https:\\\/\\\/thermibel.be\\\/en\\\/product\\\/doigt-de-gant-hors-masse-avec-bride-soudee-forme-droite-avec-extremite-reduite\\\/#breadcrumb\",\"itemListElement\":[{\"@type\":\"ListItem\",\"position\":1,\"name\":\"Products\",\"item\":\"https:\\\/\\\/thermibel.be\\\/en\\\/shop\\\/\"},{\"@type\":\"ListItem\",\"position\":2,\"name\":\"Flanged barstock thermowell &#8211; straight form and step-down shank\"}]},{\"@type\":\"WebSite\",\"@id\":\"https:\\\/\\\/thermibel.be\\\/en\\\/#website\",\"url\":\"https:\\\/\\\/thermibel.be\\\/en\\\/\",\"name\":\"Thermibel\",\"description\":\"Un Haut Degr\u00e9 de Qualit\u00e9\",\"publisher\":{\"@id\":\"https:\\\/\\\/thermibel.be\\\/en\\\/#organization\"},\"potentialAction\":[{\"@type\":\"SearchAction\",\"target\":{\"@type\":\"EntryPoint\",\"urlTemplate\":\"https:\\\/\\\/thermibel.be\\\/en\\\/?s={search_term_string}\"},\"query-input\":{\"@type\":\"PropertyValueSpecification\",\"valueRequired\":true,\"valueName\":\"search_term_string\"}}],\"inLanguage\":\"en-US\"},{\"@type\":\"Organization\",\"@id\":\"https:\\\/\\\/thermibel.be\\\/en\\\/#organization\",\"name\":\"Thermibel\",\"url\":\"https:\\\/\\\/thermibel.be\\\/en\\\/\",\"logo\":{\"@type\":\"ImageObject\",\"inLanguage\":\"en-US\",\"@id\":\"https:\\\/\\\/thermibel.be\\\/en\\\/#\\\/schema\\\/logo\\\/image\\\/\",\"url\":\"https:\\\/\\\/thermibel.be\\\/app\\\/uploads\\\/2023\\\/08\\\/logo_fr-1.png\",\"contentUrl\":\"https:\\\/\\\/thermibel.be\\\/app\\\/uploads\\\/2023\\\/08\\\/logo_fr-1.png\",\"width\":275,\"height\":59,\"caption\":\"Thermibel\"},\"image\":{\"@id\":\"https:\\\/\\\/thermibel.be\\\/en\\\/#\\\/schema\\\/logo\\\/image\\\/\"}}]}<\/script>\n<!-- \/ Yoast SEO plugin. -->","yoast_head_json":{"title":"Flanged barstock thermowell - straight form and step-down shank - Thermibel","robots":{"index":"index","follow":"follow","max-snippet":"max-snippet:-1","max-image-preview":"max-image-preview:large","max-video-preview":"max-video-preview:-1"},"canonical":"https:\/\/thermibel.be\/en\/product\/doigt-de-gant-hors-masse-avec-bride-soudee-forme-droite-avec-extremite-reduite\/","og_locale":"en_US","og_type":"article","og_title":"Flanged barstock thermowell - straight form and step-down shank - Thermibel","og_description":"Total length : up to 1100 mm Bore diameter : 6,5 mm standard, other diameters available on request Step-down shank to reduce the response time of the sensor Flange according to international standard as EN 1092-1, DIN 2527, ASME\/ANSI, other br&gt;Instrumentation thread : G \u00bd&#8221;&#8221;, \u00bd&#8221;&#8221; NPT, other (to be specified) Material : Stainless steel, [&hellip;]","og_url":"https:\/\/thermibel.be\/en\/product\/doigt-de-gant-hors-masse-avec-bride-soudee-forme-droite-avec-extremite-reduite\/","og_site_name":"Thermibel","article_modified_time":"2023-10-30T11:09:28+00:00","og_image":[{"width":695,"height":885,"url":"https:\/\/thermibel.be\/app\/uploads\/2023\/05\/108-v-TW011-01.jpg","type":"image\/jpeg"}],"twitter_card":"summary_large_image","twitter_misc":{"Est. reading time":"1 minute"},"schema":{"@context":"https:\/\/schema.org","@graph":[{"@type":"WebPage","@id":"https:\/\/thermibel.be\/en\/product\/doigt-de-gant-hors-masse-avec-bride-soudee-forme-droite-avec-extremite-reduite\/","url":"https:\/\/thermibel.be\/en\/product\/doigt-de-gant-hors-masse-avec-bride-soudee-forme-droite-avec-extremite-reduite\/","name":"Flanged barstock thermowell - straight form and step-down shank - Thermibel","isPartOf":{"@id":"https:\/\/thermibel.be\/en\/#website"},"primaryImageOfPage":{"@id":"https:\/\/thermibel.be\/en\/product\/doigt-de-gant-hors-masse-avec-bride-soudee-forme-droite-avec-extremite-reduite\/#primaryimage"},"image":{"@id":"https:\/\/thermibel.be\/en\/product\/doigt-de-gant-hors-masse-avec-bride-soudee-forme-droite-avec-extremite-reduite\/#primaryimage"},"thumbnailUrl":"https:\/\/thermibel.be\/app\/uploads\/2023\/05\/108-v-TW011-01.jpg","datePublished":"2023-05-19T07:25:41+00:00","dateModified":"2023-10-30T11:09:28+00:00","breadcrumb":{"@id":"https:\/\/thermibel.be\/en\/product\/doigt-de-gant-hors-masse-avec-bride-soudee-forme-droite-avec-extremite-reduite\/#breadcrumb"},"inLanguage":"en-US","potentialAction":[{"@type":"ReadAction","target":["https:\/\/thermibel.be\/en\/product\/doigt-de-gant-hors-masse-avec-bride-soudee-forme-droite-avec-extremite-reduite\/"]}]},{"@type":"ImageObject","inLanguage":"en-US","@id":"https:\/\/thermibel.be\/en\/product\/doigt-de-gant-hors-masse-avec-bride-soudee-forme-droite-avec-extremite-reduite\/#primaryimage","url":"https:\/\/thermibel.be\/app\/uploads\/2023\/05\/108-v-TW011-01.jpg","contentUrl":"https:\/\/thermibel.be\/app\/uploads\/2023\/05\/108-v-TW011-01.jpg","width":695,"height":885,"caption":"Doigt de gant hors masse - avec bride soud\u00e9e - forme droite avec extr\u00e9mit\u00e9 r\u00e9duite"},{"@type":"BreadcrumbList","@id":"https:\/\/thermibel.be\/en\/product\/doigt-de-gant-hors-masse-avec-bride-soudee-forme-droite-avec-extremite-reduite\/#breadcrumb","itemListElement":[{"@type":"ListItem","position":1,"name":"Products","item":"https:\/\/thermibel.be\/en\/shop\/"},{"@type":"ListItem","position":2,"name":"Flanged barstock thermowell &#8211; straight form and step-down shank"}]},{"@type":"WebSite","@id":"https:\/\/thermibel.be\/en\/#website","url":"https:\/\/thermibel.be\/en\/","name":"Thermibel","description":"Un Haut Degr\u00e9 de Qualit\u00e9","publisher":{"@id":"https:\/\/thermibel.be\/en\/#organization"},"potentialAction":[{"@type":"SearchAction","target":{"@type":"EntryPoint","urlTemplate":"https:\/\/thermibel.be\/en\/?s={search_term_string}"},"query-input":{"@type":"PropertyValueSpecification","valueRequired":true,"valueName":"search_term_string"}}],"inLanguage":"en-US"},{"@type":"Organization","@id":"https:\/\/thermibel.be\/en\/#organization","name":"Thermibel","url":"https:\/\/thermibel.be\/en\/","logo":{"@type":"ImageObject","inLanguage":"en-US","@id":"https:\/\/thermibel.be\/en\/#\/schema\/logo\/image\/","url":"https:\/\/thermibel.be\/app\/uploads\/2023\/08\/logo_fr-1.png","contentUrl":"https:\/\/thermibel.be\/app\/uploads\/2023\/08\/logo_fr-1.png","width":275,"height":59,"caption":"Thermibel"},"image":{"@id":"https:\/\/thermibel.be\/en\/#\/schema\/logo\/image\/"}}]}},"_links":{"self":[{"href":"https:\/\/thermibel.be\/en\/wp-json\/wp\/v2\/product\/2192","targetHints":{"allow":["GET"]}}],"collection":[{"href":"https:\/\/thermibel.be\/en\/wp-json\/wp\/v2\/product"}],"about":[{"href":"https:\/\/thermibel.be\/en\/wp-json\/wp\/v2\/types\/product"}],"wp:featuredmedia":[{"embeddable":true,"href":"https:\/\/thermibel.be\/en\/wp-json\/wp\/v2\/media\/3648"}],"wp:attachment":[{"href":"https:\/\/thermibel.be\/en\/wp-json\/wp\/v2\/media?parent=2192"}],"wp:term":[{"taxonomy":"product_brand","embeddable":true,"href":"https:\/\/thermibel.be\/en\/wp-json\/wp\/v2\/product_brand?post=2192"},{"taxonomy":"product_cat","embeddable":true,"href":"https:\/\/thermibel.be\/en\/wp-json\/wp\/v2\/product_cat?post=2192"},{"taxonomy":"product_tag","embeddable":true,"href":"https:\/\/thermibel.be\/en\/wp-json\/wp\/v2\/product_tag?post=2192"}],"curies":[{"name":"wp","href":"https:\/\/api.w.org\/{rel}","templated":true}]}}